{"id":156651,"date":"2025-09-11T16:35:43","date_gmt":"2025-09-11T14:35:43","guid":{"rendered":"https:\/\/secureus.se\/fargo-45015-ymcko-eco-refill-ribbon-250-prints\/"},"modified":"2026-04-08T17:02:54","modified_gmt":"2026-04-08T15:02:54","slug":"fargo-45015-ymcko-eco-refill-ribbon-250-prints","status":"publish","type":"product","link":"https:\/\/secureus.se\/pl\/fargo-45015-ymcko-eco-refill-ribbon-250-prints\/","title":{"rendered":"F\u00e4rgband Fargo YMCKO &#8211;\n  45015, eco refill (250 utskrifter)"},"content":{"rendered":"<h1>Wst\u0105\u017cka<br \/>\n  Fargo YMCKO &#8211; 45015, eco refill (250 utskrifter)<\/h1>\n<p>F\u00e4rgband Fargo YMCKO &#8211; 45015, eco refill (250 utskrifter) \u00e4r ett<br \/>\n  Ta\u015bma do druku kart plastikowych o ostrych kolorach, wyra\u017anym tek\u015bcie i dobrej jako\u015bci<br \/>\n  reprodukcja szczeg\u00f3\u0142\u00f3w. Ta\u015bma YMCKO zapewnia prawid\u0142ow\u0105 kombinacj\u0119 paneli kolor\u00f3w i<br \/>\n  Pow\u0142oka ochronna do profesjonalnego druku kart.<\/p>\n<p>Nadaje si\u0119 do dowod\u00f3w osobistych, kart dost\u0119pu, kart cz\u0142onkowskich i innych<br \/>\n  karty plastikowe, gdzie liczy si\u0119 wysoka jako\u015b\u0107 druku i niezawodno\u015b\u0107<br \/>\n  wa\u017cny.<\/p>\n<ul>\n<li>Pojemno\u015b\u0107: do 250 wydruk\u00f3w<\/li>\n<li>Typ wst\u0105\u017cki: YMCKO<\/li>\n<li>Artikelnummer: 45015<\/li>\n<\/ul>\n<p><strong>Kompatibel med Fargo DTC1000 och<br \/>\n  DTC1250e.<\/strong><\/p>\n<p><strong>Waga produktu:<\/strong> 0,20 kg<\/p>","protected":false},"excerpt":{"rendered":"<p>F\u00e4rgband Fargo YMCKO &#8211; 45015, eco refill (250 utskrifter) F\u00e4rgband Fargo YMCKO &#8211; 45015, eco refill (250 utskrifter) \u00e4r ett f\u00e4rgband f\u00f6r utskrift av plastkort med skarpa f\u00e4rger, tydlig text<\/p>","protected":false},"featured_media":156648,"template":"","meta":{"_acf_changed":false},"product_brand":[],"product_cat":[4841],"product_tag":[4863],"class_list":{"0":"post-156651","1":"product","2":"type-product","3":"status-publish","4":"has-post-thumbnail","6":"product_cat-dtc1000-band","7":"product_tag-pf","8":"pa_brands-fargo","9":"tm-no-options","11":"first","12":"outofstock","13":"sale","14":"taxable","15":"shipping-taxable","16":"purchasable","17":"product-type-simple"},"acf":[],"_links":{"self":[{"href":"https:\/\/secureus.se\/pl\/wp-json\/wp\/v2\/product\/156651","targetHints":{"allow":["GET"]}}],"collection":[{"href":"https:\/\/secureus.se\/pl\/wp-json\/wp\/v2\/product"}],"about":[{"href":"https:\/\/secureus.se\/pl\/wp-json\/wp\/v2\/types\/product"}],"wp:featuredmedia":[{"embeddable":true,"href":"https:\/\/secureus.se\/pl\/wp-json\/wp\/v2\/media\/156648"}],"wp:attachment":[{"href":"https:\/\/secureus.se\/pl\/wp-json\/wp\/v2\/media?parent=156651"}],"wp:term":[{"taxonomy":"product_brand","embeddable":true,"href":"https:\/\/secureus.se\/pl\/wp-json\/wp\/v2\/product_brand?post=156651"},{"taxonomy":"product_cat","embeddable":true,"href":"https:\/\/secureus.se\/pl\/wp-json\/wp\/v2\/product_cat?post=156651"},{"taxonomy":"product_tag","embeddable":true,"href":"https:\/\/secureus.se\/pl\/wp-json\/wp\/v2\/product_tag?post=156651"}],"curies":[{"name":"wp","href":"https:\/\/api.w.org\/{rel}","templated":true}]}}