{"id":156665,"date":"2025-09-11T16:35:45","date_gmt":"2025-09-11T14:35:45","guid":{"rendered":"https:\/\/secureus.se\/fargo-82601-clear-polyguard-overlaminate-250-prints\/"},"modified":"2026-03-26T09:59:01","modified_gmt":"2026-03-26T08:59:01","slug":"fargo-82601-clear-polyguard-overlaminate-250-prints","status":"publish","type":"product","link":"https:\/\/secureus.se\/pl\/fargo-82601-clear-polyguard-overlaminate-250-prints\/","title":{"rendered":"Fargo 82601 Przezroczysty laminat Polyguard (250 wydruk\u00f3w)"},"content":{"rendered":"<p>Fargo 82601 to przezroczysty laminat o grubo\u015bci 1,0 mil. Laminat ten wyd\u0142u\u017ca \u017cywotno\u015b\u0107 kart plastikowych i zapewnia im wysokiej jako\u015bci ochron\u0119 przed codziennymi otarciami.<\/p>\n<ul>\n<li>\n<p>250 wydruk\u00f3w<\/p>\n<\/li>\n<li>\n<p>1,0 mil przezroczysty laminat<\/p>\n<\/li>\n<li>\n<p>Kompatybilny z drukark\u0105 kart Fargo DTC1500, DTC4500, DTC4500e, HDP5000, HDP8500, HDP5600XE<\/p>\n<\/li>\n<\/ul>\n<p>\n <strong><br \/>\n Waga produktu:<br \/>\n 0,26 kg<br \/>\n <\/strong>\n <\/p>","protected":false},"excerpt":{"rendered":"<p>Fargo 82601 to przezroczysty laminat o grubo\u015bci 1,0 mil. Laminat ten wyd\u0142u\u017ca \u017cywotno\u015b\u0107 kart plastikowych i zapewnia im wysokiej jako\u015bci ochron\u0119 przed codziennymi otarciami.<\/p>","protected":false},"featured_media":156664,"template":"","meta":{"_acf_changed":false},"product_brand":[],"product_cat":[4843,4845,4846,4850],"product_tag":[4863],"class_list":{"0":"post-156665","1":"product","2":"type-product","3":"status-publish","4":"has-post-thumbnail","6":"product_cat-dtc1500-band","7":"product_cat-dtc4250-band","8":"product_cat-dtc4500-band","9":"product_cat-hdp5000-band","10":"product_tag-pf","11":"pa_brands-fargo","12":"tm-no-options","14":"first","15":"instock","16":"sale","17":"taxable","18":"shipping-taxable","19":"purchasable","20":"product-type-simple"},"acf":[],"_links":{"self":[{"href":"https:\/\/secureus.se\/pl\/wp-json\/wp\/v2\/product\/156665","targetHints":{"allow":["GET"]}}],"collection":[{"href":"https:\/\/secureus.se\/pl\/wp-json\/wp\/v2\/product"}],"about":[{"href":"https:\/\/secureus.se\/pl\/wp-json\/wp\/v2\/types\/product"}],"wp:featuredmedia":[{"embeddable":true,"href":"https:\/\/secureus.se\/pl\/wp-json\/wp\/v2\/media\/156664"}],"wp:attachment":[{"href":"https:\/\/secureus.se\/pl\/wp-json\/wp\/v2\/media?parent=156665"}],"wp:term":[{"taxonomy":"product_brand","embeddable":true,"href":"https:\/\/secureus.se\/pl\/wp-json\/wp\/v2\/product_brand?post=156665"},{"taxonomy":"product_cat","embeddable":true,"href":"https:\/\/secureus.se\/pl\/wp-json\/wp\/v2\/product_cat?post=156665"},{"taxonomy":"product_tag","embeddable":true,"href":"https:\/\/secureus.se\/pl\/wp-json\/wp\/v2\/product_tag?post=156665"}],"curies":[{"name":"wp","href":"https:\/\/api.w.org\/{rel}","templated":true}]}}