{"id":156669,"date":"2025-09-11T16:35:46","date_gmt":"2025-09-11T14:35:46","guid":{"rendered":"https:\/\/secureus.se\/fargo-hdp5000-holographic-film-high-secure-orbit-084054-500-prints\/"},"modified":"2026-04-23T12:29:54","modified_gmt":"2026-04-23T10:29:54","slug":"fargo-hdp5000-holographic-film-high-secure-orbit-084054-500-prints","status":"publish","type":"product","link":"https:\/\/secureus.se\/pl\/fargo-hdp5000-holographic-film-high-secure-orbit-084054-500-prints\/","title":{"rendered":"Film holograficzny Fargo HDP5000 \u2013 HDP5000, High Secure Orbit (500 odbitek)"},"content":{"rendered":"<h1>Holograficzny<br \/>\n  film Fargo HDP5000 &#8211; HDP5000, High Secure Orbit (500<br \/>\n  odbitki)<\/h1>\n<p>Holografisk film Fargo HDP5000 &#8211; HDP5000, High Secure Orbit (500<br \/>\n  utskrifter) \u00e4r en holografisk lamineringsfilm som kombinerar slitageskydd med<br \/>\n  extra s\u00e4kerhet mot manipulering och f\u00f6rfalskning.<\/p>\n<p>Dobry wyb\u00f3r, gdy chcesz wyd\u0142u\u017cy\u0107 \u017cywotno\u015b\u0107 swoich kart, poprawi\u0107<br \/>\n  trwa\u0142o\u015b\u0107 i uzyskaj bardziej profesjonalny efekt ko\u0144cowy.<\/p>\n<ul>\n<li>Wydajno\u015b\u0107: do 500 wydruk\u00f3w na rolk\u0119<\/li>\n<li>Zapewnia dodatkowe bezpiecze\u0144stwo wizualne dzi\u0119ki efektowi holograficznemu<\/li>\n<li>Projekt orbity dla wi\u0119kszego bezpiecze\u0144stwa<\/li>\n<li>Numer artyku\u0142u: 84054<\/li>\n<\/ul>\n<p><strong>Kompatybilny z Fargo<br \/>\n  HDP5000.<\/strong><\/p>\n<p><strong>Waga produktu:<\/strong> 0,26 kg<\/p>","protected":false},"excerpt":{"rendered":"<p>Holografisk film Fargo HDP5000 &#8211; HDP5000, High Secure Orbit (500 utskrifter) Holografisk film Fargo HDP5000 &#8211; HDP5000, High Secure Orbit (500 utskrifter) \u00e4r en holografisk lamineringsfilm som kombinerar slitageskydd med<\/p>","protected":false},"featured_media":156666,"template":"","meta":{"_acf_changed":false},"product_brand":[],"product_cat":[4850],"product_tag":[4863],"class_list":{"0":"post-156669","1":"product","2":"type-product","3":"status-publish","4":"has-post-thumbnail","6":"product_cat-hdp5000-band","7":"product_tag-pf","8":"pa_brands-fargo","9":"tm-no-options","11":"first","12":"instock","13":"sale","14":"taxable","15":"shipping-taxable","16":"purchasable","17":"product-type-simple"},"acf":[],"_links":{"self":[{"href":"https:\/\/secureus.se\/pl\/wp-json\/wp\/v2\/product\/156669","targetHints":{"allow":["GET"]}}],"collection":[{"href":"https:\/\/secureus.se\/pl\/wp-json\/wp\/v2\/product"}],"about":[{"href":"https:\/\/secureus.se\/pl\/wp-json\/wp\/v2\/types\/product"}],"wp:featuredmedia":[{"embeddable":true,"href":"https:\/\/secureus.se\/pl\/wp-json\/wp\/v2\/media\/156666"}],"wp:attachment":[{"href":"https:\/\/secureus.se\/pl\/wp-json\/wp\/v2\/media?parent=156669"}],"wp:term":[{"taxonomy":"product_brand","embeddable":true,"href":"https:\/\/secureus.se\/pl\/wp-json\/wp\/v2\/product_brand?post=156669"},{"taxonomy":"product_cat","embeddable":true,"href":"https:\/\/secureus.se\/pl\/wp-json\/wp\/v2\/product_cat?post=156669"},{"taxonomy":"product_tag","embeddable":true,"href":"https:\/\/secureus.se\/pl\/wp-json\/wp\/v2\/product_tag?post=156669"}],"curies":[{"name":"wp","href":"https:\/\/api.w.org\/{rel}","templated":true}]}}