{"id":158312,"date":"2025-09-22T12:58:49","date_gmt":"2025-09-22T10:58:49","guid":{"rendered":"https:\/\/secureus.se\/tidsrela-12v-c-no-tillslagsfordrojt-rela-03-60-sekunder\/"},"modified":"2026-04-14T00:00:58","modified_gmt":"2026-04-13T22:00:58","slug":"tidsrela-12v-c-no-tillslagsfordrojt-rela-03-60-sekunder","status":"publish","type":"product","link":"https:\/\/secureus.se\/pl\/tidsrela-12v-c-no-tillslagsfordrojt-rela-03-60-sekunder\/","title":{"rendered":"Przeka\u017anik czasowy 12V C\/NO przeka\u017anik op\u00f3\u017aniaj\u0105cy za\u0142\u0105czanie 0,3 \u2013 60 sekund"},"content":{"rendered":"<h1>Przeka\u017anik czasowy 12V C\/NO przeka\u017anik op\u00f3\u017aniaj\u0105cy za\u0142\u0105czanie<\/h1>\n<p><strong data-start=\"897\" data-end=\"915\">Zasada dzia\u0142ania:<\/strong> Gdy urz\u0105dzenie zostanie zasilone, odczeka ustalony okres czasu przed aktywacj\u0105 wyj\u015bcia.<\/p>\n<h3 data-start=\"135\" data-end=\"154\"><strong data-start=\"139\" data-end=\"154\">W\u0142a\u015bciwo\u015bci:<\/strong><\/h3>\n<ol data-start=\"156\" data-end=\"569\">\n<li data-start=\"156\" data-end=\"210\">\n<p data-start=\"159\" data-end=\"210\">Wysokiej jako\u015bci obudowa \u2013 py\u0142oszczelna i ognioodporna.<\/p>\n<\/li>\n<li data-start=\"211\" data-end=\"244\">\n<p data-start=\"214\" data-end=\"244\">Przeznaczony do instalacji telekomunikacyjnych.<\/p>\n<\/li>\n<li data-start=\"245\" data-end=\"296\">\n<p data-start=\"248\" data-end=\"296\">Op\u00f3\u017anienie mo\u017cna dostosowa\u0107 do swoich potrzeb.<\/p>\n<\/li>\n<li data-start=\"297\" data-end=\"369\">\n<p data-start=\"300\" data-end=\"369\">\u0141atwy w u\u017cyciu, wy\u0142\u0105cza si\u0119 automatycznie po up\u0142ywie ustawionego czasu.<\/p>\n<\/li>\n<li data-start=\"370\" data-end=\"569\">\n<p data-start=\"373\" data-end=\"569\">Wszechstronne zastosowanie w systemach alarmowych i telekomunikacyjnych, ale tak\u017ce w innych funkcjach<\/p>\n<\/li>\n<\/ol>\n<h3 data-start=\"576\" data-end=\"609\"><strong data-start=\"580\" data-end=\"609\">Dane techniczne:<\/strong><\/h3>\n<ul data-start=\"611\" data-end=\"1001\">\n<li data-start=\"635\" data-end=\"664\">\n<p data-start=\"637\" data-end=\"664\"><strong data-start=\"637\" data-end=\"646\">Mierzy\u0107:<\/strong> 50 \u00d7 35 \u00d7 22 mm<\/p>\n<\/li>\n<li data-start=\"665\" data-end=\"691\">\n<p data-start=\"667\" data-end=\"691\"><strong data-start=\"667\" data-end=\"682\">Napi\u0119cie wej\u015bciowe:<\/strong> Pr\u0105d sta\u0142y 12 V<\/p>\n<\/li>\n<li data-start=\"692\" data-end=\"754\">\n<p data-start=\"694\" data-end=\"754\"><strong data-start=\"694\" data-end=\"710\">Pr\u0105d roboczy:<\/strong> 68 mA (po aktywacji prze\u0142\u0105cznika spustowego)<\/p>\n<\/li>\n<li data-start=\"755\" data-end=\"811\">\n<p data-start=\"757\" data-end=\"811\"><strong data-start=\"757\" data-end=\"788\">Napi\u0119cie wyj\u015bciowe (sterowanie):<\/strong> Pr\u0105d sta\u0142y 0\u201314 V<\/p>\n<\/li>\n<li data-start=\"812\" data-end=\"849\">\n<p data-start=\"814\" data-end=\"849\"><strong data-start=\"814\" data-end=\"842\">Pr\u0105d wyj\u015bciowy (sterowanie):<\/strong> &lt;11A<\/p>\n<\/li>\n<li data-start=\"850\" data-end=\"894\">\n<p data-start=\"852\" data-end=\"894\"><strong data-start=\"852\" data-end=\"873\">Temperatura pracy:<\/strong> -20\u00b0C do +70\u00b0C<\/p>\n<\/li>\n<li data-start=\"895\" data-end=\"1001\">\n<p data-start=\"897\" data-end=\"1001\"><strong data-start=\"897\" data-end=\"915\">Zasada dzia\u0142ania:<\/strong> Gdy urz\u0105dzenie zostanie zasilone, odczeka ustalony okres czasu przed aktywacj\u0105 wyj\u015bcia.<\/p>\n<\/li>\n<\/ul>\n<p data-start=\"1765\" data-end=\"1813\"><img decoding=\"async\" class=\"alignnone size-full wp-image-123539664\" src=\"https:\/\/securityonline.se\/wp-content\/uploads\/2025\/09\/Tidsrelamodul-5V-12V-24V-med-LCD-och-justerbar-fordrojning-1-1.jpg\" alt=\"\" width=\"747\" height=\"489\" \/><\/p>","protected":false},"excerpt":{"rendered":"<p>Kompaktowy i wszechstronny modu\u0142 op\u00f3\u017aniaj\u0105cy 12 V do zastosowa\u0144 telekomunikacyjnych.<\/p>\n<p>Dzi\u0119ki regulowanemu op\u00f3\u017anieniu i wytrzyma\u0142ej, ognioszczelnej obudowie urz\u0105dzenie nadaje si\u0119 do stosowania w trudnych warunkach w instalacjach niskonapi\u0119ciowych.<\/p>","protected":false},"featured_media":158310,"template":"","meta":{"_acf_changed":false},"product_brand":[],"product_cat":[1548,4154],"product_tag":[],"class_list":{"0":"post-158312","1":"product","2":"type-product","3":"status-publish","4":"has-post-thumbnail","6":"product_cat-relaer-elektronik","7":"product_cat-tidrela","8":"product_shipping_class-postnord-varubrev","9":"pa_brands-stonehouse-security","10":"tm-no-options","12":"first","13":"instock","14":"sale","15":"taxable","16":"shipping-taxable","17":"purchasable","18":"product-type-simple"},"acf":[],"_links":{"self":[{"href":"https:\/\/secureus.se\/pl\/wp-json\/wp\/v2\/product\/158312","targetHints":{"allow":["GET"]}}],"collection":[{"href":"https:\/\/secureus.se\/pl\/wp-json\/wp\/v2\/product"}],"about":[{"href":"https:\/\/secureus.se\/pl\/wp-json\/wp\/v2\/types\/product"}],"wp:featuredmedia":[{"embeddable":true,"href":"https:\/\/secureus.se\/pl\/wp-json\/wp\/v2\/media\/158310"}],"wp:attachment":[{"href":"https:\/\/secureus.se\/pl\/wp-json\/wp\/v2\/media?parent=158312"}],"wp:term":[{"taxonomy":"product_brand","embeddable":true,"href":"https:\/\/secureus.se\/pl\/wp-json\/wp\/v2\/product_brand?post=158312"},{"taxonomy":"product_cat","embeddable":true,"href":"https:\/\/secureus.se\/pl\/wp-json\/wp\/v2\/product_cat?post=158312"},{"taxonomy":"product_tag","embeddable":true,"href":"https:\/\/secureus.se\/pl\/wp-json\/wp\/v2\/product_tag?post=158312"}],"curies":[{"name":"wp","href":"https:\/\/api.w.org\/{rel}","templated":true}]}}