{"id":158316,"date":"2025-09-22T12:48:32","date_gmt":"2025-09-22T10:48:32","guid":{"rendered":"https:\/\/secureus.se\/tidsrela-6-30v-programmerbar\/"},"modified":"2026-03-13T18:51:37","modified_gmt":"2026-03-13T17:51:37","slug":"tidsrela-6-30v-programmerbar","status":"publish","type":"product","link":"https:\/\/secureus.se\/pl\/tidsrela-6-30v-programmerbar\/","title":{"rendered":"Przeka\u017anik czasowy 6-30V Programowalny 0,01 s\u20139999 minut \u2013 wy\u015bwietlacz LCD Seria Pro"},"content":{"rendered":"<h1>Przeka\u017anik czasowy 6-30V programowalny z wy\u015bwietlaczem LCD<\/h1>\n<p>Ten zaawansowany modu\u0142 przeka\u017anika czasowego firmy Sinilink idealnie nadaje si\u0119 do projekt\u00f3w automatyzacji, w kt\u00f3rych wymagana jest precyzyjna kontrola czasu.<\/p>\n<p>Wyposa\u017cony jest w czytelny wy\u015bwietlacz LCD, szerok\u0105 kompatybilno\u015b\u0107 napi\u0119ciow\u0105 i obs\u0142uguje wiele tryb\u00f3w pracy, a tak\u017ce funkcje cykliczne.<\/p>\n<h3 data-start=\"428\" data-end=\"447\"><strong data-start=\"432\" data-end=\"447\">W\u0142a\u015bciwo\u015bci:<\/strong><\/h3>\n<ol data-start=\"449\" data-end=\"1101\">\n<li data-start=\"449\" data-end=\"525\">\n<p data-start=\"452\" data-end=\"525\">Wy\u015bwietlacz LCD wyra\u017anie pokazuje aktualny stan pracy i ustawione parametry.<\/p>\n<\/li>\n<li data-start=\"526\" data-end=\"598\">\n<p data-start=\"529\" data-end=\"598\">Obs\u0142uga wyzwalania zar\u00f3wno wysokiego, jak i niskiego poziomu oraz sterowania za pomoc\u0105 prze\u0142\u0105cznik\u00f3w.<\/p>\n<\/li>\n<li data-start=\"599\" data-end=\"668\">\n<p data-start=\"602\" data-end=\"668\">Szeroki zakres napi\u0119cia wej\u015bciowego: 6\u201330 V, obs\u0142uguje r\u00f3wnie\u017c napi\u0119cie 5 V przez micro USB.<\/p>\n<\/li>\n<li data-start=\"669\" data-end=\"728\">\n<p data-start=\"672\" data-end=\"728\">Obs\u0142uga transmisji danych UART i ustawiania parametr\u00f3w.<\/p>\n<\/li>\n<li data-start=\"729\" data-end=\"791\">\n<p data-start=\"732\" data-end=\"791\">Awaryjny wy\u0142\u0105cznik z przyciskiem STOP i zabezpieczeniem przed nieprawid\u0142ow\u0105 polaryzacj\u0105.<\/p>\n<\/li>\n<li data-start=\"792\" data-end=\"890\">\n<p data-start=\"795\" data-end=\"890\">Tryb oszcz\u0119dzania energii: je\u017celi w ci\u0105gu 5 minut nie zostanie naci\u015bni\u0119ty \u017caden przycisk, pod\u015bwietlenie wy\u0142\u0105czy si\u0119 automatycznie.<\/p>\n<\/li>\n<li data-start=\"891\" data-end=\"954\">\n<p data-start=\"894\" data-end=\"954\">Niezale\u017cne parametry OP, CL i LOP mo\u017cna zapisa\u0107 osobno.<\/p>\n<\/li>\n<li data-start=\"955\" data-end=\"1015\">\n<p data-start=\"958\" data-end=\"1015\">Wszystkie ustawienia zostan\u0105 automatycznie zapisane w przypadku zaniku zasilania.<\/p>\n<\/li>\n<li data-start=\"1016\" data-end=\"1101\">\n<p data-start=\"1019\" data-end=\"1101\">Konstrukcja klasy przemys\u0142owej z izolacj\u0105 optoizolacyjn\u0105 zapewniaj\u0105c\u0105 zwi\u0119kszon\u0105 odporno\u015b\u0107 na zak\u0142\u00f3cenia.<\/p>\n<\/li>\n<\/ol>\n<h3 data-start=\"1108\" data-end=\"1132\"><strong data-start=\"1112\" data-end=\"1132\">Dane techniczne:<\/strong><\/h3>\n<ul data-start=\"1134\" data-end=\"1539\">\n<li data-start=\"1134\" data-end=\"1163\">\n<p data-start=\"1136\" data-end=\"1163\"><strong data-start=\"1136\" data-end=\"1155\">Napi\u0119cie robocze:<\/strong> 6\u201330 V<\/p>\n<\/li>\n<li data-start=\"1164\" data-end=\"1214\">\n<p data-start=\"1166\" data-end=\"1214\"><strong data-start=\"1166\" data-end=\"1184\">Przedzia\u0142 czasu:<\/strong> 0,01 s\u20139999 min (regulowany)<\/p>\n<\/li>\n<li data-start=\"1215\" data-end=\"1307\">\n<p data-start=\"1217\" data-end=\"1237\"><strong data-start=\"1217\" data-end=\"1235\">Sygna\u0142 wyzwalaj\u0105cy:<\/strong><\/p>\n<ul data-start=\"1240\" data-end=\"1307\">\n<li data-start=\"1240\" data-end=\"1261\">\n<p data-start=\"1242\" data-end=\"1261\">Poziom wysoki: 3,0\u201324 V<\/p>\n<\/li>\n<li data-start=\"1264\" data-end=\"1286\">\n<p data-start=\"1266\" data-end=\"1286\">Niski poziom: 0,0\u20130,2 V<\/p>\n<\/li>\n<li data-start=\"1289\" data-end=\"1307\">\n<p data-start=\"1291\" data-end=\"1307\">Prze\u0142\u0105cznik pasywny<\/p>\n<\/li>\n<\/ul>\n<\/li>\n<li data-start=\"1308\" data-end=\"1375\">\n<p data-start=\"1310\" data-end=\"1333\"><strong data-start=\"1310\" data-end=\"1331\">Wydajno\u015b\u0107 wyj\u015bciowa:<\/strong><\/p>\n<ul data-start=\"1336\" data-end=\"1375\">\n<li data-start=\"1336\" data-end=\"1375\">\n<p data-start=\"1338\" data-end=\"1375\">Do 30 V 5 A pr\u0105du sta\u0142ego lub 220 V 5 A pr\u0105du przemiennego<\/p>\n<\/li>\n<\/ul>\n<\/li>\n<li data-start=\"1376\" data-end=\"1400\">\n<p data-start=\"1378\" data-end=\"1400\"><strong data-start=\"1378\" data-end=\"1392\">Pr\u0105d spoczynkowy:<\/strong> 15 mA<\/p>\n<\/li>\n<li data-start=\"1401\" data-end=\"1426\">\n<p data-start=\"1403\" data-end=\"1426\"><strong data-start=\"1403\" data-end=\"1418\">Pr\u0105d roboczy:<\/strong> 50mA<\/p>\n<\/li>\n<li data-start=\"1427\" data-end=\"1467\">\n<p data-start=\"1429\" data-end=\"1467\"><strong data-start=\"1429\" data-end=\"1443\">\u017bycie:<\/strong> Ponad 100 000 cykli<\/p>\n<\/li>\n<li data-start=\"1468\" data-end=\"1508\">\n<p data-start=\"1470\" data-end=\"1508\"><strong data-start=\"1470\" data-end=\"1491\">Temperatura pracy:<\/strong> -40 do +85\u00b0C<\/p>\n<\/li>\n<li data-start=\"1509\" data-end=\"1539\">\n<p data-start=\"1511\" data-end=\"1539\"><strong data-start=\"1511\" data-end=\"1523\">Rozmiar:<\/strong> 88 \u00d7 38 \u00d7 19 mm<\/p>\n<\/li>\n<\/ul>\n<h3 data-start=\"1546\" data-end=\"1575\"><strong data-start=\"1550\" data-end=\"1575\">Wyb\u00f3r przedzia\u0142u czasu:<\/strong><\/h3>\n<p data-start=\"1577\" data-end=\"1608\">Na ekranie ustawie\u0144 OP\/CL:<\/p>\n<ul data-start=\"1609\" data-end=\"1733\">\n<li data-start=\"1609\" data-end=\"1637\">\n<p data-start=\"1611\" data-end=\"1637\"><code data-start=\"1611\" data-end=\"1617\">XXXX<\/code> = 1\u20139999 sekund<\/p>\n<\/li>\n<li data-start=\"1638\" data-end=\"1670\">\n<p data-start=\"1640\" data-end=\"1670\"><code data-start=\"1640\" data-end=\"1647\">XXX.X<\/code> = 0,1\u2013999,9 sekundy<\/p>\n<\/li>\n<li data-start=\"1671\" data-end=\"1704\">\n<p data-start=\"1673\" data-end=\"1704\"><code data-start=\"1673\" data-end=\"1680\">XX.XX<\/code> = 0,01\u201399,99 sekundy<\/p>\n<\/li>\n<li data-start=\"1705\" data-end=\"1733\">\n<p data-start=\"1707\" data-end=\"1733\"><code data-start=\"1707\" data-end=\"1716\">XXXX<\/code> = 1\u20139999 minut<\/p>\n<\/li>\n<\/ul>\n<h3 data-start=\"1740\" data-end=\"1769\"><strong data-start=\"1744\" data-end=\"1769\">Ustawienia parametr\u00f3w:<\/strong><\/h3>\n<ul data-start=\"1771\" data-end=\"1889\">\n<li data-start=\"1771\" data-end=\"1797\">\n<p data-start=\"1773\" data-end=\"1797\"><strong data-start=\"1773\" data-end=\"1780\">OP:<\/strong> Czas w\u0142\u0105czenia<\/p>\n<\/li>\n<li data-start=\"1798\" data-end=\"1824\">\n<p data-start=\"1800\" data-end=\"1824\"><strong data-start=\"1800\" data-end=\"1807\">CL:<\/strong> Czas wy\u0142\u0105czenia<\/p>\n<\/li>\n<li data-start=\"1825\" data-end=\"1889\">\n<p data-start=\"1827\" data-end=\"1889\"><strong data-start=\"1827\" data-end=\"1835\">URUCHOMI\u0106:<\/strong> Liczba cykli (1\u20139999 lub \u201e\u2014-\u201d dla p\u0119tli niesko\u0144czonej)<\/p>\n<\/li>\n<\/ul>\n<p data-start=\"1891\" data-end=\"1905\">Aby zmieni\u0107:<\/p>\n<ol data-start=\"1906\" data-end=\"2236\">\n<li data-start=\"1906\" data-end=\"1956\">\n<p data-start=\"1909\" data-end=\"1956\">Trzymaj si\u0119 <strong data-start=\"1917\" data-end=\"1924\">USTAWI\u0106<\/strong> aby wprowadzi\u0107 ustawienia<\/p>\n<\/li>\n<li data-start=\"1957\" data-end=\"1989\">\n<p data-start=\"1960\" data-end=\"1989\">Wybierz tryb pracy za pomoc\u0105 przycisk\u00f3w G\u00d3RA\/D\u00d3\u0141<\/p>\n<\/li>\n<li data-start=\"1990\" data-end=\"2057\">\n<p data-start=\"1993\" data-end=\"2057\">Potwierd\u017a przyciskiem SET, aby przej\u015b\u0107 do ustawie\u0144 parametr\u00f3w<\/p>\n<\/li>\n<li data-start=\"2058\" data-end=\"2121\">\n<p data-start=\"2061\" data-end=\"2121\">Dostosuj ka\u017cdy parametr za pomoc\u0105 kr\u00f3tkiego\/d\u0142ugiego naci\u015bni\u0119cia przycisku W G\u00d3R\u0118\/W D\u00d3\u0141<\/p>\n<\/li>\n<li data-start=\"2122\" data-end=\"2186\">\n<p data-start=\"2125\" data-end=\"2186\">Naciska\u0107 <strong data-start=\"2134\" data-end=\"2142\">ZATRZYMYWA\u0106 SI\u0118<\/strong> prze\u0142\u0105cza\u0107 si\u0119 mi\u0119dzy sekundami i minutami<\/p>\n<\/li>\n<li data-start=\"2187\" data-end=\"2236\">\n<p data-start=\"2190\" data-end=\"2236\">Naci\u015bnij i przytrzymaj <strong data-start=\"2205\" data-end=\"2212\">USTAWI\u0106<\/strong> zapisa\u0107 i zostawi\u0107<\/p>\n<\/li>\n<\/ol>\n<h3 data-start=\"2243\" data-end=\"2263\"><strong data-start=\"2247\" data-end=\"2263\">Tryby pracy:<\/strong><\/h3>\n<ul data-start=\"2265\" data-end=\"2716\">\n<li data-start=\"2265\" data-end=\"2308\">\n<p data-start=\"2267\" data-end=\"2308\"><strong data-start=\"2267\" data-end=\"2274\">P1:<\/strong> Wyzwalacze \u2192 przeka\u017anik w\u0142\u0105czony (czas OP) \u2192 wy\u0142\u0105czony<\/p>\n<\/li>\n<li data-start=\"2309\" data-end=\"2374\">\n<p data-start=\"2311\" data-end=\"2374\"><strong data-start=\"2311\" data-end=\"2318\">P2:<\/strong> Wyzwalacze \u2192 przeka\u017anik w\u0142\u0105czony (OP) \u2192 wyzwalacze podczas OP \u2192 ponowne obliczenie<\/p>\n<\/li>\n<li data-start=\"2375\" data-end=\"2430\">\n<p data-start=\"2377\" data-end=\"2430\"><strong data-start=\"2377\" data-end=\"2384\">P3:<\/strong> Wyzwalacze \u2192 przeka\u017anik w\u0142\u0105czony (OP) \u2192 nowy wyzwalacz \u2192 reset<\/p>\n<\/li>\n<li data-start=\"2431\" data-end=\"2488\">\n<p data-start=\"2433\" data-end=\"2488\"><strong data-start=\"2433\" data-end=\"2440\">P4:<\/strong> Wyzwalacze \u2192 oczekiwanie na OP \u2192 przeka\u017anik w\u0142\u0105czony \u2192 OP gotowy \u2192 wy\u0142\u0105czony<\/p>\n<\/li>\n<li data-start=\"2489\" data-end=\"2561\">\n<p data-start=\"2491\" data-end=\"2561\"><strong data-start=\"2491\" data-end=\"2498\">P5:<\/strong> Wyzwalacze \u2192 w\u0142\u0105czenie OP \u2192 wy\u0142\u0105czenie CL \u2192 rozpocz\u0119cie cyklu (liczba definiowalna)<\/p>\n<\/li>\n<li data-start=\"2562\" data-end=\"2613\">\n<p data-start=\"2564\" data-end=\"2613\"><strong data-start=\"2564\" data-end=\"2571\">Strona 6:<\/strong> Cykl automatyczny bez wyzwalacza (OP + CL)<\/p>\n<\/li>\n<li data-start=\"2614\" data-end=\"2716\">\n<p data-start=\"2616\" data-end=\"2716\"><strong data-start=\"2616\" data-end=\"2623\">Strona 7:<\/strong> Przeka\u017anik pozostaje aktywny tak d\u0142ugo, jak d\u0142ugo sygna\u0142 jest obecny. W przypadku przerwania, uruchamia si\u0119 timer OP, a przeka\u017anik zostaje wy\u0142\u0105czony.<\/p>\n<\/li>\n<\/ul>\n<h3 data-start=\"2723\" data-end=\"2754\"><strong data-start=\"2727\" data-end=\"2754\">Dodatkowe funkcje:<\/strong><\/h3>\n<ul data-start=\"2756\" data-end=\"3075\">\n<li data-start=\"2756\" data-end=\"2850\">\n<p data-start=\"2758\" data-end=\"2850\"><strong data-start=\"2758\" data-end=\"2783\">Automatyczny tryb u\u015bpienia:<\/strong> Wy\u0142\u0105cza t\u0142o wy\u015bwietlacza LCD po 5 minutach (mo\u017cna w\u0142\u0105czy\u0107\/wy\u0142\u0105czy\u0107)<\/p>\n<\/li>\n<li data-start=\"2851\" data-end=\"2920\">\n<p data-start=\"2853\" data-end=\"2920\"><strong data-start=\"2853\" data-end=\"2877\">Funkcja przeka\u017anika W\u0141.\/WY\u0141.:<\/strong> Prze\u0142\u0105czniki STOP w\u0142\u0105czaj\u0105 si\u0119, je\u015bli przeka\u017anik ma reagowa\u0107 na warunki<\/p>\n<\/li>\n<li data-start=\"2921\" data-end=\"2989\">\n<p data-start=\"2923\" data-end=\"2989\"><strong data-start=\"2923\" data-end=\"2947\">Przegl\u0105d parametr\u00f3w:<\/strong> Kr\u00f3tkie naci\u015bni\u0119cie przycisku SET pokazuje aktualne warto\u015bci<\/p>\n<\/li>\n<li data-start=\"2990\" data-end=\"3075\">\n<p data-start=\"2992\" data-end=\"3075\"><strong data-start=\"2992\" data-end=\"3012\">Prze\u0142\u0105czanie wy\u015bwietlacza:<\/strong> W trybie P5\/P6 wy\u015bwietlacz mo\u017ce prze\u0142\u0105cza\u0107 si\u0119 pomi\u0119dzy czasem i liczb\u0105 cykli<\/p>\n<\/li>\n<\/ul>\n<p data-start=\"1765\" data-end=\"1813\">","protected":false},"excerpt":{"rendered":"<p>Modu\u0142 przeka\u017anika czasowego z wy\u015bwietlaczem LCD, regulowanym op\u00f3\u017anieniem (0,01 s \u2013 9999 min) i obs\u0142ug\u0105 wielu tryb\u00f3w wyzwalania.<\/p>\n<p>Doskonale nadaje si\u0119 do automatyzacji, sterowania cyklicznego i precyzyjnego zarz\u0105dzania czasem.<\/p>","protected":false},"featured_media":158313,"template":"","meta":{"_acf_changed":false},"product_brand":[],"product_cat":[1548,4154],"product_tag":[],"class_list":{"0":"post-158316","1":"product","2":"type-product","3":"status-publish","4":"has-post-thumbnail","6":"product_cat-relaer-elektronik","7":"product_cat-tidrela","8":"product_shipping_class-postnord-varubrev","9":"pa_brands-stonehouse-security","10":"tm-no-options","12":"first","13":"instock","14":"sale","15":"taxable","16":"shipping-taxable","17":"purchasable","18":"product-type-simple"},"acf":[],"_links":{"self":[{"href":"https:\/\/secureus.se\/pl\/wp-json\/wp\/v2\/product\/158316","targetHints":{"allow":["GET"]}}],"collection":[{"href":"https:\/\/secureus.se\/pl\/wp-json\/wp\/v2\/product"}],"about":[{"href":"https:\/\/secureus.se\/pl\/wp-json\/wp\/v2\/types\/product"}],"wp:featuredmedia":[{"embeddable":true,"href":"https:\/\/secureus.se\/pl\/wp-json\/wp\/v2\/media\/158313"}],"wp:attachment":[{"href":"https:\/\/secureus.se\/pl\/wp-json\/wp\/v2\/media?parent=158316"}],"wp:term":[{"taxonomy":"product_brand","embeddable":true,"href":"https:\/\/secureus.se\/pl\/wp-json\/wp\/v2\/product_brand?post=158316"},{"taxonomy":"product_cat","embeddable":true,"href":"https:\/\/secureus.se\/pl\/wp-json\/wp\/v2\/product_cat?post=158316"},{"taxonomy":"product_tag","embeddable":true,"href":"https:\/\/secureus.se\/pl\/wp-json\/wp\/v2\/product_tag?post=158316"}],"curies":[{"name":"wp","href":"https:\/\/api.w.org\/{rel}","templated":true}]}}