{"id":158328,"date":"2025-09-22T12:36:38","date_gmt":"2025-09-22T10:36:38","guid":{"rendered":"https:\/\/secureus.se\/rela-24v-1-kanals-med-hog-och-lag-nivatriggning\/"},"modified":"2026-04-01T16:55:15","modified_gmt":"2026-04-01T14:55:15","slug":"rela-24v-1-kanals-med-hog-och-lag-nivatriggning","status":"publish","type":"product","link":"https:\/\/secureus.se\/pl\/rela-24v-1-kanals-med-hog-och-lag-nivatriggning\/","title":{"rendered":"Przeka\u017anik 24 V 1-kana\u0142owy z wyzwalaniem wysokim i niskim poziomem Seria Pro"},"content":{"rendered":"<h1>Przeka\u017anik 24V 1-kana\u0142owy z wyzwalaniem wysokim i niskim<\/h1>\n<p><span style=\"text-decoration: underline\"><strong>Doskonale nadaje si\u0119 do instalacji alarmowych i telekomunikacyjnych.<\/strong><\/span><\/p>\n<ol data-start=\"579\" data-end=\"1159\">\n<li data-start=\"579\" data-end=\"686\">\n<p data-start=\"582\" data-end=\"615\">Wyposa\u017cony w przeka\u017anik o oryginalnej jako\u015bci<\/p>\n<ul data-start=\"619\" data-end=\"686\">\n<li data-start=\"619\" data-end=\"686\">\n<p data-start=\"621\" data-end=\"686\">Maksymalne obci\u0105\u017cenie: AC 250V\/10A, DC 30V\/10A (styk normalnie otwarty)<\/p>\n<\/li>\n<\/ul>\n<\/li>\n<li data-start=\"687\" data-end=\"788\">\n<p data-start=\"690\" data-end=\"757\">Podw\u00f3jna izolacja optoizolacyjna zapewniaj\u0105ca wysoki poziom bezpiecze\u0144stwa i stabiln\u0105 prac\u0119<\/p>\n<ul data-start=\"761\" data-end=\"788\">\n<li data-start=\"761\" data-end=\"788\">\n<p data-start=\"763\" data-end=\"788\">Pr\u0105d wyzwalaj\u0105cy: tylko 5 mA<\/p>\n<\/li>\n<\/ul>\n<\/li>\n<li data-start=\"789\" data-end=\"812\">\n<p data-start=\"792\" data-end=\"812\">Arbetssp\u00e4nning: 24V<\/p>\n<\/li>\n<li data-start=\"813\" data-end=\"897\">\n<p data-start=\"816\" data-end=\"897\">Ka\u017cdy kana\u0142 mo\u017cna skonfigurowa\u0107 tak, aby by\u0142 wyzwalany wysokim lub niskim poziomem (za pomoc\u0105 zworki)<\/p>\n<\/li>\n<li data-start=\"898\" data-end=\"979\">\n<p data-start=\"901\" data-end=\"979\">Konstrukcja odporna na b\u0142\u0119dy \u2013 je\u015bli linia steruj\u0105ca zostanie zerwana, przeka\u017anik nie zostanie przypadkowo aktywowany<\/p>\n<\/li>\n<li data-start=\"980\" data-end=\"1073\">\n<p data-start=\"983\" data-end=\"1001\">Wska\u017aniki LED:<\/p>\n<ul data-start=\"1005\" data-end=\"1073\">\n<li data-start=\"1005\" data-end=\"1029\">\n<p data-start=\"1007\" data-end=\"1029\">Zielony: wska\u017anik zasilania<\/p>\n<\/li>\n<li data-start=\"1033\" data-end=\"1073\">\n<p data-start=\"1035\" data-end=\"1073\">Czerwony: status przeka\u017anika dla ka\u017cdego kana\u0142u<\/p>\n<\/li>\n<\/ul>\n<\/li>\n<li data-start=\"1074\" data-end=\"1159\">\n<p data-start=\"1077\" data-end=\"1159\">Przyjazny dla u\u017cytkownika uk\u0142ad \u2013 wszystkie po\u0142\u0105czenia s\u0105 dost\u0119pne za pomoc\u0105 przejrzystych zacisk\u00f3w \u015brubowych<\/p>\n<\/li>\n<\/ol>\n<p data-start=\"1161\" data-end=\"1172\"><strong>Interfejs:<\/strong><\/p>\n<p data-start=\"1174\" data-end=\"1192\">Pod\u0142\u0105czenie zasilania:<\/p>\n<ul data-start=\"1193\" data-end=\"1291\">\n<li data-start=\"1193\" data-end=\"1242\">\n<p data-start=\"1195\" data-end=\"1242\">DC+: Pod\u0142\u0105cza si\u0119 do dodatniego bieguna zasilacza<\/p>\n<\/li>\n<li data-start=\"1243\" data-end=\"1291\">\n<p data-start=\"1245\" data-end=\"1291\">DC-: Pod\u0142\u0105cza si\u0119 do ujemnego bieguna zasilania<\/p>\n<\/li>\n<\/ul>\n<p data-start=\"1293\" data-end=\"1308\"><strong>Sygna\u0142y steruj\u0105ce:<\/strong><\/p>\n<ul data-start=\"1309\" data-end=\"1384\">\n<li data-start=\"1309\" data-end=\"1384\">\n<p data-start=\"1311\" data-end=\"1384\">IN1, IN2: Steruje odpowiednim przeka\u017anikiem w zale\u017cno\u015bci od ustawionego poziomu wyzwalania (wysoki\/niski)<\/p>\n<\/li>\n<\/ul>\n<p data-start=\"1386\" data-end=\"1399\"><strong>Wyj\u015bcie przeka\u017anikowe:<\/strong><\/p>\n<ul data-start=\"1400\" data-end=\"1621\">\n<li data-start=\"1400\" data-end=\"1493\">\n<p data-start=\"1402\" data-end=\"1493\">NO1, NO2 (normalnie otwarty): styk normalnie otwarty \u2013 otwarty w stanie spoczynku, zamkni\u0119ty po aktywacji<\/p>\n<\/li>\n<li data-start=\"1494\" data-end=\"1526\">\n<p data-start=\"1496\" data-end=\"1526\">COM1, COM2: Z\u0142\u0105cze wsp\u00f3lne<\/p>\n<\/li>\n<li data-start=\"1527\" data-end=\"1621\">\n<p data-start=\"1529\" data-end=\"1621\">NC1, NC2 (normalnie zamkni\u0119ty): styk normalnie zamkni\u0119ty \u2013 zamkni\u0119ty w pozycji spoczynku, otwarty po aktywacji<\/p>\n<\/li>\n<\/ul>\n<p data-start=\"1623\" data-end=\"1644\"><strong>Wyb\u00f3r poziomu wyzwalania:<\/strong><\/p>\n<ul data-start=\"1645\" data-end=\"1813\">\n<li data-start=\"1645\" data-end=\"1698\">\n<p data-start=\"1647\" data-end=\"1698\">S1, S2: Wyb\u00f3r zworki dla poziomu wyzwalania przeka\u017anik\u00f3w 1 i 2<\/p>\n<\/li>\n<li data-start=\"1699\" data-end=\"1762\">\n<p data-start=\"1701\" data-end=\"1762\">Je\u017celi COM na zworki jest pod\u0142\u0105czony do niskiego poziomu \u2192 wyzwalanie niskiego poziomu<\/p>\n<\/li>\n<li data-start=\"1763\" data-end=\"1813\">\n<p data-start=\"1765\" data-end=\"1813\">Je\u017celi COM jest pod\u0142\u0105czony do wysokiego poziomu \u2192 wyzwalanie wysokiego poziomu<\/p>\n<\/li>\n<\/ul>","protected":false},"excerpt":{"rendered":"<p>Kompakt 2-kanals rel\u00e4modul med 24V driftsp\u00e4nning, st\u00f6d f\u00f6r h\u00f6g- och l\u00e5g-niv\u00e5triggning samt dubbel optokopplarisolering f\u00f6r stabil och s\u00e4ker styrning.<\/p>\n<p>Wyposa\u017cone we wska\u017aniki LED i przyjazne u\u017cytkownikowi zaciski \u015brubowe, zapewniaj\u0105ce \u0142atw\u0105 instalacj\u0119.<\/p>\n<p>Doskonale nadaje si\u0119 do instalacji alarmowych i telekomunikacyjnych.<\/p>","protected":false},"featured_media":158325,"template":"","meta":{"_acf_changed":false},"product_brand":[],"product_cat":[1548,4152],"product_tag":[],"class_list":{"0":"post-158328","1":"product","2":"type-product","3":"status-publish","4":"has-post-thumbnail","6":"product_cat-relaer-elektronik","7":"product_cat-rela-24-volt","8":"product_shipping_class-postnord-varubrev","9":"pa_brands-stonehouse-security","10":"tm-no-options","12":"first","13":"instock","14":"sale","15":"taxable","16":"shipping-taxable","17":"purchasable","18":"product-type-simple"},"acf":[],"_links":{"self":[{"href":"https:\/\/secureus.se\/pl\/wp-json\/wp\/v2\/product\/158328","targetHints":{"allow":["GET"]}}],"collection":[{"href":"https:\/\/secureus.se\/pl\/wp-json\/wp\/v2\/product"}],"about":[{"href":"https:\/\/secureus.se\/pl\/wp-json\/wp\/v2\/types\/product"}],"wp:featuredmedia":[{"embeddable":true,"href":"https:\/\/secureus.se\/pl\/wp-json\/wp\/v2\/media\/158325"}],"wp:attachment":[{"href":"https:\/\/secureus.se\/pl\/wp-json\/wp\/v2\/media?parent=158328"}],"wp:term":[{"taxonomy":"product_brand","embeddable":true,"href":"https:\/\/secureus.se\/pl\/wp-json\/wp\/v2\/product_brand?post=158328"},{"taxonomy":"product_cat","embeddable":true,"href":"https:\/\/secureus.se\/pl\/wp-json\/wp\/v2\/product_cat?post=158328"},{"taxonomy":"product_tag","embeddable":true,"href":"https:\/\/secureus.se\/pl\/wp-json\/wp\/v2\/product_tag?post=158328"}],"curies":[{"name":"wp","href":"https:\/\/api.w.org\/{rel}","templated":true}]}}