{"id":158398,"date":"2025-09-24T14:38:17","date_gmt":"2025-09-24T12:38:17","guid":{"rendered":"https:\/\/secureus.se\/?post_type=product&#038;p=158398"},"modified":"2026-03-26T09:57:08","modified_gmt":"2026-03-26T08:57:08","slug":"fargo-hdp5000e-retransfer-id-card-printer-dubbelsidig","status":"publish","type":"product","link":"https:\/\/secureus.se\/pl\/fargo-hdp5000e-retransfer-id-card-printer-dubbelsidig\/","title":{"rendered":"Drukarka kart identyfikacyjnych Fargo HDP5000e Retransfer (dwustronna)"},"content":{"rendered":"<p>Oparta na siedmiu generacjach zaawansowanej technologii retransferowej i dziesi\u0119cioleciach do\u015bwiadczenia, drukarka FARGO HDP5000e zosta\u0142a zaprojektowana z my\u015bl\u0105 o \u015brodowiskach o wysokich wymaganiach, gdzie niezawodno\u015b\u0107 i jako\u015b\u0107 druku s\u0105 nie do podwa\u017cenia. Jako lider bran\u017cy druku retransferowego od ponad 25 lat, drukarka HDP5000e oferuje wyj\u0105tkow\u0105 rozdzielczo\u015b\u0107 druku, niezr\u00f3wnan\u0105 trwa\u0142o\u015b\u0107 i minimalny czas przestoju, gwarantuj\u0105c bezproblemow\u0105 prac\u0119 w wysokonak\u0142adowej produkcji kart.<\/p>\n<ul>\n<li>Drukuj 133 pe\u0142nokolorowe karty na godzin\u0119<\/li>\n<li>Bezkonkurencyjna 4-letnia gwarancja producenta<\/li>\n<li>Dost\u0119pne modele jednostronne i dwustronne<\/li>\n<\/ul>\n<p><strong><br \/>\nWaga produktu:<br \/>\n8,00 kg<br \/>\n<\/strong><\/p>","protected":false},"excerpt":{"rendered":"<p>Built on seven generations of advanced retransfer technology and decades of expertise, the FARGO HDP5000e is engineered for high-demand environments where reliability and print quality are non-negotiable. As an industry<\/p>","protected":false},"featured_media":158393,"template":"","meta":{"_acf_changed":false},"product_brand":[],"product_cat":[3206],"product_tag":[],"class_list":{"0":"post-158398","1":"product","2":"type-product","3":"status-publish","4":"has-post-thumbnail","6":"product_cat-fargo","7":"pa_brands-fargo","8":"tm-no-options","10":"first","11":"instock","12":"sale","13":"taxable","14":"shipping-taxable","15":"purchasable","16":"product-type-simple"},"acf":[],"_links":{"self":[{"href":"https:\/\/secureus.se\/pl\/wp-json\/wp\/v2\/product\/158398","targetHints":{"allow":["GET"]}}],"collection":[{"href":"https:\/\/secureus.se\/pl\/wp-json\/wp\/v2\/product"}],"about":[{"href":"https:\/\/secureus.se\/pl\/wp-json\/wp\/v2\/types\/product"}],"wp:featuredmedia":[{"embeddable":true,"href":"https:\/\/secureus.se\/pl\/wp-json\/wp\/v2\/media\/158393"}],"wp:attachment":[{"href":"https:\/\/secureus.se\/pl\/wp-json\/wp\/v2\/media?parent=158398"}],"wp:term":[{"taxonomy":"product_brand","embeddable":true,"href":"https:\/\/secureus.se\/pl\/wp-json\/wp\/v2\/product_brand?post=158398"},{"taxonomy":"product_cat","embeddable":true,"href":"https:\/\/secureus.se\/pl\/wp-json\/wp\/v2\/product_cat?post=158398"},{"taxonomy":"product_tag","embeddable":true,"href":"https:\/\/secureus.se\/pl\/wp-json\/wp\/v2\/product_tag?post=158398"}],"curies":[{"name":"wp","href":"https:\/\/api.w.org\/{rel}","templated":true}]}}