{"id":158443,"date":"2025-09-25T12:34:26","date_gmt":"2025-09-25T10:34:26","guid":{"rendered":"https:\/\/secureus.se\/reservdel-psu-stromforsorjningsdel-220vac-psu-for-gamla-hub-hub-plus\/"},"modified":"2026-04-14T10:11:16","modified_gmt":"2026-04-14T08:11:16","slug":"reservdel-psu-stromforsorjningsdel-220vac-psu-for-gamla-hub-hub-plus","status":"publish","type":"product","link":"https:\/\/secureus.se\/pl\/reservdel-psu-stromforsorjningsdel-220vac-psu-for-gamla-hub-hub-plus\/","title":{"rendered":"Cz\u0119\u015b\u0107 zamienna zasilacza \/ cz\u0119\u015b\u0107 zasilaj\u0105ca 220VAC zasilacz do starego Hub\/Hub Plus"},"content":{"rendered":"","protected":false},"excerpt":{"rendered":"","protected":false},"featured_media":158442,"template":"","meta":{"_acf_changed":false},"product_brand":[],"product_cat":[3171,3128],"product_tag":[],"class_list":{"0":"post-158443","1":"product","2":"type-product","3":"status-publish","4":"has-post-thumbnail","6":"product_cat-psu-stromforsorjning","7":"product_cat-ajax-reservdelar-fasten","8":"tm-no-options","10":"first","11":"instock","12":"taxable","13":"shipping-taxable","14":"purchasable","15":"product-type-simple"},"acf":[],"_links":{"self":[{"href":"https:\/\/secureus.se\/pl\/wp-json\/wp\/v2\/product\/158443","targetHints":{"allow":["GET"]}}],"collection":[{"href":"https:\/\/secureus.se\/pl\/wp-json\/wp\/v2\/product"}],"about":[{"href":"https:\/\/secureus.se\/pl\/wp-json\/wp\/v2\/types\/product"}],"wp:featuredmedia":[{"embeddable":true,"href":"https:\/\/secureus.se\/pl\/wp-json\/wp\/v2\/media\/158442"}],"wp:attachment":[{"href":"https:\/\/secureus.se\/pl\/wp-json\/wp\/v2\/media?parent=158443"}],"wp:term":[{"taxonomy":"product_brand","embeddable":true,"href":"https:\/\/secureus.se\/pl\/wp-json\/wp\/v2\/product_brand?post=158443"},{"taxonomy":"product_cat","embeddable":true,"href":"https:\/\/secureus.se\/pl\/wp-json\/wp\/v2\/product_cat?post=158443"},{"taxonomy":"product_tag","embeddable":true,"href":"https:\/\/secureus.se\/pl\/wp-json\/wp\/v2\/product_tag?post=158443"}],"curies":[{"name":"wp","href":"https:\/\/api.w.org\/{rel}","templated":true}]}}