{"id":158867,"date":"2025-10-03T12:59:59","date_gmt":"2025-10-03T10:59:59","guid":{"rendered":"https:\/\/secureus.se\/?post_type=product&#038;p=158867"},"modified":"2026-02-02T10:44:33","modified_gmt":"2026-02-02T09:44:33","slug":"risco-lightsys-air-larmpaket-med-knappsats-vit","status":"publish","type":"product","link":"https:\/\/secureus.se\/pl\/risco-lightsys-air-larmpaket-med-knappsats-vit\/","title":{"rendered":"Zestaw alarmowy RISCO LightSYS Air z klawiatur\u0105 \u2013 bia\u0142y"},"content":{"rendered":"<h2 data-start=\"602\" data-end=\"656\"><strong data-start=\"602\" data-end=\"654\">Zestaw alarmowy RISCO LightSYS Air z klawiatur\u0105 \u2013 bia\u0142y<\/strong><\/h2>\n<p data-start=\"658\" data-end=\"825\">Ten pakiet zawiera <strong data-start=\"681\" data-end=\"710\">Jednostka centralna LightSYS Air<\/strong> i jeden <strong data-start=\"718\" data-end=\"759\">bia\u0142a bezprzewodowa klawiatura dwukierunkowa z funkcj\u0105 zbli\u017ceniow\u0105<\/strong>, zapewniaj\u0105c Ci kompletne, podstawowe rozwi\u0105zanie do domu lub firmy.<\/p>\n<p data-start=\"827\" data-end=\"1159\"><strong data-start=\"829\" data-end=\"851\">128 stref bezprzewodowych<\/strong> \u2013 do elastycznego dostosowania<br data-start=\"877\" data-end=\"880\" \/><strong data-start=\"882\" data-end=\"915\">Zintegrowane modu\u0142y WiFi i IP<\/strong> \u2013 stabilne po\u0142\u0105czenie od samego pocz\u0105tku<br data-start=\"947\" data-end=\"950\" \/><strong data-start=\"952\" data-end=\"975\">Certyfikowany stopie\u0144 2<\/strong> \u2013 spe\u0142nia europejskie normy bezpiecze\u0144stwa<br data-start=\"1018\" data-end=\"1021\" \/><strong data-start=\"1023\" data-end=\"1088\">Obs\u0142uguje do 32 partycji, 3 syreny i 8 klawiatur<\/strong><br data-start=\"1088\" data-end=\"1091\" \/><strong data-start=\"1093\" data-end=\"1120\">Przyjazna dla u\u017cytkownika kontrola<\/strong> \u2013 za pomoc\u0105 klawiatury lub aplikacji iRISCO<\/p>\n<hr data-start=\"1161\" data-end=\"1164\" \/>\n<h3 data-start=\"1166\" data-end=\"1205\">\ud83d\udca1 <strong data-start=\"1173\" data-end=\"1203\">Czy chcesz dodatkowego bezpiecze\u0144stwa?<\/strong><\/h3>\n<p data-start=\"1206\" data-end=\"1339\">Uzupe\u0142nij pakiet o <strong data-start=\"1233\" data-end=\"1268\">Modu\u0142 4G dla RISCO LightSYS Air<\/strong>.<br data-start=\"1269\" data-end=\"1272\" \/>Dzi\u0119ki temu mo\u017cesz mie\u0107 bezpieczne po\u0142\u0105czenie, nawet je\u015bli po\u0142\u0105czenie z Internetem zostanie przerwane.<\/p>\n<p data-start=\"1341\" data-end=\"1382\">\ud83d\udc49 <a class=\"decorated-link\" href=\"https:\/\/secureus.se\/pl\/4g-modul-for-risco-lightsys-air\/\" rel=\"noopener\" data-start=\"1344\" data-end=\"1380\">Modu\u0142 4G dla RISCO LightSYS Air<\/a><\/p>","protected":false},"excerpt":{"rendered":"<p>Kompletny system alarmowy RISCO LightSYS Air z jednostk\u0105 centraln\u0105 i bia\u0142\u0105 klawiatur\u0105. W zestawie WiFi i IP \u2013 mo\u017cliwo\u015b\u0107 rozbudowy o modu\u0142 4G dla maksymalnej niezawodno\u015bci dzia\u0142ania.<\/p>","protected":false},"featured_media":158869,"template":"","meta":{"_acf_changed":false},"product_brand":[],"product_cat":[3357,4880],"product_tag":[],"class_list":{"0":"post-158867","1":"product","2":"type-product","3":"status-publish","4":"has-post-thumbnail","6":"product_cat-larmpaket-risco-larm","7":"product_cat-lightsys-air-v6","8":"tm-no-options","10":"first","11":"instock","12":"sale","13":"taxable","14":"shipping-taxable","15":"purchasable","16":"product-type-woosb"},"acf":[],"_links":{"self":[{"href":"https:\/\/secureus.se\/pl\/wp-json\/wp\/v2\/product\/158867","targetHints":{"allow":["GET"]}}],"collection":[{"href":"https:\/\/secureus.se\/pl\/wp-json\/wp\/v2\/product"}],"about":[{"href":"https:\/\/secureus.se\/pl\/wp-json\/wp\/v2\/types\/product"}],"wp:featuredmedia":[{"embeddable":true,"href":"https:\/\/secureus.se\/pl\/wp-json\/wp\/v2\/media\/158869"}],"wp:attachment":[{"href":"https:\/\/secureus.se\/pl\/wp-json\/wp\/v2\/media?parent=158867"}],"wp:term":[{"taxonomy":"product_brand","embeddable":true,"href":"https:\/\/secureus.se\/pl\/wp-json\/wp\/v2\/product_brand?post=158867"},{"taxonomy":"product_cat","embeddable":true,"href":"https:\/\/secureus.se\/pl\/wp-json\/wp\/v2\/product_cat?post=158867"},{"taxonomy":"product_tag","embeddable":true,"href":"https:\/\/secureus.se\/pl\/wp-json\/wp\/v2\/product_tag?post=158867"}],"curies":[{"name":"wp","href":"https:\/\/api.w.org\/{rel}","templated":true}]}}