{"id":158960,"date":"2025-10-06T15:30:07","date_gmt":"2025-10-06T13:30:07","guid":{"rendered":"https:\/\/secureus.se\/?post_type=product&#038;p=158960"},"modified":"2026-04-02T15:31:21","modified_gmt":"2026-04-02T13:31:21","slug":"ekologisk-mifare-1k-rfid-tagg-vortex-eco-svart","status":"publish","type":"product","link":"https:\/\/secureus.se\/pl\/ekologisk-mifare-1k-rfid-tagg-vortex-eco-svart\/","title":{"rendered":"Ekologiczny znacznik RFID MIFARE 1K w kolorze czarnym \u2013 Vortex Eco (materia\u0142 z recyklingu 100%)"},"content":{"rendered":"<h3 data-start=\"729\" data-end=\"804\">Vortex Eco \u2013 Zr\u00f3wnowa\u017cony tag RFID wykonany z materia\u0142u pochodz\u0105cego z recyklingu 100%<\/h3>\n<p data-start=\"806\" data-end=\"1107\"><strong data-start=\"806\" data-end=\"820\">Vortex Eco<\/strong> jest przyjazn\u0105 dla \u015brodowiska wersj\u0105 popularnego znacznika Vortex, wykonan\u0105 z <strong data-start=\"892\" data-end=\"920\">100% materia\u0142 z recyklingu<\/strong> \u2013 zr\u00f3wnowa\u017cony wyb\u00f3r zar\u00f3wno dla przedsi\u0119biorstwa, jak i \u015brodowiska.<br data-start=\"967\" data-end=\"970\" \/>Czarny kolor jest naturalnym efektem recyklingu plastiku i wyra\u017anie pokazuje, \u017ce zr\u00f3wnowa\u017cony rozw\u00f3j nie musi wi\u0105za\u0107 si\u0119 z kompromisem w zakresie jako\u015bci.<\/p>\n<p data-start=\"1109\" data-end=\"1389\">Z jego <strong data-start=\"1117\" data-end=\"1144\">Technologia chipa MIFARE 1K<\/strong> I <strong data-start=\"1149\" data-end=\"1167\">Stopie\u0144 ochrony IP68<\/strong> Vortex Eco oferuje t\u0119 sam\u0105 wydajno\u015b\u0107 i trwa\u0142o\u015b\u0107 co oryginalny model. Obudowa z pow\u0142ok\u0105 ochronn\u0105 chroni przed wilgoci\u0105, kurzem i uszkodzeniami mechanicznymi, dzi\u0119ki czemu tag idealnie nadaje si\u0119 do u\u017cytku w\u2026 <strong data-start=\"1353\" data-end=\"1386\">wymagaj\u0105cych \u015brodowisk przemys\u0142owych<\/strong>.<\/p>\n<p data-start=\"1391\" data-end=\"1672\">Tag dzia\u0142a \u015bwietnie w obu <strong data-start=\"1422\" data-end=\"1453\">\u015brodowiska wewn\u0119trzne i zewn\u0119trzne<\/strong>i mo\u017ce wytrzyma\u0107 temperatury od <strong data-start=\"1484\" data-end=\"1504\">-25\u00b0C do +85\u00b0C<\/strong>Kompaktowa, ergonomiczna konstrukcja sprawia, \u017ce urz\u0105dzenie mo\u017cna \u0142atwo nosi\u0107 przy kluczach lub w systemie kontroli dost\u0119pu, a jednocze\u015bnie jest odporne na codzienne u\u017cytkowanie, nie trac\u0105c przy tym swojej funkcjonalno\u015bci.<\/p>\n<hr data-start=\"1674\" data-end=\"1677\" \/>\n<h3 data-start=\"1679\" data-end=\"1708\">G\u0142\u00f3wne cechy<\/h3>\n<ul data-start=\"1709\" data-end=\"2125\">\n<li data-start=\"1709\" data-end=\"1770\">\n<p data-start=\"1711\" data-end=\"1770\">Wykonane z materia\u0142u pochodz\u0105cego z recyklingu 100% \u2013 wyb\u00f3r przyjazny dla \u015brodowiska<\/p>\n<\/li>\n<li data-start=\"1771\" data-end=\"1818\">\n<p data-start=\"1773\" data-end=\"1818\">Trwa\u0142a i wodoodporna konstrukcja (IP68)<\/p>\n<\/li>\n<li data-start=\"1819\" data-end=\"1865\">\n<p data-start=\"1821\" data-end=\"1865\">Wyposa\u017cony w uk\u0142ad MIFARE 1K (HF 13,56 MHz)<\/p>\n<\/li>\n<li data-start=\"1866\" data-end=\"1905\">\n<p data-start=\"1868\" data-end=\"1905\">Zgodno\u015b\u0107 ze standardowymi systemami kontroli dost\u0119pu<\/p>\n<\/li>\n<li data-start=\"1906\" data-end=\"1969\">\n<p data-start=\"1908\" data-end=\"1969\">Wytrzymuje trudne warunki \u015brodowiskowe, odporny na temperatury od -25\u00b0C do +85\u00b0C<\/p>\n<\/li>\n<li data-start=\"1970\" data-end=\"2018\">\n<p data-start=\"1972\" data-end=\"2018\">Ergonomiczna, smuk\u0142a konstrukcja zapewniaj\u0105ca \u0142atwo\u015b\u0107 u\u017cytkowania<\/p>\n<\/li>\n<li data-start=\"2019\" data-end=\"2066\">\n<p data-start=\"2021\" data-end=\"2066\">Czarny kolor \u2013 efekt recyklingu plastiku<\/p>\n<\/li>\n<li data-start=\"2067\" data-end=\"2125\">\n<p data-start=\"2069\" data-end=\"2125\">Mo\u017cliwo\u015b\u0107 znakowania grawerem laserowym lub nadrukiem (na \u017cyczenie)<\/p>\n<\/li>\n<\/ul>\n<hr data-start=\"2127\" data-end=\"2130\" \/>\n<h3 data-start=\"2132\" data-end=\"2162\">Specyfikacje techniczne<\/h3>\n<div class=\"_tableContainer_1rjym_1\">\n<div class=\"group _tableWrapper_1rjym_13 flex w-fit flex-col-reverse\">\n<table class=\"w-fit min-w-(--thread-content-width)\" data-start=\"2164\" data-end=\"2666\">\n<thead data-start=\"2164\" data-end=\"2184\">\n<tr data-start=\"2164\" data-end=\"2184\">\n<th data-start=\"2164\" data-end=\"2175\" data-col-size=\"sm\">Nieruchomo\u015b\u0107<\/th>\n<th data-start=\"2175\" data-end=\"2184\" data-col-size=\"md\"><\/th>\n<\/tr>\n<\/thead>\n<tbody data-start=\"2207\" data-end=\"2666\">\n<tr data-start=\"2207\" data-end=\"2234\">\n<td data-start=\"2207\" data-end=\"2220\" data-col-size=\"sm\"><strong data-start=\"2209\" data-end=\"2219\">Model<\/strong><\/td>\n<td data-start=\"2220\" data-end=\"2234\" data-col-size=\"md\">Vortex Eco<\/td>\n<\/tr>\n<tr data-start=\"2235\" data-end=\"2262\">\n<td data-start=\"2235\" data-end=\"2249\" data-col-size=\"sm\"><strong data-start=\"2237\" data-end=\"2248\">Typ chipa<\/strong><\/td>\n<td data-start=\"2249\" data-end=\"2262\" data-col-size=\"md\">MIFARE 1K<\/td>\n<\/tr>\n<tr data-start=\"2263\" data-end=\"2303\">\n<td data-start=\"2263\" data-end=\"2278\" data-col-size=\"sm\"><strong data-start=\"2265\" data-end=\"2277\">Tworzywo<\/strong><\/td>\n<td data-start=\"2278\" data-end=\"2303\" data-col-size=\"md\">100% plastik z recyklingu<\/td>\n<\/tr>\n<tr data-start=\"2304\" data-end=\"2324\">\n<td data-start=\"2304\" data-end=\"2315\" data-col-size=\"sm\"><strong data-start=\"2306\" data-end=\"2314\">Farba<\/strong><\/td>\n<td data-start=\"2315\" data-end=\"2324\" data-col-size=\"md\">Czarny<\/td>\n<\/tr>\n<tr data-start=\"2325\" data-end=\"2356\">\n<td data-start=\"2325\" data-end=\"2336\" data-col-size=\"sm\"><strong data-start=\"2327\" data-end=\"2335\">Mierzy\u0107<\/strong><\/td>\n<td data-start=\"2336\" data-end=\"2356\" data-col-size=\"md\">45 \u00d7 30 \u00d7 2,2 mm<\/td>\n<\/tr>\n<tr data-start=\"2357\" data-end=\"2390\">\n<td data-start=\"2357\" data-end=\"2372\" data-col-size=\"sm\"><strong data-start=\"2359\" data-end=\"2371\">Cz\u0119stotliwo\u015b\u0107<\/strong><\/td>\n<td data-start=\"2372\" data-end=\"2390\" data-col-size=\"md\">13,56 MHz (HF)<\/td>\n<\/tr>\n<tr data-start=\"2391\" data-end=\"2425\">\n<td data-start=\"2391\" data-end=\"2407\" data-col-size=\"sm\"><strong data-start=\"2393\" data-end=\"2406\">Protok\u00f3\u0142<\/strong><\/td>\n<td data-start=\"2407\" data-end=\"2425\" data-col-size=\"md\">ISO\/IEC 14443A<\/td>\n<\/tr>\n<tr data-start=\"2426\" data-end=\"2469\">\n<td data-start=\"2426\" data-end=\"2449\" data-col-size=\"sm\"><strong data-start=\"2428\" data-end=\"2448\">Temperatura robocza<\/strong><\/td>\n<td data-start=\"2449\" data-end=\"2469\" data-col-size=\"md\">-25\u00b0C do +85\u00b0C<\/td>\n<\/tr>\n<tr data-start=\"2470\" data-end=\"2519\">\n<td data-start=\"2470\" data-end=\"2489\" data-col-size=\"sm\"><strong data-start=\"2472\" data-end=\"2488\">Ocena IP<\/strong><\/td>\n<td data-start=\"2489\" data-end=\"2519\" data-col-size=\"md\">IP68 \u2013 py\u0142oszczelno\u015b\u0107 i wodoodporno\u015b\u0107<\/td>\n<\/tr>\n<tr data-start=\"2520\" data-end=\"2594\">\n<td data-start=\"2520\" data-end=\"2544\" data-col-size=\"sm\"><strong data-start=\"2522\" data-end=\"2543\">Obszar zastosowania<\/strong><\/td>\n<td data-start=\"2544\" data-end=\"2594\" data-col-size=\"md\">Systemy kontroli dost\u0119pu, alarmy, przemys\u0142, biura, \u015brodowiska zewn\u0119trzne<\/td>\n<\/tr>\n<tr data-start=\"2595\" data-end=\"2666\">\n<td data-start=\"2595\" data-end=\"2612\" data-col-size=\"sm\"><strong data-start=\"2597\" data-end=\"2611\">Dostosowanie<\/strong><\/td>\n<td data-start=\"2612\" data-end=\"2666\" data-col-size=\"md\">Grawerowanie laserowe, drukowanie<\/td>\n<\/tr>\n<\/tbody>\n<\/table>\n<\/div>\n<\/div>\n<hr data-start=\"2668\" data-end=\"2671\" \/>\n<h3 data-start=\"2673\" data-end=\"2699\">\u015arodowisko i zr\u00f3wnowa\u017cony rozw\u00f3j<\/h3>\n<p data-start=\"2700\" data-end=\"2940\">Vortex Eco zosta\u0142 zaprojektowany z my\u015bl\u0105 o firmach, kt\u00f3re chc\u0105 zmniejszy\u0107 sw\u00f3j wp\u0142yw na \u015brodowisko bez uszczerbku dla jako\u015bci. Dzi\u0119ki wykorzystaniu materia\u0142u pochodz\u0105cego z recyklingu 100%, zmniejsza on zar\u00f3wno ilo\u015b\u0107 odpad\u00f3w, jak i emisj\u0119 dwutlenku w\u0119gla \u2013 to prosty spos\u00f3b na przyczynienie si\u0119 do bardziej zr\u00f3wnowa\u017conej przysz\u0142o\u015bci.<\/p>","protected":false},"excerpt":{"rendered":"<p>Ekologiczny znacznik RFID wykonany z materia\u0142u pochodz\u0105cego z recyklingu 100%. Wytrzyma\u0142y, wodoodporny (IP68) i wyposa\u017cony w chip MIFARE 1K. Idealny do u\u017cytku zar\u00f3wno wewn\u0105trz, jak i na zewn\u0105trz.<\/p>","protected":false},"featured_media":158958,"template":"","meta":{"_acf_changed":false},"product_brand":[],"product_cat":[4784,4884],"product_tag":[2434],"class_list":{"0":"post-158960","1":"product","2":"type-product","3":"status-publish","4":"has-post-thumbnail","6":"product_cat-mifare1k","7":"product_cat-vortex-eco-ekologiska-taggar","8":"product_tag-mifare-standard-blank-alpha","9":"pa_brands-stonehouse-security","10":"pa_chip-teknik-mifare1k","11":"pa_chip-teknik-mifare1k-ekologisk","12":"pa_farg-svart","13":"tm-no-options","15":"first","16":"instock","17":"sale","18":"taxable","19":"shipping-taxable","20":"purchasable","21":"product-type-simple"},"acf":[],"_links":{"self":[{"href":"https:\/\/secureus.se\/pl\/wp-json\/wp\/v2\/product\/158960","targetHints":{"allow":["GET"]}}],"collection":[{"href":"https:\/\/secureus.se\/pl\/wp-json\/wp\/v2\/product"}],"about":[{"href":"https:\/\/secureus.se\/pl\/wp-json\/wp\/v2\/types\/product"}],"wp:featuredmedia":[{"embeddable":true,"href":"https:\/\/secureus.se\/pl\/wp-json\/wp\/v2\/media\/158958"}],"wp:attachment":[{"href":"https:\/\/secureus.se\/pl\/wp-json\/wp\/v2\/media?parent=158960"}],"wp:term":[{"taxonomy":"product_brand","embeddable":true,"href":"https:\/\/secureus.se\/pl\/wp-json\/wp\/v2\/product_brand?post=158960"},{"taxonomy":"product_cat","embeddable":true,"href":"https:\/\/secureus.se\/pl\/wp-json\/wp\/v2\/product_cat?post=158960"},{"taxonomy":"product_tag","embeddable":true,"href":"https:\/\/secureus.se\/pl\/wp-json\/wp\/v2\/product_tag?post=158960"}],"curies":[{"name":"wp","href":"https:\/\/api.w.org\/{rel}","templated":true}]}}