{"id":159365,"date":"2025-10-21T14:54:51","date_gmt":"2025-10-21T12:54:51","guid":{"rendered":"https:\/\/secureus.se\/ajax-domecam-mini-8mp-2-8mm-lins-svart\/"},"modified":"2026-03-30T12:32:59","modified_gmt":"2026-03-30T10:32:59","slug":"ajax-domecam-mini-8mp-2-8mm-lins-svart","status":"publish","type":"product","link":"https:\/\/secureus.se\/pl\/ajax-domecam-mini-8mp-2-8mm-lins-svart\/","title":{"rendered":"Kamera Ajax DomeCam Mini 8MP \u2013 obiektyw 2,8 mm, czarna"},"content":{"rendered":"<h3><strong>Kamera Ajax DomeCam Mini 8MP<\/strong> to pot\u0119\u017cna kamera bezpiecze\u0144stwa o wysokiej rozdzielczo\u015bci, kt\u00f3ra \u0142\u0105czy w sobie zaawansowan\u0105 technologi\u0119 i konstrukcj\u0119, aby zapewni\u0107 niezawodny nadz\u00f3r zar\u00f3wno do u\u017cytku wewn\u0105trz, jak i na zewn\u0105trz.<\/h3>\n<p>Wyposa\u017cona w kamer\u0119 UHD o rozdzielczo\u015bci 8 MP i obiektyw 2,8 mm, kamera ta idealnie nadaje si\u0119 do monitorowania wej\u015b\u0107, podw\u00f3rek i teren\u00f3w otwartych, dzi\u0119ki czemu nigdy nie przegapisz wa\u017cnego wydarzenia.<\/p>\n<p>Jedn\u0105 z najwa\u017cniejszych cech Ajax DomeCam Mini jest rozpoznawanie obiekt\u00f3w w oparciu o sztuczn\u0105 inteligencj\u0119.<\/p>\n<p>Kamera wykorzystuje sztuczn\u0105 inteligencj\u0119 do rozpoznawania ludzi, pojazd\u00f3w i zwierz\u0105t, ograniczaj\u0105c liczb\u0119 fa\u0142szywych alarm\u00f3w.<\/p>\n<p>Dzi\u0119ki temu jest szczeg\u00f3lnie skuteczny w \u015brodowiskach, w kt\u00f3rych mo\u017ce wyst\u0119powa\u0107 du\u017cy ruch, takich jak podw\u00f3rza, ogrody lub przy wej\u015bciach.<\/p>\n<p>Odfiltrowuj\u0105c nieistotny ruch, kamera mo\u017ce wys\u0142a\u0107 wiadomo\u015b\u0107 w przypadku wyst\u0105pienia rzeczywistego zagro\u017cenia bezpiecze\u0144stwa, zwi\u0119kszaj\u0105c bezpiecze\u0144stwo i redukuj\u0105c zb\u0119dne alarmy.<\/p>\n<p>Imponuj\u0105ca rozdzielczo\u015b\u0107 aparatu 8 MP (3840 x 2160) i obs\u0142uga do 20 klatek na sekund\u0119 zapewniaj\u0105 krystalicznie czysty obraz i szczeg\u00f3\u0142owy przegl\u0105d monitorowanego obszaru.<\/p>\n<p>W po\u0142\u0105czeniu z szerokim k\u0105tem widzenia 110\u00b0 i obiektywem 2,8 mm aparat zapewnia du\u017cy zasi\u0119g i sprawia, \u017ce idealnie nadaje si\u0119 do uchwycenia szczeg\u00f3\u0142\u00f3w nawet na du\u017cych, otwartych przestrzeniach.<\/p>\n<p>Niezale\u017cnie od tego, czy monitorujesz wej\u015bcie, parking czy du\u017cy ogr\u00f3d, mo\u017cesz spodziewa\u0107 si\u0119 obrazu o wysokiej rozdzielczo\u015bci i szczeg\u00f3\u0142\u00f3w, kt\u00f3re pozwol\u0105 zidentyfikowa\u0107 osoby, pojazdy lub inne obiekty.<\/p>\n<p>Aby zapewni\u0107 optymaln\u0105 prac\u0119 kamery w ka\u017cdych warunkach o\u015bwietleniowych, Ajax DomeCam Mini zosta\u0142a wyposa\u017cona w technologi\u0119 True WDR i HDR, kt\u00f3ra pozwala jej radzi\u0107 sobie w trudnych warunkach o\u015bwietleniowych, takich jak silne \u015bwiat\u0142o s\u0142oneczne lub g\u0142\u0119bokie cienie.<\/p>\n<p>Dzi\u0119ki tej funkcji zawsze uzyskasz zr\u00f3wnowa\u017cony i wyra\u017any obraz, nawet w ekstremalnych warunkach o\u015bwietleniowych.<\/p>\n<p>Aby jeszcze bardziej poprawi\u0107 jako\u015b\u0107 obrazu przy s\u0142abym o\u015bwietleniu, kamera posiada inteligentny o\u015bwietlacz podczerwieni. O\u015bwietlenie IR si\u0119ga do 15 metr\u00f3w i automatycznie dostosowuje jasno\u015b\u0107 w zale\u017cno\u015bci od otoczenia, zapobiegaj\u0105c prze\u015bwietleniu i zapewniaj\u0105c, \u017ce obrazy s\u0105 zawsze wyra\u017ane, nawet w ciemno\u015bci.<\/p>\n<p>Ajax DomeCam Mini obs\u0142uguje r\u00f3wnie\u017c Power over Ethernet (PoE), dzi\u0119ki czemu instalacja jest prosta i p\u0142ynna. Korzystaj\u0105c z PoE, mo\u017cesz zar\u00f3wno zasila\u0107, jak i \u0142\u0105czy\u0107 kamer\u0119 z sieci\u0105 za pomoc\u0105 jednego kabla.<\/p>\n<p>Dzi\u0119ki temu kamera jest zar\u00f3wno op\u0142acalna, jak i praktyczna w instalacji zar\u00f3wno w budynkach mieszkalnych, jak i komercyjnych. Alternatywnie kamer\u0119 mo\u017cna pod\u0142\u0105czy\u0107 do zasilacza 12V DC.<\/p>\n<p>Kamera ma stopie\u0144 ochrony IP65, dzi\u0119ki czemu jest odporna na warunki atmosferyczne i doskonale nadaje si\u0119 do u\u017cytku wewn\u0105trz i na zewn\u0105trz. Niezale\u017cnie od tego, czy jeste\u015b nara\u017cony na deszcz, \u015bnieg czy s\u0142o\u0144ce, Ajax DomeCam Mini dzia\u0142a bez \u017cadnych problem\u00f3w i zapewnia niezawodny nadz\u00f3r przez ca\u0142y rok.<\/p>\n<p>Solidna metalowa konstrukcja czyni go r\u00f3wnie\u017c odpornym na wandalizm i chroni przed atakiem fizycznym, dzi\u0119ki czemu idealnie nadaje si\u0119 do stosowania w wra\u017cliwych \u015brodowiskach.<\/p>\n<p>Kolejn\u0105 wa\u017cn\u0105 cech\u0105 Ajax DomeCam Mini jest wbudowany mikrofon. Ta funkcja umo\u017cliwia nagrywanie d\u017awi\u0119ku wraz z materia\u0142em wideo, co dodaje dodatkowy wymiar monitoringowi i pomaga stworzy\u0107 pe\u0142niejszy obraz tego, co dzieje si\u0119 w okolicy.<\/p>\n<p>Do przechowywania danych kamera obs\u0142uguje karty microSD o pojemno\u015bci do 256 GB, zapewniaj\u0105c lokaln\u0105 przestrze\u0144 do przechowywania nagra\u0144 wideo.<\/p>\n<p>Alternatywnie kamer\u0119 mo\u017cna pod\u0142\u0105czy\u0107 do NVR (sieciowego rejestratora wideo) w celu scentralizowanego przechowywania, a obs\u0142uga dysk\u00f3w twardych o pojemno\u015bci do 16 TB umo\u017cliwia przechowywanie du\u017cych ilo\u015bci wideo na potrzeby wi\u0119kszych system\u00f3w nadzoru.<\/p>\n<p>Aby zapewni\u0107 najwy\u017csze mo\u017cliwe bezpiecze\u0144stwo i prywatno\u015b\u0107, Ajax DomeCam Mini jest wyposa\u017cona w szyfrowanie mTLS dla strumieni wideo i danych. Chroni to ca\u0142\u0105 komunikacj\u0119 przed nieautoryzowanym dost\u0119pem i zapewnia bezpiecze\u0144stwo wszystkich informacji.<\/p>\n<p>Kamera jest tak\u017ce kompatybilna z aplikacj\u0105 Ajax Go, kt\u00f3ra zapewnia \u0142atwy zdalny dost\u0119p i kontrol\u0119 nad funkcjami kamery.<\/p>\n<p>Dzi\u0119ki aplikacji mo\u017cesz ogl\u0105da\u0107 strumienie wideo na \u017cywo, robi\u0107 zrzuty ekranu, odtwarza\u0107 wcze\u015bniej nagrane materia\u0142y i dostosowywa\u0107 ustawienia aparatu \u2013 a wszystko to za pomoc\u0105 smartfona lub komputera.<\/p>\n<p>Podsumowuj\u0105c, Ajax DomeCam Mini 8MP oferuje niezawodne, odporne na warunki pogodowe rozwi\u0105zanie o wysokiej rozdzielczo\u015bci, zar\u00f3wno do nadzoru wewn\u0119trznego, jak i zewn\u0119trznego.<\/p>\n<p>Dzi\u0119ki funkcjom takim jak rozpoznawanie obiekt\u00f3w w oparciu o sztuczn\u0105 inteligencj\u0119, inteligentne o\u015bwietlenie IR, obs\u0142uga PoE i wysokiej jako\u015bci wideo, idealnie nadaje si\u0119 do zapewnienia bezpiecze\u0144stwa zar\u00f3wno posesji prywatnych, jak i komercyjnych.<\/p>","protected":false},"excerpt":{"rendered":"<p>Ajax DomeCam Mini 8MP to wydajna i kompaktowa kamera bezpiecze\u0144stwa, kt\u00f3ra zapewnia niezawodny monitoring zar\u00f3wno w pomieszczeniach, jak i na zewn\u0105trz.<\/p>\n<p>Wyposa\u017cona w funkcj\u0119 rozpoznawania obiekt\u00f3w w oparciu o sztuczn\u0105 inteligencj\u0119 i szeroki k\u0105t widzenia 110\u00b0, kamera zapewnia krystalicznie czysty obraz 4K nawet przy s\u0142abym o\u015bwietleniu.<\/p>\n<p>Jest odporny na warunki atmosferyczne i posiada stopie\u0144 ochrony IP65 oraz inteligentne o\u015bwietlenie IR zapewniaj\u0105ce optymaln\u0105 czujno\u015b\u0107 w nocy.<\/p>\n<p>Idealny do dom\u00f3w, firm i miejsc publicznych.<\/p>","protected":false},"featured_media":159364,"template":"","meta":{"_acf_changed":false},"product_brand":[],"product_cat":[4011],"product_tag":[4863],"class_list":{"0":"post-159365","1":"product","2":"type-product","3":"status-publish","4":"has-post-thumbnail","6":"product_cat-ajax-kameror","7":"product_tag-pf","8":"pa_brands-ajax-systems","9":"pa_farg-svart","10":"tm-no-options","12":"first","13":"instock","14":"sale","15":"taxable","16":"shipping-taxable","17":"purchasable","18":"product-type-simple"},"acf":[],"_links":{"self":[{"href":"https:\/\/secureus.se\/pl\/wp-json\/wp\/v2\/product\/159365","targetHints":{"allow":["GET"]}}],"collection":[{"href":"https:\/\/secureus.se\/pl\/wp-json\/wp\/v2\/product"}],"about":[{"href":"https:\/\/secureus.se\/pl\/wp-json\/wp\/v2\/types\/product"}],"wp:featuredmedia":[{"embeddable":true,"href":"https:\/\/secureus.se\/pl\/wp-json\/wp\/v2\/media\/159364"}],"wp:attachment":[{"href":"https:\/\/secureus.se\/pl\/wp-json\/wp\/v2\/media?parent=159365"}],"wp:term":[{"taxonomy":"product_brand","embeddable":true,"href":"https:\/\/secureus.se\/pl\/wp-json\/wp\/v2\/product_brand?post=159365"},{"taxonomy":"product_cat","embeddable":true,"href":"https:\/\/secureus.se\/pl\/wp-json\/wp\/v2\/product_cat?post=159365"},{"taxonomy":"product_tag","embeddable":true,"href":"https:\/\/secureus.se\/pl\/wp-json\/wp\/v2\/product_tag?post=159365"}],"curies":[{"name":"wp","href":"https:\/\/api.w.org\/{rel}","templated":true}]}}