{"id":159378,"date":"2025-10-21T15:30:57","date_gmt":"2025-10-21T13:30:57","guid":{"rendered":"https:\/\/secureus.se\/16-portars-poe-switch-med-2-gigabit-uplink-sfp-fs1018ps1\/"},"modified":"2026-04-20T09:12:20","modified_gmt":"2026-04-20T07:12:20","slug":"16-portars-poe-switch-med-2-gigabit-uplink-sfp-fs1018ps1","status":"publish","type":"product","link":"https:\/\/secureus.se\/pl\/16-portars-poe-switch-med-2-gigabit-uplink-sfp-fs1018ps1\/","title":{"rendered":"16-portowy prze\u0142\u0105cznik PoE+ 180 W z 2-gigabitowym \u0142\u0105czem uplink i SFP - FS1018PS1"},"content":{"rendered":"<p data-start=\"466\" data-end=\"761\"><strong data-start=\"466\" data-end=\"479\">FS1018PS1<\/strong> \u00e4r en stabil och h\u00f6gpresterande PoE+ switch f\u00f6r professionella n\u00e4tverk.<br data-start=\"551\" data-end=\"554\" \/>Den levererar str\u00f6m och data via n\u00e4tverkskabel (PoE), vilket g\u00f6r installationen snabb, enkel och kostnadseffektiv \u2014 idealisk f\u00f6r IP-kameror, accesspunkter, d\u00f6rrkontroller, eller annan PoE-baserad utrustning.<\/p>\n<p data-start=\"763\" data-end=\"977\">Switchen har <strong data-start=\"776\" data-end=\"803\">16 PoE-portar (10\/100M)<\/strong> I <strong data-start=\"809\" data-end=\"836\">2 gigabit uplink-portar<\/strong> I <strong data-start=\"841\" data-end=\"863\">1 gigabit SFP-slot<\/strong> f\u00f6r fiberanslutning.<br data-start=\"884\" data-end=\"887\" \/>Z <strong data-start=\"891\" data-end=\"904\">VLAN-l\u00e4ge<\/strong> I <strong data-start=\"909\" data-end=\"932\">f\u00f6rl\u00e4ngt 250 m-l\u00e4ge<\/strong> f\u00e5r du stabil drift \u00e4ven vid st\u00f6rre avst\u00e5nd.<\/p>\n<hr data-start=\"979\" data-end=\"982\" \/>\n<h3 data-start=\"984\" data-end=\"1002\"><strong data-start=\"988\" data-end=\"1002\">Charakterystyka<\/strong><\/h3>\n<ul data-start=\"1004\" data-end=\"1466\">\n<li data-start=\"1004\" data-end=\"1032\">\n<p data-start=\"1006\" data-end=\"1032\">16 \u00d7 10\/100M PoE+ portar<\/p>\n<\/li>\n<li data-start=\"1033\" data-end=\"1071\">\n<p data-start=\"1035\" data-end=\"1071\">2 \u00d7 Gigabit Ethernet uplink-portar<\/p>\n<\/li>\n<li data-start=\"1072\" data-end=\"1096\">\n<p data-start=\"1074\" data-end=\"1096\">1 \u00d7 Gigabit SFP-slot<\/p>\n<\/li>\n<li data-start=\"1097\" data-end=\"1140\">\n<p data-start=\"1099\" data-end=\"1140\">PoE-standard: IEEE802.3af \/ IEEE802.3at<\/p>\n<\/li>\n<li data-start=\"1141\" data-end=\"1190\">\n<p data-start=\"1143\" data-end=\"1190\">Upp till 30W per port, totalt PoE-budget 180W<\/p>\n<\/li>\n<li data-start=\"1191\" data-end=\"1251\">\n<p data-start=\"1193\" data-end=\"1251\">VLAN-l\u00e4ge, Extend-l\u00e4ge (upp till 250 m) och Default-l\u00e4ge<\/p>\n<\/li>\n<li data-start=\"1252\" data-end=\"1294\">\n<p data-start=\"1254\" data-end=\"1294\">Full-duplex IEEE 802.3x fl\u00f6deskontroll<\/p>\n<\/li>\n<li data-start=\"1295\" data-end=\"1340\">\n<p data-start=\"1297\" data-end=\"1340\">Auto MDI\/MDIX (automatisk portanpassning)<\/p>\n<\/li>\n<li data-start=\"1341\" data-end=\"1375\">\n<p data-start=\"1343\" data-end=\"1375\">1U rackmonterbart metallchassi<\/p>\n<\/li>\n<li data-start=\"1376\" data-end=\"1440\">\n<p data-start=\"1378\" data-end=\"1440\">LED-indikering f\u00f6r str\u00f6m, PoE-status, data och l\u00e4nkaktivitet<\/p>\n<\/li>\n<li data-start=\"1441\" data-end=\"1466\">\n<p data-start=\"1443\" data-end=\"1466\">Tyst, fl\u00e4ktl\u00f6s design<\/p>\n<\/li>\n<\/ul>\n<hr data-start=\"1468\" data-end=\"1471\" \/>\n<h3 data-start=\"1473\" data-end=\"1505\"><strong data-start=\"1477\" data-end=\"1505\">Specyfikacje techniczne<\/strong><\/h3>\n<div class=\"_tableContainer_1rjym_1\">\n<div class=\"group _tableWrapper_1rjym_13 flex w-fit flex-col-reverse\">\n<table class=\"w-fit min-w-(--thread-content-width)\" data-start=\"1507\" data-end=\"2443\">\n<thead data-start=\"1507\" data-end=\"1544\">\n<tr data-start=\"1507\" data-end=\"1544\">\n<th data-start=\"1507\" data-end=\"1523\" data-col-size=\"sm\"><strong data-start=\"1509\" data-end=\"1522\">Parametr<\/strong><\/th>\n<th data-start=\"1523\" data-end=\"1544\" data-col-size=\"md\"><strong data-start=\"1525\" data-end=\"1542\">Specyfikacja<\/strong><\/th>\n<\/tr>\n<\/thead>\n<tbody data-start=\"1584\" data-end=\"2443\">\n<tr data-start=\"1584\" data-end=\"1610\">\n<td data-start=\"1584\" data-end=\"1597\" data-col-size=\"sm\"><strong data-start=\"1586\" data-end=\"1596\">Model<\/strong><\/td>\n<td data-start=\"1597\" data-end=\"1610\" data-col-size=\"md\">FS1018PS1<\/td>\n<\/tr>\n<tr data-start=\"1611\" data-end=\"1673\">\n<td data-start=\"1611\" data-end=\"1624\" data-col-size=\"sm\"><strong data-start=\"1613\" data-end=\"1623\">Porty<\/strong><\/td>\n<td data-start=\"1624\" data-end=\"1673\" data-col-size=\"md\">16 \u00d7 10\/100M PoE, 2 \u00d7 Gigabit uplink, 1 \u00d7 SFP<\/td>\n<\/tr>\n<tr data-start=\"1674\" data-end=\"1722\">\n<td data-start=\"1674\" data-end=\"1693\" data-col-size=\"sm\"><strong data-start=\"1676\" data-end=\"1692\">PoE-standard<\/strong><\/td>\n<td data-start=\"1693\" data-end=\"1722\" data-col-size=\"md\">IEEE802.3af \/ IEEE802.3at<\/td>\n<\/tr>\n<tr data-start=\"1723\" data-end=\"1774\">\n<td data-start=\"1723\" data-end=\"1749\" data-col-size=\"sm\"><strong data-start=\"1725\" data-end=\"1748\">Max effekt per port<\/strong><\/td>\n<td data-start=\"1749\" data-end=\"1774\" data-col-size=\"md\">15.4W (af) \/ 30W (at)<\/td>\n<\/tr>\n<tr data-start=\"1775\" data-end=\"1806\">\n<td data-start=\"1775\" data-end=\"1798\" data-col-size=\"sm\"><strong data-start=\"1777\" data-end=\"1797\">Total PoE-budget<\/strong><\/td>\n<td data-start=\"1798\" data-end=\"1806\" data-col-size=\"md\">180W<\/td>\n<\/tr>\n<tr data-start=\"1807\" data-end=\"1841\">\n<td data-start=\"1807\" data-end=\"1828\" data-col-size=\"sm\"><strong data-start=\"1809\" data-end=\"1827\">PoE-utsp\u00e4nning<\/strong><\/td>\n<td data-start=\"1828\" data-end=\"1841\" data-col-size=\"md\">DC 48\u201355V<\/td>\n<\/tr>\n<tr data-start=\"1842\" data-end=\"1888\">\n<td data-start=\"1842\" data-end=\"1865\" data-col-size=\"sm\"><strong data-start=\"1844\" data-end=\"1864\">Zasilanie<\/strong><\/td>\n<td data-start=\"1865\" data-end=\"1888\" data-col-size=\"md\">AC 100\u2013240V 50\/60Hz<\/td>\n<\/tr>\n<tr data-start=\"1889\" data-end=\"1922\">\n<td data-start=\"1889\" data-end=\"1909\" data-col-size=\"sm\"><strong data-start=\"1891\" data-end=\"1908\">Utg\u00e5ngseffekt<\/strong><\/td>\n<td data-start=\"1909\" data-end=\"1922\" data-col-size=\"md\">52V 3.85A<\/td>\n<\/tr>\n<tr data-start=\"1923\" data-end=\"1992\">\n<td data-start=\"1923\" data-end=\"1943\" data-col-size=\"sm\"><strong data-start=\"1925\" data-end=\"1942\">Datahastighet<\/strong><\/td>\n<td data-start=\"1943\" data-end=\"1992\" data-col-size=\"md\">10\/100 Mbps (PoE-portar), 1 Gbps (uplink\/SFP)<\/td>\n<\/tr>\n<tr data-start=\"1993\" data-end=\"2037\">\n<td data-start=\"1993\" data-end=\"2016\" data-col-size=\"sm\"><strong data-start=\"1995\" data-end=\"2015\">\u00d6verf\u00f6ringsmetod<\/strong><\/td>\n<td data-start=\"2016\" data-end=\"2037\" data-col-size=\"md\">Store and forward<\/td>\n<\/tr>\n<tr data-start=\"2038\" data-end=\"2078\">\n<td data-start=\"2038\" data-end=\"2066\" data-col-size=\"sm\"><strong data-start=\"2040\" data-end=\"2065\">Bandbredd (backplane)<\/strong><\/td>\n<td data-start=\"2066\" data-end=\"2078\" data-col-size=\"md\">9.2 Gbps<\/td>\n<\/tr>\n<tr data-start=\"2079\" data-end=\"2108\">\n<td data-start=\"2079\" data-end=\"2098\" data-col-size=\"sm\"><strong data-start=\"2081\" data-end=\"2097\">Paketbuffert<\/strong><\/td>\n<td data-start=\"2098\" data-end=\"2108\" data-col-size=\"md\">3 Mbit<\/td>\n<\/tr>\n<tr data-start=\"2109\" data-end=\"2132\">\n<td data-start=\"2109\" data-end=\"2126\" data-col-size=\"sm\"><strong data-start=\"2111\" data-end=\"2125\">MAC-tabell<\/strong><\/td>\n<td data-start=\"2126\" data-end=\"2132\" data-col-size=\"md\">2 tys.<\/td>\n<\/tr>\n<tr data-start=\"2133\" data-end=\"2178\">\n<td data-start=\"2133\" data-end=\"2165\" data-col-size=\"sm\"><strong data-start=\"2135\" data-end=\"2164\">Paket\u00f6verf\u00f6ringshastighet<\/strong><\/td>\n<td data-start=\"2165\" data-end=\"2178\" data-col-size=\"md\">6.84 Mpps<\/td>\n<\/tr>\n<tr data-start=\"2179\" data-end=\"2221\">\n<td data-start=\"2179\" data-end=\"2204\" data-col-size=\"sm\"><strong data-start=\"2181\" data-end=\"2203\">Temperatur (drift)<\/strong><\/td>\n<td data-start=\"2204\" data-end=\"2221\" data-col-size=\"md\">-20\u00b0C ~ +50\u00b0C<\/td>\n<\/tr>\n<tr data-start=\"2222\" data-end=\"2279\">\n<td data-start=\"2222\" data-end=\"2250\" data-col-size=\"sm\"><strong data-start=\"2224\" data-end=\"2249\">Luftfuktighet (drift)<\/strong><\/td>\n<td data-start=\"2250\" data-end=\"2279\" data-col-size=\"md\">\u2264 90%, icke-kondenserande<\/td>\n<\/tr>\n<tr data-start=\"2280\" data-end=\"2327\">\n<td data-start=\"2280\" data-end=\"2306\" data-col-size=\"sm\"><strong data-start=\"2282\" data-end=\"2305\">Dimensioner (L\u00d7B\u00d7H)<\/strong><\/td>\n<td data-start=\"2306\" data-end=\"2327\" data-col-size=\"md\">320 \u00d7 207 \u00d7 45 mm<\/td>\n<\/tr>\n<tr data-start=\"2328\" data-end=\"2376\">\n<td data-start=\"2328\" data-end=\"2339\" data-col-size=\"sm\"><strong data-start=\"2330\" data-end=\"2338\">Waga<\/strong><\/td>\n<td data-start=\"2339\" data-end=\"2376\" data-col-size=\"md\">1.61 kg (netto), 2.14 kg (brutto)<\/td>\n<\/tr>\n<tr data-start=\"2377\" data-end=\"2413\">\n<td data-start=\"2377\" data-end=\"2393\" data-col-size=\"sm\"><strong data-start=\"2379\" data-end=\"2392\">Montowanie<\/strong><\/td>\n<td data-start=\"2393\" data-end=\"2413\" data-col-size=\"md\">1U rackmontering<\/td>\n<\/tr>\n<tr data-start=\"2414\" data-end=\"2443\">\n<td data-start=\"2414\" data-end=\"2425\" data-col-size=\"sm\"><strong data-start=\"2416\" data-end=\"2424\">MTBF<\/strong><\/td>\n<td data-start=\"2425\" data-end=\"2443\" data-col-size=\"md\">100 000 timmar<\/td>\n<\/tr>\n<\/tbody>\n<\/table>\n<\/div>\n<\/div>\n<hr data-start=\"2445\" data-end=\"2448\" \/>\n<h3 data-start=\"2450\" data-end=\"2469\"><strong data-start=\"2454\" data-end=\"2469\">Driftsl\u00e4gen<\/strong><\/h3>\n<ul data-start=\"2471\" data-end=\"2701\">\n<li data-start=\"2471\" data-end=\"2529\">\n<p data-start=\"2473\" data-end=\"2529\"><strong data-start=\"2473\" data-end=\"2485\">Default:<\/strong> Alla portar kommunicerar fritt (10\/100M).<\/p>\n<\/li>\n<li data-start=\"2530\" data-end=\"2637\">\n<p data-start=\"2532\" data-end=\"2637\"><strong data-start=\"2532\" data-end=\"2541\">VLAN:<\/strong> Port 1\u201316 isolerade fr\u00e5n varandra, endast uppkoppling via uplink-portar (PoE watchdog aktiv).<\/p>\n<\/li>\n<li data-start=\"2638\" data-end=\"2701\">\n<p data-start=\"2640\" data-end=\"2701\"><strong data-start=\"2640\" data-end=\"2651\">Extend:<\/strong> Upp till 250 m r\u00e4ckvidd p\u00e5 port 1\u201316 (10 Mbps).<\/p>\n<\/li>\n<\/ul>\n<hr data-start=\"2703\" data-end=\"2706\" \/>\n<h3 data-start=\"2708\" data-end=\"2740\"><strong data-start=\"2712\" data-end=\"2740\">Pakiet zawiera<\/strong><\/h3>\n<ul data-start=\"2742\" data-end=\"2862\">\n<li data-start=\"2742\" data-end=\"2771\">\n<p data-start=\"2744\" data-end=\"2771\">1 \u00d7 FS1018PS1 PoE+ Switch<\/p>\n<\/li>\n<li data-start=\"2772\" data-end=\"2788\">\n<p data-start=\"2774\" data-end=\"2788\">1 \u00d7 N\u00e4tkabel<\/p>\n<\/li>\n<li data-start=\"2789\" data-end=\"2819\">\n<p data-start=\"2791\" data-end=\"2819\">1 \u00d7 Rackmonteringskit (1U)<\/p>\n<\/li>\n<li data-start=\"2820\" data-end=\"2842\">\n<p data-start=\"2822\" data-end=\"2842\">1 \u00d7 Anv\u00e4ndarmanual<\/p>\n<\/li>\n<li data-start=\"2843\" data-end=\"2862\">\n<p data-start=\"2845\" data-end=\"2862\">1 \u00d7 Garantikort<\/p>\n<\/li>\n<\/ul>\n<hr data-start=\"2864\" data-end=\"2867\" \/>\n<h3 data-start=\"2869\" data-end=\"2895\"><strong data-start=\"2873\" data-end=\"2895\">Obszary zastosowa\u0144<\/strong><\/h3>\n<ul data-start=\"2897\" data-end=\"3086\">\n<li data-start=\"2897\" data-end=\"2926\">\n<p data-start=\"2899\" data-end=\"2926\">IP-kameror och NVR-system<\/p>\n<\/li>\n<li data-start=\"2927\" data-end=\"2951\">\n<p data-start=\"2929\" data-end=\"2951\">Accesspunkter (WiFi)<\/p>\n<\/li>\n<li data-start=\"2952\" data-end=\"2986\">\n<p data-start=\"2954\" data-end=\"2986\">Passersystem och porttelefoner<\/p>\n<\/li>\n<li data-start=\"2987\" data-end=\"3026\">\n<p data-start=\"2989\" data-end=\"3026\">Smarta byggnader och n\u00e4tverkssystem<\/p>\n<\/li>\n<li data-start=\"3027\" data-end=\"3086\">\n<p data-start=\"3029\" data-end=\"3086\">Kontor, butiker, hotell och industriella installationer<\/p>\n<\/li>\n<\/ul>\n<hr data-start=\"3088\" data-end=\"3091\" \/>\n<h3 data-start=\"3093\" data-end=\"3115\"><strong data-start=\"3097\" data-end=\"3115\">Streszczenie<\/strong><\/h3>\n<p data-start=\"3117\" data-end=\"3371\"><strong data-start=\"3117\" data-end=\"3130\">FS1018PS1<\/strong> \u00e4r en robust och flexibel PoE-switch med 16 portar och 180W PoE-budget.<br data-start=\"3202\" data-end=\"3205\" \/>Den kombinerar h\u00f6g drifts\u00e4kerhet, gigabit-uppkoppling och enkel installation \u2014 perfekt f\u00f6r s\u00e4kerhets- och n\u00e4tverksl\u00f6sningar d\u00e4r stabilitet och prestanda \u00e4r avg\u00f6rande.<\/p>","protected":false},"excerpt":{"rendered":"<p>Profesjonalny prze\u0142\u0105cznik PoE+ z 16 portami (10\/100M) z 2 portami uplink Gigabit i 1 gniazdem SFP.<br data-start=\"295\" data-end=\"298\" \/>Obs\u0142uguje IEEE802.3af\/at (do 30 W na port, \u0142\u0105cznie 180 W). Idealny do kamer, punkt\u00f3w dost\u0119powych i sieci w firmach i nieruchomo\u015bciach.<\/p>","protected":false},"featured_media":159371,"template":"","meta":{"_acf_changed":false},"product_brand":[],"product_cat":[4148],"product_tag":[3850],"class_list":{"0":"post-159378","1":"product","2":"type-product","3":"status-publish","4":"has-post-thumbnail","6":"product_cat-poe-switchar","7":"product_tag-bastsaljare","8":"product_shipping_class-tunga-paket","9":"tm-no-options","11":"first","12":"onbackorder","13":"sale","14":"taxable","15":"shipping-taxable","16":"purchasable","17":"product-type-simple"},"acf":[],"_links":{"self":[{"href":"https:\/\/secureus.se\/pl\/wp-json\/wp\/v2\/product\/159378","targetHints":{"allow":["GET"]}}],"collection":[{"href":"https:\/\/secureus.se\/pl\/wp-json\/wp\/v2\/product"}],"about":[{"href":"https:\/\/secureus.se\/pl\/wp-json\/wp\/v2\/types\/product"}],"wp:featuredmedia":[{"embeddable":true,"href":"https:\/\/secureus.se\/pl\/wp-json\/wp\/v2\/media\/159371"}],"wp:attachment":[{"href":"https:\/\/secureus.se\/pl\/wp-json\/wp\/v2\/media?parent=159378"}],"wp:term":[{"taxonomy":"product_brand","embeddable":true,"href":"https:\/\/secureus.se\/pl\/wp-json\/wp\/v2\/product_brand?post=159378"},{"taxonomy":"product_cat","embeddable":true,"href":"https:\/\/secureus.se\/pl\/wp-json\/wp\/v2\/product_cat?post=159378"},{"taxonomy":"product_tag","embeddable":true,"href":"https:\/\/secureus.se\/pl\/wp-json\/wp\/v2\/product_tag?post=159378"}],"curies":[{"name":"wp","href":"https:\/\/api.w.org\/{rel}","templated":true}]}}