{"id":159474,"date":"2025-10-24T12:17:53","date_gmt":"2025-10-24T10:17:53","guid":{"rendered":"https:\/\/secureus.se\/larmsandare-easyline-4g-med-cloud-funktion\/"},"modified":"2026-04-13T21:24:54","modified_gmt":"2026-04-13T19:24:54","slug":"larmsandare-easyline-4g-med-cloud","status":"publish","type":"product","link":"https:\/\/secureus.se\/pl\/larmsandare-easyline-4g-med-cloud\/","title":{"rendered":"Nadajnik alarmowy EasyLine 4G GSM \u2013 zast\u0119puje lini\u0119 telefoniczn\u0105 (PSTN \/ TIP-RING)"},"content":{"rendered":"<h2 data-start=\"1209\" data-end=\"1267\">Nadajnik alarmowy EasyLine 4G GSM \u2013 linia telefoniczna PSTN \/ TIP-RING<\/h2>\n<p><strong>EasyLine 4G dzia\u0142a jako nadajnik alarmowy GSM i symulator PSTN dla system\u00f3w alarmowych wykorzystuj\u0105cych linie telefoniczne TIP\/RING.<\/strong> jest nadajnikiem alarmowym z <strong>symulowana linia telefoniczna (PSTN \/ TIP-RING)<\/strong> co daje mo\u017cliwo\u015b\u0107 korzystania ze starszych system\u00f3w alarmowych za po\u015brednictwem sieci kom\u00f3rkowej zamiast stacjonarnej.<\/p>\n<p>Zosta\u0142 zaprojektowany specjalnie do instalacji, w kt\u00f3rych alarm zazwyczaj dzwoni za po\u015brednictwem analogowej linii telefonicznej. EasyLine 4G tworzy w\u00f3wczas kompletn\u0105 lini\u0119 telefoniczn\u0105 (48 V) za po\u015brednictwem <strong>GSM\/4G<\/strong> aby system alarmowy m\u00f3g\u0142 dzwoni\u0107 na telefony kom\u00f3rkowe lub do centrali alarmowej, tak jak dotychczas.<\/p>\n<p>To prosty spos\u00f3b na ponowne uruchomienie starszych alarm\u00f3w w przypadku awarii sieci miedzianej lub nadajnika 2G\/3G \u2013 <strong>bez konieczno\u015bci wymiany ca\u0142ego systemu alarmowego<\/strong>.<\/p>\n<hr \/>\n<h2>\u0141atwa instalacja \u2013 Plug &amp; Play<\/h2>\n<p>EasyLine 4G zosta\u0142 zaprojektowany z my\u015bl\u0105 o szybkiej instalacji.<\/p>\n<ul>\n<li>Pod\u0142\u0105cz wyj\u015bcie telefoniczne alarmu do <strong>WSKAZ\u00d3WKA\/ZADZWO\u0143<\/strong><\/li>\n<li>W\u0142\u00f3\u017c jeden <strong>Karta SIM<\/strong><\/li>\n<li>Uruchom urz\u0105dzenie<\/li>\n<\/ul>\n<p>Do wykorzystania jako zamiennik linii telefonicznej, zazwyczaj wymagane jest <strong>bez programowania<\/strong>System alarmowy dzia\u0142a bezpo\u015brednio poprzez sie\u0107 kom\u00f3rkow\u0105.<\/p>\n<hr \/>\n<h2>Kiedy nadaje si\u0119 EasyLine 4G?<\/h2>\n<ul>\n<li>Starszy alarm antyw\u0142amaniowy z analogow\u0105 lini\u0105 telefoniczn\u0105 (PSTN)<\/li>\n<li>Zamiennik starszych nadajnik\u00f3w alarmowych 2G lub 3G<\/li>\n<li>Alarm, kt\u00f3ry dzwoni bezpo\u015brednio na telefon kom\u00f3rkowy<\/li>\n<li>Transmisja alarmu do centrum alarmowego<\/li>\n<li>Nieruchomo\u015bci, w kt\u00f3rych nie ma linii telefonicznej<\/li>\n<\/ul>\n<hr \/>\n<h2>Funkcje<\/h2>\n<ul>\n<li>Symulowana analogowa linia telefoniczna (PSTN)<\/li>\n<li>Po\u0142\u0105czenie TIP\/RING z systemem alarmowym<\/li>\n<li>Komunikacja 4G\/GSM<\/li>\n<li>Obs\u0142uga Contact ID i protoko\u0142u 4\/2<\/li>\n<li>Dzwonienie lub wysy\u0142anie SMS-\u00f3w do maksymalnie 8 numer\u00f3w telefon\u00f3w<\/li>\n<li>1 wej\u015bcie (NO\/NC) dla alarm\u00f3w zewn\u0119trznych<\/li>\n<li>1 wyj\u015bcie typu otwarty kolektor<\/li>\n<li>Wyj\u015bciem mo\u017cna sterowa\u0107 za pomoc\u0105 numeru telefonu<\/li>\n<li>Programowanie SMS lub programowanie przez DTMF<\/li>\n<li>Przekierowanie SMS-\u00f3w<\/li>\n<li>Komunikacja dwukierunkowa (mowa)<\/li>\n<li><strong>W zestawie antena 4G<\/strong><\/li>\n<\/ul>\n<hr \/>\n<h2>Zaawansowane funkcje<\/h2>\n<p>W przypadku bardziej zaawansowanych instalacji EasyLine 4G mo\u017cna stosowa\u0107 r\u00f3wnie\u017c do:<\/p>\n<ul>\n<li>Transmisja alarmu do centrum alarmowego<\/li>\n<li>Identyfikator kontaktu i protok\u00f3\u0142 4\/2<\/li>\n<li>Sterowanie przeka\u017anikiem za pomoc\u0105 po\u0142\u0105czenia telefonicznego<\/li>\n<li>Zdalne programowanie za pomoc\u0105 SMS-\u00f3w<\/li>\n<\/ul>\n<p>Aby uzyska\u0107 pe\u0142n\u0105 konfiguracj\u0119, urz\u0105dzenie mo\u017cna zaprogramowa\u0107 za pomoc\u0105 oprogramowania komputerowego <strong>ProRead<\/strong> z programatorem USB (opcjonalnie).<\/p>\n<hr \/>\n<h2>Streszczenie<\/h2>\n<p>EasyLine 4G to elastyczny nadajnik alarmowy, kt\u00f3ry:<\/p>\n<ul>\n<li>zast\u0119puje stacjonarne linie telefoniczne w systemach alarmowych<\/li>\n<li>wsp\u00f3\u0142pracuje bezpo\u015brednio ze starszymi alarmami<\/li>\n<li>mo\u017cliwo\u015b\u0107 dzwonienia na telefony kom\u00f3rkowe w przypadku alarmu<\/li>\n<li>zapewnia mo\u017cliwo\u015b\u0107 zaawansowanego sterowania poprzez SMS i wyj\u015bcie przeka\u017anikowe<\/li>\n<\/ul>\n<p>Proste i ekonomiczne rozwi\u0105zanie w przypadku konieczno\u015bci wymiany analogowych linii telefonicznych lub starszych nadajnik\u00f3w alarmowych.<\/p>","protected":false},"excerpt":{"rendered":"<p><strong>EasyLine 4G<\/strong> to nadajnik alarmowy, kt\u00f3ry zast\u0119puje linie telefoniczne w starszych systemach alarmowych. Tworzy <strong>symulowana linia telefoniczna PSTN (TIP\/RING)<\/strong> za po\u015brednictwem sieci kom\u00f3rkowej, dzi\u0119ki czemu alarm mo\u017ce nadal kontaktowa\u0107 si\u0119 z telefonami kom\u00f3rkowymi lub central\u0105 alarmow\u0105.<\/p>\n<p>Idealne rozwi\u0105zanie w przypadku awarii sieci miedzianej lub starszych nadajnik\u00f3w 2G\/3G \u2013 bez konieczno\u015bci wymiany ca\u0142ego systemu alarmowego.<\/p>\n<p><strong>Pod\u0142\u0105cz i graj:<\/strong> Pod\u0142\u0105cz TIP\/RING, w\u0142\u00f3\u017c kart\u0119 SIM i uruchom urz\u0105dzenie.<\/p>","protected":false},"featured_media":159472,"template":"","meta":{"_acf_changed":false},"product_brand":[],"product_cat":[1551],"product_tag":[3850],"class_list":{"0":"post-159474","1":"product","2":"type-product","3":"status-publish","4":"has-post-thumbnail","6":"product_cat-larmoverforing","7":"product_tag-bastsaljare","8":"pa_brands-asc","9":"tm-no-options","11":"first","12":"instock","13":"taxable","14":"shipping-taxable","15":"purchasable","16":"product-type-simple"},"acf":[],"_links":{"self":[{"href":"https:\/\/secureus.se\/pl\/wp-json\/wp\/v2\/product\/159474","targetHints":{"allow":["GET"]}}],"collection":[{"href":"https:\/\/secureus.se\/pl\/wp-json\/wp\/v2\/product"}],"about":[{"href":"https:\/\/secureus.se\/pl\/wp-json\/wp\/v2\/types\/product"}],"wp:featuredmedia":[{"embeddable":true,"href":"https:\/\/secureus.se\/pl\/wp-json\/wp\/v2\/media\/159472"}],"wp:attachment":[{"href":"https:\/\/secureus.se\/pl\/wp-json\/wp\/v2\/media?parent=159474"}],"wp:term":[{"taxonomy":"product_brand","embeddable":true,"href":"https:\/\/secureus.se\/pl\/wp-json\/wp\/v2\/product_brand?post=159474"},{"taxonomy":"product_cat","embeddable":true,"href":"https:\/\/secureus.se\/pl\/wp-json\/wp\/v2\/product_cat?post=159474"},{"taxonomy":"product_tag","embeddable":true,"href":"https:\/\/secureus.se\/pl\/wp-json\/wp\/v2\/product_tag?post=159474"}],"curies":[{"name":"wp","href":"https:\/\/api.w.org\/{rel}","templated":true}]}}