{"id":159481,"date":"2025-10-24T12:15:19","date_gmt":"2025-10-24T10:15:19","guid":{"rendered":"https:\/\/secureus.se\/larmsandare-enicom-en54-21-certifierad-for-brandlarm-hogsakerhetsanlaggningar\/"},"modified":"2025-12-31T22:05:04","modified_gmt":"2025-12-31T21:05:04","slug":"larmsandare-enicom-en54-21","status":"publish","type":"product","link":"https:\/\/secureus.se\/pl\/larmsandare-enicom-en54-21\/","title":{"rendered":"Nadajnik alarmowy EniCom z certyfikatem EN54-21 dla system\u00f3w alarm\u00f3w po\u017carowych i system\u00f3w wysokiego bezpiecze\u0144stwa"},"content":{"rendered":"<h1 data-start=\"693\" data-end=\"779\">Nadajnik alarmowy EniCom z certyfikatem EN54-21 dla system\u00f3w alarm\u00f3w po\u017carowych i system\u00f3w wysokiego bezpiecze\u0144stwa<\/h1>\n<p data-start=\"781\" data-end=\"1135\">Nadajnik alarmowy EniCom 4G jest profesjonalnym i certyfikowanym nadajnikiem alarmowym zgodnie z <strong data-start=\"846\" data-end=\"857\">EN54-21<\/strong>, zaprojektowany specjalnie dla system\u00f3w alarm\u00f3w przeciwpo\u017carowych i zastosowa\u0144, w kt\u00f3rych kluczowe znaczenie ma bezpieczna i redundantna transmisja sygna\u0142u.<\/p>\n<p data-start=\"781\" data-end=\"1135\">Ze wsparciem dla <strong data-start=\"985\" data-end=\"997\">Ethernetu<\/strong> I <strong data-start=\"1002\" data-end=\"1012\">4G\/LTE<\/strong> Urz\u0105dzenie umo\u017cliwia utrzymanie komunikacji alarmowej nawet w przypadku awarii sieci \u2013 idealne do stosowania w budynkach, przemy\u015ble i stra\u017cach po\u017carnych.<\/p>\n<p data-start=\"1137\" data-end=\"1483\"><strong data-start=\"1137\" data-end=\"1184\">Podw\u00f3jna \u015bcie\u017cka komunikacyjna z pe\u0142n\u0105 redundancj\u0105<\/strong><br data-start=\"1184\" data-end=\"1187\" \/>Podstawowa komunikacja odbywa si\u0119 za pomoc\u0105 sieci Ethernet (LAN), natomiast sie\u0107 GSM\/4G pe\u0142ni funkcj\u0119 zapasow\u0105 lub r\u00f3wnoleg\u0142\u0105.<\/p>\n<p data-start=\"1137\" data-end=\"1483\">Mo\u017cna zdefiniowa\u0107 maksymalnie cztery niezale\u017cne \u015bcie\u017cki komunikacyjne z indywidualnymi adresami IP i serwerami.<\/p>\n<p data-start=\"1137\" data-end=\"1483\">To wspiera <strong data-start=\"1406\" data-end=\"1419\">SIA DC-09<\/strong>- protok\u00f3\u0142 bezpiecznej transmisji opartej o IP do centr\u00f3w alarmowych.<\/p>\n<p data-start=\"1485\" data-end=\"1881\"><strong data-start=\"1485\" data-end=\"1519\">Elastyczne wej\u015bcia i wyj\u015bcia<\/strong><br data-start=\"1519\" data-end=\"1522\" \/>Urz\u0105dzenie posiada cztery wej\u015bcia, kt\u00f3re mo\u017cna skonfigurowa\u0107 jako NO, NC, EOL lub 2EOL z mo\u017cliwo\u015bci\u0105 <strong data-start=\"1616\" data-end=\"1633\">duplikacja strefy<\/strong> dla maksymalnie o\u015bmiu wej\u015b\u0107 logicznych.<\/p>\n<p data-start=\"1485\" data-end=\"1881\">Z <strong data-start=\"1674\" data-end=\"1692\">Ekspander EC-84<\/strong> System mo\u017cna rozbudowa\u0107 do \u0142\u0105cznie 64 wej\u015b\u0107 i 32 wyj\u015b\u0107.<\/p>\n<p data-start=\"1485\" data-end=\"1881\">Dwa wyj\u015bcia OC mo\u017cna skonfigurowa\u0107 jako NO\/NC oraz bistabilne lub monostabilne, co zapewnia du\u017c\u0105 elastyczno\u015b\u0107 integracji.<\/p>\n<p data-start=\"1883\" data-end=\"2339\"><strong data-start=\"1883\" data-end=\"1928\">Zaawansowane funkcje i \u0142\u0105czno\u015b\u0107 z chmur\u0105<\/strong><br data-start=\"1928\" data-end=\"1931\" \/>ENiCom 4G mo\u017ce odbiera\u0107 zdarzenia Contact ID za po\u015brednictwem symulacji PSTN i przesy\u0142a\u0107 je za po\u015brednictwem sieci Ethernet lub 4G do czterech serwer\u00f3w monitoruj\u0105cych.<\/p>\n<p data-start=\"1883\" data-end=\"2339\">To ma <strong data-start=\"2078\" data-end=\"2095\">obs\u0142uga dw\u00f3ch kart SIM<\/strong>, <strong data-start=\"2097\" data-end=\"2115\">po\u0142\u0105czenie z chmur\u0105<\/strong>, <strong data-start=\"2117\" data-end=\"2139\">zdalne programowanie<\/strong>, <strong data-start=\"2141\" data-end=\"2164\">Przekierowanie SMS-\u00f3w<\/strong>, jak r\u00f3wnie\u017c <strong data-start=\"2171\" data-end=\"2198\">szyfrowana komunikacja<\/strong> dla maksymalnego bezpiecze\u0144stwa.<br data-start=\"2219\" data-end=\"2222\" \/>Rejestrowanych jest 256 zdarze\u0144 ze znacznikiem czasu (512 w wersji rozszerzonej), a oprogramowanie sprz\u0119towe mo\u017cna aktualizowa\u0107 bezpo\u015brednio przez USB lub chmur\u0119.<\/p>\n<p data-start=\"2341\" data-end=\"2557\"><strong data-start=\"2341\" data-end=\"2373\">Certyfikat bezpiecze\u0144stwa EN54-21<\/strong><br data-start=\"2373\" data-end=\"2376\" \/>Certyfikat gwarantuje, \u017ce komunikator spe\u0142nia europejskie wymogi dotycz\u0105ce transmisji alarm\u00f3w po\u017carowych, dzi\u0119ki czemu idealnie nadaje si\u0119 do ka\u017cdego systemu, w kt\u00f3rym niezawodno\u015b\u0107 dzia\u0142ania i redundancja maj\u0105 kluczowe znaczenie.<\/p>\n<p data-start=\"2559\" data-end=\"2583\"><strong data-start=\"2559\" data-end=\"2581\">Obszary zastosowa\u0144<\/strong><\/p>\n<ul data-start=\"2584\" data-end=\"2805\">\n<li data-start=\"2584\" data-end=\"2623\">\n<p data-start=\"2586\" data-end=\"2623\">Systemy alarm\u00f3w po\u017carowych i wykrywania dymu<\/p>\n<\/li>\n<li data-start=\"2624\" data-end=\"2673\">\n<p data-start=\"2626\" data-end=\"2673\">Alarmy zabezpieczaj\u0105ce i antyw\u0142amaniowe o wysokiej redundancji<\/p>\n<\/li>\n<li data-start=\"2674\" data-end=\"2722\">\n<p data-start=\"2676\" data-end=\"2722\">Nieruchomo\u015bci przemys\u0142owe i budynki u\u017cyteczno\u015bci publicznej<\/p>\n<\/li>\n<li data-start=\"2723\" data-end=\"2761\">\n<p data-start=\"2725\" data-end=\"2761\">Zdalny monitoring przez chmur\u0119 lub IP<\/p>\n<\/li>\n<li data-start=\"2762\" data-end=\"2805\">\n<p data-start=\"2764\" data-end=\"2805\">Systemy wymagaj\u0105ce certyfikacji EN54-21<\/p>\n<\/li>\n<\/ul>\n<hr data-start=\"2807\" data-end=\"2810\" \/>\n<h3 data-start=\"2812\" data-end=\"2844\"><strong data-start=\"2816\" data-end=\"2844\">Dane techniczne<\/strong><\/h3>\n<ul data-start=\"2845\" data-end=\"3623\">\n<li data-start=\"2845\" data-end=\"2874\">\n<p data-start=\"2847\" data-end=\"2874\"><strong data-start=\"2847\" data-end=\"2864\">Orzecznictwo:<\/strong> EN54-21<\/p>\n<\/li>\n<li data-start=\"2875\" data-end=\"2930\">\n<p data-start=\"2877\" data-end=\"2930\"><strong data-start=\"2877\" data-end=\"2895\">Komunikacja:<\/strong> Ethernet (LAN), GSM\/4G\/LTE, GPRS<\/p>\n<\/li>\n<li data-start=\"2931\" data-end=\"2959\">\n<p data-start=\"2933\" data-end=\"2959\"><strong data-start=\"2933\" data-end=\"2947\">Protok\u00f3\u0142:<\/strong> SIA DC-09<\/p>\n<\/li>\n<li data-start=\"2960\" data-end=\"2986\">\n<p data-start=\"2962\" data-end=\"2986\"><strong data-start=\"2962\" data-end=\"2970\">Karta SIM:<\/strong> Podw\u00f3jna karta nano SIM<\/p>\n<\/li>\n<li data-start=\"2987\" data-end=\"3040\">\n<p data-start=\"2989\" data-end=\"3040\"><strong data-start=\"2989\" data-end=\"3002\">Wej\u015bcia:<\/strong> 4 szt. (duplikacja NO\/NC\/EOL\/2EOL\/strefowa)<\/p>\n<\/li>\n<li data-start=\"3041\" data-end=\"3083\">\n<p data-start=\"3043\" data-end=\"3083\"><strong data-start=\"3043\" data-end=\"3056\">Wyj\u015bcia:<\/strong> 2 OC (NO\/NC\/Pod\u0105\u017caj\u0105cy)<\/p>\n<\/li>\n<li data-start=\"3084\" data-end=\"3159\">\n<p data-start=\"3086\" data-end=\"3159\"><strong data-start=\"3086\" data-end=\"3110\">Mo\u017cliwo\u015b\u0107 rozbudowy:<\/strong> EC-84 (8 wej\u015b\u0107 + 4 wyj\u015bcia, maks. 8 modu\u0142\u00f3w)<\/p>\n<\/li>\n<li data-start=\"3160\" data-end=\"3208\">\n<p data-start=\"3162\" data-end=\"3208\"><strong data-start=\"3162\" data-end=\"3176\">Dziennik zdarze\u0144:<\/strong> 512 zdarze\u0144 ze znacznikiem czasu<\/p>\n<\/li>\n<li data-start=\"3209\" data-end=\"3279\">\n<p data-start=\"3211\" data-end=\"3279\"><strong data-start=\"3211\" data-end=\"3228\">Znajomo\u015bci:<\/strong> RJ45 Ethernet 10\/100 Base-T, USB 2.0, antena SMA<\/p>\n<\/li>\n<li data-start=\"3280\" data-end=\"3316\">\n<p data-start=\"3282\" data-end=\"3316\"><strong data-start=\"3282\" data-end=\"3303\">Zasilanie:<\/strong> 10\u201328 V pr\u0105du sta\u0142ego<\/p>\n<\/li>\n<li data-start=\"3317\" data-end=\"3376\">\n<p data-start=\"3319\" data-end=\"3376\"><strong data-start=\"3319\" data-end=\"3340\">Pob\u00f3r mocy:<\/strong> 150 mA (tryb u\u015bpienia) \/ 1000 mA (maks.)<\/p>\n<\/li>\n<li data-start=\"3377\" data-end=\"3410\">\n<p data-start=\"3379\" data-end=\"3410\"><strong data-start=\"3379\" data-end=\"3400\">Temperatura pracy:<\/strong> 0\u201350\u00b0C<\/p>\n<\/li>\n<li data-start=\"3411\" data-end=\"3446\">\n<p data-start=\"3413\" data-end=\"3446\"><strong data-start=\"3413\" data-end=\"3439\">Wilgotno\u015b\u0107 wzgl\u0119dna:<\/strong> 60 %<\/p>\n<\/li>\n<li data-start=\"3447\" data-end=\"3489\">\n<p data-start=\"3449\" data-end=\"3489\"><strong data-start=\"3449\" data-end=\"3470\">Wymiary (szer. x d\u0142. x wys.):<\/strong> 135 x 95 x 25 mm<\/p>\n<\/li>\n<li data-start=\"3490\" data-end=\"3509\">\n<p data-start=\"3492\" data-end=\"3509\"><strong data-start=\"3492\" data-end=\"3501\">Waga:<\/strong> 140 gr<\/p>\n<\/li>\n<li data-start=\"3510\" data-end=\"3563\">\n<p data-start=\"3512\" data-end=\"3563\"><strong data-start=\"3512\" data-end=\"3525\">Tworzywo:<\/strong> Obudowa plastikowa ze z\u0142\u0105czem antenowym SMA<\/p>\n<\/li>\n<li data-start=\"3564\" data-end=\"3623\">\n<p data-start=\"3566\" data-end=\"3623\"><strong data-start=\"3566\" data-end=\"3584\">Programowanie:<\/strong> SMS, USB, chmura, oprogramowanie ProRead<\/p>\n<\/li>\n<\/ul>","protected":false},"excerpt":{"rendered":"<p>Nadajnik alarmowy ENiCom 4G to certyfikowany zgodnie z norm\u0105 EN54-21 nadajnik alarmowy przeznaczony do system\u00f3w alarm\u00f3w przeciwpo\u017carowych i system\u00f3w bezpiecze\u0144stwa wymagaj\u0105cych redundantnej transmisji sygna\u0142u.<\/p>\n<p>\u0141\u0105czy w sobie komunikacj\u0119 Ethernet i 4G\/LTE, posiada 4 redundantne wej\u015bcia, 2 wyj\u015bcia, \u0142\u0105czno\u015b\u0107 z chmur\u0105 i obs\u0142uguje protok\u00f3\u0142 SIA DC-09 \u2013 zapewniaj\u0105c maksymaln\u0105 niezawodno\u015b\u0107 w krytycznych systemach przeciwpo\u017carowych.<\/p>","protected":false},"featured_media":159477,"template":"","meta":{"_acf_changed":false},"product_brand":[],"product_cat":[1551],"product_tag":[],"class_list":{"0":"post-159481","1":"product","2":"type-product","3":"status-publish","4":"has-post-thumbnail","6":"product_cat-larmoverforing","7":"pa_brands-asc","8":"tm-no-options","10":"first","11":"instock","12":"taxable","13":"shipping-taxable","14":"purchasable","15":"product-type-simple"},"acf":[],"_links":{"self":[{"href":"https:\/\/secureus.se\/pl\/wp-json\/wp\/v2\/product\/159481","targetHints":{"allow":["GET"]}}],"collection":[{"href":"https:\/\/secureus.se\/pl\/wp-json\/wp\/v2\/product"}],"about":[{"href":"https:\/\/secureus.se\/pl\/wp-json\/wp\/v2\/types\/product"}],"wp:featuredmedia":[{"embeddable":true,"href":"https:\/\/secureus.se\/pl\/wp-json\/wp\/v2\/media\/159477"}],"wp:attachment":[{"href":"https:\/\/secureus.se\/pl\/wp-json\/wp\/v2\/media?parent=159481"}],"wp:term":[{"taxonomy":"product_brand","embeddable":true,"href":"https:\/\/secureus.se\/pl\/wp-json\/wp\/v2\/product_brand?post=159481"},{"taxonomy":"product_cat","embeddable":true,"href":"https:\/\/secureus.se\/pl\/wp-json\/wp\/v2\/product_cat?post=159481"},{"taxonomy":"product_tag","embeddable":true,"href":"https:\/\/secureus.se\/pl\/wp-json\/wp\/v2\/product_tag?post=159481"}],"curies":[{"name":"wp","href":"https:\/\/api.w.org\/{rel}","templated":true}]}}