{"id":159485,"date":"2025-10-24T12:12:26","date_gmt":"2025-10-24T10:12:26","guid":{"rendered":"https:\/\/secureus.se\/larmsandare-proline-4g-med-lan-cloud\/"},"modified":"2025-12-31T22:04:57","modified_gmt":"2025-12-31T21:04:57","slug":"larmsandare-proline-4g-med-lan","status":"publish","type":"product","link":"https:\/\/secureus.se\/pl\/larmsandare-proline-4g-med-lan\/","title":{"rendered":"Nadajnik alarmowy ProLine 4G z LAN + Cloud"},"content":{"rendered":"<h1 data-start=\"736\" data-end=\"820\"><strong data-start=\"736\" data-end=\"820\">Nadajnik alarmowy ProLine 4G z LAN + Cloud \u2013 podw\u00f3jne \u015bcie\u017cki komunikacji dla przysz\u0142o\u015bciowych system\u00f3w alarmowych<\/strong><\/h1>\n<p data-start=\"822\" data-end=\"1176\">Nadajnik alarmowy ProLine 4G LAN + Cloud to wydajny i inteligentny komunikator alarmowy \u0142\u0105cz\u0105cy transmisj\u0119 GSM\/4G ze sta\u0142ym po\u0142\u0105czeniem LAN.<\/p>\n<p data-start=\"822\" data-end=\"1176\">Zaprojektowano go z my\u015bl\u0105 o bezpiecznym przesy\u0142aniu sygna\u0142\u00f3w alarmowych do stacji centralnych, obs\u0142uguj\u0105c protoko\u0142y SIA DC-09 i Enigma zar\u00f3wno przez IP, jak i LTE\/GPRS.<\/p>\n<p data-start=\"822\" data-end=\"1176\">Dzi\u0119ki podw\u00f3jnej \u015bcie\u017cce komunikacyjnej zapewnia nieprzerwan\u0105 prac\u0119 nawet w przypadku przerw w sieci.<\/p>\n<p data-start=\"1178\" data-end=\"1493\"><strong data-start=\"1178\" data-end=\"1218\">Symulacja analogowej linii telefonicznej (PSTN)<\/strong><br data-start=\"1218\" data-end=\"1221\" \/>Urz\u0105dzenie tworzy pe\u0142n\u0105 lini\u0119 telefoniczn\u0105 o napi\u0119ciu 48 V i sygnale dzwonkowym 72 V, dzi\u0119ki czemu jest kompatybilne ze starszymi centrami alarmowymi i systemami alarmowymi wind.<\/p>\n<p data-start=\"1178\" data-end=\"1493\">Odbiera kody Contact ID za po\u015brednictwem protoko\u0142u TIP\/RING i przesy\u0142a je do centrum alarmowego za po\u015brednictwem sieci Ethernet lub 4G.<\/p>\n<p data-start=\"1495\" data-end=\"1826\"><strong data-start=\"1495\" data-end=\"1521\">\u0141\u0105czno\u015b\u0107 LAN i chmurowa<\/strong><br data-start=\"1521\" data-end=\"1524\" \/>Opr\u00f3cz sieci kom\u00f3rkowej ProLine 4G LAN + Cloud mo\u017cna pod\u0142\u0105czy\u0107 bezpo\u015brednio do sieci za pomoc\u0105 wbudowanego portu LAN.<\/p>\n<p data-start=\"1495\" data-end=\"1826\">Zdarzenia alarmowe s\u0105 wysy\u0142ane przez internet na maksymalnie cztery adresy IP, co zapewnia redundancj\u0119 i bezpieczny monitoring. Urz\u0105dzenie obs\u0142uguje zdalne programowanie i konfiguracj\u0119 za po\u015brednictwem chmury, komputera, aplikacji lub Wi-Fi.<\/p>\n<p data-start=\"1828\" data-end=\"2207\"><strong data-start=\"1828\" data-end=\"1856\">Powiadomienie i kontrola<\/strong><br data-start=\"1856\" data-end=\"1859\" \/>Urz\u0105dzenie obs\u0142uguje do o\u015bmiu odbiorc\u00f3w wiadomo\u015bci SMS lub g\u0142osowych i 1000 numer\u00f3w telefon\u00f3w w celu kontroli wynik\u00f3w.<\/p>\n<p data-start=\"1828\" data-end=\"2207\">Dwa programowalne wej\u015bcia NO\/NC umo\u017cliwiaj\u0105 elastyczn\u0105 integracj\u0119, a wyj\u015bcie mo\u017cna skonfigurowa\u0107 jako monostabilne (czasowe) lub bistabilne (tryb sta\u0142y).<\/p>\n<p data-start=\"1828\" data-end=\"2207\">Urz\u0105dzenie co godzin\u0119 rejestruje si\u0142\u0119 sygna\u0142u GSM i przechowuje do 16 000 zdarze\u0144.<\/p>\n<p data-start=\"2209\" data-end=\"2441\"><strong data-start=\"2209\" data-end=\"2232\">Kopie zapasowe i bezpiecze\u0144stwo<\/strong><br data-start=\"2232\" data-end=\"2235\" \/>Dzi\u0119ki opcjonalnemu akumulatorowi ProBattery urz\u0105dzenie mo\u017ce dzia\u0142a\u0107 nawet 4 godziny podczas przerwy w dostawie pr\u0105du.<\/p>\n<p data-start=\"2209\" data-end=\"2441\">Monitoruje na bie\u017c\u0105co stan karty SIM, sygna\u0142 sieciowy i zdarzenia systemowe oraz wysy\u0142a automatyczne alerty w przypadku zak\u0142\u00f3ce\u0144.<\/p>\n<p data-start=\"2443\" data-end=\"2467\"><strong data-start=\"2443\" data-end=\"2465\">Obszary zastosowa\u0144<\/strong><\/p>\n<ul data-start=\"2468\" data-end=\"2689\">\n<li data-start=\"2468\" data-end=\"2505\">\n<p data-start=\"2470\" data-end=\"2505\">Centra alarmowe i systemy bezpiecze\u0144stwa<\/p>\n<\/li>\n<li data-start=\"2506\" data-end=\"2537\">\n<p data-start=\"2508\" data-end=\"2537\">Windy i systemy po\u0142\u0105cze\u0144 alarmowych<\/p>\n<\/li>\n<li data-start=\"2538\" data-end=\"2583\">\n<p data-start=\"2540\" data-end=\"2583\">Sterowanie bram\u0105 i drzwiami poprzez sie\u0107 LAN lub GSM<\/p>\n<\/li>\n<li data-start=\"2584\" data-end=\"2647\">\n<p data-start=\"2586\" data-end=\"2647\">Automatyka domowa i budynkowa (o\u015bwietlenie, ogrzewanie, wentylacja)<\/p>\n<\/li>\n<li data-start=\"2648\" data-end=\"2689\">\n<p data-start=\"2650\" data-end=\"2689\">Monitorowanie sieci elektroenergetycznej i stanu operacyjnego<\/p>\n<\/li>\n<\/ul>\n<hr data-start=\"2691\" data-end=\"2694\" \/>\n<h3 data-start=\"2696\" data-end=\"2728\"><strong data-start=\"2700\" data-end=\"2728\">Dane techniczne<\/strong><\/h3>\n<ul data-start=\"2729\" data-end=\"3432\">\n<li data-start=\"2729\" data-end=\"2775\">\n<p data-start=\"2731\" data-end=\"2775\"><strong data-start=\"2731\" data-end=\"2749\">Komunikacja:<\/strong> GSM\/GPRS\/SMS\/3G\/LTE\/LAN<\/p>\n<\/li>\n<li data-start=\"2776\" data-end=\"2812\">\n<p data-start=\"2778\" data-end=\"2812\"><strong data-start=\"2778\" data-end=\"2792\">Protok\u00f3\u0142:<\/strong> SIA DC-09, Enigma<\/p>\n<\/li>\n<li data-start=\"2813\" data-end=\"2872\">\n<p data-start=\"2815\" data-end=\"2872\"><strong data-start=\"2815\" data-end=\"2842\">Symulacja linii telefonicznej:<\/strong> Linia 48 V, sygna\u0142 pier\u015bcieniowy 72 V<\/p>\n<\/li>\n<li data-start=\"2873\" data-end=\"2901\">\n<p data-start=\"2875\" data-end=\"2901\"><strong data-start=\"2875\" data-end=\"2888\">Wej\u015bcia:<\/strong> 2 szt. NO\/NC<\/p>\n<\/li>\n<li data-start=\"2902\" data-end=\"2970\">\n<p data-start=\"2904\" data-end=\"2970\"><strong data-start=\"2904\" data-end=\"2917\">Wyj\u015bcia:<\/strong> 1 przeka\u017anik (20 V\/500 mA), rozszerzalny o 1 wyj\u015bcie przeka\u017anikowe<\/p>\n<\/li>\n<li data-start=\"2971\" data-end=\"3029\">\n<p data-start=\"2973\" data-end=\"3029\"><strong data-start=\"2973\" data-end=\"2989\">Powiadomienie:<\/strong> 8 odbiorc\u00f3w (SMS\/g\u0142os), 4 adresy IP<\/p>\n<\/li>\n<li data-start=\"3030\" data-end=\"3098\">\n<p data-start=\"3032\" data-end=\"3098\"><strong data-start=\"3032\" data-end=\"3045\">Sterowniczy:<\/strong> Do 1000 numer\u00f3w telefon\u00f3w lub bezp\u0142atne wybieranie numer\u00f3w<\/p>\n<\/li>\n<li data-start=\"3099\" data-end=\"3132\">\n<p data-start=\"3101\" data-end=\"3132\"><strong data-start=\"3101\" data-end=\"3113\">Sk\u0142adowanie:<\/strong> 16 000 wydarze\u0144<\/p>\n<\/li>\n<li data-start=\"3133\" data-end=\"3165\">\n<p data-start=\"3135\" data-end=\"3165\"><strong data-start=\"3135\" data-end=\"3153\">Napi\u0119cie robocze:<\/strong> 9\u201320 V pr\u0105du sta\u0142ego<\/p>\n<\/li>\n<li data-start=\"3166\" data-end=\"3231\">\n<p data-start=\"3168\" data-end=\"3231\"><strong data-start=\"3168\" data-end=\"3189\">Pob\u00f3r mocy:<\/strong> 80 mA (tryb u\u015bpienia) \/ 1000 mA (aktywny GSM)<\/p>\n<\/li>\n<li data-start=\"3232\" data-end=\"3278\">\n<p data-start=\"3234\" data-end=\"3278\"><strong data-start=\"3234\" data-end=\"3245\">Kopia zapasowa:<\/strong> ProBattery (\u2248 4 godziny pracy)<\/p>\n<\/li>\n<li data-start=\"3279\" data-end=\"3350\">\n<p data-start=\"3281\" data-end=\"3350\"><strong data-start=\"3281\" data-end=\"3299\">Programowanie:<\/strong> USB, Bluetooth, Wi-Fi, SMS, oprogramowanie na PC (ProRead)<\/p>\n<\/li>\n<li data-start=\"3351\" data-end=\"3432\">\n<p data-start=\"3353\" data-end=\"3432\"><strong data-start=\"3353\" data-end=\"3368\">Cechy:<\/strong> Konfiguracja chmury, test \u017cywotno\u015bci, manipulacja, powiadomienie o awarii zasilania<\/p>\n<\/li>\n<\/ul>","protected":false},"excerpt":{"rendered":"<p data-start=\"297\" data-end=\"685\">Nadajnik alarmowy ProLine 4G LAN + Cloud to zaawansowany nadajnik alarmowy z \u0142\u0105czno\u015bci\u0105 LAN i 4G.<\/p>\n<p data-start=\"297\" data-end=\"685\">Symuluje analogow\u0105 lini\u0119 telefoniczn\u0105 (PSTN) i wysy\u0142a alarmy poprzez Ethernet, GSM lub LTE na maksymalnie cztery adresy IP.<\/p>\n<p data-start=\"297\" data-end=\"685\">Dzi\u0119ki obs\u0142udze protoko\u0142\u00f3w SIA DC-09 i Enigma, zdalnemu sterowaniu za po\u015brednictwem chmury i 16 000 rejestr\u00f3w zdarze\u0144 zapewnia maksymalne bezpiecze\u0144stwo i elastyczno\u015b\u0107 dla profesjonalnych instalacji alarmowych.<\/p>","protected":false},"featured_media":159482,"template":"","meta":{"_acf_changed":false},"product_brand":[],"product_cat":[1551],"product_tag":[],"class_list":{"0":"post-159485","1":"product","2":"type-product","3":"status-publish","4":"has-post-thumbnail","6":"product_cat-larmoverforing","7":"pa_brands-asc","8":"tm-no-options","10":"first","11":"instock","12":"taxable","13":"shipping-taxable","14":"purchasable","15":"product-type-simple"},"acf":[],"_links":{"self":[{"href":"https:\/\/secureus.se\/pl\/wp-json\/wp\/v2\/product\/159485","targetHints":{"allow":["GET"]}}],"collection":[{"href":"https:\/\/secureus.se\/pl\/wp-json\/wp\/v2\/product"}],"about":[{"href":"https:\/\/secureus.se\/pl\/wp-json\/wp\/v2\/types\/product"}],"wp:featuredmedia":[{"embeddable":true,"href":"https:\/\/secureus.se\/pl\/wp-json\/wp\/v2\/media\/159482"}],"wp:attachment":[{"href":"https:\/\/secureus.se\/pl\/wp-json\/wp\/v2\/media?parent=159485"}],"wp:term":[{"taxonomy":"product_brand","embeddable":true,"href":"https:\/\/secureus.se\/pl\/wp-json\/wp\/v2\/product_brand?post=159485"},{"taxonomy":"product_cat","embeddable":true,"href":"https:\/\/secureus.se\/pl\/wp-json\/wp\/v2\/product_cat?post=159485"},{"taxonomy":"product_tag","embeddable":true,"href":"https:\/\/secureus.se\/pl\/wp-json\/wp\/v2\/product_tag?post=159485"}],"curies":[{"name":"wp","href":"https:\/\/api.w.org\/{rel}","templated":true}]}}