{"id":160027,"date":"2025-11-21T11:12:25","date_gmt":"2025-11-21T10:12:25","guid":{"rendered":"https:\/\/secureus.se\/?post_type=product&#038;p=160027"},"modified":"2026-04-23T13:11:37","modified_gmt":"2026-04-23T11:11:37","slug":"axis-t91b57-stolpmontering-for-overvakningskameror","status":"publish","type":"product","link":"https:\/\/secureus.se\/pl\/axis-t91b57-stolpmontering-for-overvakningskameror\/","title":{"rendered":"Uchwyt s\u0142upowy AXIS T91B57 do kamer monitoruj\u0105cych"},"content":{"rendered":"<h1>Uchwyt s\u0142upowy AXIS T91B57 do kamer monitoruj\u0105cych<\/h1>\n<div class=\"dad65929\">\n<div class=\"_4f9bf79 d7dc56a8 _43c05b5\">\n<div class=\"ds-message _63c77b1\">\n<div class=\"ds-markdown\">\n<p class=\"ds-markdown-paragraph\">Gdy zachodzi potrzeba zamontowania kamer monitoruj\u0105cych na s\u0142upach na zewn\u0105trz, potrzebny jest uchwyt, kt\u00f3ry nie tylko utrzyma kamer\u0119 na miejscu, ale tak\u017ce ochroni zar\u00f3wno kamer\u0119, jak i jej kable przed czynnikami zewn\u0119trznymi.<\/p>\n<p class=\"ds-markdown-paragraph\"><strong>Mocowanie na s\u0142upie AXIS T91B57<\/strong>\u00a0jest profesjonalnym rozwi\u0105zaniem tego problemu, kt\u00f3rego konstrukcja stawia na pierwszym miejscu bezpiecze\u0144stwo i trwa\u0142o\u015b\u0107.<\/p>\n<p class=\"ds-markdown-paragraph\"><strong>Maksymalna ochrona przed wandalizmem i warunkami atmosferycznymi<\/strong><br \/>\nJednym z najwi\u0119kszych zagro\u017ce\u0144 dla kamer zewn\u0119trznych jest wandalizm.<\/p>\n<p class=\"ds-markdown-paragraph\">AXIS T91B57 to\u00a0<strong>Oceniony na IK10<\/strong>, co oznacza, \u017ce mo\u017ce wytrzyma\u0107 bezpo\u015brednie uderzenia o energii r\u00f3wnej 20 d\u017culi \u2013 mniej wi\u0119cej tyle, ile wynosi uderzenie m\u0142otem kowalskim o masie 5 kg zrzuconym z wysoko\u015bci 40 cm.<\/p>\n<p class=\"ds-markdown-paragraph\">Zapewnia to bardzo wysoki poziom ochrony przed wandalizmem i przypadkowymi uderzeniami. Ponadto ca\u0142a konstrukcja jest odporna na trudne warunki atmosferyczne, dzi\u0119ki czemu idealnie nadaje si\u0119 do d\u0142ugotrwa\u0142ych instalacji zewn\u0119trznych.<\/p>\n<p class=\"ds-markdown-paragraph\"><strong>Zarz\u0105dzanie kablami zabezpieczone przed owadami zapewniaj\u0105ce niezawodne po\u0142\u0105czenia<\/strong><br \/>\nW przypadku instalacji zewn\u0119trznych cz\u0119stym problemem jest to, \u017ce do przewod\u00f3w dostaj\u0105 si\u0119 owady i ma\u0142e zwierz\u0119ta, co mo\u017ce prowadzi\u0107 do uszkodze\u0144 kabli i kosztownych napraw.<\/p>\n<p class=\"ds-markdown-paragraph\">AXIS T91B57 ma\u00a0<strong>zamkni\u0119ta konstrukcja ze specjalnym d\u0142awikiem kablowym<\/strong>\u00a0co skutecznie zapobiega przedostawaniu si\u0119 owad\u00f3w i kurzu. Gwarantuje to ochron\u0119 kabli i stabilno\u015b\u0107 po\u0142\u0105cze\u0144 kamery przez d\u0142ugi czas.<\/p>\n<p class=\"ds-markdown-paragraph\"><strong>Wszechstronny i \u0142atwy w monta\u017cu<\/strong><br \/>\nKonstrukcja uchwytu sprawia, \u017ce jest on wszechstronny i \u0142atwy do dostosowania.<\/p>\n<p class=\"ds-markdown-paragraph\">To jest\u00a0<strong>regulowany, aby pasowa\u0142 do s\u0142up\u00f3w o \u015brednicy od 100 mm do 410 mm<\/strong>, kt\u00f3ry obejmuje najcz\u0119\u015bciej spotykane wymiary s\u0142upk\u00f3w.<\/p>\n<p class=\"ds-markdown-paragraph\">Dzi\u0119ki swojej wszechstronno\u015bci jest to doskona\u0142y wyb\u00f3r do stosowania na w\u0105skich s\u0142upach o\u015bwietleniowych i szerokich s\u0142upach drogowych.<\/p>\n<p class=\"ds-markdown-paragraph\">AXIS T91B57 zosta\u0142 specjalnie zaprojektowany, aby <strong>kompatybilny z uchwytami \u015bciennymi serii AXIS T91 i obudowami AXIS T98A<\/strong>tworz\u0105c sp\u00f3jny i bezpieczny system dla Twojego sprz\u0119tu fotograficznego.<\/p>\n<p class=\"ds-markdown-paragraph\"><strong>Solidna konstrukcja zapewniaj\u0105ca d\u0142ug\u0105 \u017cywotno\u015b\u0107<\/strong><br \/>\nWykonany z materia\u0142\u00f3w najwy\u017cszej jako\u015bci uchwyt jest wytrzyma\u0142y i odporny na korozj\u0119.<\/p>\n<p class=\"ds-markdown-paragraph\">Solidna konstrukcja gwarantuje stabilno\u015b\u0107 kamery nawet przy wietrze i niesprzyjaj\u0105cych warunkach atmosferycznych, co ma kluczowe znaczenie dla zachowania wyra\u017anej jako\u015bci obrazu.<\/p>\n<p class=\"ds-markdown-paragraph\"><strong>Streszczenie:<\/strong><br \/>\nUchwyt na s\u0142up AXIS T91B57 to niezawodny i bezpieczny wyb\u00f3r do profesjonalnego monta\u017cu kamer na s\u0142upach.<\/p>\n<p class=\"ds-markdown-paragraph\">Po\u0142\u0105czenie wysokiej odporno\u015bci na akty wandalizmu, okablowania zabezpieczonego przed owadami i szerokiej adaptowalno\u015bci sprawia, \u017ce jest to skuteczna ochrona inwestycji w zewn\u0119trzny system monitoringu.<\/p>\n<p class=\"ds-markdown-paragraph\">Wybierz AXIS T91B57, aby przygotowa\u0107 instalacj\u0119 na przysz\u0142o\u015b\u0107.<\/p>\n<\/div>\n<\/div>\n<\/div>\n<\/div>","protected":false},"excerpt":{"rendered":"<p>Ten uniwersalny uchwyt na s\u0142up zapewnia bezpieczne mocowanie kamer Axis na s\u0142upach.<\/p>\n<p>Dzi\u0119ki odporno\u015bci na akty wandalizmu klasy IK10 i zamkni\u0119tej konstrukcji z okablowaniem chroni\u0105cym przed owadami, urz\u0105dzenie doskonale nadaje si\u0119 do stosowania na zewn\u0105trz.<\/p>\n<p>Uchwyt mo\u017cna \u0142atwo dostosowa\u0107 do s\u0142up\u00f3w o \u015brednicy 100\u2013410 mm i jest kompatybilny z uchwytami \u015bciennymi AXIS T91 i szafami T98A.<\/p>","protected":false},"featured_media":160025,"template":"","meta":{"_acf_changed":false},"product_brand":[],"product_cat":[4954],"product_tag":[],"class_list":{"0":"post-160027","1":"product","2":"type-product","3":"status-publish","4":"has-post-thumbnail","6":"product_cat-axis-stativ-fasten","7":"pa_brands-axis","8":"pa_farg-vit","9":"tm-no-options","11":"first","12":"instock","13":"sale","14":"taxable","15":"shipping-taxable","16":"purchasable","17":"product-type-simple"},"acf":[],"_links":{"self":[{"href":"https:\/\/secureus.se\/pl\/wp-json\/wp\/v2\/product\/160027","targetHints":{"allow":["GET"]}}],"collection":[{"href":"https:\/\/secureus.se\/pl\/wp-json\/wp\/v2\/product"}],"about":[{"href":"https:\/\/secureus.se\/pl\/wp-json\/wp\/v2\/types\/product"}],"wp:featuredmedia":[{"embeddable":true,"href":"https:\/\/secureus.se\/pl\/wp-json\/wp\/v2\/media\/160025"}],"wp:attachment":[{"href":"https:\/\/secureus.se\/pl\/wp-json\/wp\/v2\/media?parent=160027"}],"wp:term":[{"taxonomy":"product_brand","embeddable":true,"href":"https:\/\/secureus.se\/pl\/wp-json\/wp\/v2\/product_brand?post=160027"},{"taxonomy":"product_cat","embeddable":true,"href":"https:\/\/secureus.se\/pl\/wp-json\/wp\/v2\/product_cat?post=160027"},{"taxonomy":"product_tag","embeddable":true,"href":"https:\/\/secureus.se\/pl\/wp-json\/wp\/v2\/product_tag?post=160027"}],"curies":[{"name":"wp","href":"https:\/\/api.w.org\/{rel}","templated":true}]}}