{"id":160030,"date":"2025-11-21T11:12:26","date_gmt":"2025-11-21T10:12:26","guid":{"rendered":"https:\/\/secureus.se\/?post_type=product&#038;p=160030"},"modified":"2026-04-01T12:16:52","modified_gmt":"2026-04-01T10:16:52","slug":"axis-t91e61-utomhusvaggfaste-for-fasta-kupolpendlar","status":"publish","type":"product","link":"https:\/\/secureus.se\/pl\/axis-t91e61-utomhusvaggfaste-for-fasta-kupolpendlar\/","title":{"rendered":"Zewn\u0119trzny uchwyt \u015bcienny AXIS T91E61 do sta\u0142ych opraw kopu\u0142kowych"},"content":{"rendered":"<h1>Zewn\u0119trzny uchwyt \u015bcienny AXIS T91E61 do sta\u0142ych opraw kopu\u0142kowych<\/h1>\n<div class=\"dad65929\">\n<div class=\"_4f9bf79 d7dc56a8 _43c05b5\">\n<div class=\"ds-message _63c77b1\">\n<div class=\"ds-markdown\">\n<p class=\"ds-markdown-paragraph\">AXIS T91E61 to uchwyt \u015bcienny zaprojektowany specjalnie do sta\u0142opozycyjnych kamer sieciowych Axis.<\/p>\n<p class=\"ds-markdown-paragraph\">Dzi\u0119ki kompaktowym rozmiarom i dyskretnemu wygl\u0105dowi urz\u0105dzenie to stylowo komponuje si\u0119 zar\u00f3wno z wn\u0119trzami, jak i na zewn\u0105trz.<\/p>\n<p class=\"ds-markdown-paragraph\">Solidna konstrukcja uchwytu gwarantuje, \u017ce kamera pozostanie na swoim miejscu pewnie i stabilnie przez d\u0142ugi czas.<\/p>\n<p class=\"ds-markdown-paragraph\">Solidna konstrukcja do wymagaj\u0105cych \u015brodowisk<br \/>\nUchwyt wykonany z malowanego proszkowo, chromowanego aluminium jest odporny na uderzenia i korozj\u0119.<\/p>\n<p class=\"ds-markdown-paragraph\">Klasa ochrony IK10 oznacza, \u017ce jest w stanie wytrzyma\u0107 silne uderzenia, dzi\u0119ki czemu idealnie nadaje si\u0119 do instalacji, w kt\u00f3rych istnieje ryzyko wandalizmu.<\/p>\n<p class=\"ds-markdown-paragraph\">Bia\u0142y kolor (NCS S 1002-B) pozostaje pi\u0119kny przez d\u0142ugi czas i pasuje do wi\u0119kszo\u015bci \u015brodowisk.<\/p>\n<p class=\"ds-markdown-paragraph\">\u0141atwa instalacja i wszechstronne zastosowanie<br \/>\nUchwyt ma gwint NPS 1,5\u2033 i jest kompatybilny ze wszystkimi sta\u0142ymi kopu\u0142kowymi oprawami wisz\u0105cymi Axis o tym samym standardzie gwintu.<\/p>\n<p class=\"ds-markdown-paragraph\">Posiada ten sam uk\u0142ad otwor\u00f3w, co uchwyty \u015bcienne do zewn\u0119trznych kamer stacjonarnych Axis, co pozwala na \u0142atw\u0105 zmian\u0119 typu kamery bez konieczno\u015bci dodatkowego wiercenia.<\/p>\n<p class=\"ds-markdown-paragraph\">Dzi\u0119ki zastosowaniu szafki kablowej AXIS T94R01P kable mo\u017cna zabezpieczy\u0107 rur\u0105 os\u0142onow\u0105, a przy u\u017cyciu akcesori\u00f3w, takich jak uchwyt s\u0142upowy AXIS T91A47, uchwyt mo\u017cna zamontowa\u0107 na s\u0142upach lub naro\u017cnikach.<\/p>\n<p class=\"ds-markdown-paragraph\">Elastyczne zarz\u0105dzanie kablami<br \/>\nIstnieje kilka mo\u017cliwo\u015bci poprowadzenia kabli. Kable mo\u017cna poprowadzi\u0107 wewn\u0119trznie przez otw\u00f3r z ty\u0142u lub przez wyci\u0119cia z boku.<\/p>\n<p class=\"ds-markdown-paragraph\">Mo\u017cliwe jest r\u00f3wnie\u017c poprowadzenie kabli na zewn\u0105trz, poprzez wykorzystanie jednego z czterech wyci\u0119\u0107 znajduj\u0105cych si\u0119 w podstawie uchwytu.<\/p>\n<p class=\"ds-markdown-paragraph\">Taka elastyczno\u015b\u0107 sprawia, \u017ce instalacj\u0119 mo\u017cna \u0142atwo dostosowa\u0107 do lokalnych warunk\u00f3w.<\/p>\n<p class=\"ds-markdown-paragraph\">Przegl\u0105d techniczny<\/p>\n<ul>\n<li>\n<p class=\"ds-markdown-paragraph\">Maksymalne obci\u0105\u017cenie: 10 kg<\/p>\n<\/li>\n<li>\n<p class=\"ds-markdown-paragraph\">Wymiary: 80 x 161 x 120 mm<\/p>\n<\/li>\n<li>\n<p class=\"ds-markdown-paragraph\">Waga: 525 g<\/p>\n<\/li>\n<li>\n<p class=\"ds-markdown-paragraph\">Materia\u0142: aluminium malowane proszkowo, chromowane<\/p>\n<\/li>\n<li>\n<p class=\"ds-markdown-paragraph\">Kolor: bia\u0142y (NCS S 1002-B)<\/p>\n<\/li>\n<li>\n<p class=\"ds-markdown-paragraph\">Klasa ochrony: IK10, stopie\u0144 ochrony IP do u\u017cytku na zewn\u0105trz<\/p>\n<\/li>\n<li>\n<p class=\"ds-markdown-paragraph\">Zgodno\u015b\u0107: Pasuje do osi M3004-V, M3005-V, M3006-V, M3007-P, M3007-PV, serii M3024, P32, P33, Q35 z powi\u0105zanymi wisiorkami<\/p>\n<\/li>\n<\/ul>\n<p class=\"ds-markdown-paragraph\">Streszczenie:<br \/>\nUchwyt \u015bcienny AXIS T91E61 to niezawodne i dyskretne rozwi\u0105zanie do instalacji sta\u0142opozycyjnych kamer kopu\u0142kowych Axis.<\/p>\n<p class=\"ds-markdown-paragraph\">Solidna konstrukcja, \u0142atwa instalacja i elastyczne zarz\u0105dzanie kablami sprawiaj\u0105, \u017ce jest to doskona\u0142y wyb\u00f3r zar\u00f3wno dla profesjonalnych instalator\u00f3w, jak i klient\u00f3w ko\u0144cowych poszukuj\u0105cych trwa\u0142ego rozwi\u0105zania do monitoringu.<\/p>\n<\/div>\n<\/div>\n<\/div>\n<\/div>","protected":false},"excerpt":{"rendered":"<p class=\"ds-markdown-paragraph\">Uchwyt \u015bcienny AXIS T91E61: Dyskretne i wytrzyma\u0142e rozwi\u0105zanie dla kamer kopu\u0142kowych sta\u0142opozycyjnych<\/p>\n<p class=\"ds-markdown-paragraph\">Ten uchwyt \u015bcienny zosta\u0142 zaprojektowany specjalnie do sta\u0142ych kopu\u0142kowych kamer sieciowych Axis.<\/p>\n<p class=\"ds-markdown-paragraph\">Kompaktowy kszta\u0142t i bia\u0142y kolor zapewniaj\u0105 dyskretn\u0105 instalacj\u0119, kt\u00f3ra sprawdzi si\u0119 zar\u00f3wno wewn\u0105trz, jak i na zewn\u0105trz.<\/p>\n<p class=\"ds-markdown-paragraph\">Uchwyt wykonany jest z materia\u0142u odpornego na uderzenia o klasie odporno\u015bci IK10 i jest odporny na korozj\u0119, co zapewnia d\u0142ug\u0105 \u017cywotno\u015b\u0107.<\/p>","protected":false},"featured_media":160028,"template":"","meta":{"_acf_changed":false},"product_brand":[],"product_cat":[4954],"product_tag":[],"class_list":{"0":"post-160030","1":"product","2":"type-product","3":"status-publish","4":"has-post-thumbnail","6":"product_cat-axis-stativ-fasten","7":"pa_brands-axis","8":"pa_farg-vit","9":"tm-no-options","11":"first","12":"instock","13":"sale","14":"taxable","15":"shipping-taxable","16":"purchasable","17":"product-type-simple"},"acf":[],"_links":{"self":[{"href":"https:\/\/secureus.se\/pl\/wp-json\/wp\/v2\/product\/160030","targetHints":{"allow":["GET"]}}],"collection":[{"href":"https:\/\/secureus.se\/pl\/wp-json\/wp\/v2\/product"}],"about":[{"href":"https:\/\/secureus.se\/pl\/wp-json\/wp\/v2\/types\/product"}],"wp:featuredmedia":[{"embeddable":true,"href":"https:\/\/secureus.se\/pl\/wp-json\/wp\/v2\/media\/160028"}],"wp:attachment":[{"href":"https:\/\/secureus.se\/pl\/wp-json\/wp\/v2\/media?parent=160030"}],"wp:term":[{"taxonomy":"product_brand","embeddable":true,"href":"https:\/\/secureus.se\/pl\/wp-json\/wp\/v2\/product_brand?post=160030"},{"taxonomy":"product_cat","embeddable":true,"href":"https:\/\/secureus.se\/pl\/wp-json\/wp\/v2\/product_cat?post=160030"},{"taxonomy":"product_tag","embeddable":true,"href":"https:\/\/secureus.se\/pl\/wp-json\/wp\/v2\/product_tag?post=160030"}],"curies":[{"name":"wp","href":"https:\/\/api.w.org\/{rel}","templated":true}]}}