{"id":160035,"date":"2025-11-21T11:12:26","date_gmt":"2025-11-21T10:12:26","guid":{"rendered":"https:\/\/secureus.se\/?post_type=product&#038;p=160035"},"modified":"2026-04-01T12:16:25","modified_gmt":"2026-04-01T10:16:25","slug":"axis-tq5001-e-vagg-stativfaste-for-axis-ptz-och-multisensorkameror","status":"publish","type":"product","link":"https:\/\/secureus.se\/pl\/axis-tq5001-e-vagg-stativfaste-for-axis-ptz-och-multisensorkameror\/","title":{"rendered":"Uchwyt \u015bcienny\/statywowy AXIS TQ5001-E do kamer PTZ i wieloczujnikowych Axis"},"content":{"rendered":"<h1>Uchwyt \u015bcienny\/statywowy AXIS TQ5001-E do kamer PTZ i wieloczujnikowych Axis<\/h1>\n<div class=\"dad65929\">\n<div class=\"_4f9bf79 d7dc56a8 _43c05b5\">\n<div class=\"ds-message _63c77b1\">\n<div class=\"ds-markdown\">\n<p class=\"ds-markdown-paragraph\">Uchwyt \u015bcienny i s\u0142upowy AXIS TQ5001-E: najlepsze rozwi\u0105zanie zapewniaj\u0105ce elastyczn\u0105 i bezpieczn\u0105 instalacj\u0119 kamer<\/p>\n<p class=\"ds-markdown-paragraph\">AXIS TQ5001-E to wszechstronny i wytrzyma\u0142y uchwyt zaprojektowany specjalnie do kamer PTZ i wielosensorowych Axis.<\/p>\n<p class=\"ds-markdown-paragraph\">Dzi\u0119ki wyj\u0105tkowej mo\u017cliwo\u015bci zastosowania zar\u00f3wno jako uchwyt \u015bcienny, jak i uchwyt na s\u0142upie, zapewnia instalatorom niezr\u00f3wnan\u0105 elastyczno\u015b\u0107 podczas planowania i wykonywania instalacji kamer.<\/p>\n<p class=\"ds-markdown-paragraph\">Solidna konstrukcja do trudnych warunk\u00f3w<br \/>\nUchwyt zosta\u0142 zaprojektowany tak, aby wytrzyma\u0107 najbardziej wymagaj\u0105ce warunki. Dzi\u0119ki klasie ochrony IK10 zapewnia wyj\u0105tkow\u0105 ochron\u0119 przed wandalizmem i silnymi uderzeniami.<\/p>\n<p class=\"ds-markdown-paragraph\">Certyfikat IP66 gwarantuje, \u017ce uchwyt jest w pe\u0142ni chroniony przed kurzem i silnymi strumieniami wody, dzi\u0119ki czemu nadaje si\u0119 do monta\u017cu wewn\u0105trz i na zewn\u0105trz w ka\u017cdym klimacie.<\/p>\n<p class=\"ds-markdown-paragraph\">Malowana proszkowo aluminiowa obudowa jest odporna na korozj\u0119 i trwa\u0142a, nawet w warunkach nadmorskich.<\/p>\n<p class=\"ds-markdown-paragraph\">Elastyczne opcje po\u0142\u0105cze\u0144 zapewniaj\u0105ce efektywn\u0105 instalacj\u0119<br \/>\nJedn\u0105 z najwi\u0119kszych zalet kamery AXIS TQ5001-E s\u0105 jej wszechstronne opcje \u0142\u0105czno\u015bci.<\/p>\n<p class=\"ds-markdown-paragraph\">Instalatorzy mog\u0105 wybiera\u0107 pomi\u0119dzy wbudowanym z\u0142\u0105czem RJ45 o stopniu ochrony IP66 a z\u0142\u0105czem IDC (Isolation Displacement Contact).<\/p>\n<p class=\"ds-markdown-paragraph\">Zapewnia to wi\u0119ksz\u0105 swobod\u0119 przy okablowaniu i dostosowywaniu si\u0119 do r\u00f3\u017cnych scenariuszy instalacji.<\/p>\n<p class=\"ds-markdown-paragraph\">Wbudowany kabel Ethernet ze z\u0142\u0105czem IP66 znacznie u\u0142atwia instalacj\u0119 i zmniejsza ryzyko nieprawid\u0142owego monta\u017cu.<\/p>\n<p class=\"ds-markdown-paragraph\">\u0141atwa konwersja pomi\u0119dzy r\u00f3\u017cnymi typami monta\u017cu<br \/>\nPoprzez proste obr\u00f3cenie uchwytu monta\u017cowego mo\u017cna zmieni\u0107 uchwyt \u015bcienny na uchwyt na s\u0142upie.<\/p>\n<p class=\"ds-markdown-paragraph\">Do monta\u017cu na s\u0142upie wymagane s\u0105 paski stalowe AXIS TX30 (sprzedawane oddzielnie). Uchwyt mo\u017cna r\u00f3wnie\u017c zamontowa\u0107 w naro\u017cnikach za pomoc\u0105 opcjonalnego uchwytu naro\u017cnego AXIS T91A64.<\/p>\n<p class=\"ds-markdown-paragraph\">Taka wszechstronno\u015b\u0107 sprawia, \u017ce jest to ekonomiczny i praktyczny wyb\u00f3r w przypadku instalacji, kt\u00f3re z czasem mog\u0105 wymaga\u0107 wymiany.<\/p>\n<p class=\"ds-markdown-paragraph\">Przegl\u0105d techniczny<\/p>\n<ul>\n<li>\n<p class=\"ds-markdown-paragraph\">Maksymalne obci\u0105\u017cenie: 40 kg (88,2 funta)<\/p>\n<\/li>\n<li>\n<p class=\"ds-markdown-paragraph\">Waga: 1960 g (4,3 funta)<\/p>\n<\/li>\n<li>\n<p class=\"ds-markdown-paragraph\">Materia\u0142: aluminium malowane proszkowo<\/p>\n<\/li>\n<li>\n<p class=\"ds-markdown-paragraph\">Kolor: bia\u0142y (NCS S 1002-B)<\/p>\n<\/li>\n<li>\n<p class=\"ds-markdown-paragraph\">Po\u0142\u0105czenia: IP66 RJ45 (wyj\u015bcie), RJ45 (wej\u015bcie), IDC<\/p>\n<\/li>\n<li>\n<p class=\"ds-markdown-paragraph\">Warunki pracy: -50\u00b0C do 65\u00b0C<\/p>\n<\/li>\n<li>\n<p class=\"ds-markdown-paragraph\">Zgodno\u015b\u0107: seria AXIS P55, seria P56, seria Q37, seria Q60, seria Q61<\/p>\n<\/li>\n<li>\n<p class=\"ds-markdown-paragraph\">Gwarancja: 5 lat<\/p>\n<\/li>\n<\/ul>\n<p class=\"ds-markdown-paragraph\">Zawarto\u015b\u0107 opakowania<br \/>\nW komplecie z uchwytem \u015bciennym, instrukcj\u0105 monta\u017cu, opaskami kablowymi i narz\u0119dziem monta\u017cowym RJ45.<\/p>\n<p class=\"ds-markdown-paragraph\">Oznacza to, \u017ce instalatorzy maj\u0105 wszystko, czego potrzebuj\u0105, aby od razu rozpocz\u0105\u0107 prac\u0119.<\/p>\n<p class=\"ds-markdown-paragraph\">Streszczenie:<br \/>\nUchwyt \u015bcienny i s\u0142upowy AXIS TQ5001-E to profesjonalne rozwi\u0105zanie zapewniaj\u0105ce bezpieczny i elastyczny monta\u017c kamer.<\/p>\n<p class=\"ds-markdown-paragraph\">Solidna konstrukcja, uniwersalne mo\u017cliwo\u015bci pod\u0142\u0105czania i \u0142atwa konwersja mi\u0119dzy r\u00f3\u017cnymi typami monta\u017cu sprawiaj\u0105, \u017ce jest to przysz\u0142o\u015bciowy wyb\u00f3r, kt\u00f3ry sprosta zar\u00f3wno obecnym, jak i przysz\u0142ym potrzebom instalacyjnym.<\/p>\n<p class=\"ds-markdown-paragraph\">Dzi\u0119ki 5-letniej gwarancji mo\u017cesz mie\u0107 pewno\u015b\u0107, \u017ce Twoja inwestycja b\u0119dzie chroniona d\u0142ugoterminowo.<\/p>\n<\/div>\n<\/div>\n<\/div>\n<\/div>","protected":false},"excerpt":{"rendered":"<p class=\"ds-markdown-paragraph\">Uchwyt \u015bcienny i s\u0142upowy AXIS TQ5001-E: uniwersalny i wytrzyma\u0142y uchwyt do profesjonalnych instalacji kamer<\/p>\n<p class=\"ds-markdown-paragraph\">Ten elastyczny uchwyt mo\u017ce by\u0107 montowany na \u015bcianie lub na s\u0142upie do kamer PTZ i kamer wielosensorowych Axis.<\/p>\n<p class=\"ds-markdown-paragraph\">Dzi\u0119ki klasie odporno\u015bci na akty wandalizmu IK10 i certyfikatowi IP66 kamera chroni si\u0119 w trudnych warunkach.<\/p>\n<p class=\"ds-markdown-paragraph\">Uchwyt oferuje dwie opcje pod\u0142\u0105czenia \u2013 z\u0142\u0105cze RJ45 lub IDC \u2013 co zapewnia optymaln\u0105 elastyczno\u015b\u0107 instalacji.<\/p>","protected":false},"featured_media":160031,"template":"","meta":{"_acf_changed":false},"product_brand":[],"product_cat":[4954],"product_tag":[],"class_list":{"0":"post-160035","1":"product","2":"type-product","3":"status-publish","4":"has-post-thumbnail","6":"product_cat-axis-stativ-fasten","7":"pa_brands-axis","8":"tm-no-options","10":"first","11":"instock","12":"sale","13":"taxable","14":"shipping-taxable","15":"purchasable","16":"product-type-simple"},"acf":[],"_links":{"self":[{"href":"https:\/\/secureus.se\/pl\/wp-json\/wp\/v2\/product\/160035","targetHints":{"allow":["GET"]}}],"collection":[{"href":"https:\/\/secureus.se\/pl\/wp-json\/wp\/v2\/product"}],"about":[{"href":"https:\/\/secureus.se\/pl\/wp-json\/wp\/v2\/types\/product"}],"wp:featuredmedia":[{"embeddable":true,"href":"https:\/\/secureus.se\/pl\/wp-json\/wp\/v2\/media\/160031"}],"wp:attachment":[{"href":"https:\/\/secureus.se\/pl\/wp-json\/wp\/v2\/media?parent=160035"}],"wp:term":[{"taxonomy":"product_brand","embeddable":true,"href":"https:\/\/secureus.se\/pl\/wp-json\/wp\/v2\/product_brand?post=160035"},{"taxonomy":"product_cat","embeddable":true,"href":"https:\/\/secureus.se\/pl\/wp-json\/wp\/v2\/product_cat?post=160035"},{"taxonomy":"product_tag","embeddable":true,"href":"https:\/\/secureus.se\/pl\/wp-json\/wp\/v2\/product_tag?post=160035"}],"curies":[{"name":"wp","href":"https:\/\/api.w.org\/{rel}","templated":true}]}}