{"id":160041,"date":"2025-11-21T11:12:26","date_gmt":"2025-11-21T10:12:26","guid":{"rendered":"https:\/\/secureus.se\/?post_type=product&#038;p=160041"},"modified":"2026-04-23T13:11:22","modified_gmt":"2026-04-23T11:11:22","slug":"axis-tq3101-e-inomhus-utomhushangslinga-for-montering-av-axis-q38-serien","status":"publish","type":"product","link":"https:\/\/secureus.se\/pl\/axis-tq3101-e-inomhus-utomhushangslinga-for-montering-av-axis-q38-serien\/","title":{"rendered":"P\u0119tla do zawieszania wewn\u0105trz\/na zewn\u0105trz AXIS TQ3101-E do monta\u017cu serii AXIS Q38"},"content":{"rendered":"<h1>P\u0119tla do zawieszania wewn\u0105trz\/na zewn\u0105trz AXIS TQ3101-E do monta\u017cu serii AXIS Q38<\/h1>\n<div class=\"dad65929\">\n<div class=\"_4f9bf79 d7dc56a8 _43c05b5\">\n<div class=\"ds-message _63c77b1\">\n<div class=\"ds-markdown\">\n<p class=\"ds-markdown-paragraph\">P\u0119tla do monta\u017cu wewn\u0105trz\/na zewn\u0105trz AXIS TQ3101-E: Profesjonalne rozwi\u0105zanie monta\u017cowe dla zaawansowanych kamer<\/p>\n<p class=\"ds-markdown-paragraph\">AXIS TQ3101-E to wszechstronny zestaw wahad\u0142owy zaprojektowany specjalnie do kamer serii Axis Q38 i wybranych kamer P38.<\/p>\n<p class=\"ds-markdown-paragraph\">To kompletne rozwi\u0105zanie monta\u017cowe zapewnia instalatorom najwi\u0119ksz\u0105 mo\u017cliw\u0105 elastyczno\u015b\u0107 w optymalnym rozmieszczaniu kamer w celu monitoringu.<\/p>\n<p class=\"ds-markdown-paragraph\">Elastyczny monta\u017c zapewniaj\u0105cy optymalne rozmieszczenie<br \/>\nDzi\u0119ki AXIS TQ3101-E kamery mo\u017cna montowa\u0107 na r\u00f3\u017cnych powierzchniach i konstrukcjach.<\/p>\n<p class=\"ds-markdown-paragraph\">Zestaw mo\u017cna montowa\u0107 na sufitach, \u015bcianach, s\u0142upach i balustradach budynk\u00f3w, dzi\u0119ki czemu idealnie nadaje si\u0119 do dostosowywania rozwi\u0105za\u0144 monitoringu do konkretnych potrzeb i \u015brodowisk.<\/p>\n<p class=\"ds-markdown-paragraph\">Dzi\u0119ki tej wszechstronno\u015bci mo\u017cliwe jest ustawienie kamery w taki spos\u00f3b, aby zapewni\u0107 najlepsze mo\u017cliwe pole widzenia i zasi\u0119g.<\/p>\n<p class=\"ds-markdown-paragraph\">Solidna ochrona przed warunkami atmosferycznymi zapewniaj\u0105ca d\u0142ug\u0105 \u017cywotno\u015b\u0107<br \/>\nJedn\u0105 z g\u0142\u00f3wnych zalet kamery AXIS TQ3101-E jest jej zdolno\u015b\u0107 do ochrony kamery przed czynnikami atmosferycznymi.<\/p>\n<p class=\"ds-markdown-paragraph\">Zestaw zaprojektowano tak, aby by\u0142 odporny na r\u00f3\u017cne warunki atmosferyczne, dzi\u0119ki czemu nadaje si\u0119 do monta\u017cu zar\u00f3wno wewn\u0105trz, jak i na zewn\u0105trz.<\/p>\n<p class=\"ds-markdown-paragraph\">Ulepszona ochrona przed warunkami atmosferycznymi sprawia, \u017ce kamera pozostaje chroniona przed wilgoci\u0105, kurzem i innymi czynnikami \u015brodowiskowymi, co wyd\u0142u\u017ca jej \u017cywotno\u015b\u0107 i gwarantuje niezawodn\u0105 prac\u0119.<\/p>\n<p class=\"ds-markdown-paragraph\">\u0141atwa instalacja i dostosowywanie<br \/>\nInstalacja urz\u0105dzenia AXIS TQ3101-E jest prosta i nieskomplikowana, co pozwala zaoszcz\u0119dzi\u0107 cenny czas podczas konfiguracji systemu nadzoru.<\/p>\n<p class=\"ds-markdown-paragraph\">Konstrukcja zestawu umo\u017cliwia \u0142atw\u0105 regulacj\u0119 i pozycjonowanie kamery, dzi\u0119ki czemu instalatorzy maj\u0105 pe\u0142n\u0105 kontrol\u0119 nad k\u0105tem i kierunkiem ustawienia kamery, co przek\u0142ada si\u0119 na optymaln\u0105 wydajno\u015b\u0107.<\/p>\n<p class=\"ds-markdown-paragraph\">Zgodno\u015b\u0107 i zastosowania<br \/>\nZestaw jest kompatybilny z kamerami Axis Q38 i wybranymi modelami serii P38.<\/p>\n<p class=\"ds-markdown-paragraph\">Szeroka kompatybilno\u015b\u0107 w po\u0142\u0105czeniu z elastycznymi mo\u017cliwo\u015bciami monta\u017cu sprawiaj\u0105, \u017ce kamera AXIS TQ3101-E jest doskona\u0142ym wyborem do r\u00f3\u017cnych zastosowa\u0144, od budynk\u00f3w komercyjnych i zak\u0142ad\u00f3w przemys\u0142owych po przestrzenie publiczne i obszary mieszkalne.<\/p>\n<p class=\"ds-markdown-paragraph\">Streszczenie:<br \/>\nZestaw AXIS TQ3101-E Pendulum Kit to niezawodne i wszechstronne rozwi\u0105zanie do monta\u017cu zaawansowanych kamer Axis.<\/p>\n<p class=\"ds-markdown-paragraph\">Po\u0142\u0105czenie elastycznego monta\u017cu, solidnej ochrony przed warunkami atmosferycznymi i \u0142atwej instalacji sprawia, \u017ce jest to doskona\u0142y wyb\u00f3r do profesjonalnych instalacji monitoringu, gdzie niezawodno\u015b\u0107 i wszechstronno\u015b\u0107 maj\u0105 kluczowe znaczenie.<\/p>\n<p class=\"ds-markdown-paragraph\">Niezale\u017cnie od tego, czy kamer\u0119 trzeba zamontowa\u0107 wewn\u0105trz czy na zewn\u0105trz, na suficie czy \u015bcianie, zestaw ten zapewni niezb\u0119dn\u0105 stabilno\u015b\u0107 i ochron\u0119, gwarantuj\u0105c optymaln\u0105 wydajno\u015b\u0107 kamery.<\/p>\n<\/div>\n<\/div>\n<\/div>\n<\/div>","protected":false},"excerpt":{"rendered":"<p class=\"ds-markdown-paragraph\">Zestaw wahad\u0142owy AXIS TQ3101-E: Uniwersalne rozwi\u0105zanie monta\u017cowe dla kamer Q38 i P38<\/p>\n<p class=\"ds-markdown-paragraph\">Zestaw monta\u017cowy umo\u017cliwia elastyczny monta\u017c kamer Axis Q38 i P38 na r\u00f3\u017cnych powierzchniach, w tym sufitach, \u015bcianach, s\u0142upkach i por\u0119czach.<\/p>\n<p class=\"ds-markdown-paragraph\">Zestaw jest odporny na warunki atmosferyczne i nadaje si\u0119 do stosowania zar\u00f3wno wewn\u0105trz, jak i na zewn\u0105trz, zapewniaj\u0105c niezawodne i skuteczne rozwi\u0105zanie monta\u017cowe o du\u017cej trwa\u0142o\u015bci.<\/p>","protected":false},"featured_media":160039,"template":"","meta":{"_acf_changed":false},"product_brand":[],"product_cat":[4954],"product_tag":[],"class_list":{"0":"post-160041","1":"product","2":"type-product","3":"status-publish","4":"has-post-thumbnail","6":"product_cat-axis-stativ-fasten","7":"pa_brands-axis","8":"pa_farg-vit","9":"tm-no-options","11":"first","12":"instock","13":"sale","14":"taxable","15":"shipping-taxable","16":"purchasable","17":"product-type-simple"},"acf":[],"_links":{"self":[{"href":"https:\/\/secureus.se\/pl\/wp-json\/wp\/v2\/product\/160041","targetHints":{"allow":["GET"]}}],"collection":[{"href":"https:\/\/secureus.se\/pl\/wp-json\/wp\/v2\/product"}],"about":[{"href":"https:\/\/secureus.se\/pl\/wp-json\/wp\/v2\/types\/product"}],"wp:featuredmedia":[{"embeddable":true,"href":"https:\/\/secureus.se\/pl\/wp-json\/wp\/v2\/media\/160039"}],"wp:attachment":[{"href":"https:\/\/secureus.se\/pl\/wp-json\/wp\/v2\/media?parent=160041"}],"wp:term":[{"taxonomy":"product_brand","embeddable":true,"href":"https:\/\/secureus.se\/pl\/wp-json\/wp\/v2\/product_brand?post=160041"},{"taxonomy":"product_cat","embeddable":true,"href":"https:\/\/secureus.se\/pl\/wp-json\/wp\/v2\/product_cat?post=160041"},{"taxonomy":"product_tag","embeddable":true,"href":"https:\/\/secureus.se\/pl\/wp-json\/wp\/v2\/product_tag?post=160041"}],"curies":[{"name":"wp","href":"https:\/\/api.w.org\/{rel}","templated":true}]}}