{"id":160043,"date":"2025-11-21T11:12:26","date_gmt":"2025-11-21T10:12:26","guid":{"rendered":"https:\/\/secureus.se\/?post_type=product&#038;p=160043"},"modified":"2026-04-09T11:21:54","modified_gmt":"2026-04-09T09:21:54","slug":"axis-f8205-bullet-tillbehor-for-f1005-e-kameror","status":"publish","type":"product","link":"https:\/\/secureus.se\/pl\/axis-f8205-bullet-tillbehor-for-f1005-e-kameror\/","title":{"rendered":"Akcesorium AXIS F8205 Bullet do kamer F1005-E"},"content":{"rendered":"<h1>Akcesorium AXIS F8205 Bullet do kamer F1005-E<\/h1>\n<p class=\"ds-markdown-paragraph\">Akcesorium AXIS F8205 Bullet to akcesorium umo\u017cliwiaj\u0105ce konwersj\u0119 zgodnych modu\u0142\u00f3w czujnikowych Axis, takich jak modu\u0142 czujnikowy AXIS F1005-E, a tak\u017ce ca\u0142ych kamer modu\u0142owych do kamer typu bullet.<\/p>\n<p class=\"ds-markdown-paragraph\">Dzi\u0119ki temu uzyskano solidn\u0105 i dyskretn\u0105 konstrukcj\u0119, kt\u00f3ra nadaje si\u0119 do stosowania zar\u00f3wno wewn\u0105trz, jak i na zewn\u0105trz.<\/p>\n<h4>G\u0142\u00f3wne cechy:<\/h4>\n<ul>\n<li>\n<p class=\"ds-markdown-paragraph\">Zmiana na styl pocisku: zapewnia jednolity i profesjonalny wygl\u0105d.<\/p>\n<\/li>\n<li>\n<p class=\"ds-markdown-paragraph\">Kompatybilno\u015b\u0107: Dostosowany do jednostki sensorycznej AXIS F1005-E i innych kamer modu\u0142owych.<\/p>\n<\/li>\n<li>\n<p class=\"ds-markdown-paragraph\">W zestawie znajduj\u0105 si\u0119 elementy monta\u017cowe: zacisk C i stojak umo\u017cliwiaj\u0105ce elastyczn\u0105 instalacj\u0119.<\/p>\n<\/li>\n<li>\n<p class=\"ds-markdown-paragraph\">\u0141atwy monta\u017c: Zaprojektowany z my\u015bl\u0105 o szybkiej i \u0142atwej instalacji bez u\u017cycia dodatkowych narz\u0119dzi.<\/p>\n<\/li>\n<li>\n<h4><strong>Obszary zastosowania:<\/strong><\/h4>\n<ul>\n<li>\n<p class=\"ds-markdown-paragraph\">Doskonale nadaje si\u0119 do sklep\u00f3w, biur, wej\u015b\u0107 i innych miejsc, w kt\u00f3rych wymagany jest dyskretny, ale solidny uchwyt kamery.<\/p>\n<\/li>\n<li>\n<p class=\"ds-markdown-paragraph\">U\u0142atwia integracj\u0119 modu\u0142owych kamer z istniej\u0105cymi systemami monitoringu dzi\u0119ki konstrukcji typu Bullet.<\/p>\n<\/li>\n<\/ul>\n<\/li>\n<\/ul>\n<div class=\"sc-bczRLJ fySwpa\">\n<div class=\"sc-bczRLJ kEeNDb\"><\/div>\n<\/div>","protected":false},"excerpt":{"rendered":"<p>AXIS F8205 to akcesorium w kszta\u0142cie pocisku przeznaczone do u\u017cytku z kamerami Axis, prawdopodobnie r\u00f3wnie\u017c z modelami F1005-E.<\/p>\n<p>Dzi\u0119ki temu monta\u017c i ustawienie kamery na zewn\u0105trz lub w innych wymagaj\u0105cych instalacjach jest \u0142atwiejsze.<\/p>","protected":false},"featured_media":160042,"template":"","meta":{"_acf_changed":false},"product_brand":[],"product_cat":[4954],"product_tag":[],"class_list":{"0":"post-160043","1":"product","2":"type-product","3":"status-publish","4":"has-post-thumbnail","6":"product_cat-axis-stativ-fasten","7":"pa_brands-axis","8":"pa_farg-vit","9":"tm-no-options","11":"first","12":"instock","13":"sale","14":"taxable","15":"shipping-taxable","16":"purchasable","17":"product-type-simple"},"acf":[],"_links":{"self":[{"href":"https:\/\/secureus.se\/pl\/wp-json\/wp\/v2\/product\/160043","targetHints":{"allow":["GET"]}}],"collection":[{"href":"https:\/\/secureus.se\/pl\/wp-json\/wp\/v2\/product"}],"about":[{"href":"https:\/\/secureus.se\/pl\/wp-json\/wp\/v2\/types\/product"}],"wp:featuredmedia":[{"embeddable":true,"href":"https:\/\/secureus.se\/pl\/wp-json\/wp\/v2\/media\/160042"}],"wp:attachment":[{"href":"https:\/\/secureus.se\/pl\/wp-json\/wp\/v2\/media?parent=160043"}],"wp:term":[{"taxonomy":"product_brand","embeddable":true,"href":"https:\/\/secureus.se\/pl\/wp-json\/wp\/v2\/product_brand?post=160043"},{"taxonomy":"product_cat","embeddable":true,"href":"https:\/\/secureus.se\/pl\/wp-json\/wp\/v2\/product_cat?post=160043"},{"taxonomy":"product_tag","embeddable":true,"href":"https:\/\/secureus.se\/pl\/wp-json\/wp\/v2\/product_tag?post=160043"}],"curies":[{"name":"wp","href":"https:\/\/api.w.org\/{rel}","templated":true}]}}