{"id":160046,"date":"2025-11-21T11:12:27","date_gmt":"2025-11-21T10:12:27","guid":{"rendered":"https:\/\/secureus.se\/?post_type=product&#038;p=160046"},"modified":"2026-04-09T11:21:46","modified_gmt":"2026-04-09T09:21:46","slug":"axis-t91r61-vaggfaste-for-lutning-av-d2050-ve-natverksradardetektorer","status":"publish","type":"product","link":"https:\/\/secureus.se\/pl\/axis-t91r61-vaggfaste-for-lutning-av-d2050-ve-natverksradardetektorer\/","title":{"rendered":"Uchwyt \u015bcienny AXIS T91R61 do pochylanych detektor\u00f3w radarowych sieciowych D2050-VE"},"content":{"rendered":"<h1>Uchwyt \u015bcienny AXIS T91R61 do pochylanych detektor\u00f3w radarowych sieciowych D2050-VE<\/h1>\n<div class=\"dad65929\">\n<div class=\"_4f9bf79 d7dc56a8 _43c05b5\">\n<div class=\"ds-message _63c77b1\">\n<div class=\"ds-markdown\">\n<p class=\"ds-markdown-paragraph\">AXIS T91R61 to uchwyt \u015bcienny umo\u017cliwiaj\u0105cy elastyczny monta\u017c i regulacj\u0119 nachylenia sieciowych detektor\u00f3w radarowych Axis, takich jak sieciowy detektor radarowy AXIS D2050-VE. Regulowane rami\u0119 mo\u017cna odchyli\u0107 do 90 stopni, aby uzyska\u0107 optymalny k\u0105t detekcji w pionie i lepsze pokrycie bliskiego zasi\u0119gu.<\/p>\n<h4>G\u0142\u00f3wne cechy:<\/h4>\n<ul>\n<li>\n<p class=\"ds-markdown-paragraph\">K\u0105t nachylenia do 90 stopni<\/p>\n<\/li>\n<li>\n<p class=\"ds-markdown-paragraph\">Ochrona przed wod\u0105 i kurzem<\/p>\n<\/li>\n<li>\n<p class=\"ds-markdown-paragraph\">\u0141atwy w instalacji<\/p>\n<\/li>\n<li>\n<p class=\"ds-markdown-paragraph\">Solidna i odporna na warunki atmosferyczne konstrukcja<\/p>\n<\/li>\n<li>\n<p class=\"ds-markdown-paragraph\">Elastyczne okablowanie<\/p>\n<\/li>\n<\/ul>\n<h4>Informacje techniczne:<\/h4>\n<ul>\n<li>\n<p class=\"ds-markdown-paragraph\">Produkty kompatybilne: Sieciowy detektor radarowy AXIS D2050-VE<\/p>\n<\/li>\n<li>\n<p class=\"ds-markdown-paragraph\">Materia\u0142: Aluminium malowane proszkowo na bia\u0142o (NCS 5 1002\u2013B)<\/p>\n<\/li>\n<li>\n<p class=\"ds-markdown-paragraph\">Wymiary: 147 x 80 x 120 mm<\/p>\n<\/li>\n<li>\n<p class=\"ds-markdown-paragraph\">Waga: 0,9 kg<\/p>\n<\/li>\n<li>\n<p class=\"ds-markdown-paragraph\">Maksymalne obci\u0105\u017cenie: 5 kg<\/p>\n<\/li>\n<li>\n<p class=\"ds-markdown-paragraph\">Prowadzenie kabli: tylne i boczne otwory na kable 3\/4\u2033 i os\u0142ona kabla M25<\/p>\n<\/li>\n<li>\n<p class=\"ds-markdown-paragraph\">Odporno\u015b\u0107 na warunki atmosferyczne: IK08 i NEMA 250 Typ 4X<\/p>\n<\/li>\n<\/ul>\n<h4>Do\u0142\u0105czone akcesoria:<\/h4>\n<ul>\n<li>\n<p class=\"ds-markdown-paragraph\">Skrzynka kablowa AXIS T94R01P<\/p>\n<\/li>\n<li>\n<p class=\"ds-markdown-paragraph\">Instrukcja instalacji<\/p>\n<\/li>\n<\/ul>\n<h4>Akcesoria opcjonalne:<\/h4>\n<ul>\n<li>\n<p class=\"ds-markdown-paragraph\">Monta\u017c na s\u0142upie AXIS T91R47 (monta\u017c na s\u0142upie)<\/p>\n<\/li>\n<li>\n<p class=\"ds-markdown-paragraph\">Uchwyt naro\u017cny AXIS T94R01B (uchwyt naro\u017cny)<\/p>\n<\/li>\n<\/ul>\n<h4>Informacje o produkcie:<\/h4>\n<ul>\n<li>\n<p class=\"ds-markdown-paragraph\">Kategoria: Uchwyty do kamer, Obudowy i uchwyty, Monitoring wizyjny<\/p>\n<\/li>\n<li>\n<p class=\"ds-markdown-paragraph\">Nazwa: Uchwyt \u015bcienny AXIS T91R61 do pochylania detektor\u00f3w radarowych sieciowych D2050-VE<\/p>\n<\/li>\n<li>\n<p class=\"ds-markdown-paragraph\">Kod UPC: 7331021064461<\/p>\n<\/li>\n<li>\n<p class=\"ds-markdown-paragraph\">Kod EAN: 7331021064461<\/p>\n<\/li>\n<li>\n<p class=\"ds-markdown-paragraph\">Gwarancja: 3-letnia gwarancja firmy Axis<\/p>\n<\/li>\n<\/ul>\n<p class=\"ds-markdown-paragraph\">AXIS T91R61 to niezawodny i uniwersalny uchwyt, kt\u00f3ry doskonale nadaje si\u0119 do profesjonalnych rozwi\u0105za\u0144 dozorowych, w kt\u00f3rych precyzyjne ustawienie i trwa\u0142o\u015b\u0107 maj\u0105 du\u017ce znaczenie.<\/p>\n<\/div>\n<\/div>\n<\/div>\n<\/div>","protected":false},"excerpt":{"rendered":"<p>Uchwyt \u015bcienny Axis T91R61 do detektora radarowego D2050-VE.<\/p>\n<p>Regulowany k\u0105t nachylenia do 90\u00b0 zapewnia optymalne wykrywanie.<\/p>\n<p>Odporny na warunki atmosferyczne, z klas\u0105 IP i \u0142atwy w monta\u017cu.<\/p>\n<p>Zawiera uchwyt kablowy i nadaje si\u0119 do stosowania zar\u00f3wno wewn\u0105trz, jak i na zewn\u0105trz. 3-letnia gwarancja firmy Axis.<\/p>","protected":false},"featured_media":160044,"template":"","meta":{"_acf_changed":false},"product_brand":[],"product_cat":[4954],"product_tag":[],"class_list":{"0":"post-160046","1":"product","2":"type-product","3":"status-publish","4":"has-post-thumbnail","6":"product_cat-axis-stativ-fasten","7":"pa_brands-axis","8":"pa_farg-vit","9":"tm-no-options","11":"first","12":"onbackorder","13":"sale","14":"taxable","15":"shipping-taxable","16":"purchasable","17":"product-type-simple"},"acf":[],"_links":{"self":[{"href":"https:\/\/secureus.se\/pl\/wp-json\/wp\/v2\/product\/160046","targetHints":{"allow":["GET"]}}],"collection":[{"href":"https:\/\/secureus.se\/pl\/wp-json\/wp\/v2\/product"}],"about":[{"href":"https:\/\/secureus.se\/pl\/wp-json\/wp\/v2\/types\/product"}],"wp:featuredmedia":[{"embeddable":true,"href":"https:\/\/secureus.se\/pl\/wp-json\/wp\/v2\/media\/160044"}],"wp:attachment":[{"href":"https:\/\/secureus.se\/pl\/wp-json\/wp\/v2\/media?parent=160046"}],"wp:term":[{"taxonomy":"product_brand","embeddable":true,"href":"https:\/\/secureus.se\/pl\/wp-json\/wp\/v2\/product_brand?post=160046"},{"taxonomy":"product_cat","embeddable":true,"href":"https:\/\/secureus.se\/pl\/wp-json\/wp\/v2\/product_cat?post=160046"},{"taxonomy":"product_tag","embeddable":true,"href":"https:\/\/secureus.se\/pl\/wp-json\/wp\/v2\/product_tag?post=160046"}],"curies":[{"name":"wp","href":"https:\/\/api.w.org\/{rel}","templated":true}]}}