{"id":160049,"date":"2025-11-21T11:12:27","date_gmt":"2025-11-21T10:12:27","guid":{"rendered":"https:\/\/secureus.se\/?post_type=product&#038;p=160049"},"modified":"2026-04-23T13:11:23","modified_gmt":"2026-04-23T11:11:23","slug":"axis-tp3103-e-pendelsats-for-m32-och-p32-kameror","status":"publish","type":"product","link":"https:\/\/secureus.se\/pl\/axis-tp3103-e-pendelsats-for-m32-och-p32-kameror\/","title":{"rendered":"Zestaw wahad\u0142owy AXIS TP3103-E do kamer M32 i P32"},"content":{"rendered":"<h1>Zestaw wahad\u0142owy AXIS TP3103-E do kamer M32 i P32<\/h1>\n<div class=\"dad65929\">\n<div class=\"_4f9bf79 d7dc56a8 _43c05b5\">\n<div class=\"ds-message _63c77b1\">\n<div class=\"ds-markdown\">\n<p class=\"ds-markdown-paragraph\"><strong>Przegl\u0105d produktu<\/strong><\/p>\n<p class=\"ds-markdown-paragraph\">Axis TP3103-E to zestaw wahad\u0142owy przeznaczony do wybranych kamer M32 i P32.<\/p>\n<p class=\"ds-markdown-paragraph\">Jest on przygotowany do stosowania na zewn\u0105trz, zapewnia lepsz\u0105 ochron\u0119 przed warunkami atmosferycznymi i umo\u017cliwia wykorzystanie r\u00f3\u017cnych typ\u00f3w uchwyt\u00f3w, co pozwala na elastyczny monta\u017c.<\/p>\n<p class=\"ds-markdown-paragraph\"><strong>G\u0142\u00f3wne cechy<\/strong><\/p>\n<ul>\n<li>\n<p class=\"ds-markdown-paragraph\">Do u\u017cytku na zewn\u0105trz, z ulepszon\u0105 ochron\u0105 przed warunkami atmosferycznymi<\/p>\n<\/li>\n<li>\n<p class=\"ds-markdown-paragraph\">Kompatybilny z r\u00f3\u017cnymi uchwytami<\/p>\n<\/li>\n<li>\n<p class=\"ds-markdown-paragraph\">\u0141atwy i bezpieczny monta\u017c<\/p>\n<\/li>\n<li>\n<p class=\"ds-markdown-paragraph\">Solidna konstrukcja do d\u0142ugotrwa\u0142ego u\u017cytkowania<\/p>\n<\/li>\n<\/ul>\n<p class=\"ds-markdown-paragraph\"><strong>Informacje techniczne<\/strong><\/p>\n<ul>\n<li>\n<p class=\"ds-markdown-paragraph\">Nazwa produktu: Zestaw do monta\u017cu wisz\u0105cego Axis TP3103-E do kamer M32 i P32<\/p>\n<\/li>\n<li>\n<p class=\"ds-markdown-paragraph\">Kategoria: Uchwyty do kamer sufitowych\/\u015bciennych, obudowy i uchwyty<\/p>\n<\/li>\n<li>\n<p class=\"ds-markdown-paragraph\">Kod UPC: 7331021079281<\/p>\n<\/li>\n<li>\n<p class=\"ds-markdown-paragraph\">Kod EAN: 7331021079281<\/p>\n<\/li>\n<li>\n<p class=\"ds-markdown-paragraph\">Kraj produkcji: Chiny (mo\u017ce ulec zmianie)<\/p>\n<\/li>\n<\/ul>\n<p class=\"ds-markdown-paragraph\"><strong>Zgodno\u015b\u0107<\/strong><\/p>\n<ul>\n<li>\n<p class=\"ds-markdown-paragraph\">Wybrane kamery Axis M32<\/p>\n<\/li>\n<li>\n<p class=\"ds-markdown-paragraph\">Wybrane kamery Axis P32<\/p>\n<\/li>\n<\/ul>\n<p class=\"ds-markdown-paragraph\"><strong>Do\u0142\u0105czony<\/strong><\/p>\n<ul>\n<li>\n<p class=\"ds-markdown-paragraph\">Zestaw wahade\u0142<\/p>\n<\/li>\n<li>\n<p class=\"ds-markdown-paragraph\">Instrukcja monta\u017cu<\/p>\n<\/li>\n<li>\n<p class=\"ds-markdown-paragraph\">Inne niezb\u0119dne elementy do instalacji<\/p>\n<\/li>\n<\/ul>\n<\/div>\n<\/div>\n<\/div>\n<\/div>","protected":false},"excerpt":{"rendered":"<p>Zestaw do monta\u017cu wisz\u0105cego Axis TP3103-E to niezawodne rozwi\u0105zanie do monta\u017cu kamer Axis M32 i P32 na zewn\u0105trz budynk\u00f3w, charakteryzuj\u0105ce si\u0119 trwa\u0142o\u015bci\u0105 i wszechstronno\u015bci\u0105.<\/p>","protected":false},"featured_media":160047,"template":"","meta":{"_acf_changed":false},"product_brand":[],"product_cat":[4954],"product_tag":[],"class_list":{"0":"post-160049","1":"product","2":"type-product","3":"status-publish","4":"has-post-thumbnail","6":"product_cat-axis-stativ-fasten","7":"pa_brands-axis","8":"pa_farg-vit","9":"tm-no-options","11":"first","12":"onbackorder","13":"sale","14":"taxable","15":"shipping-taxable","16":"purchasable","17":"product-type-simple"},"acf":[],"_links":{"self":[{"href":"https:\/\/secureus.se\/pl\/wp-json\/wp\/v2\/product\/160049","targetHints":{"allow":["GET"]}}],"collection":[{"href":"https:\/\/secureus.se\/pl\/wp-json\/wp\/v2\/product"}],"about":[{"href":"https:\/\/secureus.se\/pl\/wp-json\/wp\/v2\/types\/product"}],"wp:featuredmedia":[{"embeddable":true,"href":"https:\/\/secureus.se\/pl\/wp-json\/wp\/v2\/media\/160047"}],"wp:attachment":[{"href":"https:\/\/secureus.se\/pl\/wp-json\/wp\/v2\/media?parent=160049"}],"wp:term":[{"taxonomy":"product_brand","embeddable":true,"href":"https:\/\/secureus.se\/pl\/wp-json\/wp\/v2\/product_brand?post=160049"},{"taxonomy":"product_cat","embeddable":true,"href":"https:\/\/secureus.se\/pl\/wp-json\/wp\/v2\/product_cat?post=160049"},{"taxonomy":"product_tag","embeddable":true,"href":"https:\/\/secureus.se\/pl\/wp-json\/wp\/v2\/product_tag?post=160049"}],"curies":[{"name":"wp","href":"https:\/\/api.w.org\/{rel}","templated":true}]}}