{"id":160052,"date":"2025-11-21T11:12:27","date_gmt":"2025-11-21T10:12:27","guid":{"rendered":"https:\/\/secureus.se\/?post_type=product&#038;p=160052"},"modified":"2026-04-23T13:11:20","modified_gmt":"2026-04-23T11:11:20","slug":"axis-t94n02d-hangsats-for-axis-p3715-plve-for-montering-pa-15-nps-gangade-fasten","status":"publish","type":"product","link":"https:\/\/secureus.se\/pl\/axis-t94n02d-hangsats-for-axis-p3715-plve-for-montering-pa-15-nps-gangade-fasten\/","title":{"rendered":"Zestaw zawieszenia AXIS T94N02D do AXIS P3715-PLVE do monta\u017cu na uchwytach z gwintem 1,5\u2033 NPS"},"content":{"rendered":"<h1>Zestaw zawieszenia AXIS T94N02D do AXIS P3715-PLVE do monta\u017cu na uchwytach z gwintem 1,5\u2033 NPS<\/h1>\n<div class=\"dad65929\">\n<div class=\"_4f9bf79 d7dc56a8 _43c05b5\">\n<div class=\"ds-message _63c77b1\">\n<div class=\"ds-markdown\">\n<p class=\"ds-markdown-paragraph\"><strong>Przegl\u0105d produktu<\/strong><\/p>\n<p class=\"ds-markdown-paragraph\">Axis T94N02D to zestaw monta\u017cowy przeznaczony do monta\u017cu kamer sieciowych AXIS P3715-PLVE na uchwytach z gwintem NPS 1,5\u2033.<\/p>\n<p class=\"ds-markdown-paragraph\">Nadaje si\u0119 do stosowania zar\u00f3wno wewn\u0105trz, jak i na zewn\u0105trz budynk\u00f3w i umo\u017cliwia monta\u017c kamery na s\u0142upach, por\u0119czach i naro\u017cnikach zewn\u0119trznych za pomoc\u0105 akcesori\u00f3w monta\u017cowych Axis T91.<\/p>\n<p class=\"ds-markdown-paragraph\"><strong>G\u0142\u00f3wne cechy<\/strong><\/p>\n<ul>\n<li>\n<p class=\"ds-markdown-paragraph\">Kompatybilny z kamerami AXIS P3715-PLVE<\/p>\n<\/li>\n<li>\n<p class=\"ds-markdown-paragraph\">Nadaje si\u0119 do stosowania wewn\u0105trz i na zewn\u0105trz<\/p>\n<\/li>\n<li>\n<p class=\"ds-markdown-paragraph\">Przystosowany do monta\u017cu z gwintem NPS 1,5\u2033<\/p>\n<\/li>\n<li>\n<p class=\"ds-markdown-paragraph\">Umo\u017cliwia monta\u017c na s\u0142upach, parapetach i naro\u017cnikach zewn\u0119trznych<\/p>\n<\/li>\n<li>\n<p class=\"ds-markdown-paragraph\">Elastyczna integracja z akcesoriami monta\u017cowymi Axis T91<\/p>\n<\/li>\n<\/ul>\n<p class=\"ds-markdown-paragraph\"><strong>Informacje techniczne<\/strong><\/p>\n<ul>\n<li>\n<p class=\"ds-markdown-paragraph\">Nazwa produktu: Zestaw wisz\u0105cy Axis T94N02D do AXIS P3715-PLVE<\/p>\n<\/li>\n<li>\n<p class=\"ds-markdown-paragraph\">Kategoria: Mocowania kamer, Obudowy i mocowania<\/p>\n<\/li>\n<li>\n<p class=\"ds-markdown-paragraph\">Kod UPC: 7331021072060<\/p>\n<\/li>\n<li>\n<p class=\"ds-markdown-paragraph\">Kod EAN: 7331021072060<\/p>\n<\/li>\n<li>\n<p class=\"ds-markdown-paragraph\">Kraj produkcji: Chiny (mo\u017ce ulec zmianie)<\/p>\n<\/li>\n<\/ul>\n<p class=\"ds-markdown-paragraph\"><strong>Obszary zastosowa\u0144<\/strong><\/p>\n<ul>\n<li>\n<p class=\"ds-markdown-paragraph\">Idealny do monitorowania teren\u00f3w zewn\u0119trznych, park\u00f3w, budynk\u00f3w i \u015brodowisk przemys\u0142owych<\/p>\n<\/li>\n<li>\n<p class=\"ds-markdown-paragraph\">\u0141atwy monta\u017c na istniej\u0105cych uchwytach z gwintem NPS 1,5\u2033<\/p>\n<\/li>\n<\/ul>\n<p class=\"ds-markdown-paragraph\">Axis T94N02D to solidne i uniwersalne rozwi\u0105zanie do monta\u017cu zaawansowanych kamer, k\u0142ad\u0105ce nacisk na kompatybilno\u015b\u0107 i trwa\u0142o\u015b\u0107.<\/p>\n<\/div>\n<\/div>\n<\/div>\n<\/div>\n<div class=\"sc-bczRLJ fySwpa\">\n<div class=\"sc-bczRLJ kEeNDb\"><\/div>\n<\/div>","protected":false},"excerpt":{"rendered":"<p class=\"ds-markdown-paragraph\">Zestaw o\u015bwietlenia wisz\u0105cego Axis T94N02D do kamer P3715-PLVE.<\/p>\n<p class=\"ds-markdown-paragraph\">Do monta\u017cu na uchwytach z gwintem 1,5\u2033 NPS, wewn\u0105trz i na zewn\u0105trz. Kompatybilny z uchwytami Axis T91.<\/p>","protected":false},"featured_media":160050,"template":"","meta":{"_acf_changed":false},"product_brand":[],"product_cat":[4954],"product_tag":[],"class_list":{"0":"post-160052","1":"product","2":"type-product","3":"status-publish","4":"has-post-thumbnail","6":"product_cat-axis-stativ-fasten","7":"pa_brands-axis","8":"pa_farg-vit","9":"tm-no-options","11":"first","12":"onbackorder","13":"sale","14":"taxable","15":"shipping-taxable","16":"purchasable","17":"product-type-simple"},"acf":[],"_links":{"self":[{"href":"https:\/\/secureus.se\/pl\/wp-json\/wp\/v2\/product\/160052","targetHints":{"allow":["GET"]}}],"collection":[{"href":"https:\/\/secureus.se\/pl\/wp-json\/wp\/v2\/product"}],"about":[{"href":"https:\/\/secureus.se\/pl\/wp-json\/wp\/v2\/types\/product"}],"wp:featuredmedia":[{"embeddable":true,"href":"https:\/\/secureus.se\/pl\/wp-json\/wp\/v2\/media\/160050"}],"wp:attachment":[{"href":"https:\/\/secureus.se\/pl\/wp-json\/wp\/v2\/media?parent=160052"}],"wp:term":[{"taxonomy":"product_brand","embeddable":true,"href":"https:\/\/secureus.se\/pl\/wp-json\/wp\/v2\/product_brand?post=160052"},{"taxonomy":"product_cat","embeddable":true,"href":"https:\/\/secureus.se\/pl\/wp-json\/wp\/v2\/product_cat?post=160052"},{"taxonomy":"product_tag","embeddable":true,"href":"https:\/\/secureus.se\/pl\/wp-json\/wp\/v2\/product_tag?post=160052"}],"curies":[{"name":"wp","href":"https:\/\/api.w.org\/{rel}","templated":true}]}}