{"id":160061,"date":"2025-11-21T11:12:27","date_gmt":"2025-11-21T10:12:27","guid":{"rendered":"https:\/\/secureus.se\/?post_type=product&#038;p=160061"},"modified":"2026-04-09T11:22:54","modified_gmt":"2026-04-09T09:22:54","slug":"axis-t91b67-stolpmontering-for-fasta-dome-kameror-15-nps-ganga","status":"publish","type":"product","link":"https:\/\/secureus.se\/pl\/axis-t91b67-stolpmontering-for-fasta-dome-kameror-15-nps-ganga\/","title":{"rendered":"Uchwyt s\u0142upowy AXIS T91B67 do kamer kopu\u0142kowych sta\u0142opozycyjnych, 1,5\u2033, gwint NPS"},"content":{"rendered":"<h1>Uchwyt s\u0142upowy AXIS T91B67 do kamer kopu\u0142kowych sta\u0142opozycyjnych, 1,5\u2033, gwint NPS<\/h1>\n<div class=\"dad65929\">\n<div class=\"_4f9bf79 d7dc56a8 _43c05b5\">\n<div class=\"ds-message _63c77b1\">\n<div class=\"ds-markdown\">\n<p class=\"ds-markdown-paragraph\"><strong>Przegl\u0105d produktu<\/strong><\/p>\n<p class=\"ds-markdown-paragraph\">Axis T91B67 to solidny uchwyt na s\u0142up zaprojektowany specjalnie do kamer kopu\u0142kowych i panoramicznych firmy Axis z mocowaniami wahad\u0142owymi z gwintem NPS 1,5\u2033.<\/p>\n<p class=\"ds-markdown-paragraph\">Dzi\u0119ki klasie ochrony IK10 i NEMA 4X urz\u0105dzenie nadaje si\u0119 do stosowania zar\u00f3wno wewn\u0105trz, jak i na zewn\u0105trz budynk\u00f3w.<\/p>\n<p class=\"ds-markdown-paragraph\">Uchwyt przeznaczony jest do s\u0142up\u00f3w o \u015brednicy 65\u2013165 mm i belek. Posiada boczne wej\u015bcia na rur\u0119 kablow\u0105 3\/4\u2033 oraz zamkni\u0119t\u0105 tyln\u0105 cz\u0119\u015b\u0107 z uszczelk\u0105, chroni\u0105c\u0105 przed owadami.<\/p>\n<p class=\"ds-markdown-paragraph\"><strong>G\u0142\u00f3wne cechy<\/strong><\/p>\n<ul>\n<li>\n<p class=\"ds-markdown-paragraph\">Gwint NPS 1,5\u2033 do zestaw\u00f3w wahad\u0142owych Axis<\/p>\n<\/li>\n<li>\n<p class=\"ds-markdown-paragraph\">Pasuje do s\u0142upk\u00f3w o \u015brednicy 65\u2013165 mm<\/p>\n<\/li>\n<li>\n<p class=\"ds-markdown-paragraph\">Ochrona przed wandalizmem IK10 i ochrona antykorozyjna NEMA 4X<\/p>\n<\/li>\n<li>\n<p class=\"ds-markdown-paragraph\">Uszczelnienie kablowe chroni\u0105ce przed owadami<\/p>\n<\/li>\n<li>\n<p class=\"ds-markdown-paragraph\">Paski morskie ze stali nierdzewnej (SS316L) ze \u015brub\u0105 TX30<\/p>\n<\/li>\n<\/ul>\n<p class=\"ds-markdown-paragraph\"><strong>Zgodno\u015b\u0107<\/strong><\/p>\n<ul>\n<li>\n<p class=\"ds-markdown-paragraph\">Wszystkie kamery kopu\u0142kowe sta\u0142opozycyjne firmy Axis z zestawami wahad\u0142owymi z gwintem NPS 1,5\u2033<\/p>\n<\/li>\n<li>\n<p class=\"ds-markdown-paragraph\">Aparaty z serii Panorama<\/p>\n<\/li>\n<\/ul>\n<p class=\"ds-markdown-paragraph\"><strong>Informacje techniczne<\/strong><\/p>\n<ul>\n<li>\n<p class=\"ds-markdown-paragraph\">Maksymalne obci\u0105\u017cenie: 15 kg<\/p>\n<\/li>\n<li>\n<p class=\"ds-markdown-paragraph\">Materia\u0142: Aluminium malowane proszkowo, kolor bia\u0142y (NCS S 1002-B)<\/p>\n<\/li>\n<li>\n<p class=\"ds-markdown-paragraph\">Wymiary: 252 x 134 x 194 mm<\/p>\n<\/li>\n<li>\n<p class=\"ds-markdown-paragraph\">Waga: 1,2 kg<\/p>\n<\/li>\n<li>\n<p class=\"ds-markdown-paragraph\">Zawiera: instrukcj\u0119 monta\u017cu, paski ze stali nierdzewnej, uszczelk\u0119 kablow\u0105 chroni\u0105c\u0105 przed owadami<\/p>\n<\/li>\n<li>\n<p class=\"ds-markdown-paragraph\">Wymaga: zestawu wahad\u0142a Axis z gwintem NPS 1,5\u2033<\/p>\n<\/li>\n<\/ul>\n<p class=\"ds-markdown-paragraph\"><strong>Certyfikaty<\/strong><\/p>\n<ul>\n<li>\n<p class=\"ds-markdown-paragraph\">Bezpiecze\u0144stwo: IEC\/EN\/UL 60950-1, IEC\/EN\/UL 60950-22<\/p>\n<\/li>\n<li>\n<p class=\"ds-markdown-paragraph\">\u015arodowisko: IEC 60721, NEMA 250 typ 4X, RoHS, WEEE<\/p>\n<\/li>\n<li>\n<p class=\"ds-markdown-paragraph\">Uderzenie: IEC 62262 IK10<\/p>\n<\/li>\n<\/ul>\n<p class=\"ds-markdown-paragraph\">Axis T91B67 to bezpieczne i trwa\u0142e rozwi\u0105zanie do monta\u017cu zaawansowanych kamer w wymagaj\u0105cych warunkach.<\/p>\n<\/div>\n<\/div>\n<\/div>\n<\/div>","protected":false},"excerpt":{"rendered":"<p>Uchwyt na s\u0142up Axis T91B67 do kamer kopu\u0142kowych sta\u0142opozycyjnych z gwintem NPS 1,5\u2033. Do s\u0142up\u00f3w o \u015brednicy 65\u2013165 mm, IK10 i NEMA 4X.<\/p>\n<p>Instalacja zabezpieczona przed owadami.<\/p>\n<p>W zestawie paski ze stali nierdzewnej.<\/p>","protected":false},"featured_media":160059,"template":"","meta":{"_acf_changed":false},"product_brand":[],"product_cat":[4954],"product_tag":[],"class_list":{"0":"post-160061","1":"product","2":"type-product","3":"status-publish","4":"has-post-thumbnail","6":"product_cat-axis-stativ-fasten","7":"pa_brands-axis","8":"pa_farg-vit","9":"tm-no-options","11":"first","12":"instock","13":"sale","14":"taxable","15":"shipping-taxable","16":"purchasable","17":"product-type-simple"},"acf":[],"_links":{"self":[{"href":"https:\/\/secureus.se\/pl\/wp-json\/wp\/v2\/product\/160061","targetHints":{"allow":["GET"]}}],"collection":[{"href":"https:\/\/secureus.se\/pl\/wp-json\/wp\/v2\/product"}],"about":[{"href":"https:\/\/secureus.se\/pl\/wp-json\/wp\/v2\/types\/product"}],"wp:featuredmedia":[{"embeddable":true,"href":"https:\/\/secureus.se\/pl\/wp-json\/wp\/v2\/media\/160059"}],"wp:attachment":[{"href":"https:\/\/secureus.se\/pl\/wp-json\/wp\/v2\/media?parent=160061"}],"wp:term":[{"taxonomy":"product_brand","embeddable":true,"href":"https:\/\/secureus.se\/pl\/wp-json\/wp\/v2\/product_brand?post=160061"},{"taxonomy":"product_cat","embeddable":true,"href":"https:\/\/secureus.se\/pl\/wp-json\/wp\/v2\/product_cat?post=160061"},{"taxonomy":"product_tag","embeddable":true,"href":"https:\/\/secureus.se\/pl\/wp-json\/wp\/v2\/product_tag?post=160061"}],"curies":[{"name":"wp","href":"https:\/\/api.w.org\/{rel}","templated":true}]}}