{"id":160064,"date":"2025-11-21T11:12:27","date_gmt":"2025-11-21T10:12:27","guid":{"rendered":"https:\/\/secureus.se\/?post_type=product&#038;p=160064"},"modified":"2026-04-09T11:23:27","modified_gmt":"2026-04-09T09:23:27","slug":"axis-t91a64-hornfaste-for-vaggfastena-t91b6-och-t91d61-inomhus-och-utomhusbruk-vit","status":"publish","type":"product","link":"https:\/\/secureus.se\/pl\/axis-t91a64-hornfaste-for-vaggfastena-t91b6-och-t91d61-inomhus-och-utomhusbruk-vit\/","title":{"rendered":"Uchwyt naro\u017cny AXIS T91A64 do uchwyt\u00f3w \u015bciennych T91B6 i T91D61, do stosowania wewn\u0105trz i na zewn\u0105trz, bia\u0142y"},"content":{"rendered":"<h1>Uchwyt naro\u017cny AXIS T91A64 do uchwyt\u00f3w \u015bciennych T91B6 i T91D61, do stosowania wewn\u0105trz i na zewn\u0105trz, bia\u0142y<\/h1>\n<p class=\"ds-markdown-paragraph\"><strong>Przegl\u0105d produktu<\/strong><\/p>\n<p class=\"ds-markdown-paragraph\">Axis T91A64 to solidny aluminiowy uchwyt naro\u017cny przeznaczony do monta\u017cu kamer sieciowych Axis na naro\u017cnikach zewn\u0119trznych. Uchwyt wymaga osobnego uchwytu \u015bciennego do monta\u017cu i jest kompatybilny z uchwytami \u015bciennymi AXIS T91B6 i AXIS T91D61. Dzi\u0119ki klasie ochrony IK10 nadaje si\u0119 zar\u00f3wno do zastosowa\u0144 wewn\u0119trznych, jak i zewn\u0119trznych.<\/p>\n<p class=\"ds-markdown-paragraph\"><strong>G\u0142\u00f3wne cechy<\/strong><\/p>\n<ul>\n<li>\n<p class=\"ds-markdown-paragraph\">Solidny i bezpieczny monta\u017c na zewn\u0119trznych naro\u017cnikach<\/p>\n<\/li>\n<li>\n<p class=\"ds-markdown-paragraph\">Nadaje si\u0119 do stosowania wewn\u0105trz i na zewn\u0105trz<\/p>\n<\/li>\n<li>\n<p class=\"ds-markdown-paragraph\">\u0141atwa instalacja<\/p>\n<\/li>\n<li>\n<p class=\"ds-markdown-paragraph\">Aluminium malowane proszkowo na bia\u0142o<\/p>\n<\/li>\n<\/ul>\n<p class=\"ds-markdown-paragraph\"><strong>Zgodno\u015b\u0107<\/strong><\/p>\n<ul>\n<li>\n<p class=\"ds-markdown-paragraph\">Uchwyt \u015bcienny AXIS T91B6<\/p>\n<\/li>\n<li>\n<p class=\"ds-markdown-paragraph\">Uchwyt \u015bcienny AXIS T91D61 1,5\u2033 NPS<\/p>\n<\/li>\n<li>\n<p class=\"ds-markdown-paragraph\">Uchwyt \u015bcienny AXIS T91161<\/p>\n<\/li>\n<li>\n<p class=\"ds-markdown-paragraph\">Uchwyt \u015bcienny AXIS T91061<\/p>\n<\/li>\n<\/ul>\n<p class=\"ds-markdown-paragraph\"><strong>Informacje techniczne<\/strong><\/p>\n<ul>\n<li>\n<p class=\"ds-markdown-paragraph\">Maksymalne obci\u0105\u017cenie: 25 kg<\/p>\n<\/li>\n<li>\n<p class=\"ds-markdown-paragraph\">Waga: 1250g<\/p>\n<\/li>\n<li>\n<p class=\"ds-markdown-paragraph\">Materia\u0142: aluminium<\/p>\n<\/li>\n<li>\n<p class=\"ds-markdown-paragraph\">Kolor: bia\u0142y<\/p>\n<\/li>\n<li>\n<ul>\n<li>\n<p class=\"ds-markdown-paragraph\">Zawiera: Przewodnik instalacji<\/p>\n<\/li>\n<li>\n<p class=\"ds-markdown-paragraph\"><strong>Certyfikaty<\/strong><\/p>\n<\/li>\n<\/ul>\n<ul>\n<li>\n<p class=\"ds-markdown-paragraph\">Uderzenie: IEC 62262 IK10<\/p>\n<\/li>\n<li>\n<p class=\"ds-markdown-paragraph\">\u015arodowisko: EN 50581<\/p>\n<\/li>\n<\/ul>\n<\/li>\n<\/ul>","protected":false},"excerpt":{"rendered":"<p>Axis T91A64 to elastyczne i niezawodne rozwi\u0105zanie do monta\u017cu kamer naro\u017cnych, k\u0142ad\u0105ce nacisk na stabilno\u015b\u0107 i trwa\u0142o\u015b\u0107.<\/p>","protected":false},"featured_media":160062,"template":"","meta":{"_acf_changed":false},"product_brand":[],"product_cat":[4954],"product_tag":[],"class_list":{"0":"post-160064","1":"product","2":"type-product","3":"status-publish","4":"has-post-thumbnail","6":"product_cat-axis-stativ-fasten","7":"pa_brands-axis","8":"pa_farg-vit","9":"tm-no-options","11":"first","12":"onbackorder","13":"sale","14":"taxable","15":"shipping-taxable","16":"purchasable","17":"product-type-simple"},"acf":[],"_links":{"self":[{"href":"https:\/\/secureus.se\/pl\/wp-json\/wp\/v2\/product\/160064","targetHints":{"allow":["GET"]}}],"collection":[{"href":"https:\/\/secureus.se\/pl\/wp-json\/wp\/v2\/product"}],"about":[{"href":"https:\/\/secureus.se\/pl\/wp-json\/wp\/v2\/types\/product"}],"wp:featuredmedia":[{"embeddable":true,"href":"https:\/\/secureus.se\/pl\/wp-json\/wp\/v2\/media\/160062"}],"wp:attachment":[{"href":"https:\/\/secureus.se\/pl\/wp-json\/wp\/v2\/media?parent=160064"}],"wp:term":[{"taxonomy":"product_brand","embeddable":true,"href":"https:\/\/secureus.se\/pl\/wp-json\/wp\/v2\/product_brand?post=160064"},{"taxonomy":"product_cat","embeddable":true,"href":"https:\/\/secureus.se\/pl\/wp-json\/wp\/v2\/product_cat?post=160064"},{"taxonomy":"product_tag","embeddable":true,"href":"https:\/\/secureus.se\/pl\/wp-json\/wp\/v2\/product_tag?post=160064"}],"curies":[{"name":"wp","href":"https:\/\/api.w.org\/{rel}","templated":true}]}}