{"id":160066,"date":"2025-11-21T11:12:27","date_gmt":"2025-11-21T10:12:27","guid":{"rendered":"https:\/\/secureus.se\/?post_type=product&#038;p=160066"},"modified":"2026-04-23T13:10:50","modified_gmt":"2026-04-23T11:10:50","slug":"axis-tu6007-e-kabel-8m","status":"publish","type":"product","link":"https:\/\/secureus.se\/pl\/axis-tu6007-e-kabel-8m\/","title":{"rendered":"Kabel AXIS TU6007-E, 8m"},"content":{"rendered":"<h1>Kabel AXIS TU6007-E, 8m<\/h1>\n<div class=\"dad65929\">\n<div class=\"_4f9bf79 d7dc56a8 _43c05b5\">\n<div class=\"ds-message _63c77b1\">\n<div class=\"ds-markdown\">\n<p class=\"ds-markdown-paragraph\"><strong>Przegl\u0105d produktu<\/strong><\/p>\n<p class=\"ds-markdown-paragraph\">Axis TU6007-E to wytrzyma\u0142y i elastyczny kabel opracowany specjalnie dla drugiej generacji modu\u0142owych kamer serii Axis F.<\/p>\n<p class=\"ds-markdown-paragraph\">Dzi\u0119ki promieniowi gi\u0119cia wynosz\u0105cemu 30 mm i stopniowi ochrony IP66\/67 z\u0142\u0105cza SMA kabel nadaje si\u0119 do stosowania zar\u00f3wno wewn\u0105trz, jak i na zewn\u0105trz.<\/p>\n<p class=\"ds-markdown-paragraph\">Dost\u0119pny jest w dw\u00f3ch d\u0142ugo\u015bciach \u2013 1 metr i 8 metr\u00f3w \u2013 i jest kompatybilny z jednostkami g\u0142\u00f3wnymi Axis F91, a tak\u017ce jednostkami czujnikowymi F21, F72 i F41.<\/p>\n<p class=\"ds-markdown-paragraph\"><strong>G\u0142\u00f3wne cechy<\/strong><\/p>\n<ul>\n<li>\n<p class=\"ds-markdown-paragraph\">Tylko dla aparat\u00f3w serii F drugiej generacji<\/p>\n<\/li>\n<li>\n<p class=\"ds-markdown-paragraph\">Ochrona IP66\/67 (strona SMA)<\/p>\n<\/li>\n<li>\n<p class=\"ds-markdown-paragraph\">Promie\u0144 gi\u0119cia 30 mm<\/p>\n<\/li>\n<li>\n<p class=\"ds-markdown-paragraph\">Ocenione na zewn\u0105trz<\/p>\n<\/li>\n<li>\n<p class=\"ds-markdown-paragraph\">Dost\u0119pne w d\u0142ugo\u015bciach 1m i 8m<\/p>\n<\/li>\n<\/ul>\n<p class=\"ds-markdown-paragraph\"><strong>Zgodno\u015b\u0107<\/strong><\/p>\n<ul>\n<li>\n<p class=\"ds-markdown-paragraph\">Jednostka g\u0142\u00f3wna Axis F91<\/p>\n<\/li>\n<li>\n<p class=\"ds-markdown-paragraph\">Jednostka czujnika Axis F21<\/p>\n<\/li>\n<li>\n<p class=\"ds-markdown-paragraph\">Jednostka czujnika Axis F72<\/p>\n<\/li>\n<li>\n<p class=\"ds-markdown-paragraph\">Jednostka czujnika osi F41<\/p>\n<\/li>\n<\/ul>\n<p class=\"ds-markdown-paragraph\"><strong>Informacje techniczne<\/strong><\/p>\n<ul>\n<li>\n<p class=\"ds-markdown-paragraph\">D\u0142ugo\u015b\u0107: 8 m (26 st\u00f3p)<\/p>\n<\/li>\n<li>\n<p class=\"ds-markdown-paragraph\">Kolor: czarny<\/p>\n<\/li>\n<li>\n<p class=\"ds-markdown-paragraph\">Impedancja: 50 om\u00f3w<\/p>\n<\/li>\n<li>\n<p class=\"ds-markdown-paragraph\">Cz\u0119stotliwo\u015b\u0107: 0\u20133 GHz<\/p>\n<\/li>\n<li>\n<p class=\"ds-markdown-paragraph\">Z\u0142\u0105cza: SMA, FAKRA<\/p>\n<\/li>\n<li>\n<p class=\"ds-markdown-paragraph\">Temperatura: -40\u00b0C do +75\u00b0C<\/p>\n<\/li>\n<li>\n<p class=\"ds-markdown-paragraph\">Waga: 124 g (wersja 8 m)<\/p>\n<\/li>\n<\/ul>\n<p class=\"ds-markdown-paragraph\"><strong>Certyfikaty<\/strong><\/p>\n<ul>\n<li>\n<p class=\"ds-markdown-paragraph\">UL CM E164469-F6<\/p>\n<\/li>\n<li>\n<p class=\"ds-markdown-paragraph\">EKG ONZ R118<\/p>\n<\/li>\n<\/ul>\n<p class=\"ds-markdown-paragraph\">Axis TU6007-E to niezawodne rozwi\u0105zanie \u0142\u0105czno\u015bci dla zaawansowanych modu\u0142owych system\u00f3w kamer pracuj\u0105cych w wymagaj\u0105cych \u015brodowiskach.<\/p>\n<\/div>\n<\/div>\n<\/div>\n<\/div>\n<div class=\"sc-bczRLJ fySwpa\">\n<div class=\"sc-bczRLJ kEeNDb\"><\/div>\n<\/div>","protected":false},"excerpt":{"rendered":"<p>Wytrzyma\u0142y kabel do zastosowa\u0144 wewn\u0119trznych\/zewn\u0119trznych do serii Axis F. Stopie\u0144 ochrony IP66\/67, promie\u0144 gi\u0119cia 30 mm.<\/p>\n<p>Kompatybilny z F91, F21, F72 i F41. Wytrzymuje ekstremalne temperatury (od -40\u00b0C do +75\u00b0C).<\/p>\n<p>Doskonale nadaje si\u0119 do aparat\u00f3w modu\u0142owych pracuj\u0105cych w trudnych warunkach.<\/p>","protected":false},"featured_media":160065,"template":"","meta":{"_acf_changed":false},"product_brand":[],"product_cat":[4956],"product_tag":[],"class_list":{"0":"post-160066","1":"product","2":"type-product","3":"status-publish","4":"has-post-thumbnail","6":"product_cat-ovrigt-fran-axis","7":"pa_brands-axis","8":"pa_farg-svart","9":"tm-no-options","11":"first","12":"instock","13":"sale","14":"taxable","15":"shipping-taxable","16":"purchasable","17":"product-type-simple"},"acf":[],"_links":{"self":[{"href":"https:\/\/secureus.se\/pl\/wp-json\/wp\/v2\/product\/160066","targetHints":{"allow":["GET"]}}],"collection":[{"href":"https:\/\/secureus.se\/pl\/wp-json\/wp\/v2\/product"}],"about":[{"href":"https:\/\/secureus.se\/pl\/wp-json\/wp\/v2\/types\/product"}],"wp:featuredmedia":[{"embeddable":true,"href":"https:\/\/secureus.se\/pl\/wp-json\/wp\/v2\/media\/160065"}],"wp:attachment":[{"href":"https:\/\/secureus.se\/pl\/wp-json\/wp\/v2\/media?parent=160066"}],"wp:term":[{"taxonomy":"product_brand","embeddable":true,"href":"https:\/\/secureus.se\/pl\/wp-json\/wp\/v2\/product_brand?post=160066"},{"taxonomy":"product_cat","embeddable":true,"href":"https:\/\/secureus.se\/pl\/wp-json\/wp\/v2\/product_cat?post=160066"},{"taxonomy":"product_tag","embeddable":true,"href":"https:\/\/secureus.se\/pl\/wp-json\/wp\/v2\/product_tag?post=160066"}],"curies":[{"name":"wp","href":"https:\/\/api.w.org\/{rel}","templated":true}]}}