{"id":160071,"date":"2025-11-21T11:12:28","date_gmt":"2025-11-21T10:12:28","guid":{"rendered":"https:\/\/secureus.se\/?post_type=product&#038;p=160071"},"modified":"2026-04-23T13:10:46","modified_gmt":"2026-04-23T11:10:46","slug":"axis-tu6004-e-kabel-for-modulara-kameror-i-f-serien-8-m-ip67","status":"publish","type":"product","link":"https:\/\/secureus.se\/pl\/axis-tu6004-e-kabel-for-modulara-kameror-i-f-serien-8-m-ip67\/","title":{"rendered":"Kabel AXIS TU6004-E do kamer modu\u0142owych serii F, 8 m, IP67"},"content":{"rendered":"<h1>Kabel AXIS TU6004-E do kamer modu\u0142owych serii F, 8 m, IP67<\/h1>\n<p class=\"ds-markdown-paragraph\"><strong>Przegl\u0105d produktu<\/strong><\/p>\n<p class=\"ds-markdown-paragraph\">Axis TU6004-E to profesjonalny kabel do zastosowa\u0144 wewn\u0119trznych i zewn\u0119trznych, opracowany specjalnie dla drugiej generacji modu\u0142owych kamer Axis serii F.<\/p>\n<p class=\"ds-markdown-paragraph\">Ten elastyczny i wytrzyma\u0142y kabel zapewnia du\u017c\u0105 przepustowo\u015b\u0107, minimalizuj\u0105c op\u00f3\u017anienia mi\u0119dzy jednostkami czujnikowymi i jednostkami g\u0142\u00f3wnymi.<\/p>\n<p class=\"ds-markdown-paragraph\">Dzi\u0119ki zaawansowanemu poziomowi ochrony i szerokiej kompatybilno\u015bci idealnie nadaje si\u0119 do wymagaj\u0105cych instalacji monitoringu zar\u00f3wno w \u015brodowisku biurowym, jak i na zewn\u0105trz.<\/p>\n<p class=\"ds-markdown-paragraph\"><strong>G\u0142\u00f3wne cechy<\/strong><\/p>\n<ul>\n<li>\n<p class=\"ds-markdown-paragraph\">Stopie\u0144 ochrony IP67, IP66 i IP6K9K zapewniaj\u0105cy niezawodn\u0105 ochron\u0119<\/p>\n<\/li>\n<li>\n<p class=\"ds-markdown-paragraph\">Promie\u0144 gi\u0119cia 40 mm umo\u017cliwiaj\u0105cy elastyczny monta\u017c<\/p>\n<\/li>\n<li>\n<p class=\"ds-markdown-paragraph\">Wysoka przepustowo\u015b\u0107 zapewniaj\u0105ca minimalne op\u00f3\u017anienie<\/p>\n<\/li>\n<li>\n<p class=\"ds-markdown-paragraph\">Zaprojektowane do stosowania wewn\u0105trz i na zewn\u0105trz<\/p>\n<\/li>\n<li>\n<p class=\"ds-markdown-paragraph\">Dost\u0119pne w wersjach 1m, 8m i 30m<\/p>\n<\/li>\n<\/ul>\n<p class=\"ds-markdown-paragraph\"><strong>Zgodno\u015b\u0107<\/strong><\/p>\n<ul>\n<li>\n<p class=\"ds-markdown-paragraph\">Jednostki g\u0142\u00f3wne Axis F91<\/p>\n<\/li>\n<li>\n<p class=\"ds-markdown-paragraph\">Jednostki czujnik\u00f3w Axis F21<\/p>\n<\/li>\n<li>\n<p class=\"ds-markdown-paragraph\">Czujnik kopu\u0142kowy Axis F4105-LRE<\/p>\n<\/li>\n<li>\n<p class=\"ds-markdown-paragraph\">Czujnik otworkowy Axis F7225-RE<\/p>\n<\/li>\n<li>\n<p class=\"ds-markdown-paragraph\">Mo\u017cliwo\u015b\u0107 dostosowania d\u0142ugo\u015bci za pomoc\u0105 zestawu z\u0142\u0105czy Axis TU6003<\/p>\n<\/li>\n<li>\n<p class=\"ds-markdown-paragraph\"><strong>Informacje techniczne<\/strong><\/p>\n<ul>\n<li>\n<p class=\"ds-markdown-paragraph\">D\u0142ugo\u015b\u0107: 8 m (26 st\u00f3p)<\/p>\n<\/li>\n<li>\n<p class=\"ds-markdown-paragraph\">Kolor: czarny<\/p>\n<\/li>\n<li>\n<p class=\"ds-markdown-paragraph\">Impedancja: 50 om\u00f3w<\/p>\n<\/li>\n<li>\n<p class=\"ds-markdown-paragraph\">Zakres cz\u0119stotliwo\u015bci: 0\u20133 GHz<\/p>\n<\/li>\n<li>\n<p class=\"ds-markdown-paragraph\">Z\u0142\u0105cza: SMA i FAKRA<\/p>\n<\/li>\n<li>\n<p class=\"ds-markdown-paragraph\">Odporno\u015b\u0107 na temperatur\u0119: -40 \u00b0C do +75 \u00b0C<\/p>\n<\/li>\n<li>\n<p class=\"ds-markdown-paragraph\">Odporno\u015b\u0107 na wilgo\u0107: 10\u2013100% RH (kondensacja)<\/p>\n<\/li>\n<li>\n<p class=\"ds-markdown-paragraph\">Waga: 300 g (wersja 8 m)<\/p>\n<\/li>\n<\/ul>\n<\/li>\n<\/ul>\n<div class=\"sc-bczRLJ fySwpa\">\n<div class=\"sc-bczRLJ kEeNDb\">\n<p class=\"ds-markdown-paragraph\"><strong>Certyfikaty i gwarancje<\/strong><\/p>\n<ul>\n<li>\n<p class=\"ds-markdown-paragraph\">UL CL2 Odporny na \u015bwiat\u0142o s\u0142oneczne E335585-T<\/p>\n<\/li>\n<li>\n<p class=\"ds-markdown-paragraph\">EKG ONZ R118<\/p>\n<\/li>\n<li>\n<p class=\"ds-markdown-paragraph\">3-letnia gwarancja firmy Axis<\/p>\n<\/li>\n<\/ul>\n<p class=\"ds-markdown-paragraph\">Kabel Axis TU6004-E to najnowocze\u015bniejsza technologia kablowa dla profesjonalnych system\u00f3w monitoringu wideo, k\u0142ad\u0105ca nacisk na niezawodno\u015b\u0107, wydajno\u015b\u0107 i d\u0142ug\u0105 \u017cywotno\u015b\u0107 w zmiennych warunkach \u015brodowiskowych.<\/p>\n<\/div>\n<\/div>","protected":false},"excerpt":{"rendered":"<div class=\"_4f9bf79 _43c05b5\">\n<div class=\"ds-message _63c77b1\">\n<div class=\"ds-markdown\">\n<p class=\"ds-markdown-paragraph\">Wytrzyma\u0142y kabel o stopniu ochrony IP67 do serii Axis F.<\/p>\n<p class=\"ds-markdown-paragraph\">Promie\u0144 gi\u0119cia 40 mm, du\u017ca szeroko\u015b\u0107 pasma zapewniaj\u0105ca minimalne op\u00f3\u017anienie.<\/p>\n<p class=\"ds-markdown-paragraph\">Kompatybilny z F91, F21, F4105-LRE i F7225-RE.<\/p>\n<p class=\"ds-markdown-paragraph\">Dzia\u0142a w ekstremalnych temperaturach (-40\u00b0C do +75\u00b0C).<\/p>\n<p class=\"ds-markdown-paragraph\">Dost\u0119pne w wersjach 1m, 8m i 30m.<\/p>\n<\/div>\n<\/div>\n<div class=\"ds-theme\"><\/div>\n<div class=\"ds-flex _0a3d93b\">\n<div class=\"ds-flex _965abe9\">\n<div class=\"ds-icon-button db183363\" role=\"button\">\n<div class=\"ds-icon-button__hover-bg\"><\/div>\n<\/div>\n<div class=\"ds-icon-button db183363\" role=\"button\">\n<div class=\"ds-icon-button__hover-bg\">\n<div class=\"_4f9bf79 _43c05b5\">\n<div class=\"ds-message _63c77b1\">\n<div class=\"ds-markdown\">\n<p class=\"ds-markdown-paragraph\">\n<\/div>\n<\/div>\n<div class=\"ds-theme\"><\/div>\n<div class=\"ds-flex _0a3d93b\">\n<div class=\"ds-flex _965abe9\">\n<div class=\"ds-icon-button db183363\" role=\"button\">\n<div class=\"ds-icon-button__hover-bg\"><\/div>\n<div class=\"ds-icon\"><\/div>\n<\/div>\n<div class=\"ds-icon-button db183363 ds-icon-button--disabled\" role=\"button\">\n<div class=\"ds-icon\"><\/div>\n<\/div>\n<div class=\"ds-icon-button db183363\" role=\"button\">\n<div class=\"ds-icon-button__hover-bg\"><\/div>\n<div class=\"ds-icon\"><\/div>\n<\/div>\n<div class=\"ds-icon-button db183363\" role=\"button\">\n<div class=\"ds-icon-button__hover-bg\"><\/div>\n<div class=\"ds-icon\"><\/div>\n<\/div>\n<div class=\"ds-icon-button db183363\" role=\"button\">\n<div class=\"ds-icon-button__hover-bg\"><\/div>\n<div class=\"ds-icon\"><\/div>\n<\/div>\n<\/div>\n<div><\/div>\n<\/div>\n<\/div>\n<div class=\"_9663006\" data-um-id=\"33\">\n<div class=\"d29f3d7d ds-message _63c77b1\"><\/div>\n<\/div>\n<\/div>\n<div class=\"ds-icon\"><\/div>\n<\/div>\n<div class=\"ds-icon-button db183363\" role=\"button\">\n<div class=\"ds-icon-button__hover-bg\"><\/div>\n<div class=\"ds-icon\"><\/div>\n<\/div>\n<div class=\"ds-icon-button db183363\" role=\"button\">\n<div class=\"ds-icon-button__hover-bg\"><\/div>\n<div class=\"ds-icon\"><\/div>\n<\/div>\n<\/div>\n<div><\/div>\n<\/div>\n<\/div>\n<div class=\"_9663006\" data-um-id=\"33\">\n<div class=\"d29f3d7d ds-message _63c77b1\"><\/div>\n<\/div>","protected":false},"featured_media":160070,"template":"","meta":{"_acf_changed":false},"product_brand":[],"product_cat":[4956],"product_tag":[],"class_list":{"0":"post-160071","1":"product","2":"type-product","3":"status-publish","4":"has-post-thumbnail","6":"product_cat-ovrigt-fran-axis","7":"pa_brands-axis","8":"pa_farg-svart","9":"tm-no-options","11":"first","12":"onbackorder","13":"sale","14":"taxable","15":"shipping-taxable","16":"purchasable","17":"product-type-simple"},"acf":[],"_links":{"self":[{"href":"https:\/\/secureus.se\/pl\/wp-json\/wp\/v2\/product\/160071","targetHints":{"allow":["GET"]}}],"collection":[{"href":"https:\/\/secureus.se\/pl\/wp-json\/wp\/v2\/product"}],"about":[{"href":"https:\/\/secureus.se\/pl\/wp-json\/wp\/v2\/types\/product"}],"wp:featuredmedia":[{"embeddable":true,"href":"https:\/\/secureus.se\/pl\/wp-json\/wp\/v2\/media\/160070"}],"wp:attachment":[{"href":"https:\/\/secureus.se\/pl\/wp-json\/wp\/v2\/media?parent=160071"}],"wp:term":[{"taxonomy":"product_brand","embeddable":true,"href":"https:\/\/secureus.se\/pl\/wp-json\/wp\/v2\/product_brand?post=160071"},{"taxonomy":"product_cat","embeddable":true,"href":"https:\/\/secureus.se\/pl\/wp-json\/wp\/v2\/product_cat?post=160071"},{"taxonomy":"product_tag","embeddable":true,"href":"https:\/\/secureus.se\/pl\/wp-json\/wp\/v2\/product_tag?post=160071"}],"curies":[{"name":"wp","href":"https:\/\/api.w.org\/{rel}","templated":true}]}}