{"id":160073,"date":"2025-11-21T11:12:28","date_gmt":"2025-11-21T10:12:28","guid":{"rendered":"https:\/\/secureus.se\/?post_type=product&#038;p=160073"},"modified":"2026-04-01T12:14:54","modified_gmt":"2026-04-01T10:14:54","slug":"axis-01589-001l-judforlangningskabel-b-5m-for-utvalda-35-mm-mikrofoner","status":"publish","type":"product","link":"https:\/\/secureus.se\/pl\/axis-01589-001l-judforlangningskabel-b-5m-for-utvalda-35-mm-mikrofoner\/","title":{"rendered":"Przew\u00f3d przed\u0142u\u017caj\u0105cy AXIS 01589-001l jud B 5M do wybranych mikrofon\u00f3w 3,5 mm"},"content":{"rendered":"<h1>Przew\u00f3d przed\u0142u\u017caj\u0105cy audio AXIS 01589-001 B 5M do wybranych mikrofon\u00f3w 3,5 mm<\/h1>\n<p class=\"ds-markdown-paragraph\"><strong>Przegl\u0105d produktu<\/strong><\/p>\n<p class=\"ds-markdown-paragraph\">Axis 01589-001 to specjalny przed\u0142u\u017cacz audio zaprojektowany w celu zwi\u0119kszenia zasi\u0119gu kompatybilnych mikrofon\u00f3w Axis ze z\u0142\u0105czem 3,5 mm.<\/p>\n<p class=\"ds-markdown-paragraph\">D\u0142ugo\u015b\u0107 5 metr\u00f3w (16,4 stopy) pozwala na elastyczne umiejscowienie mikrofonu wzgl\u0119dem kamery sieciowej, co jest idealnym rozwi\u0105zaniem w instalacjach, w kt\u00f3rych bezpo\u015brednie po\u0142\u0105czenie nie jest praktyczne.<\/p>\n<p class=\"ds-markdown-paragraph\"><strong>G\u0142\u00f3wne cechy<\/strong><\/p>\n<ul>\n<li>\n<p class=\"ds-markdown-paragraph\">Z\u0142\u0105cze mono lub stereo 3,5 mm<\/p>\n<\/li>\n<li>\n<p class=\"ds-markdown-paragraph\">D\u0142ugo\u015b\u0107: 5 metr\u00f3w (16,4 stopy)<\/p>\n<\/li>\n<li>\n<p class=\"ds-markdown-paragraph\">Kompatybilny z wybranymi mikrofonami Axis<\/p>\n<\/li>\n<li>\n<p class=\"ds-markdown-paragraph\">Umo\u017cliwia transmisj\u0119 sygna\u0142u audio na odleg\u0142o\u015b\u0107<\/p>\n<\/li>\n<li>\n<p class=\"ds-markdown-paragraph\">Prosta i bezpo\u015brednia instalacja<\/p>\n<\/li>\n<\/ul>\n<p class=\"ds-markdown-paragraph\"><strong>Obszary zastosowa\u0144<\/strong><\/p>\n<ul>\n<li>\n<p class=\"ds-markdown-paragraph\">Rozszerzenie mo\u017cliwo\u015bci nagrywania d\u017awi\u0119ku w systemach monitoringu<\/p>\n<\/li>\n<li>\n<p class=\"ds-markdown-paragraph\">Elastyczne rozmieszczenie mikrofon\u00f3w w sklepach, biurach i miejscach publicznych<\/p>\n<\/li>\n<li>\n<p class=\"ds-markdown-paragraph\">Instalacje, w kt\u00f3rych konieczne jest rozdzielenie kamery i mikrofonu<\/p>\n<\/li>\n<\/ul>\n<p class=\"ds-markdown-paragraph\"><strong>Informacje techniczne<\/strong><\/p>\n<ul>\n<li>\n<p class=\"ds-markdown-paragraph\">Typ z\u0142\u0105cza: gniazdo 3,5 mm<\/p>\n<\/li>\n<li>\n<p class=\"ds-markdown-paragraph\">D\u0142ugo\u015b\u0107 kabla: 5 m<\/p>\n<\/li>\n<li>\n<p class=\"ds-markdown-paragraph\">Kolor: czarny<\/p>\n<\/li>\n<li>\n<p class=\"ds-markdown-paragraph\">Kod UPC: 7331021065628<\/p>\n<\/li>\n<li>\n<p class=\"ds-markdown-paragraph\">Kod EAN: 7331021065628<\/p>\n<\/li>\n<li>\n<p class=\"ds-markdown-paragraph\">Kraj pochodzenia: Chiny<\/p>\n<\/li>\n<\/ul>\n<p class=\"ds-markdown-paragraph\"><strong>Zgodno\u015b\u0107<\/strong><\/p>\n<ul>\n<li>\n<p class=\"ds-markdown-paragraph\">Wybrane mikrofony Axis ze z\u0142\u0105czem 3,5 mm<\/p>\n<\/li>\n<li>\n<p class=\"ds-markdown-paragraph\">Kamery sieciowe Axis z wej\u015bciem audio<\/p>\n<\/li>\n<\/ul>\n<p class=\"ds-markdown-paragraph\">Przew\u00f3d przed\u0142u\u017caj\u0105cy audio Axis 01589-001 to proste i efektywne rozwi\u0105zanie rozszerzaj\u0105ce mo\u017cliwo\u015bci nagrywania d\u017awi\u0119ku w systemie monitoringu, zapewniaj\u0105ce wysok\u0105 jako\u015b\u0107 i niezawodn\u0105 wydajno\u015b\u0107.<\/p>","protected":false},"excerpt":{"rendered":"<div class=\"_4f9bf79 _43c05b5\">\n<div class=\"ds-message _63c77b1\">\n<div class=\"ds-markdown\">\n<p class=\"ds-markdown-paragraph\">Przew\u00f3d przed\u0142u\u017caj\u0105cy o d\u0142ugo\u015bci 5 metr\u00f3w ze z\u0142\u0105czem 3,5 mm do wybranych mikrofon\u00f3w Axis.<\/p>\n<p class=\"ds-markdown-paragraph\">Umo\u017cliwia transmisj\u0119 sygna\u0142u audio na odleg\u0142o\u015b\u0107 do 5 metr\u00f3w od mikrofonu do kamery sieciowej. Idealny do instalacji, w kt\u00f3rych mikrofon musi by\u0107 umieszczony w pewnej odleg\u0142o\u015bci od kamery.<\/p>\n<p class=\"ds-markdown-paragraph\">\u0141atwe pod\u0142\u0105czenie i u\u017cytkowanie.<\/p>\n<\/div>\n<\/div>\n<div class=\"ds-theme\"><\/div>\n<div class=\"ds-flex _0a3d93b\">\n<div class=\"ds-flex _965abe9\">\n<div class=\"ds-icon-button db183363\" role=\"button\">\n<div class=\"ds-icon-button__hover-bg\"><\/div>\n<div class=\"ds-icon\"><\/div>\n<\/div>\n<div class=\"ds-icon-button db183363 ds-icon-button--disabled\" role=\"button\">\n<div class=\"ds-icon\"><\/div>\n<\/div>\n<div class=\"ds-icon-button db183363\" role=\"button\">\n<div class=\"ds-icon-button__hover-bg\"><\/div>\n<div class=\"ds-icon\"><\/div>\n<\/div>\n<div class=\"ds-icon-button db183363\" role=\"button\">\n<div class=\"ds-icon-button__hover-bg\"><\/div>\n<div class=\"ds-icon\"><\/div>\n<\/div>\n<div class=\"ds-icon-button db183363\" role=\"button\">\n<div class=\"ds-icon-button__hover-bg\"><\/div>\n<div class=\"ds-icon\"><\/div>\n<\/div>\n<\/div>\n<div><\/div>\n<\/div>\n<\/div>\n<div class=\"_9663006\" data-um-id=\"41\">\n<div class=\"d29f3d7d ds-message _63c77b1\"><\/div>\n<\/div>","protected":false},"featured_media":160072,"template":"","meta":{"_acf_changed":false},"product_brand":[],"product_cat":[4956],"product_tag":[],"class_list":{"0":"post-160073","1":"product","2":"type-product","3":"status-publish","4":"has-post-thumbnail","6":"product_cat-ovrigt-fran-axis","7":"pa_brands-axis","8":"pa_farg-vit","9":"tm-no-options","11":"first","12":"instock","13":"sale","14":"taxable","15":"shipping-taxable","16":"purchasable","17":"product-type-simple"},"acf":[],"_links":{"self":[{"href":"https:\/\/secureus.se\/pl\/wp-json\/wp\/v2\/product\/160073","targetHints":{"allow":["GET"]}}],"collection":[{"href":"https:\/\/secureus.se\/pl\/wp-json\/wp\/v2\/product"}],"about":[{"href":"https:\/\/secureus.se\/pl\/wp-json\/wp\/v2\/types\/product"}],"wp:featuredmedia":[{"embeddable":true,"href":"https:\/\/secureus.se\/pl\/wp-json\/wp\/v2\/media\/160072"}],"wp:attachment":[{"href":"https:\/\/secureus.se\/pl\/wp-json\/wp\/v2\/media?parent=160073"}],"wp:term":[{"taxonomy":"product_brand","embeddable":true,"href":"https:\/\/secureus.se\/pl\/wp-json\/wp\/v2\/product_brand?post=160073"},{"taxonomy":"product_cat","embeddable":true,"href":"https:\/\/secureus.se\/pl\/wp-json\/wp\/v2\/product_cat?post=160073"},{"taxonomy":"product_tag","embeddable":true,"href":"https:\/\/secureus.se\/pl\/wp-json\/wp\/v2\/product_tag?post=160073"}],"curies":[{"name":"wp","href":"https:\/\/api.w.org\/{rel}","templated":true}]}}