{"id":160088,"date":"2025-11-21T11:12:28","date_gmt":"2025-11-21T10:12:28","guid":{"rendered":"https:\/\/secureus.se\/?post_type=product&#038;p=160088"},"modified":"2026-04-09T11:22:34","modified_gmt":"2026-04-09T09:22:34","slug":"axis-p9117-pv-hornmonterad-kamera-for-inomhusbruk","status":"publish","type":"product","link":"https:\/\/secureus.se\/pl\/axis-p9117-pv-hornmonterad-kamera-for-inomhusbruk\/","title":{"rendered":"Kamera AXIS P9117-PV do monta\u017cu naro\u017cnego do u\u017cytku wewn\u0119trznego"},"content":{"rendered":"<h1>Kamera AXIS P9117-PV do monta\u017cu naro\u017cnego do u\u017cytku wewn\u0119trznego<\/h1>\n<p class=\"ds-markdown-paragraph\"><strong>Przegl\u0105d produktu<\/strong><\/p>\n<p class=\"ds-markdown-paragraph\">Axis P9117-PV to specjalnie zaprojektowana wewn\u0119trzna kamera naro\u017cna, kt\u00f3ra oferuje pe\u0142ny widok panoramiczny 360\u00b0 bez martwych punkt\u00f3w.<\/p>\n<p class=\"ds-markdown-paragraph\">Dzi\u0119ki kompaktowej i odpornej na podwi\u0105zanie konstrukcji, kamera idealnie nadaje si\u0119 do wymagaj\u0105cych \u015brodowisk, takich jak instytucje opieki zdrowotnej, wi\u0119zienia i przestrzenie publiczne, w kt\u00f3rych bezpiecze\u0144stwo i nadz\u00f3r s\u0105 priorytetem.<\/p>\n<p class=\"ds-markdown-paragraph\"><strong>Zaawansowana jako\u015b\u0107 obrazu dzi\u0119ki matrycy 6 MP<\/strong><\/p>\n<p class=\"ds-markdown-paragraph\">Kamera jest wyposa\u017cona w matryc\u0119 6 MP i obiektyw stereograficzny, kt\u00f3ry zapewnia wyj\u0105tkow\u0105 jako\u015b\u0107 obrazu z polem widzenia 176\u00b0 w poziomie i w pionie.<\/p>\n<p class=\"ds-markdown-paragraph\">Axis Lightfinder i Forensic WDR zapewniaj\u0105 wyra\u017any i szczeg\u00f3\u0142owy obraz nawet w trudnych warunkach o\u015bwietleniowych lub niemal w ciemno\u015bci.<\/p>\n<p class=\"ds-markdown-paragraph\"><strong>Inteligentna analiza z g\u0142\u0119bokim uczeniem<\/strong><\/p>\n<p class=\"ds-markdown-paragraph\">Dzi\u0119ki wbudowanemu procesorowi g\u0142\u0119bokiego uczenia, kamera umo\u017cliwia zaawansowan\u0105 analiz\u0119 AI bezpo\u015brednio w kamerze.<\/p>\n<p class=\"ds-markdown-paragraph\">AXIS Object Analytics automatycznie wykrywa i klasyfikuje ludzi i pojazdy, a wbudowany mikrofon aktywuje AXIS Audio Analytics do wykrywania d\u017awi\u0119ku.<\/p>\n<p class=\"ds-markdown-paragraph\"><strong>Solidna i bezpieczna konstrukcja<\/strong><\/p>\n<p class=\"ds-markdown-paragraph\">Dzi\u0119ki klasom ochrony IP66 i IK10 kamera jest zabezpieczona przed py\u0142em, wod\u0105 i aktami wandalizmu.<\/p>\n<p class=\"ds-markdown-paragraph\">Konstrukcja odporna na podwi\u0105zanie utrudnia manipulacj\u0119 lub uszkodzenie.<\/p>\n<p class=\"ds-markdown-paragraph\">Axis Edge Vault zapewnia sprz\u0119towe cyberbezpiecze\u0144stwo dzi\u0119ki szyfrowanej pami\u0119ci masowej i podpisanym strumieniom wideo.<\/p>\n<p class=\"ds-markdown-paragraph\"><strong>Informacje techniczne<\/strong><\/p>\n<ul>\n<li>\n<p class=\"ds-markdown-paragraph\">Czujnik: 1\/1,8\u2033 RGB CMOS, 6 MP<\/p>\n<\/li>\n<li>\n<p class=\"ds-markdown-paragraph\">Obiektyw: sta\u0142y obiektyw 1,1 mm, F2,2<\/p>\n<\/li>\n<li>\n<p class=\"ds-markdown-paragraph\">Pole widzenia: 176\u00b0 w poziomie i w pionie (widok og\u00f3lny)<\/p>\n<\/li>\n<li>\n<p class=\"ds-markdown-paragraph\">Kompresja wideo: H.264, H.265, Motion JPEG<\/p>\n<\/li>\n<li>\n<p class=\"ds-markdown-paragraph\">D\u017awi\u0119k: Wbudowany mikrofon MEMS<\/p>\n<\/li>\n<li>\n<p class=\"ds-markdown-paragraph\">Sie\u0107: Power over Ethernet (PoE)<\/p>\n<\/li>\n<li>\n<p class=\"ds-markdown-paragraph\">Pami\u0119\u0107 masowa: karta microSD i NAS<\/p>\n<\/li>\n<li>\n<p class=\"ds-markdown-paragraph\">Certyfikaty: IP66, IK10<\/p>\n<\/li>\n<\/ul>\n<p class=\"ds-markdown-paragraph\"><strong>Funkcje analizy<\/strong><\/p>\n<ul>\n<li>\n<p class=\"ds-markdown-paragraph\">AXIS Object Analytics: wykrywanie os\u00f3b i pojazd\u00f3w<\/p>\n<\/li>\n<li>\n<p class=\"ds-markdown-paragraph\">AXIS Audio Analytics: Wykrywanie i klasyfikacja d\u017awi\u0119ku<\/p>\n<\/li>\n<li>\n<p class=\"ds-markdown-paragraph\">AXIS Video Motion Detection: Wykrywanie ruchu<\/p>\n<\/li>\n<li>\n<p class=\"ds-markdown-paragraph\">Wsparcie dla aplikacji ACAP<\/p>\n<\/li>\n<\/ul>\n<p class=\"ds-markdown-paragraph\"><strong>Monta\u017c i instalacja<\/strong><\/p>\n<p class=\"ds-markdown-paragraph\">Kamera zosta\u0142a specjalnie zaprojektowana do monta\u017cu naro\u017cnego na \u015bcianie lub \u015bcianie i suficie, zapewniaj\u0105c optymalny zasi\u0119g bez martwych punkt\u00f3w.<\/p>\n<p class=\"ds-markdown-paragraph\">Jest \u0142atwy w instalacji i czyszczeniu, dzi\u0119ki czemu idealnie nadaje si\u0119 do \u015brodowisk o wysokich wymaganiach higienicznych.<\/p>\n<p class=\"ds-markdown-paragraph\">Axis P9117-PV \u0142\u0105czy zaawansowan\u0105 technologi\u0119 panoramiczn\u0105 z inteligentn\u0105 analityk\u0105, tworz\u0105c niezawodne rozwi\u0105zanie do nadzoru w wymagaj\u0105cych \u015brodowiskach wewn\u0119trznych, w kt\u00f3rych bezpiecze\u0144stwo i dyskretny wygl\u0105d maj\u0105 kluczowe znaczenie.<\/p>","protected":false},"excerpt":{"rendered":"<p>Kamera wewn\u0119trzna z panoramicznym widokiem 360\u00b0 bez martwych punkt\u00f3w. 6 MP, wbudowany mikrofon i analiza AI do wykrywania os\u00f3b\/pojazd\u00f3w.<\/p>\n<p>Odporny na ligatur\u0119, ochrona IK10\/IP66.<\/p>\n<p>Idealny dla s\u0142u\u017cby zdrowia, wi\u0119zie\u0144 i \u015brodowisk publicznych.<\/p>","protected":false},"featured_media":160084,"template":"","meta":{"_acf_changed":false},"product_brand":[],"product_cat":[4957],"product_tag":[],"class_list":{"0":"post-160088","1":"product","2":"type-product","3":"status-publish","4":"has-post-thumbnail","6":"product_cat-axis-horn-takkameror","7":"pa_brands-axis","8":"pa_farg-vit","9":"tm-no-options","11":"first","12":"onbackorder","13":"sale","14":"taxable","15":"shipping-taxable","16":"purchasable","17":"product-type-simple"},"acf":[],"_links":{"self":[{"href":"https:\/\/secureus.se\/pl\/wp-json\/wp\/v2\/product\/160088","targetHints":{"allow":["GET"]}}],"collection":[{"href":"https:\/\/secureus.se\/pl\/wp-json\/wp\/v2\/product"}],"about":[{"href":"https:\/\/secureus.se\/pl\/wp-json\/wp\/v2\/types\/product"}],"wp:featuredmedia":[{"embeddable":true,"href":"https:\/\/secureus.se\/pl\/wp-json\/wp\/v2\/media\/160084"}],"wp:attachment":[{"href":"https:\/\/secureus.se\/pl\/wp-json\/wp\/v2\/media?parent=160088"}],"wp:term":[{"taxonomy":"product_brand","embeddable":true,"href":"https:\/\/secureus.se\/pl\/wp-json\/wp\/v2\/product_brand?post=160088"},{"taxonomy":"product_cat","embeddable":true,"href":"https:\/\/secureus.se\/pl\/wp-json\/wp\/v2\/product_cat?post=160088"},{"taxonomy":"product_tag","embeddable":true,"href":"https:\/\/secureus.se\/pl\/wp-json\/wp\/v2\/product_tag?post=160088"}],"curies":[{"name":"wp","href":"https:\/\/api.w.org\/{rel}","templated":true}]}}