{"id":160091,"date":"2025-11-21T11:12:28","date_gmt":"2025-11-21T10:12:28","guid":{"rendered":"https:\/\/secureus.se\/?post_type=product&#038;p=160091"},"modified":"2026-04-23T13:02:03","modified_gmt":"2026-04-23T11:02:03","slug":"axis-m4216-v-m42-serien-4mp-zipstream-ip-dome-kamera-3-6-mm-varifokalt-objektiv-ip42-vit","status":"publish","type":"product","link":"https:\/\/secureus.se\/pl\/axis-m4216-v-m42-serien-4mp-zipstream-ip-dome-kamera-3-6-mm-varifokalt-objektiv-ip42-vit\/","title":{"rendered":"Kamera kopu\u0142kowa IP Zipstream AXIS M4216-V serii M42, 4 MP, obiektyw zmiennoogniskowy 3-6 mm, IP42, bia\u0142a"},"content":{"rendered":"<h1>Kamera kopu\u0142kowa IP Zipstream AXIS M4216-V serii M42, 4 MP, obiektyw zmiennoogniskowy 3-6 mm, IP42, bia\u0142a<\/h1>\n<div class=\"dad65929\">\n<div class=\"_4f9bf79 d7dc56a8 _43c05b5\">\n<div class=\"ds-message _63c77b1\">\n<div class=\"ds-markdown\">\n<p class=\"ds-markdown-paragraph\"><strong>Przegl\u0105d produktu<\/strong><\/p>\n<p class=\"ds-markdown-paragraph\">Axis M4216-V to zaawansowana kamera kopu\u0142kowa 4MP \u0142\u0105cz\u0105ca wyj\u0105tkow\u0105 jako\u015b\u0107 obrazu z inteligentn\u0105 analiz\u0105 na potrzeby profesjonalnego monitoringu wewn\u0119trznego.<\/p>\n<p class=\"ds-markdown-paragraph\">Dzi\u0119ki regulowanemu obiektywowi 3-6 mm oraz zdalnemu zoomowi i regulacji ostro\u015bci kamera oferuje wyj\u0105tkow\u0105 elastyczno\u015b\u0107 w monta\u017cu i dostosowywaniu do r\u00f3\u017cnych potrzeb monitoringu.<\/p>\n<p class=\"ds-markdown-paragraph\"><strong>Zaawansowana technologia obrazowania z elastyczn\u0105 soczewk\u0105<\/strong><br \/>\nKamer\u0119 wyposa\u017cono w obiektyw zmiennoogniskowy 3-6 mm, kt\u00f3ry umo\u017cliwia zdaln\u0105 regulacj\u0119 zoomu i ostro\u015bci, co znacznie u\u0142atwia monta\u017c.<\/p>\n<p class=\"ds-markdown-paragraph\">Dzi\u0119ki przetwornikowi 4 MP i technologii Axis Lightfinder kamera zapewnia ostre obrazy kolorowe nawet przy s\u0142abym o\u015bwietleniu, natomiast szeroki zakres dynamiki (WDR) gwarantuje optymaln\u0105 jako\u015b\u0107 obrazu w sytuacjach, w kt\u00f3rych wyst\u0119puj\u0105 silne kontrasty \u015bwietlne.<\/p>\n<p class=\"ds-markdown-paragraph\"><strong>Inteligentna analiza z g\u0142\u0119bokim uczeniem<\/strong><br \/>\nDzi\u0119ki dedykowanej jednostce przetwarzania g\u0142\u0119bokiego uczenia (DLPU) kamera umo\u017cliwia zaawansowan\u0105 analiz\u0119 AI bezpo\u015brednio w kamerze.<\/p>\n<p class=\"ds-markdown-paragraph\">AXIS Object Analytics jest preinstalowanym rozwi\u0105zaniem, kt\u00f3re umo\u017cliwia wykrywanie i klasyfikowanie os\u00f3b, pojazd\u00f3w oraz typ\u00f3w pojazd\u00f3w w czasie rzeczywistym.<\/p>\n<p class=\"ds-markdown-paragraph\">Kamera obs\u0142uguje r\u00f3wnie\u017c technologi\u0119 AXIS Scene Metadata umo\u017cliwiaj\u0105c\u0105 zaawansowan\u0105 ekstrakcj\u0119 metadanych oraz technologi\u0119 AXIS Face Detector umo\u017cliwiaj\u0105c\u0105 wykrywanie twarzy.<\/p>\n<p class=\"ds-markdown-paragraph\"><strong>Elastyczne mo\u017cliwo\u015bci projektowania i pod\u0142\u0105czania<\/strong><br \/>\nKompaktowa i dyskretna konstrukcja kamery sprawia, \u017ce nadaje si\u0119 ona do stosowania w r\u00f3\u017cnych warunkach wewn\u0119trznych.<\/p>\n<p class=\"ds-markdown-paragraph\">Dzi\u0119ki wyj\u015bciu HDMI obraz mo\u017cna \u0142atwo wy\u015bwietla\u0107 na lokalnych monitorach, co jest idealnym rozwi\u0105zaniem w sklepach, recepcjach i miejscach publicznych.<\/p>\n<p class=\"ds-markdown-paragraph\">Kamera obs\u0142uguje r\u00f3wnie\u017c d\u017awi\u0119k za po\u015brednictwem akcesori\u00f3w serii Axis T61, tworz\u0105c kompletne rozwi\u0105zania.<\/p>\n<p class=\"ds-markdown-paragraph\"><strong>Informacje techniczne<\/strong><\/p>\n<ul>\n<li>\n<p class=\"ds-markdown-paragraph\">Czujnik: 1\/2,7\u2033 RGB CMOS, 4 MP<\/p>\n<\/li>\n<li>\n<p class=\"ds-markdown-paragraph\">Obiektyw: 3-6 mm zmiennoogniskowy, F1.9-2.7<\/p>\n<\/li>\n<li>\n<p class=\"ds-markdown-paragraph\">Pole widzenia: 100\u00b0\u201345\u00b0 w poziomie, 72\u00b0\u201334\u00b0 w pionie<\/p>\n<\/li>\n<li>\n<p class=\"ds-markdown-paragraph\">Kompresja wideo: H.264, H.265, Motion JPEG<\/p>\n<\/li>\n<li>\n<p class=\"ds-markdown-paragraph\">Szybko\u015b\u0107 klatek: do 30 klatek na sekund\u0119<\/p>\n<\/li>\n<li>\n<p class=\"ds-markdown-paragraph\">D\u017awi\u0119k: Wsparcie poprzez seri\u0119 Axis T61<\/p>\n<\/li>\n<li>\n<p class=\"ds-markdown-paragraph\">Sie\u0107: Power over Ethernet (PoE)<\/p>\n<\/li>\n<li>\n<p class=\"ds-markdown-paragraph\">Pami\u0119\u0107 masowa: karta microSD i NAS<\/p>\n<\/li>\n<li>\n<p class=\"ds-markdown-paragraph\">Certyfikaty: IP42, IK08<\/p>\n<\/li>\n<\/ul>\n<p class=\"ds-markdown-paragraph\"><strong>Funkcje analizy<\/strong><\/p>\n<ul>\n<li>\n<p class=\"ds-markdown-paragraph\">AXIS Object Analytics: wykrywanie os\u00f3b i pojazd\u00f3w<\/p>\n<\/li>\n<li>\n<p class=\"ds-markdown-paragraph\">Metadane sceny AXIS: ekstrakcja metadanych<\/p>\n<\/li>\n<li>\n<p class=\"ds-markdown-paragraph\">Detektor twarzy AXIS: wykrywanie twarzy<\/p>\n<\/li>\n<li>\n<p class=\"ds-markdown-paragraph\">AXIS Video Motion Detection: Wykrywanie ruchu<\/p>\n<\/li>\n<li>\n<p class=\"ds-markdown-paragraph\">AXIS Live Privacy Shield: Ochrona prywatno\u015bci<\/p>\n<\/li>\n<li>\n<p class=\"ds-markdown-paragraph\">Wsparcie dla aplikacji ACAP<\/p>\n<\/li>\n<\/ul>\n<p class=\"ds-markdown-paragraph\"><strong>Bezpiecze\u0144stwo i integracja<\/strong><br \/>\nRozwi\u0105zanie Axis Edge Vault zapewnia cyberbezpiecze\u0144stwo sprz\u0119towe dzi\u0119ki bezpiecznemu rozruchowi, szyfrowanej pami\u0119ci masowej i podpisanym strumieniom wideo.<\/p>\n<p class=\"ds-markdown-paragraph\">Kamera jest zgodna ze standardem ONVIF i bezproblemowo integruje si\u0119 z wiod\u0105cymi systemami VMS, w tym AXIS Camera Station.<\/p>\n<p class=\"ds-markdown-paragraph\">Kamera Axis M4216-V \u0142\u0105czy w sobie zaawansowan\u0105 technologi\u0119 obrazowania z inteligentn\u0105 analiz\u0105, tworz\u0105c wszechstronne rozwi\u0105zanie do nadzoru w nowoczesnych \u015brodowiskach wewn\u0119trznych.<\/p>\n<p class=\"ds-markdown-paragraph\">Dzi\u0119ki elastycznemu rozwi\u0105zaniu obiektywu i rozbudowanym mo\u017cliwo\u015bciom analizy kamera oferuje zar\u00f3wno wszechstronno\u015b\u0107, jak i zaawansowan\u0105 funkcjonalno\u015b\u0107 na potrzeby profesjonalnego nadzoru.<\/p>\n<\/div>\n<\/div>\n<\/div>\n<\/div>","protected":false},"excerpt":{"rendered":"<p>Kompaktowa kamera kopu\u0142kowa do zastosowa\u0144 wewn\u0119trznych z obiektywem zmiennoogniskowym 3-6 mm i zdalnym zoomem\/ustawianiem ostro\u015bci. Czujnik 4 MP z WDR i funkcj\u0105 Lightfinder zapewnia dobr\u0105 jako\u015b\u0107 obrazu w ka\u017cdych warunkach o\u015bwietleniowych.<\/p>\n<p>Wbudowany procesor AI do analizy g\u0142\u0119bokiego uczenia z wykrywaniem os\u00f3b i pojazd\u00f3w.<\/p>\n<p>Wyj\u015bcie HDMI do lokalnego wy\u015bwietlania obrazu, stopie\u0144 ochrony IP42\/IK08. Idealne do sklep\u00f3w, biur i miejsc publicznych.<\/p>","protected":false},"featured_media":160089,"template":"","meta":{"_acf_changed":false},"product_brand":[],"product_cat":[4950],"product_tag":[],"class_list":{"0":"post-160091","1":"product","2":"type-product","3":"status-publish","4":"has-post-thumbnail","6":"product_cat-axis-domekameror","7":"pa_brands-axis","8":"pa_farg-vit","9":"tm-no-options","11":"first","12":"instock","13":"sale","14":"taxable","15":"shipping-taxable","16":"purchasable","17":"product-type-simple"},"acf":[],"_links":{"self":[{"href":"https:\/\/secureus.se\/pl\/wp-json\/wp\/v2\/product\/160091","targetHints":{"allow":["GET"]}}],"collection":[{"href":"https:\/\/secureus.se\/pl\/wp-json\/wp\/v2\/product"}],"about":[{"href":"https:\/\/secureus.se\/pl\/wp-json\/wp\/v2\/types\/product"}],"wp:featuredmedia":[{"embeddable":true,"href":"https:\/\/secureus.se\/pl\/wp-json\/wp\/v2\/media\/160089"}],"wp:attachment":[{"href":"https:\/\/secureus.se\/pl\/wp-json\/wp\/v2\/media?parent=160091"}],"wp:term":[{"taxonomy":"product_brand","embeddable":true,"href":"https:\/\/secureus.se\/pl\/wp-json\/wp\/v2\/product_brand?post=160091"},{"taxonomy":"product_cat","embeddable":true,"href":"https:\/\/secureus.se\/pl\/wp-json\/wp\/v2\/product_cat?post=160091"},{"taxonomy":"product_tag","embeddable":true,"href":"https:\/\/secureus.se\/pl\/wp-json\/wp\/v2\/product_tag?post=160091"}],"curies":[{"name":"wp","href":"https:\/\/api.w.org\/{rel}","templated":true}]}}