{"id":160097,"date":"2025-11-21T11:12:28","date_gmt":"2025-11-21T10:12:28","guid":{"rendered":"https:\/\/secureus.se\/?post_type=product&#038;p=160097"},"modified":"2026-04-01T12:14:40","modified_gmt":"2026-04-01T10:14:40","slug":"axis-p3737-ple-4x5mp-ip-kamera-med-multidirektionell-panoramautsikt-32-81-mm-objektiv-vit","status":"publish","type":"product","link":"https:\/\/secureus.se\/pl\/axis-p3737-ple-4x5mp-ip-kamera-med-multidirektionell-panoramautsikt-32-81-mm-objektiv-vit\/","title":{"rendered":"Kamera IP AXIS P3737-PLE 4x5 MP z wielokierunkowym widokiem panoramicznym, obiektyw 3,2-8,1 mm, bia\u0142a"},"content":{"rendered":"<h1>Kamera IP AXIS P3737-PLE 4x5 MP z wielokierunkowym widokiem panoramicznym, obiektyw 3,2-8,1 mm, bia\u0142a<\/h1>\n<div class=\"dad65929\">\n<div class=\"_4f9bf79 d7dc56a8 _43c05b5\">\n<div class=\"ds-message _63c77b1\">\n<div class=\"ds-markdown\">\n<p class=\"ds-markdown-paragraph\"><strong>Przegl\u0105d produktu<\/strong><\/p>\n<p class=\"ds-markdown-paragraph\">Axis P3737-PLE to zaawansowana, wielokierunkowa kamera panoramiczna z czterema oddzielnymi czujnikami 5 MP, kt\u00f3re zapewniaj\u0105 wyj\u0105tkowe pokrycie obrazu pod ka\u017cdym k\u0105tem.<\/p>\n<p class=\"ds-markdown-paragraph\">Dzi\u0119ki zintegrowanemu o\u015bwietleniu podczerwieni\u0105 360\u00b0 kamera zapewnia wyra\u017any, pozbawiony odblask\u00f3w obraz nawet w ca\u0142kowitej ciemno\u015bci. Uniwersalna konstrukcja kamery pozwala na monta\u017c zar\u00f3wno natynkowy, zapewniaj\u0105cy dyskretny monitoring, jak i sufitowy, zapewniaj\u0105cy pe\u0142ne pokrycie 360\u00b0.<\/p>\n<p class=\"ds-markdown-paragraph\"><strong>Zaawansowana technologia obrazowania z czterema czujnikami<\/strong><br \/>\nKa\u017cdy z czterech czujnik\u00f3w oferuje rozdzielczo\u015b\u0107 5 MP przy 20 klatkach na sekund\u0119, zapewniaj\u0105c kompleksowy podgl\u0105d i szczeg\u00f3\u0142owe pokrycie obrazu.<\/p>\n<p class=\"ds-markdown-paragraph\">Technologia Zipstream firmy Axis znacz\u0105co zmniejsza wymagania dotycz\u0105ce przepustowo\u015bci i pami\u0119ci masowej, nie powoduj\u0105c utraty wa\u017cnych informacji kryminalistycznych.<\/p>\n<p class=\"ds-markdown-paragraph\"><strong>Inteligentna analiza z g\u0142\u0119bokim uczeniem<\/strong><br \/>\nKamera obs\u0142uguje zaawansowan\u0105 analiz\u0119 AI z AXIS Object Analytics, kt\u00f3ra automatycznie wykrywa i klasyfikuje ludzi i pojazdy.<\/p>\n<p class=\"ds-markdown-paragraph\">Dzi\u0119ki obs\u0142udze do 8 scenariuszy analizy jednocze\u015bnie kamera umo\u017cliwia inteligentny nadz\u00f3r tu\u017c przy brzegu sieci.<\/p>\n<p class=\"ds-markdown-paragraph\"><strong>Solidna konstrukcja do pracy w trudnych warunkach<\/strong><br \/>\nDzi\u0119ki stopniom ochrony IP66\/IP67 i IK09 kamera jest odporna na trudne warunki pogodowe i obci\u0105\u017cenia fizyczne.<\/p>\n<p class=\"ds-markdown-paragraph\">Energooszcz\u0119dna konstrukcja z technologi\u0105 PoE+ (IEEE 802.3at) minimalizuje koszty eksploatacji, zapewniaj\u0105c jednocze\u015bnie niezawodn\u0105 prac\u0119.<\/p>\n<p class=\"ds-markdown-paragraph\"><strong>Informacje techniczne<\/strong><\/p>\n<ul>\n<li>\n<p class=\"ds-markdown-paragraph\">Czujniki: 4x 1\/2,7\u2033 RGB CMOS, 5 MP ka\u017cdy<\/p>\n<\/li>\n<li>\n<p class=\"ds-markdown-paragraph\">Obiektyw: obiektyw zmienny 3,2-8,1 mm<\/p>\n<\/li>\n<li>\n<p class=\"ds-markdown-paragraph\">O\u015bwietlenie IR: 360\u00b0 z indywidualnie sterowanymi diodami LED, zasi\u0119g 15 metr\u00f3w<\/p>\n<\/li>\n<li>\n<p class=\"ds-markdown-paragraph\">Kompresja wideo: H.264, H.265, Motion JPEG<\/p>\n<\/li>\n<li>\n<p class=\"ds-markdown-paragraph\">Sie\u0107: Gigabit Ethernet z PoE+<\/p>\n<\/li>\n<li>\n<p class=\"ds-markdown-paragraph\">Pob\u00f3r mocy: Typowo 8,8 W (podczerwie\u0144 wy\u0142\u0105czona), 13,25 W (podczerwie\u0144 w\u0142\u0105czona)<\/p>\n<\/li>\n<li>\n<p class=\"ds-markdown-paragraph\">Certyfikaty: IP66\/IP67, IK09, NEMA 4X<\/p>\n<\/li>\n<\/ul>\n<p class=\"ds-markdown-paragraph\"><strong>Funkcje analizy<\/strong><\/p>\n<ul>\n<li>\n<p class=\"ds-markdown-paragraph\">AXIS Object Analytics: wykrywanie os\u00f3b i pojazd\u00f3w<\/p>\n<\/li>\n<li>\n<p class=\"ds-markdown-paragraph\">AXIS Video Motion Detection: Wykrywanie ruchu<\/p>\n<\/li>\n<li>\n<p class=\"ds-markdown-paragraph\">Wsparcie dla aplikacji ACAP<\/p>\n<\/li>\n<li>\n<p class=\"ds-markdown-paragraph\">Ekstrakcja metadanych do zaawansowanego wyszukiwania<\/p>\n<\/li>\n<\/ul>\n<p class=\"ds-markdown-paragraph\"><strong>Opcje monta\u017cu<\/strong><\/p>\n<ul>\n<li>\n<p class=\"ds-markdown-paragraph\">Monta\u017c podtynkowy zapewniaj\u0105cy dyskretn\u0105 instalacj\u0119<\/p>\n<\/li>\n<li>\n<p class=\"ds-markdown-paragraph\">Uchwyt sufitowy zapewniaj\u0105cy pe\u0142ne pokrycie 360\u00b0<\/p>\n<\/li>\n<li>\n<p class=\"ds-markdown-paragraph\">Kompatybilny ze standardowymi gniazdkami elektrycznymi w USA<\/p>\n<\/li>\n<\/ul>\n<p class=\"ds-markdown-paragraph\">Axis P3737-PLE \u0142\u0105czy w sobie zaawansowan\u0105 technologi\u0119 wieloczujnikow\u0105 z inteligentn\u0105 analiz\u0105, tworz\u0105c kompleksowe rozwi\u0105zanie do nadzoru dla wymagaj\u0105cych \u015brodowisk, w kt\u00f3rych kluczowe znaczenie maj\u0105 zar\u00f3wno og\u00f3lny przegl\u0105d, jak i szczeg\u00f3\u0142owy zasi\u0119g.<\/p>\n<\/div>\n<\/div>\n<\/div>\n<\/div>","protected":false},"excerpt":{"rendered":"<p>Wielokierunkowa kamera z czujnikami 4x5MP dla pe\u0142nego pokrycia 360\u00b0. Wbudowane o\u015bwietlenie IR, analiza AI do wykrywania os\u00f3b i pojazd\u00f3w.<\/p>\n<p>Stopie\u0144 ochrony IP66\/IP67, IK09. Elastyczny monta\u017c do instalacji wpuszczanej i sufitowej.<\/p>","protected":false},"featured_media":160092,"template":"","meta":{"_acf_changed":false},"product_brand":[],"product_cat":[4957],"product_tag":[],"class_list":{"0":"post-160097","1":"product","2":"type-product","3":"status-publish","4":"has-post-thumbnail","6":"product_cat-axis-horn-takkameror","7":"pa_brands-axis","8":"pa_farg-vit","9":"tm-no-options","11":"first","12":"instock","13":"sale","14":"taxable","15":"shipping-taxable","16":"purchasable","17":"product-type-simple"},"acf":[],"_links":{"self":[{"href":"https:\/\/secureus.se\/pl\/wp-json\/wp\/v2\/product\/160097","targetHints":{"allow":["GET"]}}],"collection":[{"href":"https:\/\/secureus.se\/pl\/wp-json\/wp\/v2\/product"}],"about":[{"href":"https:\/\/secureus.se\/pl\/wp-json\/wp\/v2\/types\/product"}],"wp:featuredmedia":[{"embeddable":true,"href":"https:\/\/secureus.se\/pl\/wp-json\/wp\/v2\/media\/160092"}],"wp:attachment":[{"href":"https:\/\/secureus.se\/pl\/wp-json\/wp\/v2\/media?parent=160097"}],"wp:term":[{"taxonomy":"product_brand","embeddable":true,"href":"https:\/\/secureus.se\/pl\/wp-json\/wp\/v2\/product_brand?post=160097"},{"taxonomy":"product_cat","embeddable":true,"href":"https:\/\/secureus.se\/pl\/wp-json\/wp\/v2\/product_cat?post=160097"},{"taxonomy":"product_tag","embeddable":true,"href":"https:\/\/secureus.se\/pl\/wp-json\/wp\/v2\/product_tag?post=160097"}],"curies":[{"name":"wp","href":"https:\/\/api.w.org\/{rel}","templated":true}]}}