{"id":160102,"date":"2025-11-21T11:12:28","date_gmt":"2025-11-21T10:12:28","guid":{"rendered":"https:\/\/secureus.se\/?post_type=product&#038;p=160102"},"modified":"2026-04-01T12:16:08","modified_gmt":"2026-04-01T10:16:08","slug":"axis-m3086-v-m30-serien-4mp-vandalskyddad-ip-minidomkamera-med-zipstream-24-mm-fast-objektiv-ip42","status":"publish","type":"product","link":"https:\/\/secureus.se\/pl\/axis-m3086-v-m30-serien-4mp-vandalskyddad-ip-minidomkamera-med-zipstream-24-mm-fast-objektiv-ip42\/","title":{"rendered":"AXIS M3086-V M30 Series, wandaloodporna minikamera kopu\u0142kowa IP 4 MP ze strumieniem zip, obiektyw sta\u0142oogniskowy 2,4 mm, IP42"},"content":{"rendered":"<h1>AXIS M3086-V M30 Series, wandaloodporna minikamera kopu\u0142kowa IP 4 MP ze strumieniem zip, obiektyw sta\u0142oogniskowy 2,4 mm, IP42<\/h1>\n<div class=\"dad65929\">\n<div class=\"_4f9bf79 d7dc56a8 _43c05b5\">\n<div class=\"ds-message _63c77b1\">\n<div class=\"ds-markdown\">\n<p class=\"ds-markdown-paragraph\"><strong>Przegl\u0105d produktu<\/strong><\/p>\n<p class=\"ds-markdown-paragraph\">Axis M3086-V to ekonomiczna, 4-megapikselowa kamera kopu\u0142kowa, kt\u00f3ra \u0142\u0105czy zaawansowan\u0105 technologi\u0119 obrazowania z inteligentn\u0105 analiz\u0105 AI, umo\u017cliwiaj\u0105c profesjonalny nadz\u00f3r wewn\u0119trzny.<\/p>\n<p class=\"ds-markdown-paragraph\">Dzi\u0119ki kompaktowej i odpornej na akty wandalizmu konstrukcji kamera idealnie nadaje si\u0119 do sklep\u00f3w, biur i miejsc publicznych, gdzie wymagany jest dyskretny i niezawodny nadz\u00f3r.<\/p>\n<p class=\"ds-markdown-paragraph\"><strong>Wyj\u0105tkowa jako\u015b\u0107 obrazu w ka\u017cdych warunkach o\u015bwietleniowych<\/strong><br \/>\nKamera oferuje rozdzielczo\u015b\u0107 4 MP i szeroki k\u0105t widzenia 130\u00b0, co zapewnia szeroki zakres pokrycia bez martwych punkt\u00f3w.<\/p>\n<p class=\"ds-markdown-paragraph\">Dzi\u0119ki technologii Axis Lightfinder kamera zapewnia ostre obrazy kolorowe nawet przy s\u0142abym o\u015bwietleniu, a szeroki zakres dynamiki (WDR) gwarantuje optymaln\u0105 jako\u015b\u0107 obrazu w sytuacjach o silnym kontra\u015bcie \u015bwietlnym. Kamera jest fabrycznie ustawiana ostro\u015bci i nie wymaga r\u0119cznej regulacji.<\/p>\n<p class=\"ds-markdown-paragraph\"><strong>Inteligentna analiza z g\u0142\u0119bokim uczeniem<\/strong><br \/>\nDzi\u0119ki dedykowanej jednostce przetwarzania g\u0142\u0119bokiego uczenia kamera umo\u017cliwia zaawansowan\u0105 analiz\u0119 AI bezpo\u015brednio w kamerze.<\/p>\n<p class=\"ds-markdown-paragraph\">AXIS Object Analytics jest preinstalowanym rozwi\u0105zaniem, kt\u00f3re umo\u017cliwia wykrywanie i klasyfikowanie os\u00f3b, pojazd\u00f3w oraz typ\u00f3w pojazd\u00f3w w czasie rzeczywistym.<\/p>\n<p class=\"ds-markdown-paragraph\">Kamera obs\u0142uguje r\u00f3wnie\u017c technologi\u0119 AXIS Audio Analytics (w wersji z mikrofonem) umo\u017cliwiaj\u0105c\u0105 wykrywanie i klasyfikowanie d\u017awi\u0119ku.<\/p>\n<p class=\"ds-markdown-paragraph\"><strong>Solidna i bezpieczna konstrukcja<\/strong><br \/>\nDzi\u0119ki ochronie IP42 przed kurzem i kapi\u0105c\u0105 wod\u0105 oraz zabezpieczeniu przed aktami wandalizmu IK08 kamera nadaje si\u0119 do pracy w wymagaj\u0105cych warunkach.<\/p>\n<p class=\"ds-markdown-paragraph\">Kompaktowa konstrukcja z mocowaniem bagnetowym sprawia, \u017ce instalacja jest szybka i \u0142atwa. Axis Edge Vault zapewnia cyberbezpiecze\u0144stwo dzi\u0119ki szyfrowaniu sprz\u0119towemu i ochronie przed nieautoryzowanym dost\u0119pem.<\/p>\n<p class=\"ds-markdown-paragraph\"><strong>Informacje techniczne<\/strong><\/p>\n<ul>\n<li>\n<p class=\"ds-markdown-paragraph\">Czujnik: 1\/2,7\u2033 RGB CMOS, 4 MP<\/p>\n<\/li>\n<li>\n<p class=\"ds-markdown-paragraph\">Obiektyw: obiektyw sta\u0142oogniskowy 2,4 mm, F2.1<\/p>\n<\/li>\n<li>\n<p class=\"ds-markdown-paragraph\">Pole widzenia: 130\u00b0 w poziomie, 93\u00b0 w pionie<\/p>\n<\/li>\n<li>\n<p class=\"ds-markdown-paragraph\">Czu\u0142o\u015b\u0107 na \u015bwiat\u0142o: 0,19 luksa w kolorze z Lightfinderem<\/p>\n<\/li>\n<li>\n<p class=\"ds-markdown-paragraph\">Kompresja wideo: H.264, H.265, Motion JPEG<\/p>\n<\/li>\n<li>\n<p class=\"ds-markdown-paragraph\">Szybko\u015b\u0107 klatek: 25\/30 klatek na sekund\u0119<\/p>\n<\/li>\n<li>\n<p class=\"ds-markdown-paragraph\">Sie\u0107: Power over Ethernet (PoE)<\/p>\n<\/li>\n<li>\n<p class=\"ds-markdown-paragraph\">Pami\u0119\u0107 masowa: karta microSD i NAS<\/p>\n<\/li>\n<li>\n<p class=\"ds-markdown-paragraph\">Pob\u00f3r mocy: Typowo 3,6 W<\/p>\n<\/li>\n<li>\n<p class=\"ds-markdown-paragraph\">Certyfikaty: IP42, IK08<\/p>\n<\/li>\n<\/ul>\n<p class=\"ds-markdown-paragraph\"><strong>Funkcje analizy<\/strong><\/p>\n<ul>\n<li>\n<p class=\"ds-markdown-paragraph\">AXIS Object Analytics: wykrywanie os\u00f3b i pojazd\u00f3w<\/p>\n<\/li>\n<li>\n<p class=\"ds-markdown-paragraph\">Metadane sceny AXIS: Zaawansowana ekstrakcja metadanych<\/p>\n<\/li>\n<li>\n<p class=\"ds-markdown-paragraph\">AXIS Audio Analytics: wykrywanie i klasyfikacja d\u017awi\u0119ku (wariant mikrofonowy)<\/p>\n<\/li>\n<li>\n<p class=\"ds-markdown-paragraph\">AXIS Video Motion Detection: Wykrywanie ruchu<\/p>\n<\/li>\n<li>\n<p class=\"ds-markdown-paragraph\">AXIS Live Privacy Shield: Ochrona prywatno\u015bci<\/p>\n<\/li>\n<li>\n<p class=\"ds-markdown-paragraph\">Wsparcie dla aplikacji ACAP<\/p>\n<\/li>\n<\/ul>\n<p class=\"ds-markdown-paragraph\"><strong>Monta\u017c i akcesoria<\/strong><br \/>\nKompaktowa konstrukcja kamery i mocowanie bagnetowe umo\u017cliwiaj\u0105 szybk\u0105 i \u0142atw\u0105 instalacj\u0119.<\/p>\n<p class=\"ds-markdown-paragraph\">Oferuje szerok\u0105 gam\u0119 akcesori\u00f3w monta\u017cowych, kt\u00f3re umo\u017cliwiaj\u0105 elastyczne umiejscowienie urz\u0105dzenia. Mo\u017cna go uzupe\u0142ni\u0107 o akcesoria audio i wej\u015bcia\/wyj\u015bcia w celu rozszerzenia funkcjonalno\u015bci.<\/p>\n<p class=\"ds-markdown-paragraph\">Kamera Axis M3086-V \u0142\u0105czy w sobie zaawansowan\u0105 technologi\u0119 obrazowania z inteligentn\u0105 analiz\u0105, tworz\u0105c ekonomiczne rozwi\u0105zanie do nadzoru w nowoczesnych \u015brodowiskach wewn\u0119trznych.<\/p>\n<p class=\"ds-markdown-paragraph\">Dzi\u0119ki odpornej na akty wandalizmu konstrukcji i rozbudowanym mo\u017cliwo\u015bciom analizy kamera oferuje niezawodno\u015b\u0107 i zaawansowan\u0105 funkcjonalno\u015b\u0107 dla potrzeb profesjonalnego monitoringu.<\/p>\n<\/div>\n<\/div>\n<div class=\"ds-theme\"><\/div>\n<\/div>\n<\/div>","protected":false},"excerpt":{"rendered":"<p>Ekonomiczna wewn\u0119trzna kamera kopu\u0142kowa o rozdzielczo\u015bci 4 MP i szerokim k\u0105cie widzenia 130\u00b0. WDR i Lightfinder zapewniaj\u0105 dobry obraz w ka\u017cdych warunkach o\u015bwietleniowych.<\/p>\n<p>Analiza AI do wykrywania os\u00f3b i pojazd\u00f3w. Wandaloodporno\u015b\u0107 (IK08), \u0142atwa instalacja dzi\u0119ki PoE.<\/p>\n<p>Idealny do sklep\u00f3w i biur.<\/p>","protected":false},"featured_media":160098,"template":"","meta":{"_acf_changed":false},"product_brand":[],"product_cat":[4950],"product_tag":[],"class_list":{"0":"post-160102","1":"product","2":"type-product","3":"status-publish","4":"has-post-thumbnail","6":"product_cat-axis-domekameror","7":"pa_brands-axis","8":"pa_farg-vit","9":"tm-no-options","11":"first","12":"onbackorder","13":"sale","14":"taxable","15":"shipping-taxable","16":"purchasable","17":"product-type-simple"},"acf":[],"_links":{"self":[{"href":"https:\/\/secureus.se\/pl\/wp-json\/wp\/v2\/product\/160102","targetHints":{"allow":["GET"]}}],"collection":[{"href":"https:\/\/secureus.se\/pl\/wp-json\/wp\/v2\/product"}],"about":[{"href":"https:\/\/secureus.se\/pl\/wp-json\/wp\/v2\/types\/product"}],"wp:featuredmedia":[{"embeddable":true,"href":"https:\/\/secureus.se\/pl\/wp-json\/wp\/v2\/media\/160098"}],"wp:attachment":[{"href":"https:\/\/secureus.se\/pl\/wp-json\/wp\/v2\/media?parent=160102"}],"wp:term":[{"taxonomy":"product_brand","embeddable":true,"href":"https:\/\/secureus.se\/pl\/wp-json\/wp\/v2\/product_brand?post=160102"},{"taxonomy":"product_cat","embeddable":true,"href":"https:\/\/secureus.se\/pl\/wp-json\/wp\/v2\/product_cat?post=160102"},{"taxonomy":"product_tag","embeddable":true,"href":"https:\/\/secureus.se\/pl\/wp-json\/wp\/v2\/product_tag?post=160102"}],"curies":[{"name":"wp","href":"https:\/\/api.w.org\/{rel}","templated":true}]}}