{"id":160128,"date":"2025-11-21T11:12:29","date_gmt":"2025-11-21T10:12:29","guid":{"rendered":"https:\/\/secureus.se\/?post_type=product&#038;p=160128"},"modified":"2026-04-23T13:01:50","modified_gmt":"2026-04-23T11:01:50","slug":"axis-m3215-lve-m32-serien-2mp-zipstream-ip-dome-kamera-med-dlpu-28-mm-fast-objektiv-ir-30m-ip66-ersatter-m3205-lve","status":"publish","type":"product","link":"https:\/\/secureus.se\/pl\/axis-m3215-lve-m32-serien-2mp-zipstream-ip-dome-kamera-med-dlpu-28-mm-fast-objektiv-ir-30m-ip66-ersatter-m3205-lve\/","title":{"rendered":"AXIS M3215-LVE M32 Series, 2 MP kamera kopu\u0142kowa IP Zipstream z DLPU, obiektyw sta\u0142oogniskowy 2,8 mm, IR 30M, IP66 (zast\u0119puje M3205-LVE)"},"content":{"rendered":"<h1>Kamera kopu\u0142kowa IP Zipstream AXIS M3215-LVE serii M32 o rozdzielczo\u015bci 2 MP z procesorem DLPU, obiektywem sta\u0142oogniskowym 2,8 mm, podczerwieni\u0105 30 M, IP66<\/h1>\n<div class=\"dad65929\">\n<div class=\"_4f9bf79 d7dc56a8 _43c05b5\">\n<div class=\"ds-message _63c77b1\">\n<div class=\"ds-markdown\">\n<p class=\"ds-markdown-paragraph\">AXIS M3215-LVE to ekonomiczna kamera kopu\u0142kowa o rozdzielczo\u015bci 2 MP, kt\u00f3ra \u0142\u0105czy niezawodn\u0105 wydajno\u015b\u0107 z zaawansowanymi funkcjami do nadzoru zar\u00f3wno wewn\u0105trz, jak i na zewn\u0105trz budynk\u00f3w.<\/p>\n<p class=\"ds-markdown-paragraph\">Dzi\u0119ki sta\u0142emu obiektywowi 2,8 mm i przetwornikowi CMOS RGB 1\/2,9\u2033 kamera zapewnia ostre obrazy 1080p z pr\u0119dko\u015bci\u0105 do 30 klatek na sekund\u0119.<\/p>\n<p class=\"ds-markdown-paragraph\">Kamer\u0119 wyposa\u017cono w sprawdzon\u0105 technologi\u0119 obrazowania firmy Axis, obejmuj\u0105c\u0105 funkcj\u0119 Lightfinder zapewniaj\u0105c\u0105 wyj\u0105tkow\u0105 jako\u015b\u0107 obrazu przy s\u0142abym o\u015bwietleniu, funkcj\u0119 Forensic WDR zapewniaj\u0105c\u0105 szczeg\u00f3\u0142owe obrazy w scenach o wysokim kontra\u015bcie oraz funkcj\u0119 OptimizedIR z o\u015bwietleniem podczerwonym o zasi\u0119gu do 30 metr\u00f3w.<\/p>\n<p class=\"ds-markdown-paragraph\">Gwarantuje to niezawodny monitoring 24 godziny na dob\u0119, 7 dni w tygodniu, bez wzgl\u0119du na warunki o\u015bwietleniowe.<\/p>\n<p class=\"ds-markdown-paragraph\">Zbudowana na procesorze ARTPEC-8 z dedykowan\u0105 jednostk\u0105 przetwarzania g\u0142\u0119bokiego uczenia (DLPU), kamera umo\u017cliwia zaawansowan\u0105 analiz\u0119 AI bezpo\u015brednio w kamerze.<\/p>\n<p class=\"ds-markdown-paragraph\">Dzi\u0119ki AXIS Object Analytics mo\u017cliwe jest automatyczne wykrywanie i klasyfikowanie os\u00f3b, pojazd\u00f3w i r\u00f3\u017cnych typ\u00f3w pojazd\u00f3w, a tak\u017ce obs\u0142uga takich scenariuszy, jak przekraczanie linii i nadz\u00f3r obszaru.<\/p>\n<p class=\"ds-markdown-paragraph\">Dzi\u0119ki solidnej ochronie IP66 i IK10 kamera jest w stanie wytrzyma\u0107 trudne warunki pogodowe i obci\u0105\u017cenia fizyczne.<\/p>\n<p class=\"ds-markdown-paragraph\">Wbudowane funkcje cyberbezpiecze\u0144stwa obejmuj\u0105 platform\u0119 Axis Edge Vault umo\u017cliwiaj\u0105c\u0105 bezpieczne przechowywanie kluczy kryptograficznych, bezpieczny rozruch i szyfrowany system plik\u00f3w.<\/p>\n<p class=\"ds-markdown-paragraph\"><strong>G\u0142\u00f3wne cechy techniczne:<\/strong><\/p>\n<ul>\n<li>\n<p class=\"ds-markdown-paragraph\">Czujnik CMOS RGB 2 MP ze sta\u0142ym obiektywem 2,8 mm<\/p>\n<\/li>\n<li>\n<p class=\"ds-markdown-paragraph\">Lightfinder, Forensic WDR i OptimizedIR z o\u015bwietleniem IR o zasi\u0119gu 30 metr\u00f3w<\/p>\n<\/li>\n<li>\n<p class=\"ds-markdown-paragraph\">Procesor ARTPEC-8 z jednostk\u0105 przetwarzania g\u0142\u0119bokiego uczenia (DLPU)<\/p>\n<\/li>\n<li>\n<p class=\"ds-markdown-paragraph\">AXIS Object Analytics z klasyfikacj\u0105 os\u00f3b i pojazd\u00f3w<\/p>\n<\/li>\n<li>\n<p class=\"ds-markdown-paragraph\">Stopie\u0144 ochrony IP66 i IK10 do u\u017cytku na zewn\u0105trz<\/p>\n<\/li>\n<li>\n<p class=\"ds-markdown-paragraph\">Axis Edge Vault dla zaawansowanego cyberbezpiecze\u0144stwa<\/p>\n<\/li>\n<li>\n<p class=\"ds-markdown-paragraph\">Obs\u0142uga kompresji H.264\/H.265 z technologi\u0105 Axis Zipstream<\/p>\n<\/li>\n<li>\n<p class=\"ds-markdown-paragraph\">Obs\u0142uga PoE (IEEE 802.3af\/at) dla \u0142atwej instalacji<\/p>\n<\/li>\n<li>\n<p class=\"ds-markdown-paragraph\">5-letnia gwarancja<\/p>\n<\/li>\n<\/ul>\n<p class=\"ds-markdown-paragraph\">Kamera AXIS M3215-LVE to doskona\u0142y wyb\u00f3r w przypadku instalacji o ograniczonym bud\u017cecie, w kt\u00f3rych wymagana jest niezawodna jako\u015b\u0107 obrazu, inteligentna analiza i solidna ochrona zar\u00f3wno wewn\u0105trz, jak i na zewn\u0105trz budynk\u00f3w.<\/p>\n<\/div>\n<\/div>\n<\/div>\n<\/div>","protected":false},"excerpt":{"rendered":"<p>Lightfinder, Forensic WDR i OptimisedIR z 30-metrowym pod\u015bwietleniem IR zapewniaj\u0105 doskona\u0142\u0105 jako\u015b\u0107 obrazu w ka\u017cdych warunkach o\u015bwietleniowych. Kamera ma stopie\u0144 ochrony IP66 do u\u017cytku na zewn\u0105trz i wbudowane zabezpieczenia cybernetyczne.<\/p>","protected":false},"featured_media":160125,"template":"","meta":{"_acf_changed":false},"product_brand":[],"product_cat":[4950],"product_tag":[],"class_list":{"0":"post-160128","1":"product","2":"type-product","3":"status-publish","4":"has-post-thumbnail","6":"product_cat-axis-domekameror","7":"pa_brands-axis","8":"pa_farg-vit","9":"tm-no-options","11":"first","12":"onbackorder","13":"sale","14":"taxable","15":"shipping-taxable","16":"purchasable","17":"product-type-simple"},"acf":[],"_links":{"self":[{"href":"https:\/\/secureus.se\/pl\/wp-json\/wp\/v2\/product\/160128","targetHints":{"allow":["GET"]}}],"collection":[{"href":"https:\/\/secureus.se\/pl\/wp-json\/wp\/v2\/product"}],"about":[{"href":"https:\/\/secureus.se\/pl\/wp-json\/wp\/v2\/types\/product"}],"wp:featuredmedia":[{"embeddable":true,"href":"https:\/\/secureus.se\/pl\/wp-json\/wp\/v2\/media\/160125"}],"wp:attachment":[{"href":"https:\/\/secureus.se\/pl\/wp-json\/wp\/v2\/media?parent=160128"}],"wp:term":[{"taxonomy":"product_brand","embeddable":true,"href":"https:\/\/secureus.se\/pl\/wp-json\/wp\/v2\/product_brand?post=160128"},{"taxonomy":"product_cat","embeddable":true,"href":"https:\/\/secureus.se\/pl\/wp-json\/wp\/v2\/product_cat?post=160128"},{"taxonomy":"product_tag","embeddable":true,"href":"https:\/\/secureus.se\/pl\/wp-json\/wp\/v2\/product_tag?post=160128"}],"curies":[{"name":"wp","href":"https:\/\/api.w.org\/{rel}","templated":true}]}}