{"id":160137,"date":"2025-11-21T11:12:29","date_gmt":"2025-11-21T10:12:29","guid":{"rendered":"https:\/\/secureus.se\/?post_type=product&#038;p=160137"},"modified":"2026-04-01T12:15:32","modified_gmt":"2026-04-01T10:15:32","slug":"axis-p1465-le-p14-serien-2mp-zipstream-ip-bullet-kamera-29-mm-objektiv-ir-80m-ip67-vit","status":"publish","type":"product","link":"https:\/\/secureus.se\/pl\/axis-p1465-le-p14-serien-2mp-zipstream-ip-bullet-kamera-29-mm-objektiv-ir-80m-ip67-vit\/","title":{"rendered":"AXIS P1465-LE P14 Series, 2MP Zipstream IP Bullet Camera, obiektyw 29mm, IR 80M, IP67, bia\u0142a"},"content":{"rendered":"<h1>AXIS P1465-LE P14 Series, 2MP Zipstream IP Bullet Camera, obiektyw 29mm, IR 80M, IP67, bia\u0142a<\/h1>\n<h3 class=\"TypographyStyle--11lquxl jakscM titleText\" data-test-selector=\"OverviewTitle\">Przegl\u0105d produktu<\/h3>\n<div class=\"sc-bczRLJ eJpGGI\">\n<div class=\"headernamehrnone\">Ta w pe\u0142ni funkcjonalna kamera zapewnia doskona\u0142\u0105 jako\u015b\u0107 obrazu w ka\u017cdych warunkach o\u015bwietleniowych. Ma rozdzielczo\u015b\u0107 2 MP i pr\u0119dko\u015b\u0107 do 60 kl.\/s.<\/div>\n<div><\/div>\n<div class=\"headernamehrnone\">Dzi\u0119ki technologiom Lightfinder 2.0 i Forensic WDR urz\u0105dzenie to zapewnia realistyczne kolory i \u015bwietne szczeg\u00f3\u0142y w trudnych warunkach o\u015bwietleniowych lub niemal ca\u0142kowitej ciemno\u015bci.<\/div>\n<div><\/div>\n<div class=\"headernamehrnone\">OptimizedIR umo\u017cliwia nadz\u00f3r w ca\u0142kowitej ciemno\u015bci w promieniu do 40 m (131 st\u00f3p) bez konieczno\u015bci stosowania dodatkowego o\u015bwietlenia.<\/div>\n<div><\/div>\n<div class=\"headernamehrnone\">Funkcja ekspozycji dostosowuj\u0105ca si\u0119 do ruchu zmniejsza rozmycie spowodowane zbli\u017caniem si\u0119 lub zbli\u017caniem obiekt\u00f3w.<\/div>\n<div><\/div>\n<div class=\"headernamehrnone\">Kamera jest dost\u0119pna w dw\u00f3ch wariantach z r\u00f3\u017cnymi obiektywami: obiektywem szerokok\u0105tnym 9 mm do monitorowania du\u017cych obszar\u00f3w i teleobiektywem 29 mm do monitorowania z wi\u0119kszej odleg\u0142o\u015bci.<\/div>\n<div><\/div>\n<div class=\"headernamehrnone\">Ta kamera o wysokiej wydajno\u015bci zbudowana jest na bazie ARTPEC-8 i wyposa\u017cona jest w jednostk\u0119 DLPU (Deep Learning Processing Unit).<\/div>\n<div><\/div>\n<div class=\"headernamehrnone\">Dzi\u0119ki temu mo\u017cliwe jest udoskonalenie mo\u017cliwo\u015bci przetwarzania i przechowywania danych, co pozwala na zbieranie i analizowanie jeszcze wi\u0119kszej ilo\u015bci danych ni\u017c dotychczas \u2013 na brzegu sieci.<\/div>\n<div><\/div>\n<div class=\"headernamehrnone\">Dzi\u0119ki AXIS Object Analytics mo\u017cliwe jest wykrywanie i klasyfikowanie os\u00f3b, pojazd\u00f3w i typ\u00f3w pojazd\u00f3w \u2013 wszystko dostosowane do Twoich konkretnych potrzeb.<\/div>\n<div><\/div>\n<div class=\"headernamehrnone\">Dzi\u0119ki technologii edge-to-edge mo\u017cna go pod\u0142\u0105czy\u0107 do g\u0142o\u015bnika sieciowego Axis, aby uzyska\u0107 dwukierunkow\u0105 transmisj\u0119 d\u017awi\u0119ku.<\/div>\n<div><\/div>\n<div class=\"headernamehrnone\">Ponadto mo\u017ce by\u0107 zasilany pr\u0105dem sta\u0142ym i PoE.<\/div>\n<div><\/div>\n<div class=\"headernamehrnone\">Nawet je\u015bli nast\u0105pi przerwa w dostawie pr\u0105du, zapasowe zasilanie pr\u0105dem sta\u0142ym gwarantuje niezawodne zasilanie i chroni Twoje dane.<\/div>\n<div><\/div>\n<div class=\"headernamehrnone\">Kamera AXIS P1465-LE ma wbudowane funkcje cyberbezpiecze\u0144stwa, kt\u00f3re pomagaj\u0105 zapobiega\u0107 nieautoryzowanemu dost\u0119powi i chroni\u0107 system.<\/div>\n<div><\/div>\n<div class=\"headernamehrnone\">Axis Edge Vault chroni identyfikator urz\u0105dzenia Axis i upraszcza autoryzacj\u0119 produkt\u00f3w Axis w sieci.<\/div>\n<div><\/div>\n<div class=\"headernamehrnone\">Ponadto podpisane oprogramowanie sprz\u0119towe i bezpieczny rozruch gwarantuj\u0105, \u017ce oprogramowanie sprz\u0119towe nie zosta\u0142o naruszone i \u017ce instalowane jest wy\u0142\u0105cznie autoryzowane oprogramowanie sprz\u0119towe.<\/div>\n<div><\/div>\n<div class=\"headernamehrnone\">A je\u015bli zajdzie taka potrzeba, funkcja bezpiecznego rozruchu gwarantuje, \u017ce kamera b\u0119dzie ca\u0142kowicie wolna od z\u0142o\u015bliwego oprogramowania, nawet po przywr\u00f3ceniu ustawie\u0144 fabrycznych.<\/div>\n<div><\/div>\n<div class=\"headernamehrnone\">Ponadto ta wytrzyma\u0142a, gotowa do monta\u017cu na zewn\u0105trz kamera o stopniu ochrony IP66\/67, NEMA 4X i IK10 jest zabezpieczona przed kurzem, deszczem, \u015bniegiem i wstrz\u0105sami, a tak\u017ce wytrzymuje wiatr o pr\u0119dko\u015bci do 50 m\/s.<\/div>\n<div><\/div>\n<div class=\"row headername\">\n<div class=\"item-header rd-hyg-item-header\"><strong>G\u0142\u00f3wne cechy<\/strong><\/div>\n<div class=\"row\">\n<ul>\n<li>Lightfinder 2.0, Forensic WDR, zoptymalizowany IR<\/li>\n<li>Analiza z wykorzystaniem g\u0142\u0119bokiego uczenia<\/li>\n<li>Po\u0142\u0105czenia audio i wej\u015bcia\/wyj\u015bcia<\/li>\n<li>Wbudowane funkcje cyberbezpiecze\u0144stwa<\/li>\n<li>Dwie alternatywne soczewki<\/li>\n<\/ul>\n<\/div>\n<\/div>\n<div>\n<div class=\"row headername non-etl-overview\"><\/div>\n<\/div>\n<\/div>\n<div class=\"sc-bczRLJ fySwpa\">\n<div class=\"sc-bczRLJ kEeNDb\"><\/div>\n<\/div>","protected":false},"excerpt":{"rendered":"<p>AXIS P1465-LE P14 Series, 2MP Zipstream IP Bullet Camera, obiektyw 29mm, IR 80M, IP67, bia\u0142a<\/p>","protected":false},"featured_media":160134,"template":"","meta":{"_acf_changed":false},"product_brand":[],"product_cat":[4949],"product_tag":[],"class_list":{"0":"post-160137","1":"product","2":"type-product","3":"status-publish","4":"has-post-thumbnail","6":"product_cat-axis-bulletkameror","7":"pa_brands-axis","8":"pa_farg-vit","9":"tm-no-options","11":"first","12":"onbackorder","13":"sale","14":"taxable","15":"shipping-taxable","16":"purchasable","17":"product-type-simple"},"acf":[],"_links":{"self":[{"href":"https:\/\/secureus.se\/pl\/wp-json\/wp\/v2\/product\/160137","targetHints":{"allow":["GET"]}}],"collection":[{"href":"https:\/\/secureus.se\/pl\/wp-json\/wp\/v2\/product"}],"about":[{"href":"https:\/\/secureus.se\/pl\/wp-json\/wp\/v2\/types\/product"}],"wp:featuredmedia":[{"embeddable":true,"href":"https:\/\/secureus.se\/pl\/wp-json\/wp\/v2\/media\/160134"}],"wp:attachment":[{"href":"https:\/\/secureus.se\/pl\/wp-json\/wp\/v2\/media?parent=160137"}],"wp:term":[{"taxonomy":"product_brand","embeddable":true,"href":"https:\/\/secureus.se\/pl\/wp-json\/wp\/v2\/product_brand?post=160137"},{"taxonomy":"product_cat","embeddable":true,"href":"https:\/\/secureus.se\/pl\/wp-json\/wp\/v2\/product_cat?post=160137"},{"taxonomy":"product_tag","embeddable":true,"href":"https:\/\/secureus.se\/pl\/wp-json\/wp\/v2\/product_tag?post=160137"}],"curies":[{"name":"wp","href":"https:\/\/api.w.org\/{rel}","templated":true}]}}