{"id":160146,"date":"2025-11-21T11:12:30","date_gmt":"2025-11-21T10:12:30","guid":{"rendered":"https:\/\/secureus.se\/?post_type=product&#038;p=160146"},"modified":"2026-04-01T12:18:56","modified_gmt":"2026-04-01T10:18:56","slug":"axis-p1455-le-p14-serien-wdr-ip66-2mp-9mm-ip-bulletkamera-med-fast-objektiv-vit","status":"publish","type":"product","link":"https:\/\/secureus.se\/pl\/axis-p1455-le-p14-serien-wdr-ip66-2mp-9mm-ip-bulletkamera-med-fast-objektiv-vit\/","title":{"rendered":"Kamera IP typu bullet AXIS P1455-LE serii P14, WDR IP66, 2 MP, 9 mm, z obiektywem sta\u0142oogniskowym, bia\u0142a"},"content":{"rendered":"<div class=\"sc-bczRLJ gTFQwC\">\n<div class=\"sc-bczRLJ eJpGGI\">\n<div class=\"row headername\">\n<div class=\"row\">\n<h1>Kamera IP typu bullet AXIS P1455-LE serii P14, WDR IP66, 2 MP, 9 mm, z obiektywem sta\u0142oogniskowym, bia\u0142a<\/h1>\n<p class=\"ds-markdown-paragraph\">AXIS P1455-LE to bogato wyposa\u017cona kamera 2 MP typu bullet, kt\u00f3ra zapewnia wyj\u0105tkow\u0105 jako\u015b\u0107 obrazu w rozdzielczo\u015bci HDTV 1080p z szybko\u015bci\u0105 do 60 klatek na sekund\u0119.<\/p>\n<p class=\"ds-markdown-paragraph\">Dzi\u0119ki sta\u0142emu obiektywowi 9 mm kamera zapewnia optymalne pole widzenia do monitorowania obszar\u00f3w \u015bredniej wielko\u015bci.<\/p>\n<p class=\"ds-markdown-paragraph\">Kamera jest wyposa\u017cona w zaawansowan\u0105 technologi\u0119 obrazowania firmy Axis, obejmuj\u0105c\u0105 funkcj\u0119 Lightfinder 2.0 zapewniaj\u0105c\u0105 naturalne kolory przy s\u0142abym o\u015bwietleniu oraz funkcj\u0119 Forensic WDR z zakresem dynamiki do 120 dB, kt\u00f3ra pozwala uzyska\u0107 szczeg\u00f3\u0142owe obrazy w scenach o wysokim kontra\u015bcie.<\/p>\n<p class=\"ds-markdown-paragraph\">Kamera oparta jest na procesorze ARTPEC-7 z jednostk\u0105 przetwarzania uczenia maszynowego (MLPU), kt\u00f3ra umo\u017cliwia inteligentn\u0105 analiz\u0119 bezpo\u015brednio w kamerze.<\/p>\n<p class=\"ds-markdown-paragraph\">Dzi\u0119ki AXIS Object Analytics system mo\u017ce automatycznie wykrywa\u0107 i klasyfikowa\u0107 zar\u00f3wno ludzi, jak i pojazdy.<\/p>\n<p class=\"ds-markdown-paragraph\">Obs\u0142uguje do 10 r\u00f3wnoleg\u0142ych scenariuszy analizy, w tym przekroczenie linii i wej\u015bcie w zakres.<\/p>\n<p class=\"ds-markdown-paragraph\">Do obserwacji w ciemno\u015bci kamera oferuje technologi\u0119 OptimizedIR z wydajnymi diodami LED 850 nm, kt\u00f3re zapewniaj\u0105 zasi\u0119g do 40 metr\u00f3w.<\/p>\n<p class=\"ds-markdown-paragraph\">Ekspozycja adaptacyjna do ruchu minimalizuje rozmycie spowodowane przez mijaj\u0105ce obiekty, zapewniaj\u0105c ostry obraz nawet podczas szybkiego ruchu. Inteligentna technologia edge-to-edge umo\u017cliwia \u0142atw\u0105 integracj\u0119 z g\u0142o\u015bnikami sieciowymi Axis, umo\u017cliwiaj\u0105c dwukierunkow\u0105 komunikacj\u0119.<\/p>\n<p class=\"ds-markdown-paragraph\">Dzi\u0119ki solidnej ochronie IP66\/IP67 i IK10 kamera jest w stanie wytrzyma\u0107 trudne warunki pogodowe i obci\u0105\u017cenia fizyczne.<\/p>\n<p class=\"ds-markdown-paragraph\">Wbudowane funkcje cyberbezpiecze\u0144stwa obejmuj\u0105 Axis Edge Vault do bezpiecznego uwierzytelniania urz\u0105dze\u0144 i szyfrowanego przechowywania danych. Kamera obs\u0142uguje zar\u00f3wno zasilanie PoE, jak i karty microSD, co zapewnia elastyczno\u015b\u0107 instalacji i przechowywania.<\/p>\n<p class=\"ds-markdown-paragraph\"><strong>G\u0142\u00f3wne cechy techniczne:<\/strong><\/p>\n<ul>\n<li>\n<p class=\"ds-markdown-paragraph\">Czujnik 2MP z obiektywem sta\u0142ym 9 mm<\/p>\n<\/li>\n<li>\n<p class=\"ds-markdown-paragraph\">Lightfinder 2.0 i Forensic WDR do 120 dB<\/p>\n<\/li>\n<li>\n<p class=\"ds-markdown-paragraph\">Zoptymalizowany system IR z o\u015bwietleniem IR do 40 metr\u00f3w<\/p>\n<\/li>\n<li>\n<p class=\"ds-markdown-paragraph\">Procesor ARTPEC-7 z jednostk\u0105 przetwarzania uczenia maszynowego<\/p>\n<\/li>\n<li>\n<p class=\"ds-markdown-paragraph\">AXIS Object Analytics dla ludzi i pojazd\u00f3w<\/p>\n<\/li>\n<li>\n<p class=\"ds-markdown-paragraph\">Stopie\u0144 ochrony IP66\/IP67 i IK10 do u\u017cytku na zewn\u0105trz<\/p>\n<\/li>\n<li>\n<p class=\"ds-markdown-paragraph\">Axis Edge Vault dla zaawansowanego cyberbezpiecze\u0144stwa<\/p>\n<\/li>\n<li>\n<p class=\"ds-markdown-paragraph\">Obs\u0142uga H.264\/H.265 z technologi\u0105 Axis Zipstream<\/p>\n<\/li>\n<li>\n<p class=\"ds-markdown-paragraph\">Obs\u0142uga PoE (IEEE 802.3af\/at) dla \u0142atwej instalacji<\/p>\n<\/li>\n<li>\n<p class=\"ds-markdown-paragraph\">5-letnia gwarancja<\/p>\n<\/li>\n<\/ul>\n<p class=\"ds-markdown-paragraph\">AXIS P1455-LE to doskona\u0142y wyb\u00f3r w przypadku wymagaj\u0105cych zastosowa\u0144 w zakresie nadzoru, w kt\u00f3rych wysoka jako\u015b\u0107 obrazu, inteligentna analiza i solidna konstrukcja s\u0105 kluczowe dla wydajnego i bezpiecznego rozwi\u0105zania.<\/p>\n<\/div>\n<\/div>\n<div>\n<div class=\"row headername non-etl-overview\"><\/div>\n<\/div>\n<\/div>\n<\/div>","protected":false},"excerpt":{"rendered":"<p>AXIS P1455-LE to wszechstronna kamera typu bullet o rozdzielczo\u015bci 2 MP z obiektywem sta\u0142oogniskowym 9 mm.<\/p>\n<p>Dzi\u0119ki funkcjom Lightfinder 2.0, Forensic WDR i o\u015bwietleniu IR do 40 m kamera gwarantuje doskona\u0142\u0105 jako\u015b\u0107 obrazu w ka\u017cdych warunkach o\u015bwietleniowych.<\/p>\n<p>Kamera wyposa\u017cona jest w analityk\u0119 AI i ochron\u0119 IP66\/IP67, co umo\u017cliwia niezawodny monitoring zewn\u0119trzny.<\/p>","protected":false},"featured_media":160145,"template":"","meta":{"_acf_changed":false},"product_brand":[],"product_cat":[4949],"product_tag":[],"class_list":{"0":"post-160146","1":"product","2":"type-product","3":"status-publish","4":"has-post-thumbnail","6":"product_cat-axis-bulletkameror","7":"pa_brands-axis","8":"pa_farg-vit","9":"tm-no-options","11":"first","12":"onbackorder","13":"sale","14":"taxable","15":"shipping-taxable","16":"purchasable","17":"product-type-simple"},"acf":[],"_links":{"self":[{"href":"https:\/\/secureus.se\/pl\/wp-json\/wp\/v2\/product\/160146","targetHints":{"allow":["GET"]}}],"collection":[{"href":"https:\/\/secureus.se\/pl\/wp-json\/wp\/v2\/product"}],"about":[{"href":"https:\/\/secureus.se\/pl\/wp-json\/wp\/v2\/types\/product"}],"wp:featuredmedia":[{"embeddable":true,"href":"https:\/\/secureus.se\/pl\/wp-json\/wp\/v2\/media\/160145"}],"wp:attachment":[{"href":"https:\/\/secureus.se\/pl\/wp-json\/wp\/v2\/media?parent=160146"}],"wp:term":[{"taxonomy":"product_brand","embeddable":true,"href":"https:\/\/secureus.se\/pl\/wp-json\/wp\/v2\/product_brand?post=160146"},{"taxonomy":"product_cat","embeddable":true,"href":"https:\/\/secureus.se\/pl\/wp-json\/wp\/v2\/product_cat?post=160146"},{"taxonomy":"product_tag","embeddable":true,"href":"https:\/\/secureus.se\/pl\/wp-json\/wp\/v2\/product_tag?post=160146"}],"curies":[{"name":"wp","href":"https:\/\/api.w.org\/{rel}","templated":true}]}}