{"id":160153,"date":"2025-11-21T11:12:30","date_gmt":"2025-11-21T10:12:30","guid":{"rendered":"https:\/\/secureus.se\/?post_type=product&#038;p=160153"},"modified":"2026-04-09T11:18:41","modified_gmt":"2026-04-09T09:18:41","slug":"axis-q1971-e-varmekamera-for-utomhusbruk-7-mm-fast-objektiv-30-fps-ik10-vit","status":"publish","type":"product","link":"https:\/\/secureus.se\/pl\/axis-q1971-e-varmekamera-for-utomhusbruk-7-mm-fast-objektiv-30-fps-ik10-vit\/","title":{"rendered":"Kamera termowizyjna zewn\u0119trzna AXIS Q1971-E, obiektyw sta\u0142oogniskowy 7 mm, 30 kl.\/s, IK10, bia\u0142a"},"content":{"rendered":"<h1>Kamera termowizyjna zewn\u0119trzna AXIS Q1971-E, obiektyw sta\u0142oogniskowy 7 mm, 30 kl.\/s, IK10, bia\u0142a<\/h1>\n<div class=\"dad65929\">\n<div class=\"_4f9bf79 d7dc56a8 _43c05b5\">\n<div class=\"ds-message _63c77b1\">\n<div class=\"ds-markdown\">\n<p class=\"ds-markdown-paragraph\">AXIS Q1971-E to zaawansowana kamera termowizyjna z obiektywem 7 mm, kt\u00f3ra oferuje wyj\u0105tkowo szerokie, 55-stopniowe pole widzenia w poziomie, idealne do monitorowania wi\u0119kszych obszar\u00f3w.<\/p>\n<p class=\"ds-markdown-paragraph\">Dzi\u0119ki minimalnej odleg\u0142o\u015bci ostrzenia wynosz\u0105cej zaledwie 1,2 metra kamera jest w stanie wykrywa\u0107 obiekty nawet w bliskiej odleg\u0142o\u015bci, co sprawia, \u017ce idealnie nadaje si\u0119 do pe\u0142nej ochrony obszaru.<\/p>\n<p class=\"ds-markdown-paragraph\">Kamera oparta jest na niech\u0142odzonym czujniku mikrobolometrycznym o rozdzielczo\u015bci 384\u00d7288 pikseli i wyj\u0105tkowej czu\u0142o\u015bci (NETD &lt;20 mK), co pozwala na niezawodn\u0105 detekcj\u0119 24 godziny na dob\u0119, niezale\u017cnie od warunk\u00f3w o\u015bwietleniowych i pogodowych.<\/p>\n<p class=\"ds-markdown-paragraph\">Czujnik termiczny dzia\u0142a w zakresie widmowym 8-14 \u00b5m i mo\u017ce tak\u017ce radzi\u0107 sobie ze scenariuszami o niskim kontra\u015bcie.<\/p>\n<p class=\"ds-markdown-paragraph\">Dzi\u0119ki procesorowi ARTPEC-8 i dedykowanej jednostce przetwarzania g\u0142\u0119bokiego uczenia (DLPU) kamera umo\u017cliwia inteligentn\u0105 analiz\u0119 opart\u0105 na sztucznej inteligencji bezpo\u015brednio w urz\u0105dzeniu.<\/p>\n<p class=\"ds-markdown-paragraph\">Urz\u0105dzenie obs\u0142uguje rozwi\u0105zanie AXIS Perimeter Defender zapewniaj\u0105ce lepsz\u0105 ochron\u0119 obwodow\u0105 i zawiera kilka wbudowanych funkcji analitycznych, takich jak AXIS Motion Guard, AXIS Fence Guard i AXIS Loitering Guard.<\/p>\n<p class=\"ds-markdown-paragraph\">Kamera oferuje elastyczne strumienie wideo z pr\u0119dko\u015bci\u0105 do 30 klatek na sekund\u0119 i obs\u0142uguje kompresj\u0119 H.264 i H.265 z technologi\u0105 Axis Zipstream, co pozwala zoptymalizowa\u0107 wykorzystanie przepustowo\u015bci.<\/p>\n<p class=\"ds-markdown-paragraph\">Dzi\u0119ki elektronicznej stabilizacji obrazu i wielu paletom kolor\u00f3w termicznych u\u017cytkownik mo\u017ce dostosowa\u0107 jako\u015b\u0107 obrazu do swoich potrzeb.<\/p>\n<p class=\"ds-markdown-paragraph\">Dzi\u0119ki solidnej ochronie IP66\/IP67 i IK10 kamera jest w stanie wytrzyma\u0107 trudne warunki pogodowe i obci\u0105\u017cenia fizyczne.<\/p>\n<p class=\"ds-markdown-paragraph\">Wbudowane funkcje cyberbezpiecze\u0144stwa obejmuj\u0105 Axis Edge Vault z certyfikowanym systemem przechowywania kluczy FIPS 140-2 poziomu 2, zapewniaj\u0105cym bezpieczne uwierzytelnianie urz\u0105dze\u0144 i ochron\u0119 danych.<\/p>\n<p class=\"ds-markdown-paragraph\"><strong>G\u0142\u00f3wne cechy techniczne:<\/strong><\/p>\n<ul>\n<li>\n<p class=\"ds-markdown-paragraph\">Czujnik termiczny: 384\u00d7288 pikseli, zakres widmowy 8\u201314 \u00b5m<\/p>\n<\/li>\n<li>\n<p class=\"ds-markdown-paragraph\">Obiektyw sta\u0142y 7 mm z polem widzenia w poziomie 55\u00b0<\/p>\n<\/li>\n<li>\n<p class=\"ds-markdown-paragraph\">Czu\u0142o\u015b\u0107: NETD &lt;20 mK @25\u00b0C, F1.18<\/p>\n<\/li>\n<li>\n<p class=\"ds-markdown-paragraph\">Procesor ARTPEC-8 z jednostk\u0105 przetwarzania g\u0142\u0119bokiego uczenia<\/p>\n<\/li>\n<li>\n<p class=\"ds-markdown-paragraph\">Obs\u0142uga AXIS Perimeter Defender i analiz firm trzecich<\/p>\n<\/li>\n<li>\n<p class=\"ds-markdown-paragraph\">Stopie\u0144 ochrony IP66\/IP67 i IK10 do u\u017cytku na zewn\u0105trz<\/p>\n<\/li>\n<li>\n<p class=\"ds-markdown-paragraph\">Axis Edge Vault z certyfikatem FIPS 140-2 poziomu 2<\/p>\n<\/li>\n<li>\n<p class=\"ds-markdown-paragraph\">Obs\u0142uga H.264\/H.265 z technologi\u0105 Axis Zipstream<\/p>\n<\/li>\n<li>\n<p class=\"ds-markdown-paragraph\">Obs\u0142uga PoE (IEEE 802.3af\/at) i 12\u201328 V DC<\/p>\n<\/li>\n<li>\n<p class=\"ds-markdown-paragraph\">5-letnia gwarancja<\/p>\n<\/li>\n<\/ul>\n<p class=\"ds-markdown-paragraph\">Kamera AXIS Q1971-E z obiektywem 7 mm to idealne rozwi\u0105zanie do monitorowania wi\u0119kszych obszar\u00f3w, gdzie szeroki zasi\u0119g i niezawodne wykrywanie niezale\u017cnie od o\u015bwietlenia i warunk\u00f3w atmosferycznych maj\u0105 kluczowe znaczenie dla skutecznej ochrony.<\/p>\n<\/div>\n<\/div>\n<\/div>\n<\/div>","protected":false},"excerpt":{"rendered":"<p>AXIS Q1971-E to solidna kamera termowizyjna z obiektywem 7 mm i szerokim polem widzenia 55\u00b0.<\/p>\n<p>Z detekcj\u0105 termiczn\u0105 niezale\u017cn\u0105 od \u015bwiat\u0142a i warunk\u00f3w atmosferycznych, analiz\u0105 AI i ochron\u0105 IP66\/IP67.<\/p>\n<p>Idealny do monitorowania wi\u0119kszych obszar\u00f3w.<\/p>","protected":false},"featured_media":160150,"template":"","meta":{"_acf_changed":false},"product_brand":[],"product_cat":[4955],"product_tag":[],"class_list":{"0":"post-160153","1":"product","2":"type-product","3":"status-publish","4":"has-post-thumbnail","6":"product_cat-axis-varmekameror","7":"pa_brands-axis","8":"pa_farg-vit","9":"tm-no-options","11":"first","12":"instock","13":"sale","14":"taxable","15":"shipping-taxable","16":"purchasable","17":"product-type-simple"},"acf":[],"_links":{"self":[{"href":"https:\/\/secureus.se\/pl\/wp-json\/wp\/v2\/product\/160153","targetHints":{"allow":["GET"]}}],"collection":[{"href":"https:\/\/secureus.se\/pl\/wp-json\/wp\/v2\/product"}],"about":[{"href":"https:\/\/secureus.se\/pl\/wp-json\/wp\/v2\/types\/product"}],"wp:featuredmedia":[{"embeddable":true,"href":"https:\/\/secureus.se\/pl\/wp-json\/wp\/v2\/media\/160150"}],"wp:attachment":[{"href":"https:\/\/secureus.se\/pl\/wp-json\/wp\/v2\/media?parent=160153"}],"wp:term":[{"taxonomy":"product_brand","embeddable":true,"href":"https:\/\/secureus.se\/pl\/wp-json\/wp\/v2\/product_brand?post=160153"},{"taxonomy":"product_cat","embeddable":true,"href":"https:\/\/secureus.se\/pl\/wp-json\/wp\/v2\/product_cat?post=160153"},{"taxonomy":"product_tag","embeddable":true,"href":"https:\/\/secureus.se\/pl\/wp-json\/wp\/v2\/product_tag?post=160153"}],"curies":[{"name":"wp","href":"https:\/\/api.w.org\/{rel}","templated":true}]}}