{"id":160161,"date":"2025-11-21T11:12:30","date_gmt":"2025-11-21T10:12:30","guid":{"rendered":"https:\/\/secureus.se\/?post_type=product&#038;p=160161"},"modified":"2026-04-09T11:18:38","modified_gmt":"2026-04-09T09:18:38","slug":"axis-q1971-e-varmekamera-for-utomhusbruk-13-mm-fast-objektiv-30-fps-ik10-vit","status":"publish","type":"product","link":"https:\/\/secureus.se\/pl\/axis-q1971-e-varmekamera-for-utomhusbruk-13-mm-fast-objektiv-30-fps-ik10-vit\/","title":{"rendered":"Kamera termowizyjna zewn\u0119trzna AXIS Q1971-E, obiektyw sta\u0142oogniskowy 13 mm, 30 kl.\/s, IK10, bia\u0142a"},"content":{"rendered":"<h1>Kamera termowizyjna zewn\u0119trzna AXIS Q1971-E, obiektyw sta\u0142oogniskowy 13 mm, 30 kl.\/s, IK10, bia\u0142a<\/h1>\n<p class=\"ds-markdown-paragraph\">Kamera termowizyjna AXIS Q1971-E z obiektywem 13 mm to zaawansowana kamera termowizyjna, kt\u00f3ra eliminuje konieczno\u015b\u0107 korzystania ze \u015bwiat\u0142a dziennego i obraz\u00f3w widzialnych, zapewniaj\u0105c wyj\u0105tkow\u0105 skuteczno\u015b\u0107 wykrywania i weryfikacji przez ca\u0142\u0105 dob\u0119.<\/p>\n<p class=\"ds-markdown-paragraph\">Urz\u0105dzenie to jest szczeg\u00f3lnie przydatne do ochrony obwodowej w trudnych warunkach zewn\u0119trznych, gdzie wytrzyma\u0142a, bezhalogenowa konstrukcja wytrzymuje trudne warunki i gwarantuje sta\u0142\u0105 wydajno\u015b\u0107 nawet we mgle, dymie, opadach \u015bniegu lub w ca\u0142kowitej ciemno\u015bci.<\/p>\n<p class=\"ds-markdown-paragraph\"><strong>Wydajno\u015b\u0107 techniczna z obiektywem 13 mm<\/strong><br \/>\nTa wersja aparatu Q1971-E zosta\u0142a wyposa\u017cona w sta\u0142y obiektyw atermizowany 13 mm o jasno\u015bci F1.0.<\/p>\n<p class=\"ds-markdown-paragraph\">Obiektyw zapewnia poziome pole widzenia wynosz\u0105ce 29\u00b0 oraz pionowe pole widzenia wynosz\u0105ce 22\u00b0, dzi\u0119ki czemu idealnie nadaje si\u0119 do monitorowania stosunkowo du\u017cych obszar\u00f3w, takich jak doki za\u0142adunkowe, przejazdy bramowe lub okre\u015blone sektory du\u017cego obszaru.<\/p>\n<p class=\"ds-markdown-paragraph\">Niewielka odleg\u0142o\u015b\u0107 ostrzenia wynosz\u0105ca 4,7 metra zapewnia ostr\u0105 detekcj\u0119 nawet z relatywnie niewielkich odleg\u0142o\u015bci. Sercem kamery jest niech\u0142odzony mikrobolometr o rozdzielczo\u015bci 384\u00d7288 pikseli i bardzo wysokiej czu\u0142o\u015bci (NETD &lt;20 mK), kt\u00f3ry gwarantuje wyra\u017ane i szczeg\u00f3\u0142owe obrazy termiczne, pozwalaj\u0105ce na precyzyjne wykrywanie obecno\u015bci i aktywno\u015bci.<\/p>\n<p class=\"ds-markdown-paragraph\"><strong>Analityka oparta na sztucznej inteligencji i proaktywny monitoring<\/strong><br \/>\nDzi\u0119ki wydajnemu uk\u0142adowi System-on-Chip ARTPEC-8 i dedykowanej jednostce przetwarzania g\u0142\u0119bokiego uczenia (DLPU) Q1971-E to inteligentne urz\u0105dzenie obs\u0142uguj\u0105ce zaawansowan\u0105 analityk\u0119.<\/p>\n<p class=\"ds-markdown-paragraph\">Posiada wbudowane narz\u0119dzia analityczne, takie jak AXIS Video Motion Detection, AXIS Fence Guard i AXIS Loitering Guard.<\/p>\n<p class=\"ds-markdown-paragraph\">Aby zapewni\u0107 dodatkow\u0105 ochron\u0119, mo\u017cna aktywowa\u0107 zaawansowanego analityka AI AXIS Perimeter Defender, kt\u00f3ry umo\u017cliwia dok\u0142adn\u0105 klasyfikacj\u0119 i wczesne wykrywanie intruz\u00f3w.<\/p>\n<p class=\"ds-markdown-paragraph\">Platforma obs\u0142uguje r\u00f3wnie\u017c analityk\u00f3w zewn\u0119trznych za po\u015brednictwem AXIS Camera Application Platform (ACAP), zapewniaj\u0105c nieograniczone mo\u017cliwo\u015bci personalizacji.<\/p>\n<p class=\"ds-markdown-paragraph\"><strong>Wiod\u0105ca pozycja w dziedzinie cyberbezpiecze\u0144stwa dzi\u0119ki Axis Edge Vault<\/strong><br \/>\nW dzisiejszym, po\u0142\u0105czonym \u015bwiecie cyberbezpiecze\u0144stwo jest niezb\u0119dne. AXIS Q1971-E ma wbudowan\u0105 platform\u0119 bezpiecze\u0144stwa sprz\u0119towego Axis Edge Vault.<\/p>\n<p class=\"ds-markdown-paragraph\">Platforma chroni to\u017csamo\u015b\u0107 i integralno\u015b\u0107 urz\u0105dzenia dzi\u0119ki takim funkcjom, jak bezpieczny rozruch i bezpieczny magazyn kluczy posiadaj\u0105cy certyfikat FIPS 140-2 poziomu 2.<\/p>\n<p class=\"ds-markdown-paragraph\">Oferuje tak\u017ce \u201epodpisane wideo\u201d, co gwarantuje, \u017ce dowody wideo nie zosta\u0142y sfa\u0142szowane i mo\u017cna je powi\u0105za\u0107 z dan\u0105 konkretn\u0105 kamer\u0105.<\/p>\n<p class=\"ds-markdown-paragraph\"><strong>Solidna konstrukcja i \u0142atwa integracja<\/strong><br \/>\nKamera jest trwa\u0142a i ma obudow\u0119 wykonan\u0105 z aluminium i poliw\u0119glanu, spe\u0142niaj\u0105c\u0105 normy ochrony IP66\/IP67, IK10 i NEMA 4X.<\/p>\n<p class=\"ds-markdown-paragraph\">Wytrzymuje temperatury od -40\u00b0C do 60\u00b0C oraz wilgo\u0107 kondensacyjn\u0105. Dla \u0142atwej integracji i obs\u0142ugi, obs\u0142uguje szerok\u0105 gam\u0119 protoko\u0142\u00f3w sieciowych, profile ONVIF (G, M, S, T) oraz API VAPIX.<\/p>\n<p class=\"ds-markdown-paragraph\">Porty I\/O umo\u017cliwiaj\u0105 bezpo\u015brednie pod\u0142\u0105czenie urz\u0105dze\u0144 zewn\u0119trznych, takich jak syreny czy \u015bwiat\u0142a, do kamery, co pozwala na natychmiastowe podj\u0119cie dzia\u0142a\u0144. Kamera jest zasilana przez PoE (IEEE 802.3af\/at) lub pr\u0105d sta\u0142y 12\u201328 V, co zapewnia elastyczno\u015b\u0107 instalacji.<\/p>\n<p class=\"ds-markdown-paragraph\"><strong>Obrazy i strumienie wideo<\/strong><br \/>\nMimo \u017ce natywna rozdzielczo\u015b\u0107 czujnika wynosi 384\u00d7288, mo\u017cna j\u0105 zwi\u0119kszy\u0107 do 768\u00d7576 w celu uzyskania lepszych szczeg\u00f3\u0142\u00f3w wizualnych.<\/p>\n<p class=\"ds-markdown-paragraph\">Kamera obs\u0142uguje wideo z pr\u0119dko\u015bci\u0105 do 30 klatek na sekund\u0119 i wiele strumieni w formatach H.264, H.265 i Motion JPEG.<\/p>\n<p class=\"ds-markdown-paragraph\">Technologia Axis Zipstream zmniejsza wymagania dotycz\u0105ce przepustowo\u015bci i pami\u0119ci masowej \u015brednio o 50% % bez nara\u017cania informacji o znaczeniu kryminalistycznym.<\/p>\n<p class=\"ds-markdown-paragraph\">Podsumowuj\u0105c, kamera AXIS Q1971-E z obiektywem 13 mm to doskona\u0142y wyb\u00f3r w przypadku konkretnych potrzeb w zakresie nadzoru, gdzie konieczna jest r\u00f3wnowaga mi\u0119dzy obszarem pokrycia a poziomem szczeg\u00f3\u0142owo\u015bci.<\/p>\n<p class=\"ds-markdown-paragraph\">Po\u0142\u0105czenie niezr\u00f3wnanego wykrywania termicznego, mo\u017cliwo\u015bci sztucznej inteligencji, solidnego cyberbezpiecze\u0144stwa i niezawodnej konstrukcji sprawia, \u017ce jest to doskona\u0142y wyb\u00f3r w przypadku proaktywnej ochrony obiekt\u00f3w i infrastruktury.<\/p>\n<p class=\"ds-markdown-paragraph\"><strong>G\u0142\u00f3wne dane techniczne modelu 13 mm:<\/strong><\/p>\n<ul>\n<li>\n<p class=\"ds-markdown-paragraph\"><strong>Transduktor:<\/strong>\u00a0Mikrobolometr bez ch\u0142odzenia, 384\u00d7288 pikseli<\/p>\n<\/li>\n<li>\n<p class=\"ds-markdown-paragraph\"><strong>Cel:<\/strong>\u00a0Sta\u0142y obiektyw 13 mm, F1.0, 29\u00b0 poziome pole widzenia<\/p>\n<\/li>\n<li>\n<p class=\"ds-markdown-paragraph\"><strong>Czu\u0142o\u015b\u0107 (NETD):<\/strong>\u00a0&lt;20 mK<\/p>\n<\/li>\n<li>\n<p class=\"ds-markdown-paragraph\"><strong>Przetwarzanie obrazu:<\/strong>\u00a0ARTPEC-8 SoC z DLPU (AI)<\/p>\n<\/li>\n<li>\n<p class=\"ds-markdown-paragraph\"><strong>Analityk:<\/strong>\u00a0Zawiera\/obs\u0142uguje AXIS Perimeter Defender<\/p>\n<\/li>\n<li>\n<p class=\"ds-markdown-paragraph\"><strong>Cyberbezpiecze\u0144stwo:<\/strong>\u00a0Axis Edge Vault (FIPS 140-2 poziom 2)<\/p>\n<\/li>\n<li>\n<p class=\"ds-markdown-paragraph\"><strong>Klasa ochrony:<\/strong>\u00a0IP66\/IP67, IK10, NEMA 4X<\/p>\n<\/li>\n<li>\n<p class=\"ds-markdown-paragraph\"><strong>Zasilanie:<\/strong>\u00a0PoE (IEEE 802.3af\/at) lub 12-28 V pr\u0105du sta\u0142ego<\/p>\n<\/li>\n<li>\n<p class=\"ds-markdown-paragraph\"><strong>Gwarancja:<\/strong>\u00a05-letnia gwarancja<\/p>\n<\/li>\n<\/ul>","protected":false},"excerpt":{"rendered":"<p>AXIS Q1971-E to wytrzyma\u0142a kamera termowizyjna z obiektywem sta\u0142oogniskowym 13 mm, zaprojektowana do niezawodnej detekcji i weryfikacji 24 godziny na dob\u0119, niezale\u017cnie od warunk\u00f3w o\u015bwietleniowych i pogodowych.<\/p>\n<p>Doskonale sprawdza si\u0119 w wymagaj\u0105cych zastosowaniach ochrony obwodowej i sprawdza si\u0119 znakomicie nawet w warunkach niskiego kontrastu.<\/p>\n<p>Kamera wyposa\u017cona jest w 13-milimetrowy obiektyw atermiczny o polu widzenia poziomym 29\u00b0, co sprawia, \u017ce doskonale nadaje si\u0119 do monitorowania stosunkowo du\u017cych obszar\u00f3w ze \u015bredniej odleg\u0142o\u015bci.<\/p>","protected":false},"featured_media":160158,"template":"","meta":{"_acf_changed":false},"product_brand":[],"product_cat":[4955],"product_tag":[],"class_list":{"0":"post-160161","1":"product","2":"type-product","3":"status-publish","4":"has-post-thumbnail","6":"product_cat-axis-varmekameror","7":"pa_brands-axis","8":"pa_farg-vit","9":"tm-no-options","11":"first","12":"instock","13":"sale","14":"taxable","15":"shipping-taxable","16":"purchasable","17":"product-type-simple"},"acf":[],"_links":{"self":[{"href":"https:\/\/secureus.se\/pl\/wp-json\/wp\/v2\/product\/160161","targetHints":{"allow":["GET"]}}],"collection":[{"href":"https:\/\/secureus.se\/pl\/wp-json\/wp\/v2\/product"}],"about":[{"href":"https:\/\/secureus.se\/pl\/wp-json\/wp\/v2\/types\/product"}],"wp:featuredmedia":[{"embeddable":true,"href":"https:\/\/secureus.se\/pl\/wp-json\/wp\/v2\/media\/160158"}],"wp:attachment":[{"href":"https:\/\/secureus.se\/pl\/wp-json\/wp\/v2\/media?parent=160161"}],"wp:term":[{"taxonomy":"product_brand","embeddable":true,"href":"https:\/\/secureus.se\/pl\/wp-json\/wp\/v2\/product_brand?post=160161"},{"taxonomy":"product_cat","embeddable":true,"href":"https:\/\/secureus.se\/pl\/wp-json\/wp\/v2\/product_cat?post=160161"},{"taxonomy":"product_tag","embeddable":true,"href":"https:\/\/secureus.se\/pl\/wp-json\/wp\/v2\/product_tag?post=160161"}],"curies":[{"name":"wp","href":"https:\/\/api.w.org\/{rel}","templated":true}]}}