{"id":160164,"date":"2025-11-21T11:12:30","date_gmt":"2025-11-21T10:12:30","guid":{"rendered":"https:\/\/secureus.se\/?post_type=product&#038;p=160164"},"modified":"2026-04-09T11:18:35","modified_gmt":"2026-04-09T09:18:35","slug":"axis-30w-1-port-midspan-for-inomhusbruk-240v-ac-02172-002","status":"publish","type":"product","link":"https:\/\/secureus.se\/pl\/axis-30w-1-port-midspan-for-inomhusbruk-240v-ac-02172-002\/","title":{"rendered":"Zasilacz midspan AXIS 30 W z jednym portem do u\u017cytku wewn\u0105trz pomieszcze\u0144, 240 V AC (02172-002)"},"content":{"rendered":"<h1>Zasilacz midspan AXIS 30 W z jednym portem do u\u017cytku wewn\u0105trz pomieszcze\u0144, 240 V AC<\/h1>\n<p class=\"ds-markdown-paragraph\">AXIS 30 W Midspan to niezawodny i energooszcz\u0119dny 1-portowy zasilacz PoE (midspan) przeznaczony do wydajnego zasilania pojedynczego urz\u0105dzenia sieciowego o du\u017cej mocy.<\/p>\n<p class=\"ds-markdown-paragraph\">Oferuje optymalne rozwi\u0105zanie w sytuacjach, w kt\u00f3rych istniej\u0105ce prze\u0142\u0105czniki sieciowe nie obs\u0142uguj\u0105 funkcji PoE lub nie s\u0105 w stanie dostarcza\u0107 wystarczaj\u0105cej ilo\u015bci energii, eliminuj\u0105c potrzeb\u0119 inwestowania w zupe\u0142nie nowy prze\u0142\u0105cznik lub wykonywania kosztownych instalacji elektrycznych.<\/p>\n<p class=\"ds-markdown-paragraph\"><strong>Proste i ekonomiczne rozwi\u0105zanie Power over Ethernet<\/strong><br \/>\nSercem tego urz\u0105dzenia jest mo\u017cliwo\u015b\u0107 przesy\u0142ania danych i zasilania za pomoc\u0105 jednego standardowego kabla Ethernet (kategorii 5e lub wy\u017cszej).<\/p>\n<p class=\"ds-markdown-paragraph\">Rozwi\u0105zanie typu \u201eplug-and-play\u201d znacznie u\u0142atwia instalacj\u0119 sprz\u0119tu sieciowego, zw\u0142aszcza w miejscach, w kt\u00f3rych dost\u0119p do gniazdek elektrycznych jest ograniczony lub utrudniony.<\/p>\n<p class=\"ds-markdown-paragraph\">Injektor jest zgodny ze standardami IEEE 802.3af (PoE) i IEEE 802.3at (PoE+), dzi\u0119ki czemu doskonale sprawdza si\u0119 w po\u0142\u0105czeniu z szerok\u0105 gam\u0105 produkt\u00f3w Axis \u2014 od podstawowych kamer IP po bardziej zaawansowane urz\u0105dzenia, takie jak kamery termowizyjne i radary bezpiecze\u0144stwa wymagaj\u0105ce mocy do 30 W.<\/p>\n<p class=\"ds-markdown-paragraph\"><strong>Zalety techniczne i wydajno\u015b\u0107<\/strong><br \/>\nZasilacz AXIS 30 W Midspan obs\u0142uguje technologi\u0119 Gigabit Ethernet (10\/100\/1000 Mb\/s), dzi\u0119ki czemu przepustowo\u015b\u0107 danych nie jest ograniczona, gdy urz\u0105dzenie zasila Tw\u00f3j sprz\u0119t.<\/p>\n<p class=\"ds-markdown-paragraph\">Szeroki zakres napi\u0119cia wej\u015bciowego wynosi od 100 do 240 V AC, co sprawia, \u017ce urz\u0105dzenie nadaje si\u0119 do stosowania na ca\u0142ym \u015bwiecie.<\/p>\n<p class=\"ds-markdown-paragraph\">Moc wyj\u015bciowa wynosi 56 V DC, a maksymalna moc 30 W. Aby zapewni\u0107 energooszcz\u0119dno\u015b\u0107, midspan pobiera zaledwie 100 mW, gdy nie jest pod\u0142\u0105czone \u017cadne urz\u0105dzenie.<\/p>\n<p class=\"ds-markdown-paragraph\">Urz\u0105dzenie jest wyposa\u017cone we wska\u017anik LED na panelu przednim, umo\u017cliwiaj\u0105cy \u0142atwe wizualne potwierdzenie zasilania i przesy\u0142u danych.<\/p>\n<p class=\"ds-markdown-paragraph\"><strong>Trwa\u0142a konstrukcja i wszechstronny monta\u017c<\/strong><br \/>\nUrz\u0105dzenie zosta\u0142o wykonane w trwa\u0142ej, czarnej obudowie z tworzywa sztucznego i nie zawiera PVC ani halogen\u00f3w, zgodnie z ambicjami firmy Axis w zakresie ochrony \u015brodowiska.<\/p>\n<p class=\"ds-markdown-paragraph\">Kompaktowa konstrukcja (30 x 46 x 140,1 mm) i niewielka waga (145 g) sprawiaj\u0105, \u017ce urz\u0105dzenie jest dyskretne i \u0142atwe do wkomponowania w ka\u017cd\u0105 przestrze\u0144.<\/p>\n<p class=\"ds-markdown-paragraph\">Aby zapewni\u0107 elastyczno\u015b\u0107 monta\u017cu, mo\u017cna zamontowa\u0107 urz\u0105dzenie na \u015bcianie, umie\u015bci\u0107 je na p\u00f3\u0142ce lub przymocowa\u0107 do standardowej szyny DIN za pomoc\u0105 sprzedawanego oddzielnie akcesorium (zacisku do szyny DIN AXIS T91A03).<\/p>\n<p class=\"ds-markdown-paragraph\"><strong>Solidne warunki pracy i atesty<\/strong><br \/>\nZasilacz AXIS 30 W Midspan zaprojektowano z my\u015bl\u0105 o niezawodnej pracy w zakresie temperatur od -20\u00b0C do 40\u00b0C przy pe\u0142nym obci\u0105\u017ceniu (30 W) i do 55\u00b0C przy ni\u017cszej mocy (15 W).<\/p>\n<p class=\"ds-markdown-paragraph\">Urz\u0105dzenie przesz\u0142o rygorystyczne testy i spe\u0142nia odpowiednie normy bezpiecze\u0144stwa i EMC, w tym UL, CE, FCC i RoHS, co gwarantuje zar\u00f3wno bezpieczn\u0105 eksploatacj\u0119, jak i wysok\u0105 jako\u015b\u0107.<\/p>\n<p class=\"ds-markdown-paragraph\"><strong>Streszczenie<\/strong><br \/>\nZasilacz Midspan AXIS 30 W to idealne uzupe\u0142nienie rozwi\u0105zania zabezpieczaj\u0105cego Axis.<\/p>\n<p class=\"ds-markdown-paragraph\">Eliminuje bariery instalacyjne, umo\u017cliwiaj\u0105c \u0142atwe zasilanie energoch\u0142onnych urz\u0105dze\u0144 w miejscu, w kt\u00f3rym s\u0105 potrzebne, bez obni\u017cania wydajno\u015bci sieci.<\/p>\n<p class=\"ds-markdown-paragraph\">Niezale\u017cnie od tego, czy rozbudowujesz istniej\u0105cy system, czy instalujesz nowy sprz\u0119t, ten zasilacz midspan oferuje niezawodne, bezpieczne i przysz\u0142o\u015bciowe rozwi\u0105zanie w zakresie zasilania.<\/p>\n<p class=\"ds-markdown-paragraph\"><strong>Kluczowe specyfikacje:<\/strong><\/p>\n<ul>\n<li>\n<p class=\"ds-markdown-paragraph\"><strong>Typ:<\/strong>\u00a01-portowy wtryskiwacz PoE (Midspan)<\/p>\n<\/li>\n<li>\n<p class=\"ds-markdown-paragraph\"><strong>Standard PoE:<\/strong>\u00a0IEEE 802.3af (PoE) i IEEE 802.3at (PoE+)<\/p>\n<\/li>\n<li>\n<p class=\"ds-markdown-paragraph\"><strong>Maksymalna moc wyj\u015bciowa:<\/strong>\u00a030 W<\/p>\n<\/li>\n<li>\n<p class=\"ds-markdown-paragraph\"><strong>Przenoszenie danych:<\/strong>\u00a010\/100\/1000 Mb\/s<\/p>\n<\/li>\n<li>\n<p class=\"ds-markdown-paragraph\"><strong>Napi\u0119cie wej\u015bciowe:<\/strong>\u00a0100-240 V pr\u0105du przemiennego<\/p>\n<\/li>\n<li>\n<p class=\"ds-markdown-paragraph\"><strong>Montowanie:<\/strong>\u00a0\u015aciana, p\u00f3\u0142ka, szyna DIN (akcesoria)<\/p>\n<\/li>\n<li>\n<p class=\"ds-markdown-paragraph\"><strong>Gwarancja:<\/strong>\u00a03-letnia gwarancja<\/p>\n<\/li>\n<\/ul>\n<div class=\"sc-bczRLJ fySwpa\">\n<div class=\"sc-bczRLJ kEeNDb\"><\/div>\n<\/div>","protected":false},"excerpt":{"rendered":"<p>AXIS 30 W Midspan to kompaktowy i wydajny 1-portowy zasilacz PoE (midspan), kt\u00f3ry dostarcza do 30 W mocy do urz\u0105dzenia sieciowego za po\u015brednictwem jednego kabla Ethernet.<\/p>\n<p>Jest zgodny ze standardami IEEE 802.3af (15 W) i IEEE 802.3at (30 W), co gwarantuje kompatybilno\u015b\u0107 z wi\u0119kszo\u015bci\u0105 produkt\u00f3w sieciowych Axis z wbudowan\u0105 funkcj\u0105 PoE, takich jak kamery i radary.<\/p>","protected":false},"featured_media":160162,"template":"","meta":{"_acf_changed":false},"product_brand":[],"product_cat":[4951],"product_tag":[],"class_list":{"0":"post-160164","1":"product","2":"type-product","3":"status-publish","4":"has-post-thumbnail","6":"product_cat-axis-natverksuttag-poe","7":"pa_brands-axis","8":"tm-no-options","10":"first","11":"onbackorder","12":"sale","13":"taxable","14":"shipping-taxable","15":"purchasable","16":"product-type-simple"},"acf":[],"_links":{"self":[{"href":"https:\/\/secureus.se\/pl\/wp-json\/wp\/v2\/product\/160164","targetHints":{"allow":["GET"]}}],"collection":[{"href":"https:\/\/secureus.se\/pl\/wp-json\/wp\/v2\/product"}],"about":[{"href":"https:\/\/secureus.se\/pl\/wp-json\/wp\/v2\/types\/product"}],"wp:featuredmedia":[{"embeddable":true,"href":"https:\/\/secureus.se\/pl\/wp-json\/wp\/v2\/media\/160162"}],"wp:attachment":[{"href":"https:\/\/secureus.se\/pl\/wp-json\/wp\/v2\/media?parent=160164"}],"wp:term":[{"taxonomy":"product_brand","embeddable":true,"href":"https:\/\/secureus.se\/pl\/wp-json\/wp\/v2\/product_brand?post=160164"},{"taxonomy":"product_cat","embeddable":true,"href":"https:\/\/secureus.se\/pl\/wp-json\/wp\/v2\/product_cat?post=160164"},{"taxonomy":"product_tag","embeddable":true,"href":"https:\/\/secureus.se\/pl\/wp-json\/wp\/v2\/product_tag?post=160164"}],"curies":[{"name":"wp","href":"https:\/\/api.w.org\/{rel}","templated":true}]}}