{"id":160166,"date":"2025-11-21T11:12:30","date_gmt":"2025-11-21T10:12:30","guid":{"rendered":"https:\/\/secureus.se\/?post_type=product&#038;p=160166"},"modified":"2026-04-23T12:59:23","modified_gmt":"2026-04-23T10:59:23","slug":"axis-t8120-1-port-midspan-15w","status":"publish","type":"product","link":"https:\/\/secureus.se\/pl\/axis-t8120-1-port-midspan-15w\/","title":{"rendered":"AXIS T8120 1-portowy zasilacz midspan, 15 W"},"content":{"rendered":"<h1>AXIS T8120 1-portowy zasilacz midspan, 15 W<\/h1>\n<p class=\"ds-markdown-paragraph\">Zasilacz Midspan AXIS T8120 15 W 1-portowy to wydajne i oszcz\u0119dne rozwi\u0105zanie umo\u017cliwiaj\u0105ce zasilanie pojedynczego urz\u0105dzenia sieciowego za pomoc\u0105 technologii Power over Ethernet (PoE).<\/p>\n<p class=\"ds-markdown-paragraph\">Rozwi\u0105zanie to jest szczeg\u00f3lnie przydatne w mniejszych instalacjach lub jako uzupe\u0142nienie istniej\u0105cych sieci, w kt\u00f3rych prze\u0142\u0105czniki nie maj\u0105 wbudowanej funkcjonalno\u015bci PoE.<\/p>\n<p class=\"ds-markdown-paragraph\"><strong>Wydajne rozwi\u0105zanie PoE dla uproszczonej instalacji<\/strong><br \/>\nAXIS T8120 eliminuje konieczno\u015b\u0107 prowadzenia oddzielnych kabli elektrycznych do sprz\u0119tu sieciowego.<\/p>\n<p class=\"ds-markdown-paragraph\">\u0141\u0105cz\u0105c dane i zasilanie w jednym standardowym kablu Ethernet (kategoria 5 lub wy\u017csza), mo\u017cesz \u0142atwo umieszcza\u0107 kamery w optymalnych lokalizacjach, niezale\u017cnie od blisko\u015bci gniazdek elektrycznych.<\/p>\n<p class=\"ds-markdown-paragraph\">To prowadzi do znacznych oszcz\u0119dno\u015bci zar\u00f3wno w zakresie materia\u0142\u00f3w, jak i prac instalacyjnych. Urz\u0105dzenie jest w pe\u0142ni gotowe do u\u017cycia, bez konieczno\u015bci konfiguracji.<\/p>\n<p class=\"ds-markdown-paragraph\">Automatycznie wykrywa pod\u0142\u0105czone urz\u0105dzenie zgodne ze standardem PoE i rozpoczyna dostarczanie zasilania.<\/p>\n<p class=\"ds-markdown-paragraph\"><strong>Wydajno\u015b\u0107 techniczna i kompatybilno\u015b\u0107<\/strong><br \/>\nTen midspan jest w pe\u0142ni zgodny ze standardem IEEE 802.3af (PoE) i dostarcza napi\u0119cie wyj\u015bciowe 48 V DC o maksymalnej mocy 15,4 W na port \u2013 wystarczaj\u0105cej do obs\u0142ugi wi\u0119kszo\u015bci sta\u0142ych kamer IP, koder\u00f3w wideo i podobnych urz\u0105dze\u0144.<\/p>\n<p class=\"ds-markdown-paragraph\">Obs\u0142uguje tak\u017ce technologi\u0119 Gigabit Ethernet (10\/100\/1000 Mb\/s), co gwarantuje, \u017ce przepustowo\u015b\u0107 danych wideo wysokiej rozdzielczo\u015bci nie zostanie ograniczona.<\/p>\n<p class=\"ds-markdown-paragraph\">Aby zapewni\u0107 kompatybilno\u015b\u0107 ze starszymi urz\u0105dzeniami, posiada r\u00f3wnie\u017c algorytm wstecznej kompatybilno\u015bci, kt\u00f3ry nie jest standardem. Po\u0142\u0105czenie kablowe odbywa si\u0119 za pomoc\u0105 ekranowanego portu RJ-45.<\/p>\n<p class=\"ds-markdown-paragraph\"><strong>Projektowanie i zr\u00f3wnowa\u017cony rozw\u00f3j<\/strong><br \/>\nAXIS T8120 ma wyj\u0105tkowo kompaktow\u0105 konstrukcj\u0119 o wymiarach 33 x 53 x 81 mm i wa\u017cy zaledwie 450 gram\u00f3w.<\/p>\n<p class=\"ds-markdown-paragraph\">Niewielkie rozmiary w po\u0142\u0105czeniu z wieloma opcjami monta\u017cu (na \u015bcianie, na p\u00f3\u0142ce lub na szynie DIN z akcesoriami) sprawiaj\u0105, \u017ce jest to urz\u0105dzenie niezwykle uniwersalne i \u0142atwe do zintegrowania z ka\u017cd\u0105 przestrzeni\u0105.<\/p>\n<p class=\"ds-markdown-paragraph\">Wska\u017anik LED zapewnia \u0142atwe wizualne potwierdzenie zasilania i przesy\u0142u danych. Urz\u0105dzenie jest przeznaczone do pracy w zakresie temperatur od 0\u00b0C do 40\u00b0C i wilgotno\u015bci wzgl\u0119dnej 10\u201390% (bez kondensacji).<\/p>\n<p class=\"ds-markdown-paragraph\"><strong>Bezpiecze\u0144stwo i homologacje<\/strong><br \/>\nAXIS T8120 jest produkowany zgodnie z wysokimi standardami jako\u015bci i bezpiecze\u0144stwa. Posiada odpowiednie certyfikaty, w tym FCC, CE, UL i TUV, co gwarantuje bezpieczn\u0105 i niezawodn\u0105 prac\u0119 w zastosowaniach komercyjnych.<\/p>\n<p class=\"ds-markdown-paragraph\"><strong>Streszczenie<\/strong><br \/>\nZasilacz midspan AXIS T8120 z 1 portem to idealne rozwi\u0105zanie umo\u017cliwiaj\u0105ce szybkie, proste i ekonomiczne zasilanie pojedynczego urz\u0105dzenia PoE.<\/p>\n<p class=\"ds-markdown-paragraph\">Niezawodno\u015b\u0107, \u0142atwo\u015b\u0107 instalacji i kompaktowe wymiary sprawiaj\u0105, \u017ce jest to doskona\u0142y wyb\u00f3r, je\u015bli chcesz rozszerzy\u0107 swoj\u0105 sie\u0107 bez konieczno\u015bci inwestowania w nowy prze\u0142\u0105cznik.<\/p>\n<p class=\"ds-markdown-paragraph\">Niezale\u017cnie od tego, czy instalujesz now\u0105 kamer\u0119, czy przenosisz istniej\u0105c\u0105, to urz\u0105dzenie midspan zapewni Ci niezb\u0119dn\u0105 elastyczno\u015b\u0107.<\/p>\n<p class=\"ds-markdown-paragraph\"><strong>Kluczowe specyfikacje:<\/strong><\/p>\n<ul>\n<li>\n<p class=\"ds-markdown-paragraph\"><strong>Typ:<\/strong>\u00a01-portowy wtryskiwacz PoE (Midspan)<\/p>\n<\/li>\n<li>\n<p class=\"ds-markdown-paragraph\"><strong>Standard PoE:<\/strong>\u00a0IEEE 802.3af (PoE)<\/p>\n<\/li>\n<li>\n<p class=\"ds-markdown-paragraph\"><strong>Maksymalna moc wyj\u015bciowa:<\/strong>\u00a015,4 W na port<\/p>\n<\/li>\n<li>\n<p class=\"ds-markdown-paragraph\"><strong>Przenoszenie danych:<\/strong>\u00a010\/100\/1000 Mb\/s (gigabit)<\/p>\n<\/li>\n<li>\n<p class=\"ds-markdown-paragraph\"><strong>Napi\u0119cie wej\u015bciowe:<\/strong>\u00a0100-240 V pr\u0105du przemiennego<\/p>\n<\/li>\n<li>\n<p class=\"ds-markdown-paragraph\"><strong>Montowanie:<\/strong>\u00a0\u015aciana, p\u00f3\u0142ka, szyna DIN (akcesoria)<\/p>\n<\/li>\n<li>\n<p class=\"ds-markdown-paragraph\"><strong>Temperatura pracy:<\/strong>\u00a0od 0\u00b0C do 40\u00b0C<\/p>\n<\/li>\n<\/ul>\n<div class=\"sc-bczRLJ fySwpa\">\n<div class=\"sc-bczRLJ kEeNDb\"><\/div>\n<\/div>","protected":false},"excerpt":{"rendered":"<p>AXIS T8120 Midspan 15 W to kompaktowy i niezawodny 1-portowy iniektor PoE, kt\u00f3ry dostarcza zasilanie i dane do urz\u0105dzenia sieciowego za po\u015brednictwem pojedynczego kabla Ethernet.<\/p>\n<p>Jest zgodny ze standardem IEEE 802.3af i mo\u017ce dostarczy\u0107 do 15,4 W, dzi\u0119ki czemu idealnie nadaje si\u0119 do wi\u0119kszo\u015bci podstawowych kamer sieciowych Axis i innych urz\u0105dze\u0144 kompatybilnych z PoE.<\/p>","protected":false},"featured_media":160165,"template":"","meta":{"_acf_changed":false},"product_brand":[],"product_cat":[4951],"product_tag":[],"class_list":{"0":"post-160166","1":"product","2":"type-product","3":"status-publish","4":"has-post-thumbnail","6":"product_cat-axis-natverksuttag-poe","7":"pa_brands-axis","8":"tm-no-options","10":"first","11":"onbackorder","12":"sale","13":"taxable","14":"shipping-taxable","15":"purchasable","16":"product-type-simple"},"acf":[],"_links":{"self":[{"href":"https:\/\/secureus.se\/pl\/wp-json\/wp\/v2\/product\/160166","targetHints":{"allow":["GET"]}}],"collection":[{"href":"https:\/\/secureus.se\/pl\/wp-json\/wp\/v2\/product"}],"about":[{"href":"https:\/\/secureus.se\/pl\/wp-json\/wp\/v2\/types\/product"}],"wp:featuredmedia":[{"embeddable":true,"href":"https:\/\/secureus.se\/pl\/wp-json\/wp\/v2\/media\/160165"}],"wp:attachment":[{"href":"https:\/\/secureus.se\/pl\/wp-json\/wp\/v2\/media?parent=160166"}],"wp:term":[{"taxonomy":"product_brand","embeddable":true,"href":"https:\/\/secureus.se\/pl\/wp-json\/wp\/v2\/product_brand?post=160166"},{"taxonomy":"product_cat","embeddable":true,"href":"https:\/\/secureus.se\/pl\/wp-json\/wp\/v2\/product_cat?post=160166"},{"taxonomy":"product_tag","embeddable":true,"href":"https:\/\/secureus.se\/pl\/wp-json\/wp\/v2\/product_tag?post=160166"}],"curies":[{"name":"wp","href":"https:\/\/api.w.org\/{rel}","templated":true}]}}