{"id":160168,"date":"2025-11-21T11:12:31","date_gmt":"2025-11-21T10:12:31","guid":{"rendered":"https:\/\/secureus.se\/?post_type=product&#038;p=160168"},"modified":"2026-04-23T12:59:19","modified_gmt":"2026-04-23T10:59:19","slug":"axis-t8134-midspan-for-hogeffektsenheter-60w-100-240v-ac","status":"publish","type":"product","link":"https:\/\/secureus.se\/pl\/axis-t8134-midspan-for-hogeffektsenheter-60w-100-240v-ac\/","title":{"rendered":"Zasilacz midspan AXIS T8134 do urz\u0105dze\u0144 du\u017cej mocy, 60 W, 100\u2013240 V AC"},"content":{"rendered":"<h1>AXIS T8134 Midspan dla urz\u0105dze\u0144 du\u017cej mocy<\/h1>\n<p class=\"ds-markdown-paragraph\">AXIS T8134 60 W Midspan to specjalistyczny zasilacz Power over Ethernet (midspan) zaspokajaj\u0105cy zapotrzebowanie na du\u017c\u0105 moc w sieciowych systemach bezpiecze\u0144stwa.<\/p>\n<p class=\"ds-markdown-paragraph\">Jest przeznaczony do wymagaj\u0105cych urz\u0105dze\u0144, kt\u00f3re zu\u017cywaj\u0105 wi\u0119cej energii ni\u017c pozwala na to konwencjonalny standard PoE, oferuj\u0105c solidne i niezawodne rozwi\u0105zanie zasilania.<\/p>\n<p class=\"ds-markdown-paragraph\"><strong>Wysoka moc PoE dla urz\u0105dze\u0144 o ekstremalnej wydajno\u015bci<\/strong><br \/>\nAXIS T8134 r\u00f3\u017cni si\u0119 od standardowych zasilaczy PoE tym, \u017ce mo\u017ce dostarcza\u0107 moc do 60 W.<\/p>\n<p class=\"ds-markdown-paragraph\">Funkcja \u201eHigh PoE\u201d jest absolutnie konieczna do zasilania najnowocze\u015bniejszych urz\u0105dze\u0144 firmy Axis w ka\u017cdych warunkach.<\/p>\n<p class=\"ds-markdown-paragraph\">Doskona\u0142ym przyk\u0142adem jest kamera sieciowa AXIS Q60-e, kt\u00f3ra potrzebuje tej dodatkowej mocy, aby dzia\u0142a\u0107 niezawodnie w ekstremalnie niskich temperaturach poni\u017cej -20\u00b0C. Nadaje si\u0119 ona r\u00f3wnie\u017c do zasilania kamer kopu\u0142kowych PTZ z rozbudowanymi cewkami grzewczymi, wieloma czujnikami i zaawansowanymi silnikami obrotu, pochylenia i zoomu.<\/p>\n<p class=\"ds-markdown-paragraph\"><strong>Uproszczona instalacja i wysoka wydajno\u015b\u0107<\/strong><br \/>\nPodobnie jak w przypadku standardowego PoE, T8134 eliminuje potrzeb\u0119 stosowania oddzielnego okablowania elektrycznego, co pozwala zaoszcz\u0119dzi\u0107 czas i koszty instalacji.<\/p>\n<p class=\"ds-markdown-paragraph\">Za pomoc\u0105 jednego kabla Ethernet (kategorii 5e lub wy\u017cszej) przesy\u0142a on dane i zasilanie do pod\u0142\u0105czonego urz\u0105dzenia, nie wp\u0142ywaj\u0105c przy tym na wydajno\u015b\u0107 sieci.<\/p>\n<p class=\"ds-markdown-paragraph\">Obs\u0142uguje pe\u0142n\u0105 technologi\u0119 Gigabit Ethernet (10\/100\/1000 Mb\/s) i dzia\u0142a w trybie plug-and-play \u2014 automatycznie wykrywa urz\u0105dzenie i zaczyna dostarcza\u0107 potrzebn\u0105 moc bez konieczno\u015bci konfiguracji.<\/p>\n<p class=\"ds-markdown-paragraph\"><strong>Trwa\u0142a konstrukcja i wszechstronny monta\u017c<\/strong><br \/>\nUrz\u0105dzenie przeznaczone do u\u017cytku profesjonalnego, charakteryzuje si\u0119 kompaktow\u0105 i wytrzyma\u0142\u0105 konstrukcj\u0105.<\/p>\n<p class=\"ds-markdown-paragraph\">Mo\u017cna go zamontowa\u0107 na \u015bcianie, przechowywa\u0107 na p\u00f3\u0142ce lub przymocowa\u0107 do standardowej szyny DIN za pomoc\u0105 oddzielnego akcesorium AXIS Midspan DIN Clip A.<\/p>\n<p class=\"ds-markdown-paragraph\">Dzi\u0119ki napi\u0119ciu wej\u015bciowemu 100\u2013240 V AC urz\u0105dzenie jest gotowe do u\u017cytku na ca\u0142ym \u015bwiecie. Wska\u017anik LED zapewnia natychmiastow\u0105 wizualn\u0105 informacj\u0119 o stanie zasilania i danych.<\/p>\n<p class=\"ds-markdown-paragraph\"><strong>Niezawodno\u015b\u0107 w r\u00f3\u017cnych warunkach<\/strong><br \/>\nAXIS T8134 zosta\u0142 zaprojektowany tak, aby dzia\u0142a\u0107 niezawodnie w r\u00f3\u017cnych \u015brodowiskach.<\/p>\n<p class=\"ds-markdown-paragraph\">Temperatura pracy urz\u0105dzenia mie\u015bci si\u0119 w zakresie od -10\u00b0C do 45\u00b0C przy pe\u0142nym obci\u0105\u017ceniu (60 W), a przy ni\u017cszym obci\u0105\u017ceniu 30 W mo\u017ce ono wytrzyma\u0107 temperatur\u0119 do 55\u00b0C.<\/p>\n<p class=\"ds-markdown-paragraph\">Produkt nie zawiera PVC i spe\u0142nia szereg mi\u0119dzynarodowych norm bezpiecze\u0144stwa i EMC, takich jak CE, UL i RoHS, co gwarantuje zar\u00f3wno bezpieczn\u0105 eksploatacj\u0119, jak i dba\u0142o\u015b\u0107 o \u015brodowisko.<\/p>\n<p class=\"ds-markdown-paragraph\"><strong>Streszczenie<\/strong><br \/>\nZasilacz midspan AXIS T8134 60 W to najlepsze rozwi\u0105zanie, gdy potrzebujesz wi\u0119kszej mocy.<\/p>\n<p class=\"ds-markdown-paragraph\">Niezale\u017cnie od tego, czy u\u017cywasz kamer w klimacie arktycznym, wydajnych kamer PTZ, czy innych produkt\u00f3w sieciowych o du\u017cej mocy, ten zasilacz midspan umo\u017cliwia umieszczenie sprz\u0119tu dok\u0142adnie tam, gdzie jest potrzebny, bez ogranicze\u0144 zwi\u0105zanych z sieci\u0105 energetyczn\u0105. To niezawodne, bezpieczne i proste rozwi\u0105zanie dla instalacji przysz\u0142o\u015bciowych.<\/p>\n<p class=\"ds-markdown-paragraph\"><strong>Kluczowe specyfikacje:<\/strong><\/p>\n<ul>\n<li>\n<p class=\"ds-markdown-paragraph\"><strong>Typ:<\/strong>\u00a01-portowy wtryskiwacz High PoE (Midspan)<\/p>\n<\/li>\n<li>\n<p class=\"ds-markdown-paragraph\"><strong>Maksymalna moc wyj\u015bciowa:<\/strong>\u00a060 W<\/p>\n<\/li>\n<li>\n<p class=\"ds-markdown-paragraph\"><strong>Zgodno\u015b\u0107:<\/strong>\u00a0IEEE 802.3at (PoE+) i IEEE 802.3af (PoE)<\/p>\n<\/li>\n<li>\n<p class=\"ds-markdown-paragraph\"><strong>Przenoszenie danych:<\/strong>\u00a010\/100\/1000 Mb\/s (gigabit)<\/p>\n<\/li>\n<li>\n<p class=\"ds-markdown-paragraph\"><strong>Napi\u0119cie wej\u015bciowe:<\/strong>\u00a0100-240 V pr\u0105du przemiennego<\/p>\n<\/li>\n<li>\n<p class=\"ds-markdown-paragraph\"><strong>Montowanie:<\/strong>\u00a0\u015aciana, p\u00f3\u0142ka, szyna DIN (akcesoria)<\/p>\n<\/li>\n<li>\n<p class=\"ds-markdown-paragraph\"><strong>Gwarancja:<\/strong>\u00a03-letnia gwarancja<\/p>\n<\/li>\n<\/ul>\n<div class=\"sc-bczRLJ fySwpa\">\n<div class=\"sc-bczRLJ kEeNDb\"><\/div>\n<\/div>","protected":false},"excerpt":{"rendered":"<p>AXIS T8134 60 W Midspan to 1-portowy zasilacz High PoE przeznaczony do zasilania wydajnych urz\u0105dze\u0144 sieciowych wymagaj\u0105cych wi\u0119kszej mocy ni\u017c ta, kt\u00f3r\u0105 zapewnia standardowe PoE.<\/p>\n<p>Dostarcza moc do 60 W, czyli dwa razy wi\u0119cej ni\u017c IEEE 802.3at (PoE+), dzi\u0119ki czemu idealnie nadaje si\u0119 na przyk\u0142ad do kamer sieciowych AXIS Q60-e pracuj\u0105cych w temperaturach poni\u017cej -20 \u00b0C lub do zaawansowanych kamer kopu\u0142kowych PTZ.<\/p>","protected":false},"featured_media":160167,"template":"","meta":{"_acf_changed":false},"product_brand":[],"product_cat":[4951],"product_tag":[],"class_list":{"0":"post-160168","1":"product","2":"type-product","3":"status-publish","4":"has-post-thumbnail","6":"product_cat-axis-natverksuttag-poe","7":"pa_brands-axis","8":"tm-no-options","10":"first","11":"onbackorder","12":"sale","13":"taxable","14":"shipping-taxable","15":"purchasable","16":"product-type-simple"},"acf":[],"_links":{"self":[{"href":"https:\/\/secureus.se\/pl\/wp-json\/wp\/v2\/product\/160168","targetHints":{"allow":["GET"]}}],"collection":[{"href":"https:\/\/secureus.se\/pl\/wp-json\/wp\/v2\/product"}],"about":[{"href":"https:\/\/secureus.se\/pl\/wp-json\/wp\/v2\/types\/product"}],"wp:featuredmedia":[{"embeddable":true,"href":"https:\/\/secureus.se\/pl\/wp-json\/wp\/v2\/media\/160167"}],"wp:attachment":[{"href":"https:\/\/secureus.se\/pl\/wp-json\/wp\/v2\/media?parent=160168"}],"wp:term":[{"taxonomy":"product_brand","embeddable":true,"href":"https:\/\/secureus.se\/pl\/wp-json\/wp\/v2\/product_brand?post=160168"},{"taxonomy":"product_cat","embeddable":true,"href":"https:\/\/secureus.se\/pl\/wp-json\/wp\/v2\/product_cat?post=160168"},{"taxonomy":"product_tag","embeddable":true,"href":"https:\/\/secureus.se\/pl\/wp-json\/wp\/v2\/product_tag?post=160168"}],"curies":[{"name":"wp","href":"https:\/\/api.w.org\/{rel}","templated":true}]}}