{"id":160180,"date":"2025-11-21T11:12:31","date_gmt":"2025-11-21T10:12:31","guid":{"rendered":"https:\/\/secureus.se\/?post_type=product&#038;p=160180"},"modified":"2026-04-09T11:18:17","modified_gmt":"2026-04-09T09:18:17","slug":"axis-q6074-e-q60-serien-1mp-ip-ptz-kamera-425-1275-mm-motoriserat-objektiv-ip66-vit","status":"publish","type":"product","link":"https:\/\/secureus.se\/pl\/axis-q6074-e-q60-serien-1mp-ip-ptz-kamera-425-1275-mm-motoriserat-objektiv-ip66-vit\/","title":{"rendered":"Kamera IP PTZ AXIS Q6074-E serii Q60, 1 MP, obiektyw z nap\u0119dem silnikowym 4,25\u2013127,5 mm, IP66, bia\u0142a"},"content":{"rendered":"<h1>Kamera IP PTZ AXIS Q6074-E serii Q60, 1 MP, obiektyw z nap\u0119dem silnikowym 4,25\u2013127,5 mm, IP66, bia\u0142a<\/h1>\n<p class=\"ds-markdown-paragraph\">Kamera sieciowa PTZ AXIS Q6074-E to wszechstronne rozwi\u0105zanie do nadzoru zewn\u0119trznego, kt\u00f3re \u0142\u0105czy w sobie imponuj\u0105ce mo\u017cliwo\u015bci optyczne z inteligentnymi funkcjami.<\/p>\n<p class=\"ds-markdown-paragraph\">Kamera ta, zaprojektowana do profesjonalnych zastosowa\u0144 w systemach bezpiecze\u0144stwa, gwarantuje niezawodn\u0105 prac\u0119 w r\u00f3\u017cnych warunkach \u015brodowiskowych, zapewniaj\u0105c jednocze\u015bnie wysok\u0105 jako\u015b\u0107 obrazu i wydajno\u015b\u0107 operacyjn\u0105.<\/p>\n<p class=\"ds-markdown-paragraph\">Wydajno\u015b\u0107 optyczna i jako\u015b\u0107 obrazu<br \/>\nSercem kamery Q6074-E jest obiektyw z 30-krotnym zoomem optycznym (4,25\u2013127,5 mm), kt\u00f3ry zapewnia elastyczno\u015b\u0107 monitorowania zar\u00f3wno szerokich obszar\u00f3w, jak i konkretnych szczeg\u00f3\u0142\u00f3w z wi\u0119kszej odleg\u0142o\u015bci.<\/p>\n<p class=\"ds-markdown-paragraph\">Kamera rejestruje obraz w rozdzielczo\u015bci HDTV 720p, co gwarantuje dobr\u0105 jako\u015b\u0107 obrazu do cel\u00f3w identyfikacji i monitoringu.<\/p>\n<p class=\"ds-markdown-paragraph\">Automatyczna przys\u0142ona i autofokus pozwalaj\u0105 zachowa\u0107 optymaln\u0105 klarowno\u015b\u0107 obrazu przy r\u00f3\u017cnych poziomach powi\u0119kszenia i warunkach o\u015bwietleniowych.<\/p>\n<p class=\"ds-markdown-paragraph\">Zaawansowana technologia obrazowania<br \/>\nW kamerze zastosowano technologi\u0119 Axis Lightfinder 2.0, kt\u00f3ra umo\u017cliwia wykonywanie kolorowych zdj\u0119\u0107 o lepszym nasyceniu i ostrzejszych szczeg\u00f3\u0142ach, nawet przy s\u0142abym o\u015bwietleniu.<\/p>\n<p class=\"ds-markdown-paragraph\">Jest to szczeg\u00f3lnie cenne w przypadku zastosowa\u0144 wymagaj\u0105cych ca\u0142odobowego monitoringu, w kt\u00f3rych warunki o\u015bwietleniowe ulegaj\u0105 ci\u0105g\u0142ym zmianom.<\/p>\n<p class=\"ds-markdown-paragraph\">Kamera charakteryzuje si\u0119 tak\u017ce szerokim zakresem dynamiki (WDR) do 120 dB, co umo\u017cliwia jej radzenie sobie z trudnym o\u015bwietleniem tylnym oraz scenami o ekstremalnym kontra\u015bcie mi\u0119dzy jasnymi i ciemnymi obszarami.<\/p>\n<p class=\"ds-markdown-paragraph\">Inteligentne \u015bledzenie i analiza<br \/>\nKluczow\u0105 cech\u0105 modelu Q6074-E jest funkcja Autotracking 2, kt\u00f3ra obejmuje mo\u017cliwo\u015b\u0107 klikania i \u015bledzenia.<\/p>\n<p class=\"ds-markdown-paragraph\">Dzi\u0119ki temu operatorzy mog\u0105 po prostu klikn\u0105\u0107 obiekt w podgl\u0105dzie na \u017cywo, aby rozpocz\u0105\u0107 automatyczne \u015bledzenie ruchu tego obiektu.<\/p>\n<p class=\"ds-markdown-paragraph\">Kamera posiada r\u00f3wnie\u017c funkcj\u0119 orientacji, kt\u00f3ra zapewnia wizualne punkty odniesienia umo\u017cliwiaj\u0105ce szybkie ustawienie kamery i zrozumienie jej aktualnego pola widzenia.<\/p>\n<p class=\"ds-markdown-paragraph\">Wbudowane funkcje analityczne, takie jak AXIS Video Motion Detection, AXIS Fence Guard i AXIS Loitering Guard, zapewniaj\u0105 dodatkowe informacje umo\u017cliwiaj\u0105ce proaktywne monitorowanie bezpiecze\u0144stwa.<\/p>\n<p class=\"ds-markdown-paragraph\">Solidna konstrukcja i ochrona \u015brodowiska<br \/>\nZaprojektowany do u\u017cytku na zewn\u0105trz, Q6074-E ma metalow\u0105 obudow\u0119 ze stopniami ochrony IP66, IP67 i IK10, zapewniaj\u0105c\u0105 ochron\u0119 przed kurzem, wod\u0105 i uderzeniami mechanicznymi.<\/p>\n<p class=\"ds-markdown-paragraph\">Kamera mo\u017ce pracowa\u0107 w temperaturach si\u0119gaj\u0105cych nawet -50\u00b0C z odpowiednim zasilaczem (60 W High PoE), dzi\u0119ki czemu nadaje si\u0119 do pracy w ekstremalnych warunkach pogodowych. Do\u0142\u0105czona os\u0142ona przeciws\u0142oneczna chroni przed bezpo\u015brednim dzia\u0142aniem promieni s\u0142onecznych i niekorzystnymi warunkami pogodowymi.<\/p>\n<p class=\"ds-markdown-paragraph\">Bezpiecze\u0144stwo i integracja system\u00f3w<br \/>\nBezpiecze\u0144stwo jest zwi\u0119kszone dzi\u0119ki wielowarstwowej ochronie, obejmuj\u0105cej podpisane oprogramowanie sprz\u0119towe, bezpieczny rozruch i modu\u0142 TPM 2.0 certyfikowany zgodnie ze standardami FIPS 140-2.<\/p>\n<p class=\"ds-markdown-paragraph\">Funkcje te zapewniaj\u0105 integralno\u015b\u0107 oprogramowania kamery i chroni\u0105 przed nieautoryzowanym dost\u0119pem. Kamera obs\u0142uguje r\u00f3\u017cne protoko\u0142y sieciowe i p\u0142ynnie integruje si\u0119 z systemami zarz\u0105dzania wideo poprzez profile ONVIF i autorskie API VAPIX firmy Axis.<\/p>\n<p class=\"ds-markdown-paragraph\">Efektywne zarz\u0105dzanie przepustowo\u015bci\u0105 i pami\u0119ci\u0105 masow\u0105<br \/>\nTechnologia Axis Zipstream, dost\u0119pna w formatach kompresji H.264 i H.265, znacz\u0105co zmniejsza wymagania dotycz\u0105ce przepustowo\u015bci i pami\u0119ci masowej, jednocze\u015bnie zachowuj\u0105c wa\u017cne szczeg\u00f3\u0142y kryminalistyczne w materiale wideo.<\/p>\n<p class=\"ds-markdown-paragraph\">Dzi\u0119ki temu kamera jest bardziej wydajna w zastosowaniach zwi\u0105zanych z ci\u0105g\u0142ym nagrywaniem i zdalnym podgl\u0105dem.<\/p>\n<p class=\"ds-markdown-paragraph\">Streszczenie<br \/>\nKamera sieciowa PTZ AXIS Q6074-E oferuje zr\u00f3wnowa\u017cone po\u0142\u0105czenie wysokiej jako\u015bci optycznej, inteligentnych funkcji i solidnej konstrukcji, co sprawdza si\u0119 w r\u00f3\u017cnych scenariuszach nadzoru zewn\u0119trznego.<\/p>\n<p class=\"ds-markdown-paragraph\">Mo\u017cliwo\u015b\u0107 30-krotnego zoomu, zaawansowane technologie obrazowania i funkcje bezpiecze\u0144stwa sprawiaj\u0105, \u017ce jest to niezawodny wyb\u00f3r w przypadku ochrony obwodowej, monitorowania infrastruktury krytycznej i innych zastosowa\u0144 zwi\u0105zanych z bezpiecze\u0144stwem, w kt\u00f3rych wa\u017cne s\u0105 zar\u00f3wno og\u00f3lny przegl\u0105d, jak i szczeg\u00f3\u0142y.<\/p>\n<p class=\"ds-markdown-paragraph\">Kluczowe dane techniczne:<\/p>\n<ul>\n<li>\n<p class=\"ds-markdown-paragraph\">Rozdzielczo\u015b\u0107: HDTV 720p (1280\u00d7720)<\/p>\n<\/li>\n<li>\n<p class=\"ds-markdown-paragraph\">Obiektyw: 4,25-127,5 mm, 30-krotny zoom optyczny<\/p>\n<\/li>\n<li>\n<p class=\"ds-markdown-paragraph\">Technologia obrazu: Lightfinder 2.0, WDR do 120 dB<\/p>\n<\/li>\n<li>\n<p class=\"ds-markdown-paragraph\">\u015aledzenie: automatyczne \u015bledzenie 2 z funkcj\u0105 \u201ekliknij i \u015bled\u017a\u201d<\/p>\n<\/li>\n<li>\n<p class=\"ds-markdown-paragraph\">Stopie\u0144 ochrony: IP66\/IP67, IK10<\/p>\n<\/li>\n<li>\n<p class=\"ds-markdown-paragraph\">Bezpiecze\u0144stwo: TPM 2.0 (certyfikat FIPS 140-2)<\/p>\n<\/li>\n<li>\n<p class=\"ds-markdown-paragraph\">Moc: High PoE (w zestawie zasilacz midspan 60 W)<\/p>\n<\/li>\n<li>\n<p class=\"ds-markdown-paragraph\">Temperatura pracy: od -50\u00b0C do 50\u00b0C (przy mocy 60 W)<\/p>\n<\/li>\n<li>\n<p class=\"ds-markdown-paragraph\">Gwarancja: 3-letnia gwarancja<\/p>\n<\/li>\n<\/ul>\n<div class=\"sc-bczRLJ fySwpa\">\n<div class=\"sc-bczRLJ kEeNDb\"><\/div>\n<\/div>","protected":false},"excerpt":{"rendered":"<p>AXIS Q6074-E to wytrzyma\u0142a kamera sieciowa PTZ przeznaczona do monitoringu zewn\u0119trznego.<\/p>\n<p>Zapewnia wyra\u017any obraz wideo w rozdzielczo\u015bci HDTV 720p z mocnym 30-krotnym zoomem optycznym, umo\u017cliwiaj\u0105c zar\u00f3wno szeroki k\u0105t widzenia, jak i szczeg\u00f3\u0142owe zbli\u017cenia.<\/p>\n<p>Kamera znakomicie radzi sobie w trudnych warunkach o\u015bwietleniowych dzi\u0119ki technologii Axis Lightfinder 2.0.<\/p>","protected":false},"featured_media":160177,"template":"","meta":{"_acf_changed":false},"product_brand":[],"product_cat":[4952],"product_tag":[],"class_list":{"0":"post-160180","1":"product","2":"type-product","3":"status-publish","4":"has-post-thumbnail","6":"product_cat-axis-ptz-kamera","7":"pa_brands-axis","8":"pa_farg-vit","9":"tm-no-options","11":"first","12":"instock","13":"sale","14":"taxable","15":"shipping-taxable","16":"purchasable","17":"product-type-simple"},"acf":[],"_links":{"self":[{"href":"https:\/\/secureus.se\/pl\/wp-json\/wp\/v2\/product\/160180","targetHints":{"allow":["GET"]}}],"collection":[{"href":"https:\/\/secureus.se\/pl\/wp-json\/wp\/v2\/product"}],"about":[{"href":"https:\/\/secureus.se\/pl\/wp-json\/wp\/v2\/types\/product"}],"wp:featuredmedia":[{"embeddable":true,"href":"https:\/\/secureus.se\/pl\/wp-json\/wp\/v2\/media\/160177"}],"wp:attachment":[{"href":"https:\/\/secureus.se\/pl\/wp-json\/wp\/v2\/media?parent=160180"}],"wp:term":[{"taxonomy":"product_brand","embeddable":true,"href":"https:\/\/secureus.se\/pl\/wp-json\/wp\/v2\/product_brand?post=160180"},{"taxonomy":"product_cat","embeddable":true,"href":"https:\/\/secureus.se\/pl\/wp-json\/wp\/v2\/product_cat?post=160180"},{"taxonomy":"product_tag","embeddable":true,"href":"https:\/\/secureus.se\/pl\/wp-json\/wp\/v2\/product_tag?post=160180"}],"curies":[{"name":"wp","href":"https:\/\/api.w.org\/{rel}","templated":true}]}}