{"id":160185,"date":"2025-11-21T11:12:31","date_gmt":"2025-11-21T10:12:31","guid":{"rendered":"https:\/\/secureus.se\/?post_type=product&#038;p=160185"},"modified":"2026-04-09T11:18:19","modified_gmt":"2026-04-09T09:18:19","slug":"axis-q6135-le-q61-serien-2mp-zipstream-ip-ptz-kamera-med-32x-optisk-zoom-43-1376-mm-motoriserat-objektiv-ir-190-m-ip66-vit","status":"publish","type":"product","link":"https:\/\/secureus.se\/pl\/axis-q6135-le-q61-serien-2mp-zipstream-ip-ptz-kamera-med-32x-optisk-zoom-43-1376-mm-motoriserat-objektiv-ir-190-m-ip66-vit\/","title":{"rendered":"Kamera IP PTZ Zipstream AXIS Q6135-LE serii Q61, 2 MP, z 32-krotnym zoomem optycznym, obiektywem z nap\u0119dem silnikowym 4,3\u2013137,6 mm, IR 190 M, IP66, bia\u0142a"},"content":{"rendered":"<h1>Kamera IP PTZ Zipstream AXIS Q6135-LE serii Q61, 2 MP, z 32-krotnym zoomem optycznym, obiektywem z nap\u0119dem silnikowym 4,3\u2013137,6 mm, IR 190 M, IP66, bia\u0142a<\/h1>\n<div class=\"dad65929\">\n<div class=\"_4f9bf79 d7dc56a8 _43c05b5\">\n<div class=\"ds-message _63c77b1\">\n<div class=\"ds-markdown\">\n<p class=\"ds-markdown-paragraph\">Kamera sieciowa PTZ AXIS Q6135-LE to kamera zaprojektowana specjalnie do wymagaj\u0105cych zastosowa\u0144 w zakresie monitoringu, w kt\u00f3rych kluczowe znaczenie maj\u0105 du\u017cy zasi\u0119g i niezawodna praca w ka\u017cdych warunkach o\u015bwietleniowych.<\/p>\n<p class=\"ds-markdown-paragraph\">\u0141\u0105czy w sobie zaawansowan\u0105 optyk\u0119, inteligentne o\u015bwietlenie IR i solidn\u0105 konstrukcj\u0119, aby zapewni\u0107 kompleksowe rozwi\u0105zanie do ochrony newralgicznych obszar\u00f3w, takich jak lotniska, porty, du\u017ce obiekty przemys\u0142owe i nadz\u00f3r granic.<\/p>\n<p class=\"ds-markdown-paragraph\"><strong>Wyj\u0105tkowa wydajno\u015b\u0107 optyczna i daleki zasi\u0119g podczerwieni<\/strong><br \/>\nSercem kamery Q6135-LE jest 32-krotny zoom optyczny (obiektyw 4,3\u2013137,6 mm), kt\u00f3ry umo\u017cliwia identyfikacj\u0119 obiekt\u00f3w znajduj\u0105cych si\u0119 w bardzo du\u017cej odleg\u0142o\u015bci dzi\u0119ki rozdzielczo\u015bci Full HD 1080p.<\/p>\n<p class=\"ds-markdown-paragraph\">Jest wyposa\u017cony w\u00a0<strong>Zoptymalizowany IR<\/strong>Technologia, kt\u00f3ra dostosowuje o\u015bwietlenie IR, aby uzyska\u0107 optymalne o\u015bwietlenie bez prze\u015bwietlenia. Dzi\u0119ki dedykowanemu zasilaczowi midspan High PoE o mocy 60 W o\u015bwietlenie IR dociera do\u00a0<strong>250 metr\u00f3w<\/strong>, co gwarantuje wyra\u017ane czarno-bia\u0142e obrazy nawet w ca\u0142kowitej ciemno\u015bci.<\/p>\n<p class=\"ds-markdown-paragraph\"><strong>Zaawansowana technologia obrazowania zapewniaj\u0105ca doskona\u0142\u0105 jako\u015b\u0107 obrazu<\/strong><br \/>\nAby poradzi\u0107 sobie z trudnymi warunkami o\u015bwietleniowymi, kamera wykorzystuje\u00a0<strong>Axis Lightfinder 2.0<\/strong>\u00a0aby zapewni\u0107 kolorowe i ostre obrazy przy s\u0142abym o\u015bwietleniu.<\/p>\n<p class=\"ds-markdown-paragraph\">Posiada tak\u017ce funkcj\u0119 Forensic WDR (szeroki zakres dynamiki) do 120 dB, co pozwala na balansowanie scen o bardzo wysokim kontra\u015bcie, na przyk\u0142ad pod\u015bwietlonych.<\/p>\n<p class=\"ds-markdown-paragraph\">Prze\u0142omowy\u00a0<strong>Technologia Sharpdome<\/strong>\u00a0jest wyj\u0105tkow\u0105 zalet\u0105 \u2013 eliminuje tradycyjne zniekszta\u0142cenia wyst\u0119puj\u0105ce w kamerach kopu\u0142kowych i zapewnia t\u0119 sam\u0105 ostr\u0105 jako\u015b\u0107 obrazu do 20\u00b0 nad horyzontem, co jest kluczowe w przypadku wykrywania zdarze\u0144 maj\u0105cych miejsce wysoko w obrazie.<\/p>\n<p class=\"ds-markdown-paragraph\"><strong>Inteligentne funkcje do proaktywnego monitorowania<\/strong><br \/>\nAparat jest wyposa\u017cony w\u00a0<strong>Automatyczne \u015bledzenie 2<\/strong>, kt\u00f3ry obejmuje intuicyjn\u0105 funkcj\u0119 \u201ekliknij i \u015bled\u017a\u201d.<\/p>\n<p class=\"ds-markdown-paragraph\">Dzi\u0119ki temu operator mo\u017ce \u0142atwo oznaczy\u0107 podejrzany obiekt, tak aby kamera automatycznie zacz\u0119\u0142a \u015bledzi\u0107 jego ruch na scenie.<\/p>\n<p class=\"ds-markdown-paragraph\">Wbudowany\u00a0<strong>AXIS Object Analytics<\/strong>\u00a0mo\u017ce wykrywa\u0107 ludzi i pojazdy oraz s\u0142u\u017cy\u0107 do tworzenia inteligentnych regu\u0142 alarmowych w oparciu o okre\u015blone zachowania, np. przekroczenie linii lub wkroczenie do strefy zabronionej.<\/p>\n<p class=\"ds-markdown-paragraph\"><strong>Solidna i bezpieczna konstrukcja<\/strong><br \/>\nKamera zosta\u0142a zaprojektowana z my\u015bl\u0105 o ekstremalnych warunkach zewn\u0119trznych. Posiada obudow\u0119 o stopniu ochrony IP66 i NEMA 4X oraz zabezpieczenie IK10 chroni\u0105ce przed wandalizmem.<\/p>\n<p class=\"ds-markdown-paragraph\">Aby chroni\u0107 sam system, zintegrowano platform\u0119 bezpiecze\u0144stwa opart\u0105 na sprz\u0119cie\u00a0<strong>Sklepienie kraw\u0119dzi osi<\/strong>\u00a0z\u00a0<strong>Modu\u0142 TPM 2.0 z certyfikatem FIPS 140-2 Poziom 2<\/strong>Gwarantuje to bezpieczne uruchomienie, podpisane oprogramowanie sprz\u0119towe oraz chroni to\u017csamo\u015b\u0107 kamery i integralno\u015b\u0107 wideo przed nieautoryzowanym dost\u0119pem.<\/p>\n<p class=\"ds-markdown-paragraph\"><strong>Streszczenie<\/strong><br \/>\nAXIS Q6135-LE to najlepsze rozwi\u0105zanie w sytuacjach, w kt\u00f3rych odleg\u0142o\u015b\u0107 ogl\u0105dania i przejrzysto\u015b\u0107 obrazu maj\u0105 kluczowe znaczenie, i to 24 godziny na dob\u0119, 7 dni w tygodniu.<\/p>\n<p class=\"ds-markdown-paragraph\">Unikalne po\u0142\u0105czenie zoomu o du\u017cym zasi\u0119gu, zaawansowanego o\u015bwietlenia IR, technologii Sharpdome i inteligentnych funkcji \u015bledzenia sprawia, \u017ce jest to bezkonkurencyjny wyb\u00f3r w przypadku ochrony du\u017cych, otwartych i wra\u017cliwych obszar\u00f3w zewn\u0119trznych.<\/p>\n<p class=\"ds-markdown-paragraph\"><strong>Kluczowe specyfikacje:<\/strong><\/p>\n<ul>\n<li>\n<p class=\"ds-markdown-paragraph\"><strong>Transduktor:<\/strong>\u00a01\/2,8\u2033 progresywny CMOS<\/p>\n<\/li>\n<li>\n<p class=\"ds-markdown-paragraph\"><strong>Cel:<\/strong>\u00a04,3\u2013137,6 mm, F1,4\u20134,0, 32-krotny zoom optyczny<\/p>\n<\/li>\n<li>\n<p class=\"ds-markdown-paragraph\"><strong>Odleg\u0142o\u015b\u0107 IR:<\/strong>\u00a0Do 250 m (z midspanem 60 W)<\/p>\n<\/li>\n<li>\n<p class=\"ds-markdown-paragraph\"><strong>Technologia obrazowania:<\/strong>\u00a0Lightfinder 2.0, Forensic WDR, Sharpdome<\/p>\n<\/li>\n<li>\n<p class=\"ds-markdown-paragraph\"><strong>\u015aledzenie:<\/strong>\u00a0Automatyczne \u015bledzenie 2 z funkcj\u0105 \u201ekliknij i \u015bled\u017a\u201d<\/p>\n<\/li>\n<li>\n<p class=\"ds-markdown-paragraph\"><strong>Analiza:<\/strong>\u00a0AXIS Object Analytics (Ludzie, Pojazdy)<\/p>\n<\/li>\n<li>\n<p class=\"ds-markdown-paragraph\"><strong>Klasa ochrony:<\/strong>\u00a0IP66, NEMA 4X, IK10<\/p>\n<\/li>\n<li>\n<p class=\"ds-markdown-paragraph\"><strong>Bezpiecze\u0144stwo:<\/strong>\u00a0Axis Edge Vault, TPM (FIPS 140-2 poziom 2)<\/p>\n<\/li>\n<li>\n<p class=\"ds-markdown-paragraph\"><strong>Gwarancja:<\/strong>\u00a05-letnia gwarancja<\/p>\n<\/li>\n<\/ul>\n<\/div>\n<\/div>\n<\/div>\n<\/div>","protected":false},"excerpt":{"rendered":"<p>AXIS Q6135-LE to wydajna kamera PTZ zaprojektowana specjalnie do nadzoru dalekiego zasi\u0119gu w trudnych warunkach.<\/p>\n<p>Oferuje ostry obraz w rozdzielczo\u015bci HDTV 1080p z pot\u0119\u017cnym 32-krotnym zoomem optycznym. Unikaln\u0105 cech\u0105 jest dalekosi\u0119\u017cny system OptimizedIR, kt\u00f3ry skutecznie o\u015bwietla sceny w odleg\u0142o\u015bci do 250 metr\u00f3w, w zale\u017cno\u015bci od warunk\u00f3w.<\/p>\n<p>Aby zapewni\u0107 wysok\u0105 jako\u015b\u0107 obrazu przy s\u0142abym o\u015bwietleniu, kamer\u0119 wyposa\u017cono w technologi\u0119 Axis Lightfinder 2.0.<\/p>","protected":false},"featured_media":160181,"template":"","meta":{"_acf_changed":false},"product_brand":[],"product_cat":[4952],"product_tag":[],"class_list":{"0":"post-160185","1":"product","2":"type-product","3":"status-publish","4":"has-post-thumbnail","6":"product_cat-axis-ptz-kamera","7":"pa_brands-axis","8":"pa_farg-vit","9":"tm-no-options","11":"first","12":"instock","13":"sale","14":"taxable","15":"shipping-taxable","16":"purchasable","17":"product-type-simple"},"acf":[],"_links":{"self":[{"href":"https:\/\/secureus.se\/pl\/wp-json\/wp\/v2\/product\/160185","targetHints":{"allow":["GET"]}}],"collection":[{"href":"https:\/\/secureus.se\/pl\/wp-json\/wp\/v2\/product"}],"about":[{"href":"https:\/\/secureus.se\/pl\/wp-json\/wp\/v2\/types\/product"}],"wp:featuredmedia":[{"embeddable":true,"href":"https:\/\/secureus.se\/pl\/wp-json\/wp\/v2\/media\/160181"}],"wp:attachment":[{"href":"https:\/\/secureus.se\/pl\/wp-json\/wp\/v2\/media?parent=160185"}],"wp:term":[{"taxonomy":"product_brand","embeddable":true,"href":"https:\/\/secureus.se\/pl\/wp-json\/wp\/v2\/product_brand?post=160185"},{"taxonomy":"product_cat","embeddable":true,"href":"https:\/\/secureus.se\/pl\/wp-json\/wp\/v2\/product_cat?post=160185"},{"taxonomy":"product_tag","embeddable":true,"href":"https:\/\/secureus.se\/pl\/wp-json\/wp\/v2\/product_tag?post=160185"}],"curies":[{"name":"wp","href":"https:\/\/api.w.org\/{rel}","templated":true}]}}