{"id":160189,"date":"2025-11-21T11:12:31","date_gmt":"2025-11-21T10:12:31","guid":{"rendered":"https:\/\/secureus.se\/?post_type=product&#038;p=160189"},"modified":"2026-04-09T11:18:13","modified_gmt":"2026-04-09T09:18:13","slug":"axis-a9210-relamodul-for-i-o-i-natverk","status":"publish","type":"product","link":"https:\/\/secureus.se\/pl\/axis-a9210-relamodul-for-i-o-i-natverk\/","title":{"rendered":"Modu\u0142 przeka\u017anika sieciowego I\/O AXIS A9210"},"content":{"rendered":"<h1>Modu\u0142 przeka\u017anika sieciowego I\/O AXIS A9210<\/h1>\n<p class=\"ds-markdown-paragraph\">Modu\u0142 przeka\u017anika sieciowego I\/O AXIS A9210 to zaawansowane urz\u0105dzenie interfejsu zaprojektowane w celu rozszerzenia mo\u017cliwo\u015bci system\u00f3w bezpiecze\u0144stwa i zarz\u0105dzania budynkiem.<\/p>\n<p class=\"ds-markdown-paragraph\">Zapewniaj\u0105c wiele po\u0142\u0105cze\u0144 wej\u015bcia\/wyj\u015bcia w jednym urz\u0105dzeniu sieciowym, umo\u017cliwia kompleksowe monitorowanie i sterowanie r\u00f3\u017cnymi urz\u0105dzeniami peryferyjnymi i systemami.<\/p>\n<p class=\"ds-markdown-paragraph\"><strong>Kompleksowa konfiguracja wej\u015bcia\/wyj\u015bcia<\/strong><br \/>\nA9210 oferuje \u0142\u0105cznie 10 port\u00f3w wej\u015bcia\/wyj\u015bcia z elastycznymi opcjami konfiguracji:<\/p>\n<ul>\n<li>\n<p class=\"ds-markdown-paragraph\">2 konfigurowalne wej\u015bcia\/wyj\u015bcia, kt\u00f3re mo\u017cna ustawi\u0107 jako wej\u015bcia lub wyj\u015bcia<\/p>\n<\/li>\n<li>\n<p class=\"ds-markdown-paragraph\">5 dedykowanych wej\u015b\u0107 cyfrowych z mo\u017cliwo\u015bci\u0105 nadzoru (0-12 V DC, 4 stany)<\/p>\n<\/li>\n<li>\n<p class=\"ds-markdown-paragraph\">3 wyj\u015bcia cyfrowe (otwarty dren, maks. 30 V DC, 100 mA ka\u017cde)<\/p>\n<\/li>\n<li>\n<p class=\"ds-markdown-paragraph\">1 styk przeka\u017anika typu C (NO\/NC) o obci\u0105\u017calno\u015bci 2 A przy 30 V DC<\/p>\n<\/li>\n<\/ul>\n<p class=\"ds-markdown-paragraph\">Nadzorowane wej\u015bcia zawieraj\u0105 programowalne rezystory ko\u0144cowe (1K, 2,2K, 4,7K i 10K), kt\u00f3re zapewniaj\u0105 ulepszony monitoring bezpiecze\u0144stwa poprzez wykrywanie manipulacji lub przeci\u0119\u0107 kabli.<\/p>\n<p class=\"ds-markdown-paragraph\">Modu\u0142 posiada r\u00f3wnie\u017c wyj\u015bcie zasilania 12 V DC (50 mA) umo\u017cliwiaj\u0105ce zasilanie pod\u0142\u0105czonych urz\u0105dze\u0144.<\/p>\n<p class=\"ds-markdown-paragraph\"><strong>Skalowalna rozbudowa systemu<\/strong><br \/>\nG\u0142\u00f3wn\u0105 zalet\u0105 A9210 jest obs\u0142uga technologii multi-drop, co pozwala na pod\u0142\u0105czenie do 16 modu\u0142\u00f3w rozszerze\u0144 za pomoc\u0105 jednego po\u0142\u0105czenia IP.<\/p>\n<p class=\"ds-markdown-paragraph\">Taka skalowalno\u015b\u0107 umo\u017cliwia obs\u0142ug\u0119 do 128 wej\u015b\u0107\/wyj\u015b\u0107 i 64 przeka\u017anik\u00f3w, co czyni je idealnym rozwi\u0105zaniem dla instalacji na du\u017c\u0105 skal\u0119 bez konieczno\u015bci stosowania dodatkowej infrastruktury sieciowej.<\/p>\n<p class=\"ds-markdown-paragraph\"><strong>Solidna \u0142\u0105czno\u015b\u0107 i integracja<\/strong><br \/>\nModu\u0142 zawiera port RS485 z obs\u0142ug\u0105 protoko\u0142u Modbus, co u\u0142atwia integracj\u0119 z systemami sterowania przemys\u0142owego i automatyk\u0105 budynkow\u0105.<\/p>\n<p class=\"ds-markdown-paragraph\">Obs\u0142uguje standardowe protoko\u0142y sieciowe, w tym IPv4\/IPv6, HTTP\/HTTPS i SNMP, zapewniaj\u0105c zgodno\u015b\u0107 z wi\u0119kszo\u015bci\u0105 system\u00f3w bezpiecze\u0144stwa i zarz\u0105dzania.<\/p>\n<p class=\"ds-markdown-paragraph\">Zbudowany na otwartych platformach Axis, model A9210 obs\u0142uguje interfejsy VAPIX API i AXIS Camera Application Platform (ACAP), co umo\u017cliwia tworzenie niestandardowych aplikacji i bezproblemow\u0105 integracj\u0119 z systemami zarz\u0105dzania wideo Axis i rozwi\u0105zaniami innych firm.<\/p>\n<p class=\"ds-markdown-paragraph\"><strong>Ulepszone funkcje bezpiecze\u0144stwa<\/strong><br \/>\nBezpiecze\u0144stwo jest wzmocnione dzi\u0119ki Axis Edge Vault, platformie cyberbezpiecze\u0144stwa opartej na sprz\u0119cie, kt\u00f3ra zapewnia:<\/p>\n<ul>\n<li>\n<p class=\"ds-markdown-paragraph\">Bezpieczny rozruch i weryfikacja podpisanego oprogramowania sprz\u0119towego<\/p>\n<\/li>\n<li>\n<p class=\"ds-markdown-paragraph\">Bezpieczny magazyn kluczy do operacji kryptograficznych<\/p>\n<\/li>\n<li>\n<p class=\"ds-markdown-paragraph\">Certyfikowany modu\u0142 bezpiecze\u0144stwa sprz\u0119towego FIPS 140-2<\/p>\n<\/li>\n<li>\n<p class=\"ds-markdown-paragraph\">Szyfrowany system plik\u00f3w (AES-XTS-Plain64 256 bit\u00f3w)<\/p>\n<\/li>\n<\/ul>\n<p class=\"ds-markdown-paragraph\">Funkcje te gwarantuj\u0105 integralno\u015b\u0107 urz\u0105dzenia i chroni\u0105 przed nieautoryzowanym dost\u0119pem przez ca\u0142y cykl jego eksploatacji.<\/p>\n<p class=\"ds-markdown-paragraph\"><strong>Trwa\u0142a konstrukcja i elastyczna instalacja<\/strong><br \/>\nUmieszczony w wytrzyma\u0142ej stalowej obudowie, model A9210 jest przeznaczony do pracy w wymagaj\u0105cych warunkach, w zakresie temperatur od -40\u00b0C do 55\u00b0C (od -40\u00b0F do 131\u00b0F).<\/p>\n<p class=\"ds-markdown-paragraph\">Urz\u0105dzenie obs\u0142uguje wiele opcji monta\u017cu, w tym monta\u017c na \u015bcianie i na szynie DIN. Posiada kolorowe, od\u0142\u0105czane bloki zaciskowe, co upraszcza okablowanie.<\/p>\n<p class=\"ds-markdown-paragraph\">Modu\u0142 mo\u017cna zasila\u0107 za pomoc\u0105 technologii Power over Ethernet (PoE+ IEEE 802.3at) lub pr\u0105dem sta\u0142ym 12 V, co zapewnia elastyczno\u015b\u0107 w wyborze miejsca instalacji.<\/p>\n<p class=\"ds-markdown-paragraph\">Wyj\u015bcie przeka\u017anikowe obs\u0142uguje zar\u00f3wno styki suche, jak i mokre, dostosowuj\u0105c si\u0119 do r\u00f3\u017cnorodnych zastosowa\u0144 steruj\u0105cych.<\/p>\n<p class=\"ds-markdown-paragraph\"><strong>Wszechstronno\u015b\u0107 zastosowa\u0144<\/strong><br \/>\nAXIS A9210 nadaje si\u0119 do wielu zastosowa\u0144, w tym:<\/p>\n<ul>\n<li>\n<p class=\"ds-markdown-paragraph\">Integracja systemu kontroli dost\u0119pu<\/p>\n<\/li>\n<li>\n<p class=\"ds-markdown-paragraph\">Monitorowanie \u015brodowiska (temperatura, wilgotno\u015b\u0107, wykrywanie wody)<\/p>\n<\/li>\n<li>\n<p class=\"ds-markdown-paragraph\">Rozszerzenie systemu alarmowego<\/p>\n<\/li>\n<li>\n<p class=\"ds-markdown-paragraph\">Automatyka przemys\u0142owa<\/p>\n<\/li>\n<li>\n<p class=\"ds-markdown-paragraph\">Systemy zarz\u0105dzania budynkami<\/p>\n<\/li>\n<li>\n<p class=\"ds-markdown-paragraph\">Ulepszenia ochrony obwodowej<\/p>\n<\/li>\n<\/ul>\n<p class=\"ds-markdown-paragraph\"><strong>Streszczenie<\/strong><br \/>\nModu\u0142 przeka\u017anikowy sieciowy I\/O AXIS A9210 to bezpieczne, skalowalne i wszechstronne rozwi\u0105zanie rozszerzaj\u0105ce mo\u017cliwo\u015bci systemu poza monitoring wideo.<\/p>\n<p class=\"ds-markdown-paragraph\">Kompleksowa konfiguracja wej\u015bcia\/wyj\u015bcia, solidne funkcje bezpiecze\u0144stwa i elastyczne opcje integracji czyni\u0105 go niezb\u0119dnym elementem nowoczesnych system\u00f3w bezpiecze\u0144stwa i automatyzacji, umo\u017cliwiaj\u0105c scentralizowane monitorowanie i sterowanie r\u00f3\u017cnymi urz\u0105dzeniami i czujnikami za po\u015brednictwem jednego po\u0142\u0105czenia sieciowego.<\/p>\n<p class=\"ds-markdown-paragraph\"><strong>Kluczowe dane techniczne:<\/strong><\/p>\n<ul>\n<li>\n<p class=\"ds-markdown-paragraph\">Porty I\/O: \u0142\u0105cznie 10 (2 konfigurowalne I\/O, 5 wej\u015b\u0107, 3 wyj\u015bcia)<\/p>\n<\/li>\n<li>\n<p class=\"ds-markdown-paragraph\">Przeka\u017anik: 1 styk typu C (2 A, 30 V DC)<\/p>\n<\/li>\n<li>\n<p class=\"ds-markdown-paragraph\">Rozszerzenie: Obs\u0142uguje do 128 wej\u015b\u0107\/wyj\u015b\u0107 i 64 przeka\u017anik\u00f3w<\/p>\n<\/li>\n<li>\n<p class=\"ds-markdown-paragraph\">\u0141\u0105czno\u015b\u0107: Ethernet, RS485 (Modbus)<\/p>\n<\/li>\n<li>\n<p class=\"ds-markdown-paragraph\">Zasilanie: PoE+ (IEEE 802.3at) lub 12 V DC<\/p>\n<\/li>\n<li>\n<p class=\"ds-markdown-paragraph\">Bezpiecze\u0144stwo: Axis Edge Vault z bezpiecznym rozruchem<\/p>\n<\/li>\n<li>\n<p class=\"ds-markdown-paragraph\">Temperatura pracy: od -40\u00b0C do 55\u00b0C<\/p>\n<\/li>\n<li>\n<p class=\"ds-markdown-paragraph\">Monta\u017c: na \u015bcianie lub szynie DIN<\/p>\n<\/li>\n<li>\n<p class=\"ds-markdown-paragraph\">Gwarancja: 5 lat gwarancji<\/p>\n<\/li>\n<\/ul>\n<div class=\"sc-bczRLJ fySwpa\">\n<div class=\"sc-bczRLJ kEeNDb\"><\/div>\n<\/div>","protected":false},"excerpt":{"rendered":"<p>Modu\u0142 przeka\u017anikowy sieciowy I\/O AXIS A9210 rozszerza funkcjonalno\u015b\u0107 system\u00f3w bezpiecze\u0144stwa, zapewniaj\u0105c 10 konfigurowalnych port\u00f3w I\/O, w tym 5 nadzorowanych wej\u015b\u0107, 3 wyj\u015bcia i 1 wyj\u015bcie przeka\u017anikowe typu C.<\/p>\n<p>To wszechstronne urz\u0105dzenie pozwala na integracj\u0119 z r\u00f3\u017cnymi czujnikami, alarmami i systemami sterowania, umo\u017cliwiaj\u0105c monitorowanie czujnik\u00f3w \u015brodowiskowych, przycisk\u00f3w alarmowych i innych urz\u0105dze\u0144 zabezpieczaj\u0105cych.<\/p>","protected":false},"featured_media":160186,"template":"","meta":{"_acf_changed":false},"product_brand":[],"product_cat":[4956],"product_tag":[],"class_list":{"0":"post-160189","1":"product","2":"type-product","3":"status-publish","4":"has-post-thumbnail","6":"product_cat-ovrigt-fran-axis","7":"pa_brands-axis","8":"pa_farg-vit","9":"tm-no-options","11":"first","12":"instock","13":"sale","14":"taxable","15":"shipping-taxable","16":"purchasable","17":"product-type-simple"},"acf":[],"_links":{"self":[{"href":"https:\/\/secureus.se\/pl\/wp-json\/wp\/v2\/product\/160189","targetHints":{"allow":["GET"]}}],"collection":[{"href":"https:\/\/secureus.se\/pl\/wp-json\/wp\/v2\/product"}],"about":[{"href":"https:\/\/secureus.se\/pl\/wp-json\/wp\/v2\/types\/product"}],"wp:featuredmedia":[{"embeddable":true,"href":"https:\/\/secureus.se\/pl\/wp-json\/wp\/v2\/media\/160186"}],"wp:attachment":[{"href":"https:\/\/secureus.se\/pl\/wp-json\/wp\/v2\/media?parent=160189"}],"wp:term":[{"taxonomy":"product_brand","embeddable":true,"href":"https:\/\/secureus.se\/pl\/wp-json\/wp\/v2\/product_brand?post=160189"},{"taxonomy":"product_cat","embeddable":true,"href":"https:\/\/secureus.se\/pl\/wp-json\/wp\/v2\/product_cat?post=160189"},{"taxonomy":"product_tag","embeddable":true,"href":"https:\/\/secureus.se\/pl\/wp-json\/wp\/v2\/product_tag?post=160189"}],"curies":[{"name":"wp","href":"https:\/\/api.w.org\/{rel}","templated":true}]}}