{"id":160196,"date":"2025-11-21T11:12:31","date_gmt":"2025-11-21T10:12:31","guid":{"rendered":"https:\/\/secureus.se\/?post_type=product&#038;p=160196"},"modified":"2026-04-09T11:18:10","modified_gmt":"2026-04-09T09:18:10","slug":"axis-ps56-nataggregat-for-poe-extendersats-240-w-din-skena-01726-001","status":"publish","type":"product","link":"https:\/\/secureus.se\/pl\/axis-ps56-nataggregat-for-poe-extendersats-240-w-din-skena-01726-001\/","title":{"rendered":"Zasilacz AXIS PS56 do zestawu PoE Extender, 240 W, szyna DIN (01726-001)"},"content":{"rendered":"<h1>AXIS PS56 n\u00e4taggregat f\u00f6r PoE-extendersats, 240 W, DIN-skena<\/h1>\n<p class=\"ds-markdown-paragraph\">AXIS PS56 to wydajny zasilacz przemys\u0142owy o mocy 240 W, zaprojektowany specjalnie do zasilania zestaw\u00f3w rozszerzaj\u0105cych PoE.<\/p>\n<p class=\"ds-markdown-paragraph\">Dzi\u0119ki kompaktowej konstrukcji i szerokiemu zakresowi napi\u0119cia wej\u015bciowego 100\u2013240 V AC urz\u0105dzenie doskonale nadaje si\u0119 do pracy w wymagaj\u0105cych \u015brodowiskach.<\/p>\n<p class=\"ds-markdown-paragraph\">Urz\u0105dzenie przeznaczone jest do monta\u017cu na szynie DIN, co u\u0142atwia instalacj\u0119 w szafach elektrycznych i szafach przemys\u0142owych.<\/p>\n<p class=\"ds-markdown-paragraph\">Enheten \u00e4r byggd f\u00f6r p\u00e5litlig drift i ett brett temperaturomr\u00e5de fr\u00e5n -25 \u00b0C till 70 \u00b0C, vilket g\u00f6r den l\u00e4mplig f\u00f6r b\u00e5de inomhus- och utomhusapplikationer i extrema f\u00f6rh\u00e5llanden.<\/p>\n<p class=\"ds-markdown-paragraph\">Den h\u00f6ga verkningsgraden g\u00f6r den energieffektiv och kostnadseffektiv i l\u00e5nga loppet. Med m\u00e5tten 130 x 125 x 60 mm och en vikt p\u00e5 1050 g \u00e4r PS56 ett robust och kompakt val f\u00f6r professionella PoE-installationer som kr\u00e4ver stabil och tillf\u00f6rlitlig str\u00f6mf\u00f6rs\u00f6rjning.<\/p>\n<h3>L\u00e5ng text (Cirka 600 ord)<\/h3>\n<p class=\"ds-markdown-paragraph\">AXIS PS56 \u00e4r ett h\u00e5llbart och effektivt n\u00e4taggregat som levererar 240 W effekt, speciellt designat f\u00f6r att str\u00f6mf\u00f6rs\u00f6rja Power over Ethernet-extendersatser i professionella installationer.<\/p>\n<p class=\"ds-markdown-paragraph\">Den industriella kvaliteten och breda kompatibiliteten g\u00f6r den till ett p\u00e5litligt val f\u00f6r att ut\u00f6ka n\u00e4tverks- och str\u00f6mf\u00f6rs\u00f6rjningskapaciteten i olika typer av milj\u00f6er.<\/p>\n<p class=\"ds-markdown-paragraph\"><strong>Solidna konstrukcja do wymagaj\u0105cych \u015brodowisk<\/strong><br \/>\nAXIS PS56 \u00e4r byggd f\u00f6r att t\u00e5la tuffa f\u00f6rh\u00e5llanden med en operativ temperaturomfattning fr\u00e5n -25 \u00b0C till 70 \u00b0C.<\/p>\n<p class=\"ds-markdown-paragraph\">Detta g\u00f6r den l\u00e4mplig f\u00f6r installation i b\u00e5de kontorsmilj\u00f6er och outdoormilj\u00f6er d\u00e4r temperaturfluktuationer \u00e4r vanliga, s\u00e5som fabriker, lager och transportcentraler.<\/p>\n<p class=\"ds-markdown-paragraph\">Den kompakta designen (130 x 125 x 60 mm) och DIN-skenemonteringen m\u00f6jligg\u00f6r enkel integration i befintliga elsk\u00e5p och rack, vilket sparar v\u00e4rdefull utrymme.<\/p>\n<p class=\"ds-markdown-paragraph\"><strong>Effektiv och m\u00e5ngsidig str\u00f6mf\u00f6rs\u00f6rjning<\/strong><br \/>\nMed en ing\u00e5ngssp\u00e4nning p\u00e5 100-240 V AC kan PS56 anv\u00e4ndas globalt utan behov av externa omvandlare eller justeringar.<\/p>\n<p class=\"ds-markdown-paragraph\">Den levererar en stabil 240 W utg\u00e5ngseffekt, vilket \u00e4r tillr\u00e4ckligt f\u00f6r att driva flera PoE-enheter eller h\u00f6gpresterande PoE-extenders som kr\u00e4ver betydande effekt.<\/p>\n<p class=\"ds-markdown-paragraph\">Den h\u00f6ga verkningsgraden minimerar energif\u00f6rluster och reducerar driftkostnaderna, samtidigt som den ger en p\u00e5litlig str\u00f6mk\u00e4lla f\u00f6r kritiska s\u00e4kerhets- och n\u00e4tverkssystem.<\/p>\n<p class=\"ds-markdown-paragraph\"><strong>\u0141atwa instalacja i konserwacja<\/strong><br \/>\nDIN-skenemonteringen f\u00f6renklar installationen avsev\u00e4rt och g\u00f6r det enkelt att integrera aggregatet i st\u00f6rre system.<\/p>\n<p class=\"ds-markdown-paragraph\">Den kompakta formfaktorn och den l\u00e5ga vikten p\u00e5 1050 g underl\u00e4ttar hanteringen och monteringen. Aggregatet kr\u00e4ver minimalt underh\u00e5ll, vilket g\u00f6r det till ett kostnadseffektivt val f\u00f6r l\u00e5ngsiktiga installationer.<\/p>\n<p class=\"ds-markdown-paragraph\"><strong>Obszary zastosowa\u0144<\/strong><br \/>\nAXIS PS56 \u00e4r idealisk f\u00f6r en m\u00e4ngd olika applikationer, inklusive:<\/p>\n<ul>\n<li>\n<p class=\"ds-markdown-paragraph\">Str\u00f6mf\u00f6rs\u00f6rjning till PoE-extenders f\u00f6r att f\u00f6rl\u00e4nga r\u00e4ckvidden f\u00f6r n\u00e4tverkskameror och andra PoE-enheter \u00f6ver l\u00e5nga avst\u00e5nd.<\/p>\n<\/li>\n<li>\n<p class=\"ds-markdown-paragraph\">Industriella automationssystem d\u00e4r p\u00e5litlig str\u00f6m \u00e4r avg\u00f6rande.<\/p>\n<\/li>\n<li>\n<p class=\"ds-markdown-paragraph\">S\u00e4kerhetssystem som kr\u00e4ver kontinuerlig och stabil str\u00f6mf\u00f6rs\u00f6rjning f\u00f6r \u00f6vervakningsutrustning.<\/p>\n<\/li>\n<\/ul>\n<p class=\"ds-markdown-paragraph\"><strong>Streszczenie<\/strong><br \/>\nAXIS PS56 n\u00e4taggregat kombinerar h\u00f6g effekt, robust konstruktion och flexibel installation f\u00f6r att m\u00f6ta kraven i moderna n\u00e4tverks- och s\u00e4kerhetsinstallationer.<\/p>\n<p class=\"ds-markdown-paragraph\">Dess f\u00f6rm\u00e5ga att fungera i extrema temperaturer och dess kompakta design g\u00f6r den till ett utm\u00e4rkt val f\u00f6r att s\u00e4kerst\u00e4lla att dina PoE-enheter f\u00e5r den str\u00f6m de beh\u00f6ver, oavsett milj\u00f6.<\/p>\n<p class=\"ds-markdown-paragraph\">Med PS56 f\u00e5r du en p\u00e5litlig, energieffektiv och l\u00e4ttinstallerad str\u00f6mk\u00e4lla som uppr\u00e4tth\u00e5ller systemets prestanda och tillg\u00e4nglighet.<\/p>\n<p class=\"ds-markdown-paragraph\"><strong>Kluczowe specyfikacje:<\/strong><\/p>\n<ul>\n<li>\n<p class=\"ds-markdown-paragraph\">Utgangseffekt: 240 W<\/p>\n<\/li>\n<li>\n<p class=\"ds-markdown-paragraph\">Ing\u00e5ngssp\u00e4nning: 100-240 V AC<\/p>\n<\/li>\n<li>\n<p class=\"ds-markdown-paragraph\">Montering: DIN-skena<\/p>\n<\/li>\n<li>\n<p class=\"ds-markdown-paragraph\">Drifttemperatur: -25 \u00b0C till 70 \u00b0C<\/p>\n<\/li>\n<li>\n<p class=\"ds-markdown-paragraph\">M\u00e5tt: 130 x 125 x 60 mm (H x D x B)<\/p>\n<\/li>\n<li>\n<p class=\"ds-markdown-paragraph\">Vikt: 1050 g<\/p>\n<\/li>\n<li>\n<p class=\"ds-markdown-paragraph\">Anv\u00e4ndning: F\u00f6r PoE-extendersatser<\/p>\n<\/li>\n<\/ul>\n<div class=\"sc-bczRLJ fySwpa\">\n<div class=\"sc-bczRLJ kEeNDb\"><\/div>\n<\/div>","protected":false},"excerpt":{"rendered":"<p>AXIS PS56 to wydajny zasilacz przemys\u0142owy o mocy 240 W, zaprojektowany specjalnie do zasilania zestaw\u00f3w rozszerzaj\u0105cych PoE.<\/p>\n<p>Dzi\u0119ki kompaktowej konstrukcji i szerokiemu zakresowi napi\u0119cia wej\u015bciowego 100\u2013240 V AC urz\u0105dzenie doskonale nadaje si\u0119 do pracy w wymagaj\u0105cych \u015brodowiskach.<\/p>\n<p>Urz\u0105dzenie przeznaczone jest do monta\u017cu na szynie DIN, co u\u0142atwia instalacj\u0119 w szafach elektrycznych i szafach przemys\u0142owych.<\/p>","protected":false},"featured_media":160193,"template":"","meta":{"_acf_changed":false},"product_brand":[],"product_cat":[4956],"product_tag":[],"class_list":{"0":"post-160196","1":"product","2":"type-product","3":"status-publish","4":"has-post-thumbnail","6":"product_cat-ovrigt-fran-axis","7":"pa_brands-axis","8":"tm-no-options","10":"first","11":"onbackorder","12":"sale","13":"taxable","14":"shipping-taxable","15":"purchasable","16":"product-type-simple"},"acf":[],"_links":{"self":[{"href":"https:\/\/secureus.se\/pl\/wp-json\/wp\/v2\/product\/160196","targetHints":{"allow":["GET"]}}],"collection":[{"href":"https:\/\/secureus.se\/pl\/wp-json\/wp\/v2\/product"}],"about":[{"href":"https:\/\/secureus.se\/pl\/wp-json\/wp\/v2\/types\/product"}],"wp:featuredmedia":[{"embeddable":true,"href":"https:\/\/secureus.se\/pl\/wp-json\/wp\/v2\/media\/160193"}],"wp:attachment":[{"href":"https:\/\/secureus.se\/pl\/wp-json\/wp\/v2\/media?parent=160196"}],"wp:term":[{"taxonomy":"product_brand","embeddable":true,"href":"https:\/\/secureus.se\/pl\/wp-json\/wp\/v2\/product_brand?post=160196"},{"taxonomy":"product_cat","embeddable":true,"href":"https:\/\/secureus.se\/pl\/wp-json\/wp\/v2\/product_cat?post=160196"},{"taxonomy":"product_tag","embeddable":true,"href":"https:\/\/secureus.se\/pl\/wp-json\/wp\/v2\/product_tag?post=160196"}],"curies":[{"name":"wp","href":"https:\/\/api.w.org\/{rel}","templated":true}]}}