{"id":160202,"date":"2025-11-21T11:12:31","date_gmt":"2025-11-21T10:12:31","guid":{"rendered":"https:\/\/secureus.se\/?post_type=product&#038;p=160202"},"modified":"2026-04-01T12:14:52","modified_gmt":"2026-04-01T10:14:52","slug":"axis-d2110-ve-sakerhetsradar-med-180-24-7-tackning-och-inbyggd-analys","status":"publish","type":"product","link":"https:\/\/secureus.se\/pl\/axis-d2110-ve-sakerhetsradar-med-180-24-7-tackning-och-inbyggd-analys\/","title":{"rendered":"Radar bezpiecze\u0144stwa AXIS D2110-VE z zasi\u0119giem 180\u00b0, 24 godziny na dob\u0119, 7 dni w tygodniu i wbudowan\u0105 analiz\u0105"},"content":{"rendered":"<h1>Radar bezpiecze\u0144stwa AXIS D2110-VE z zasi\u0119giem 180\u00b0, 24 godziny na dob\u0119, 7 dni w tygodniu i wbudowan\u0105 analiz\u0105<\/h1>\n<div class=\"dad65929\">\n<div class=\"_4f9bf79 d7dc56a8\">\n<div class=\"ds-message _63c77b1\">\n<div class=\"ds-markdown\">\n<div class=\"dad65929\">\n<div class=\"_4f9bf79 d7dc56a8 _43c05b5\">\n<div class=\"ds-message _63c77b1\">\n<div class=\"ds-markdown\">\n<p class=\"ds-markdown-paragraph\">Radar bezpiecze\u0144stwa AXIS D2110-VE to du\u017cy krok naprz\u00f3d w dziedzinie ochrony obwodowej, oferuj\u0105cy inteligentne rozwi\u0105zanie sieciowe wykorzystuj\u0105ce zaawansowan\u0105 technologi\u0119 radaru FMCW (Frequency Modulated Continuous Wave).<\/p>\n<p class=\"ds-markdown-paragraph\">Urz\u0105dzenie jest przeznaczone do pracy 24 godziny na dob\u0119, 7 dni w tygodniu i zapewnia du\u017cy zasi\u0119g 180\u00b0. Dzi\u0119ki temu jest niezast\u0105pionym narz\u0119dziem do ochrony obszar\u00f3w zewn\u0119trznych, takich jak parki przemys\u0142owe, parkingi i doki za\u0142adunkowe, nawet w ciemno\u015bci lub w ekstremalnych warunkach pogodowych.<\/p>\n<p class=\"ds-markdown-paragraph\">Podstawow\u0105 zalet\u0105 modelu D2110-VE jest zaawansowana, wbudowana analityka. Opracowana z wykorzystaniem algorytm\u00f3w uczenia maszynowego i g\u0142\u0119bokiego, analityka ta pozwala urz\u0105dzeniu nie tylko wykrywa\u0107 ruch, ale tak\u017ce precyzyjnie klasyfikowa\u0107 obiekty, takie jak ludzie, pojazdy czy obiekty nieznanego typu.<\/p>\n<p class=\"ds-markdown-paragraph\">Ta precyzyjna klasyfikacja, w po\u0142\u0105czeniu z mo\u017cliwo\u015bci\u0105 \u015bledzenia odleg\u0142o\u015bci, kierunku i pr\u0119dko\u015bci obiektu, skutkuje drastycznym obni\u017ceniem liczby fa\u0142szywych alarm\u00f3w.<\/p>\n<p class=\"ds-markdown-paragraph\">Dzi\u0119ki temu personel ochrony mo\u017ce skupi\u0107 si\u0119 na realnych zagro\u017ceniach, co zwi\u0119ksza wydajno\u015b\u0107 operacyjn\u0105 i skraca czas reakcji.<\/p>\n<p class=\"ds-markdown-paragraph\">Radar oferuje dwa specjalistyczne profile monitorowania. \u201eProfil monitorowania obszaru\u201d jest zoptymalizowany pod k\u0105tem og\u00f3lnej ochrony obwodowej i wykrywa osoby w odleg\u0142o\u015bci od 3 do 60 metr\u00f3w oraz pojazdy w odleg\u0142o\u015bci od 3 do 85 metr\u00f3w.<\/p>\n<p class=\"ds-markdown-paragraph\">\u201eProfil monitorowania drogi\u201d jest dostosowany do monitorowania ruchu drogowego i umo\u017cliwia efektywne \u015bledzenie pojazd\u00f3w poruszaj\u0105cych si\u0119 z pr\u0119dko\u015bci\u0105 do 105 km\/h w odleg\u0142o\u015bci od 30 do 60 metr\u00f3w.<\/p>\n<p class=\"ds-markdown-paragraph\">Dzi\u0119ki szerokiemu polu detekcji wynosz\u0105cemu 180 stopni w poziomie, pojedyncza jednostka mo\u017ce obj\u0105\u0107 ochron\u0105 nawet 11 300 m\u00b2 pojazd\u00f3w, zapewniaj\u0105c ochron\u0119 du\u017cych obszar\u00f3w przy u\u017cyciu mniejszej liczby jednostek.<\/p>\n<p class=\"ds-markdown-paragraph\">Integracja i skalowalno\u015b\u0107 s\u0105 bezproblemowe dzi\u0119ki D2110-VE. Funkcja \u201einteligentnego wsp\u00f3\u0142istnienia\u201d pozwala na instalacj\u0119 wielu radar\u00f3w w bliskiej odleg\u0142o\u015bci bez wzajemnych zak\u0142\u00f3ce\u0144.<\/p>\n<p class=\"ds-markdown-paragraph\">Na przyk\u0142ad, dwa urz\u0105dzenia mo\u017cna zamontowa\u0107 ty\u0142em do siebie, aby uzyska\u0107 pe\u0142ne pokrycie 360\u00b0. Port wyj\u015bciowy PoE upraszcza instalacj\u0119 i zmniejsza pl\u0105tanin\u0119 kabli, umo\u017cliwiaj\u0105c radarowi zasilanie dodatkowego urz\u0105dzenia, takiego jak kamera do weryfikacji wizualnej lub g\u0142o\u015bnik sieciowy do odstraszania d\u017awi\u0119kowego.<\/p>\n<p class=\"ds-markdown-paragraph\">Urz\u0105dzenie zosta\u0142o zaprojektowane z my\u015bl\u0105 o trwa\u0142o\u015bci. Posiada obudow\u0119 o klasie ochrony IP66, IK08 i NEMA 4X, kt\u00f3ra chroni przed kurzem, wod\u0105 i uderzeniami mechanicznymi.<\/p>\n<p class=\"ds-markdown-paragraph\">Urz\u0105dzenie dzia\u0142a niezawodnie w ekstremalnych temperaturach od -40\u00b0C do 60\u00b0C. Dost\u0119pne opcje zasilania s\u0105 elastyczne i obs\u0142uguj\u0105 zasilanie Power over Ethernet (IEEE 802.3at lub 802.3bt dla wyj\u015bcia PoE) lub napi\u0119cie wej\u015bciowe 8\u201328 V DC.<\/p>\n<p class=\"ds-markdown-paragraph\">Z perspektywy integracji system\u00f3w, D2110-VE jest niezwykle wszechstronny. Obs\u0142uguje otwarte interfejsy API, takie jak VAPIX\u00ae i AXIS Camera Application Platform (ACAP), co umo\u017cliwia instalacj\u0119 aplikacji innych firm i rozwi\u0105za\u0144 niestandardowych.<\/p>\n<p class=\"ds-markdown-paragraph\">Umo\u017cliwia tak\u017ce pod\u0142\u0105czenie jednym klikni\u0119ciem do profili ONVIF, co u\u0142atwia integracj\u0119 z r\u00f3\u017cnymi systemami VMS (Video Management Systems).<\/p>\n<p class=\"ds-markdown-paragraph\">Urz\u0105dzenie mo\u017ce inicjowa\u0107 r\u00f3\u017cne dzia\u0142ania na podstawie wykrytych zdarze\u0144, np. wysy\u0142anie powiadomie\u0144 e-mail, aktywowanie wyj\u015b\u0107 zewn\u0119trznych lub rozpoczynanie nagrywania do \u201epami\u0119ci brzegowej\u201d za po\u015brednictwem karty microSD lub serwera NAS.<\/p>\n<p class=\"ds-markdown-paragraph\">Oprogramowanie pomocnicze, takie jak AXIS Radar Autotracking dla kamer PTZ, umo\u017cliwia radarowi \u201ewskazanie\u201d kamerze PTZ lokalizacji wykrytego intruza w celu natychmiastowego potwierdzenia wizualnego.<\/p>\n<p class=\"ds-markdown-paragraph\">Tworzy to pot\u0119\u017cny, zautomatyzowany system nadzoru, kt\u00f3ry poprawia \u015bwiadomo\u015b\u0107 sytuacyjn\u0105.<\/p>\n<p class=\"ds-markdown-paragraph\">Podsumowuj\u0105c, radar bezpiecze\u0144stwa AXIS D2110-VE to solidne, inteligentne i wszechstronne rozwi\u0105zanie spe\u0142niaj\u0105ce wsp\u00f3\u0142czesne potrzeby w zakresie bezpiecze\u0144stwa.<\/p>\n<p class=\"ds-markdown-paragraph\">Po\u0142\u0105czenie niezawodnego wykrywania radarowego, dok\u0142adnej analizy, niskiej liczby fa\u0142szywych alarm\u00f3w i \u0142atwej integracji sprawia, \u017ce jest to doskona\u0142y wyb\u00f3r dla organizacji, kt\u00f3re chc\u0105 wzmocni\u0107 ochron\u0119 obwodow\u0105 i zapewni\u0107 ca\u0142odobowe bezpiecze\u0144stwo swoich zasob\u00f3w i ludzi.<\/p>\n<p class=\"ds-markdown-paragraph\"><strong>Kluczowe specyfikacje:<\/strong><\/p>\n<ul>\n<li>\n<p class=\"ds-markdown-paragraph\"><strong>Technika:<\/strong>\u00a0Radar FMCW z anten\u0105 fazowan\u0105<\/p>\n<\/li>\n<li>\n<p class=\"ds-markdown-paragraph\"><strong>Zasi\u0119g:<\/strong>\u00a0180\u00b0<\/p>\n<\/li>\n<li>\n<p class=\"ds-markdown-paragraph\"><strong>Maksymalny zasi\u0119g:<\/strong>\u00a085 m dla pojazd\u00f3w<\/p>\n<\/li>\n<li>\n<p class=\"ds-markdown-paragraph\"><strong>Klasyfikacja:<\/strong>\u00a0Ludzie, pojazdy<\/p>\n<\/li>\n<li>\n<p class=\"ds-markdown-paragraph\"><strong>Zasilanie:<\/strong>\u00a0PoE (IEEE 802.3at\/bt) lub 8-28 V pr\u0105du sta\u0142ego<\/p>\n<\/li>\n<li>\n<p class=\"ds-markdown-paragraph\"><strong>Klasa ochrony:<\/strong>\u00a0IP66, IK08, NEMA 4X<\/p>\n<\/li>\n<li>\n<p class=\"ds-markdown-paragraph\"><strong>Gwarancja:<\/strong>\u00a05-letnia gwarancja<\/p>\n<\/li>\n<\/ul>\n<\/div>\n<\/div>\n<\/div>\n<\/div>\n<\/div>\n<\/div>\n<\/div>\n<\/div>","protected":false},"excerpt":{"rendered":"<p>Radar bezpiecze\u0144stwa AXIS D2110-VE to inteligentne, sieciowe urz\u0105dzenie zabezpieczaj\u0105ce, kt\u00f3re wykorzystuje zaawansowan\u0105 technologi\u0119 radarow\u0105, zapewniaj\u0105c niezawodny, 180-stopniowy monitoring przez ca\u0142\u0105 dob\u0119.<\/p>\n<p>Wbudowana analityka oparta na uczeniu maszynowym niezawodnie wykrywa, klasyfikuje i \u015bledzi ludzi i pojazdy, charakteryzuj\u0105c si\u0119 bardzo niskim wska\u017anikiem fa\u0142szywych alarm\u00f3w.<\/p>\n<p>Doskonale nadaje si\u0119 do ochrony obszar\u00f3w zewn\u0119trznych, takich jak obiekty przemys\u0142owe, parkingi i rampy za\u0142adunkowe, po godzinach pracy, zapewniaj\u0105c sta\u0142y nadz\u00f3r bez wzgl\u0119du na warunki o\u015bwietleniowe i pogodowe.<\/p>","protected":false},"featured_media":160197,"template":"","meta":{"_acf_changed":false},"product_brand":[],"product_cat":[4953],"product_tag":[],"class_list":{"0":"post-160202","1":"product","2":"type-product","3":"status-publish","4":"has-post-thumbnail","6":"product_cat-axis-radar","7":"pa_brands-axis","8":"pa_farg-vit","9":"tm-no-options","11":"first","12":"onbackorder","13":"sale","14":"taxable","15":"shipping-taxable","16":"purchasable","17":"product-type-simple"},"acf":[],"_links":{"self":[{"href":"https:\/\/secureus.se\/pl\/wp-json\/wp\/v2\/product\/160202","targetHints":{"allow":["GET"]}}],"collection":[{"href":"https:\/\/secureus.se\/pl\/wp-json\/wp\/v2\/product"}],"about":[{"href":"https:\/\/secureus.se\/pl\/wp-json\/wp\/v2\/types\/product"}],"wp:featuredmedia":[{"embeddable":true,"href":"https:\/\/secureus.se\/pl\/wp-json\/wp\/v2\/media\/160197"}],"wp:attachment":[{"href":"https:\/\/secureus.se\/pl\/wp-json\/wp\/v2\/media?parent=160202"}],"wp:term":[{"taxonomy":"product_brand","embeddable":true,"href":"https:\/\/secureus.se\/pl\/wp-json\/wp\/v2\/product_brand?post=160202"},{"taxonomy":"product_cat","embeddable":true,"href":"https:\/\/secureus.se\/pl\/wp-json\/wp\/v2\/product_cat?post=160202"},{"taxonomy":"product_tag","embeddable":true,"href":"https:\/\/secureus.se\/pl\/wp-json\/wp\/v2\/product_tag?post=160202"}],"curies":[{"name":"wp","href":"https:\/\/api.w.org\/{rel}","templated":true}]}}