{"id":160300,"date":"2025-11-21T10:58:58","date_gmt":"2025-11-21T09:58:58","guid":{"rendered":"https:\/\/secureus.se\/ateco-vd-6295-60-kapslad-varmedetektor-varmedetektor-60-grader\/"},"modified":"2026-05-06T14:04:47","modified_gmt":"2026-05-06T12:04:47","slug":"ateco-vd-6295-60-kapslad-varmedetektor-varmedetektor-60-grader","status":"publish","type":"product","link":"https:\/\/secureus.se\/pl\/ateco-vd-6295-60-kapslad-varmedetektor-varmedetektor-60-grader\/","title":{"rendered":"Ateco VD-6295-60 Zamkni\u0119ty czujnik ciep\u0142a, Czujnik ciep\u0142a 60 stopni"},"content":{"rendered":"<div class=\"headernamehrnone\">Panasonic 6295 to hermetyczna, konwencjonalna czujka ciep\u0142a (IP67). Czujnik ciep\u0142a w czujce jest bimetaliczny. Czujki s\u0105 wyposa\u017cone we wska\u017anik LED (nie dotyczy czujki 120\u00b0) oraz wyj\u015bcie dla dodatkowej sygnalizacji. Czujki s\u0105 dostarczane z 3 d\u0142awikami kablowymi. Czujki z serii 629X s\u0105 niezale\u017cne od polaryzacji. Czujka posiada klasyfikacj\u0119 ATEX. Czujka jest dostarczana z 3 reduktorami do d\u0142awik\u00f3w kablowych dla kabli o r\u00f3\u017cnej grubo\u015bci 3-10 mm. Gwint w mocowaniu \u015brubowym to PF \u00bd\u201d. Polaryzacja wyj\u015bcia E jest zawsze zgodna z oznaczeniem, niezale\u017cnie od sposobu pod\u0142\u0105czenia przewod\u00f3w A i B. Czujki posiadaj\u0105 certyfikaty CPD i DoP.<\/div>\n<div><\/div>\n<div class=\"row headername\">\n<div class=\"item-header rd-hyg-item-header\"><strong>G\u0142\u00f3wne cechy<\/strong><\/div>\n<div class=\"row\">\n<ul>\n<li>Obudowany konwencjonalny czujnik temperatury maksymalnej (IP67)<\/li>\n<li>Bimetaliczny czujnik ciep\u0142a zapewniaj\u0105cy niezawodn\u0105 detekcj\u0119<\/li>\n<li>Wyposa\u017cony w sygnalizacj\u0119 LED (opr\u00f3cz czujnika 120\u00b0)<\/li>\n<li>Zawiera 3 przepusty kablowe u\u0142atwiaj\u0105ce monta\u017c<\/li>\n<li>Niezale\u017cno\u015b\u0107 od biegunowo\u015bci dla elastycznego okablowania<\/li>\n<li>Certyfikat ATEX zapewniaj\u0105cy bezpiecze\u0144stwo w \u015brodowiskach niebezpiecznych<\/li>\n<li>Certyfikowany zgodnie ze standardami CPD i DoP<\/li>\n<\/ul>\n<\/div>\n<\/div>","protected":false},"excerpt":{"rendered":"<ul class=\"UnorderedListStyle--1koui9a ksyVRL mainfeatureslist\">\n<li class=\"ListItemStyle--1yqofwy kEFzCE\">Obudowany konwencjonalny czujnik temperatury maksymalnej (IP67)<\/li>\n<li class=\"ListItemStyle--1yqofwy kEFzCE\">Bimetaliczny czujnik ciep\u0142a zapewniaj\u0105cy niezawodn\u0105 detekcj\u0119<\/li>\n<li class=\"ListItemStyle--1yqofwy kEFzCE\">Wyposa\u017cony w sygnalizacj\u0119 LED (opr\u00f3cz czujnika 120\u00b0)<\/li>\n<\/ul>","protected":false},"featured_media":160299,"template":"","meta":{"_acf_changed":false},"product_brand":[],"product_cat":[4157],"product_tag":[],"class_list":{"0":"post-160300","1":"product","2":"type-product","3":"status-publish","4":"has-post-thumbnail","6":"product_cat-varmedetektor","7":"pa_brands-ateco","8":"pa_farg-vit","9":"tm-no-options","11":"first","12":"instock","13":"sale","14":"taxable","15":"shipping-taxable","16":"purchasable","17":"product-type-simple"},"acf":[],"_links":{"self":[{"href":"https:\/\/secureus.se\/pl\/wp-json\/wp\/v2\/product\/160300","targetHints":{"allow":["GET"]}}],"collection":[{"href":"https:\/\/secureus.se\/pl\/wp-json\/wp\/v2\/product"}],"about":[{"href":"https:\/\/secureus.se\/pl\/wp-json\/wp\/v2\/types\/product"}],"wp:featuredmedia":[{"embeddable":true,"href":"https:\/\/secureus.se\/pl\/wp-json\/wp\/v2\/media\/160299"}],"wp:attachment":[{"href":"https:\/\/secureus.se\/pl\/wp-json\/wp\/v2\/media?parent=160300"}],"wp:term":[{"taxonomy":"product_brand","embeddable":true,"href":"https:\/\/secureus.se\/pl\/wp-json\/wp\/v2\/product_brand?post=160300"},{"taxonomy":"product_cat","embeddable":true,"href":"https:\/\/secureus.se\/pl\/wp-json\/wp\/v2\/product_cat?post=160300"},{"taxonomy":"product_tag","embeddable":true,"href":"https:\/\/secureus.se\/pl\/wp-json\/wp\/v2\/product_tag?post=160300"}],"curies":[{"name":"wp","href":"https:\/\/api.w.org\/{rel}","templated":true}]}}