{"id":160302,"date":"2025-11-21T11:15:46","date_gmt":"2025-11-21T10:15:46","guid":{"rendered":"https:\/\/secureus.se\/ateco-vd-6297-100-kapslad-varmedetektor-varmedetektor-100-grader\/"},"modified":"2026-04-09T11:18:06","modified_gmt":"2026-04-09T09:18:06","slug":"ateco-vd-6297-100-kapslad-varmedetektor-varmedetektor-100-grader","status":"publish","type":"product","link":"https:\/\/secureus.se\/pl\/ateco-vd-6297-100-kapslad-varmedetektor-varmedetektor-100-grader\/","title":{"rendered":"Ateco VD-6297-100 Zamkni\u0119ty czujnik ciep\u0142a, Czujnik ciep\u0142a 100 stopni"},"content":{"rendered":"<div class=\"headernamehrnone\">6297 to zamkni\u0119ta, konwencjonalna czujka ciep\u0142a (IP67). Czujnik ciep\u0142a w czujce jest bimetaliczny. Czujki s\u0105 wyposa\u017cone w diod\u0119 LED (niedost\u0119pna w czujce 120\u00b0) oraz wyj\u015bcie dla dodatkowej sygnalizacji. Czujki s\u0105 dostarczane z 3 przepustami kablowymi. Czujki z serii 629X s\u0105 niezale\u017cne od polaryzacji. Czujka jest dostarczana z 3 reduktorami do przepust\u00f3w kablowych dla r\u00f3\u017cnych grubo\u015bci kabli 3-10 mm. Gwint w przy\u0142\u0105czu \u015brubowym to PF \u00bd&quot;. Polaryzacja wyj\u015bcia E jest zawsze zgodna z oznaczeniem, niezale\u017cnie od sposobu pod\u0142\u0105czenia przewod\u00f3w A i B. Czujki posiadaj\u0105 certyfikaty CPD i DoP.<\/div>\n<div><\/div>\n<div class=\"row headername\">\n<div class=\"item-header rd-hyg-item-header\"><strong>G\u0142\u00f3wne cechy<\/strong><\/div>\n<div class=\"row\">\n<ul>\n<li>Obudowany czujnik ciep\u0142a z progiem 100 stopni<\/li>\n<li>Bimetaliczny czujnik ciep\u0142a zapewniaj\u0105cy niezawodn\u0105 detekcj\u0119<\/li>\n<li>Stopie\u0144 ochrony IP67 zapewniaj\u0105cy odporno\u015b\u0107 na kurz i wod\u0119<\/li>\n<li>Wyposa\u017cony w sygnalizacj\u0119 LED i dodatkowe zasilanie<\/li>\n<li>Zawiera 3 d\u0142awiki kablowe i 3 redukcje do r\u00f3\u017cnych rozmiar\u00f3w kabli<\/li>\n<li>Niezale\u017cno\u015b\u0107 polaryzacji dla \u0142atwej instalacji<\/li>\n<li>Certyfikowany zgodnie ze standardami CPD i DoP<\/li>\n<\/ul>\n<\/div>\n<\/div>","protected":false},"excerpt":{"rendered":"<ul class=\"UnorderedListStyle--1koui9a ksyVRL mainfeatureslist\">\n<li class=\"ListItemStyle--1yqofwy kEFzCE\">Obudowany czujnik ciep\u0142a z progiem 100 stopni<\/li>\n<li class=\"ListItemStyle--1yqofwy kEFzCE\">Bimetaliczny czujnik ciep\u0142a zapewniaj\u0105cy niezawodn\u0105 detekcj\u0119<\/li>\n<li class=\"ListItemStyle--1yqofwy kEFzCE\">Stopie\u0144 ochrony IP67 zapewniaj\u0105cy odporno\u015b\u0107 na kurz i wod\u0119<\/li>\n<\/ul>","protected":false},"featured_media":160301,"template":"","meta":{"_acf_changed":false},"product_brand":[],"product_cat":[4157],"product_tag":[],"class_list":{"0":"post-160302","1":"product","2":"type-product","3":"status-publish","4":"has-post-thumbnail","6":"product_cat-varmedetektor","7":"pa_brands-ateco","8":"pa_farg-vit","9":"tm-no-options","11":"first","12":"onbackorder","13":"taxable","14":"shipping-taxable","15":"purchasable","16":"product-type-simple"},"acf":[],"_links":{"self":[{"href":"https:\/\/secureus.se\/pl\/wp-json\/wp\/v2\/product\/160302","targetHints":{"allow":["GET"]}}],"collection":[{"href":"https:\/\/secureus.se\/pl\/wp-json\/wp\/v2\/product"}],"about":[{"href":"https:\/\/secureus.se\/pl\/wp-json\/wp\/v2\/types\/product"}],"wp:featuredmedia":[{"embeddable":true,"href":"https:\/\/secureus.se\/pl\/wp-json\/wp\/v2\/media\/160301"}],"wp:attachment":[{"href":"https:\/\/secureus.se\/pl\/wp-json\/wp\/v2\/media?parent=160302"}],"wp:term":[{"taxonomy":"product_brand","embeddable":true,"href":"https:\/\/secureus.se\/pl\/wp-json\/wp\/v2\/product_brand?post=160302"},{"taxonomy":"product_cat","embeddable":true,"href":"https:\/\/secureus.se\/pl\/wp-json\/wp\/v2\/product_cat?post=160302"},{"taxonomy":"product_tag","embeddable":true,"href":"https:\/\/secureus.se\/pl\/wp-json\/wp\/v2\/product_tag?post=160302"}],"curies":[{"name":"wp","href":"https:\/\/api.w.org\/{rel}","templated":true}]}}