{"id":160378,"date":"2025-11-24T15:14:31","date_gmt":"2025-11-24T14:14:31","guid":{"rendered":"https:\/\/secureus.se\/metallkapsling-till-easyline-4g\/"},"modified":"2026-03-27T15:07:07","modified_gmt":"2026-03-27T14:07:07","slug":"metallkapsling-till-easyline-4g","status":"publish","type":"product","link":"https:\/\/secureus.se\/pl\/metallkapsling-till-easyline-4g\/","title":{"rendered":"Obudowa metalowa do EasyLine 4G"},"content":{"rendered":"<h1>Obudowa metalowa do nadajnika EasyLine 4G<\/h1>\n<p class=\"ds-markdown-paragraph\">Wst\u0119pnie nawiercone otwory umo\u017cliwiaj\u0105ce prawid\u0142owy monta\u017c modu\u0142u EasyLine 4G.<\/p>\n<p class=\"ds-markdown-paragraph\">Modu\u0142y GSM\/GPRS mo\u017cna \u0142atwo zamontowa\u0107 w metalowej obudowie wyposa\u017conej w wy\u0142\u0105cznik antysabota\u017cowy i plastikow\u0105 przek\u0142adk\u0119.<\/p>\n<p class=\"ds-markdown-paragraph\"><strong>Opis:<\/strong><br \/>\nWbudowany wy\u0142\u0105cznik antysabota\u017cowy<br \/>\nModu\u0142 zawiera uchwyty mocuj\u0105ce<br \/>\nMetalowe drzwi mo\u017cna zdj\u0105\u0107 jednym ruchem r\u0119ki<br \/>\nWbudowany wy\u0142\u0105cznik antysabota\u017cowy.<br \/>\nDost\u0119pne s\u0105 przygotowane otwory do monta\u017cu nadajnik\u00f3w Easyline 4G.<br \/>\nMetalowe drzwi mo\u017cna \u0142atwo usun\u0105\u0107.<\/p>\n<p>Wymiary: 125 mm (szeroko\u015b\u0107) x 155 mm (wysoko\u015b\u0107) x 52 mm (g\u0142\u0119boko\u015b\u0107) + 8 mm (odleg\u0142o\u015b\u0107)<\/p>","protected":false},"excerpt":{"rendered":"<p>Ta wytrzyma\u0142a metalowa obudowa zosta\u0142a zaprojektowana specjalnie do bezpiecznego przechowywania i ochrony nadajnika Easyline 4G.<\/p>\n<p>&nbsp;<\/p>","protected":false},"featured_media":160373,"template":"","meta":{"_acf_changed":false},"product_brand":[],"product_cat":[3323,1551],"product_tag":[],"class_list":{"0":"post-160378","1":"product","2":"type-product","3":"status-publish","4":"has-post-thumbnail","6":"product_cat-kapsling","7":"product_cat-larmoverforing","8":"pa_brands-asc","9":"tm-no-options","11":"first","12":"instock","13":"sale","14":"taxable","15":"shipping-taxable","16":"purchasable","17":"product-type-simple"},"acf":[],"_links":{"self":[{"href":"https:\/\/secureus.se\/pl\/wp-json\/wp\/v2\/product\/160378","targetHints":{"allow":["GET"]}}],"collection":[{"href":"https:\/\/secureus.se\/pl\/wp-json\/wp\/v2\/product"}],"about":[{"href":"https:\/\/secureus.se\/pl\/wp-json\/wp\/v2\/types\/product"}],"wp:featuredmedia":[{"embeddable":true,"href":"https:\/\/secureus.se\/pl\/wp-json\/wp\/v2\/media\/160373"}],"wp:attachment":[{"href":"https:\/\/secureus.se\/pl\/wp-json\/wp\/v2\/media?parent=160378"}],"wp:term":[{"taxonomy":"product_brand","embeddable":true,"href":"https:\/\/secureus.se\/pl\/wp-json\/wp\/v2\/product_brand?post=160378"},{"taxonomy":"product_cat","embeddable":true,"href":"https:\/\/secureus.se\/pl\/wp-json\/wp\/v2\/product_cat?post=160378"},{"taxonomy":"product_tag","embeddable":true,"href":"https:\/\/secureus.se\/pl\/wp-json\/wp\/v2\/product_tag?post=160378"}],"curies":[{"name":"wp","href":"https:\/\/api.w.org\/{rel}","templated":true}]}}