{"id":160381,"date":"2025-11-24T15:14:59","date_gmt":"2025-11-24T14:14:59","guid":{"rendered":"https:\/\/secureus.se\/usb-kit-startkit-for-usb-programmering\/"},"modified":"2026-01-23T12:11:05","modified_gmt":"2026-01-23T11:11:05","slug":"usb-kit-startkit-for-usb-programmering","status":"publish","type":"product","link":"https:\/\/secureus.se\/pl\/usb-kit-startkit-for-usb-programmering\/","title":{"rendered":"Zestaw USB EasyLine 4G \u2013 zestaw startowy do programowania USB"},"content":{"rendered":"<h1>Zestaw USB \u2013 zestaw startowy do programowania USB<\/h1>\n<p class=\"ds-markdown-paragraph\"><strong>Klucz USB do oprogramowania do programowania ProRead<\/strong><br \/>\nS\u0142u\u017cy do og\u00f3lnego programowania modu\u0142\u00f3w GSM EasyLine.<\/p>\n<p class=\"ds-markdown-paragraph\"><strong>Opis:<\/strong><br \/>\nKonwerter USB do pod\u0142\u0105czenia do kabla USB<br \/>\nKabel USB<br \/>\nProgram instalacyjny i wszelkie sterowniki mo\u017cna pobra\u0107 ze strony internetowej<\/p>","protected":false},"excerpt":{"rendered":"<p class=\"ds-markdown-paragraph\">Kabel USB do programowania nadajnik\u00f3w Easyline 4G.<\/p>","protected":false},"featured_media":160379,"template":"","meta":{"_acf_changed":false},"product_brand":[],"product_cat":[1551],"product_tag":[],"class_list":{"0":"post-160381","1":"product","2":"type-product","3":"status-publish","4":"has-post-thumbnail","6":"product_cat-larmoverforing","7":"tm-no-options","9":"first","10":"instock","11":"sale","12":"taxable","13":"shipping-taxable","14":"purchasable","15":"product-type-simple"},"acf":[],"_links":{"self":[{"href":"https:\/\/secureus.se\/pl\/wp-json\/wp\/v2\/product\/160381","targetHints":{"allow":["GET"]}}],"collection":[{"href":"https:\/\/secureus.se\/pl\/wp-json\/wp\/v2\/product"}],"about":[{"href":"https:\/\/secureus.se\/pl\/wp-json\/wp\/v2\/types\/product"}],"wp:featuredmedia":[{"embeddable":true,"href":"https:\/\/secureus.se\/pl\/wp-json\/wp\/v2\/media\/160379"}],"wp:attachment":[{"href":"https:\/\/secureus.se\/pl\/wp-json\/wp\/v2\/media?parent=160381"}],"wp:term":[{"taxonomy":"product_brand","embeddable":true,"href":"https:\/\/secureus.se\/pl\/wp-json\/wp\/v2\/product_brand?post=160381"},{"taxonomy":"product_cat","embeddable":true,"href":"https:\/\/secureus.se\/pl\/wp-json\/wp\/v2\/product_cat?post=160381"},{"taxonomy":"product_tag","embeddable":true,"href":"https:\/\/secureus.se\/pl\/wp-json\/wp\/v2\/product_tag?post=160381"}],"curies":[{"name":"wp","href":"https:\/\/api.w.org\/{rel}","templated":true}]}}