{"id":160691,"date":"2025-12-05T12:36:20","date_gmt":"2025-12-05T11:36:20","guid":{"rendered":"https:\/\/secureus.se\/?post_type=product&#038;p=160691"},"modified":"2026-02-09T16:19:16","modified_gmt":"2026-02-09T15:19:16","slug":"pro-battery-750mah-li-polymer-batteri-for-asc-pro-produktfamiljen","status":"publish","type":"product","link":"https:\/\/secureus.se\/pl\/pro-battery-750mah-li-polymer-batteri-for-asc-pro-produktfamiljen\/","title":{"rendered":"Akumulator PRO \u2013 akumulator litowo-polimerowy o pojemno\u015bci 750 mAh do rodziny produkt\u00f3w ASC PRO"},"content":{"rendered":"<p><strong>Akumulator litowo-polimerowy 750 mAh<\/strong><br \/>\nUmo\u017cliwia sygnalizowanie przerw w dostawie pr\u0105du (poprzez SMS, po\u0142\u0105czenie g\u0142osowe lub Contact ID). Ponadto zapewnia ci\u0105g\u0142o\u015b\u0107 dzia\u0142ania urz\u0105dzenia.<\/p>\n<table>\n<tbody>\n<tr>\n<td><strong>Nieruchomo\u015b\u0107<\/strong><\/td>\n<td><strong>Warto\u015b\u0107<\/strong><\/td>\n<\/tr>\n<tr>\n<td>Akumulator litowo-polimerowy 3,7 V, 750 mAh<\/td>\n<td><\/td>\n<\/tr>\n<tr>\n<td>Modu\u0142 GSM zarz\u0105dza \u0142adowaniem baterii<\/td>\n<td><\/td>\n<\/tr>\n<tr>\n<td>Akumulator posiada specjalne z\u0142\u0105cze umo\u017cliwiaj\u0105ce \u0142atwe pod\u0142\u0105czenie do komunikatora<\/td>\n<td><\/td>\n<\/tr>\n<tr>\n<td>Temperatura pracy<\/td>\n<td>-20\u00b0C do +50\u00b0C<\/td>\n<\/tr>\n<\/tbody>\n<\/table>","protected":false},"excerpt":{"rendered":"<ul>\n<li>Umo\u017cliwia nieprzerwan\u0105 prac\u0119 modu\u0142u.<\/li>\n<li>W przypadku zaniku zasilania modu\u0142 wysy\u0142a powiadomienie.<\/li>\n<\/ul>","protected":false},"featured_media":160689,"template":"","meta":{"_acf_changed":false},"product_brand":[],"product_cat":[1551],"product_tag":[],"class_list":{"0":"post-160691","1":"product","2":"type-product","3":"status-publish","4":"has-post-thumbnail","6":"product_cat-larmoverforing","7":"pa_brands-asc","8":"tm-no-options","10":"first","11":"instock","12":"taxable","13":"shipping-taxable","14":"purchasable","15":"product-type-simple"},"acf":[],"_links":{"self":[{"href":"https:\/\/secureus.se\/pl\/wp-json\/wp\/v2\/product\/160691","targetHints":{"allow":["GET"]}}],"collection":[{"href":"https:\/\/secureus.se\/pl\/wp-json\/wp\/v2\/product"}],"about":[{"href":"https:\/\/secureus.se\/pl\/wp-json\/wp\/v2\/types\/product"}],"wp:featuredmedia":[{"embeddable":true,"href":"https:\/\/secureus.se\/pl\/wp-json\/wp\/v2\/media\/160689"}],"wp:attachment":[{"href":"https:\/\/secureus.se\/pl\/wp-json\/wp\/v2\/media?parent=160691"}],"wp:term":[{"taxonomy":"product_brand","embeddable":true,"href":"https:\/\/secureus.se\/pl\/wp-json\/wp\/v2\/product_brand?post=160691"},{"taxonomy":"product_cat","embeddable":true,"href":"https:\/\/secureus.se\/pl\/wp-json\/wp\/v2\/product_cat?post=160691"},{"taxonomy":"product_tag","embeddable":true,"href":"https:\/\/secureus.se\/pl\/wp-json\/wp\/v2\/product_tag?post=160691"}],"curies":[{"name":"wp","href":"https:\/\/api.w.org\/{rel}","templated":true}]}}